{"id":1999,"date":"2021-01-18T16:27:04","date_gmt":"2021-01-18T15:27:04","guid":{"rendered":"https:\/\/vehicleregistrationscostadelsol.com\/?page_id=1999"},"modified":"2026-02-15T15:22:36","modified_gmt":"2026-02-15T14:22:36","slug":"brexit-jk-automobiliai-ir-gyvenamoji-vieta","status":"publish","type":"page","link":"https:\/\/vehicleregistrationscostadelsol.com\/lt\/brexit-uk-cars-and-residency\/","title":{"rendered":"JK automobiliai Ispanijoje po \"Brexit\": Taisykl\u0117s, gyvenamoji vieta ir terminai"},"content":{"rendered":"<p><a href=\"https:\/\/vehicleregistrationscostadelsol.com\/lt\/jk-automobilio-registravimas-ispanijoje\/\">JK transporto priemon\u0117s registravimas Ispanijoje<\/a> apima kelet\u0105 etap\u0173, \u012fskaitant muitin\u012f \u012fforminim\u0105. Pirmiausia reikia patikrinti, ar automobilis atitinka reikalavimus - po \"Brexit\" \u012f Ispanij\u0105 atvykstantys JK automobiliai gali vykti trimis keliais.<\/p><div id=\"ez-toc-container\" class=\"ez-toc-v2_0_82_2 counter-hierarchy ez-toc-counter ez-toc-grey ez-toc-container-direction\">\n<div class=\"ez-toc-title-container\">\n<p class=\"ez-toc-title\" style=\"cursor:inherit\">Turinys<\/p>\n<span class=\"ez-toc-title-toggle\"><a href=\"#\" class=\"ez-toc-pull-right ez-toc-btn ez-toc-btn-xs ez-toc-btn-default ez-toc-toggle\" aria-label=\"Perjungti turinio lentel\u0119\"><span class=\"ez-toc-js-icon-con\"><span class=\"\"><span class=\"eztoc-hide\" style=\"display:none;\">Perjungti<\/span><span class=\"ez-toc-icon-toggle-span\"><svg style=\"fill: #999;color:#999\" xmlns=\"http:\/\/www.w3.org\/2000\/svg\" class=\"list-377408\" width=\"20px\" height=\"20px\" viewbox=\"0 0 24 24\" fill=\"none\"><path d=\"M6 6H4v2h2V6zm14 0H8v2h12V6zM4 11h2v2H4v-2zm16 0H8v2h12v-2zM4 16h2v2H4v-2zm16 0H8v2h12v-2z\" fill=\"currentColor\"><\/path><\/svg><svg style=\"fill: #999;color:#999\" class=\"arrow-unsorted-368013\" xmlns=\"http:\/\/www.w3.org\/2000\/svg\" width=\"10px\" height=\"10px\" viewbox=\"0 0 24 24\" version=\"1.2\" baseprofile=\"tiny\"><path d=\"M18.2 9.3l-6.2-6.3-6.2 6.3c-.2.2-.3.4-.3.7s.1.5.3.7c.2.2.4.3.7.3h11c.3 0 .5-.1.7-.3.2-.2.3-.5.3-.7s-.1-.5-.3-.7zM5.8 14.7l6.2 6.3 6.2-6.3c.2-.2.3-.5.3-.7s-.1-.5-.3-.7c-.2-.2-.4-.3-.7-.3h-11c-.3 0-.5.1-.7.3-.2.2-.3.5-.3.7s.1.5.3.7z\"\/><\/svg><\/span><\/span><\/span><\/a><\/span><\/div>\n<nav><ul class='ez-toc-list ez-toc-list-level-1' ><li class='ez-toc-page-1 ez-toc-heading-level-2'><a class=\"ez-toc-link ez-toc-heading-1\" href=\"https:\/\/vehicleregistrationscostadelsol.com\/lt\/brexit-uk-cars-and-residency\/#What_are_the_steps_to_register_a_UK_car_after_Brexit\" >Kokie veiksmai atliekami norint u\u017eregistruoti JK automobil\u012f po \"Brexit\"?<\/a><\/li><li class='ez-toc-page-1 ez-toc-heading-level-2'><a class=\"ez-toc-link ez-toc-heading-2\" href=\"https:\/\/vehicleregistrationscostadelsol.com\/lt\/brexit-uk-cars-and-residency\/#What_information_is_used_to_calculate_the_cost_to_register_a_UK_car_in_Spain_after_Brexit\" >Kokia informacija naudojama apskai\u010diuojant JK automobilio registravimo Ispanijoje po \"Brexit\" kain\u0105?<\/a><\/li><li class='ez-toc-page-1 ez-toc-heading-level-2'><a class=\"ez-toc-link ez-toc-heading-3\" href=\"https:\/\/vehicleregistrationscostadelsol.com\/lt\/brexit-uk-cars-and-residency\/#All_UK_cars_will_need_a_DUA_import_certificate\" >Visiems JK automobiliams reik\u0117s DUA (importo) sertifikato?<\/a><ul class='ez-toc-list-level-3' ><li class='ez-toc-heading-level-3'><a class=\"ez-toc-link ez-toc-heading-4\" href=\"https:\/\/vehicleregistrationscostadelsol.com\/lt\/brexit-uk-cars-and-residency\/#Good_News_Proving_your_UK_vehicle_was_in_Spain_before_Brexit\" >Geros naujienos .. \u012erodymas, kad j\u016bs\u0173 JK transporto priemon\u0117 buvo Ispanijoje prie\u0161 \"Brexit<\/a><\/li><\/ul><\/li><li class='ez-toc-page-1 ez-toc-heading-level-2'><a class=\"ez-toc-link ez-toc-heading-5\" href=\"https:\/\/vehicleregistrationscostadelsol.com\/lt\/brexit-uk-cars-and-residency\/#Importing_a_UK_car_To_Spain\" >JK automobilio importas \u012f Ispanij\u0105<\/a><\/li><li class='ez-toc-page-1 ez-toc-heading-level-2'><a class=\"ez-toc-link ez-toc-heading-6\" href=\"https:\/\/vehicleregistrationscostadelsol.com\/lt\/brexit-uk-cars-and-residency\/#Waiving_Import_Emissions_Taxes_on_UK_Cars_for_residency\" >Atleidimas nuo importo ir i\u0161metam\u0173j\u0173 ter\u0161al\u0173 mokes\u010di\u0173 JK automobiliams, skirtiems gyventi \u0161alyje<\/a><\/li><li class='ez-toc-page-1 ez-toc-heading-level-2'><a class=\"ez-toc-link ez-toc-heading-7\" href=\"https:\/\/vehicleregistrationscostadelsol.com\/lt\/brexit-uk-cars-and-residency\/#We_will_check_your_car_free_%E2%80%93_Pre_ITV_check\" >J\u016bs\u0173 automobil\u012f patikrinsime nemokamai - i\u0161ankstin\u0117 ITV patikra<\/a><ul class='ez-toc-list-level-3' ><li class='ez-toc-heading-level-3'><a class=\"ez-toc-link ez-toc-heading-8\" href=\"https:\/\/vehicleregistrationscostadelsol.com\/lt\/brexit-uk-cars-and-residency\/#Other_factors_to_take_into_consideration\" >Kiti veiksniai, \u012f kuriuos reikia atsi\u017evelgti<\/a><ul class='ez-toc-list-level-4' ><li class='ez-toc-heading-level-4'><a class=\"ez-toc-link ez-toc-heading-9\" href=\"https:\/\/vehicleregistrationscostadelsol.com\/lt\/brexit-uk-cars-and-residency\/#Our_Solution_to_Importing_a_UK_car_to_Spain_after_Brexit\" >M\u016bs\u0173 sprendimas, kaip importuoti JK automobil\u012f \u012f Ispanij\u0105 po \"Brexit<\/a><\/li><\/ul><\/li><\/ul><\/li><\/ul><\/nav><\/div>\n\n\n\n\n<ul class=\"wp-block-list\">\n<li>Transporto priemon\u0117s registravimas Ispanijoje, kai neseniai arba naujai apsigyvenote Ispanijoje.<\/li>\n\n\n\n<li>Transporto priemon\u0117s registravimas kaip ne Ispanijos gyventojui<\/li>\n\n\n\n<li>JK transporto priemon\u0117s tur\u0117jimas Ispanijoje PRIE\u0160 \"Brexit\". Kiekviename mar\u0161rute apskai\u010diuojamos skirtingos JK automobilio importo \u012f Ispanij\u0105 po \"Brexit\" i\u0161laidos ir mokes\u010diai.<\/li>\n<\/ul>\n\n\n\n<p>Jei transporto priemon\u0117 n\u0117ra registruota asmens, norin\u010dio \u012fregistruoti transporto priemon\u0119 Ispanijoje, vardu, b\u016btina pateikti galiojan\u010di\u0105 pardavimo s\u0105skait\u0105 fakt\u016br\u0105. <\/p>\n\n\n\n<h2 class=\"wp-block-heading\"><span class=\"ez-toc-section\" id=\"What_are_the_steps_to_register_a_UK_car_after_Brexit\"><\/span>Kokie veiksmai atliekami norint u\u017eregistruoti JK automobil\u012f po \"Brexit\"?<span class=\"ez-toc-section-end\"><\/span><\/h2>\n\n\n\n<ul class=\"wp-block-list\">\n<li>Atitikties sertifikato gavimas (Ficha Reducia)<\/li>\n\n\n\n<li>Pra\u0161ymas atlikti ITV (technin\u0119 ap\u017ei\u016br\u0105)<\/li>\n\n\n\n<li>ITV fich\u0173 gavimas, kai transporto priemon\u0117 praeina technin\u0119 ap\u017ei\u016br\u0105<\/li>\n\n\n\n<li>Importo sertifikato \u012frodymas (\u0160iaur\u0117s Airijai taikoma i\u0161imtis)<\/li>\n\n\n\n<li>Galutinis transporto priemon\u0117s regsitravimas Ispanijoje<\/li>\n\n\n\n<li>Keli\u0173 mokes\u010dio mok\u0117jimas - IVTM<\/li>\n\n\n\n<li>Mokestis u\u017e i\u0161metam\u0173j\u0173 ter\u0161al\u0173 kiek\u012f (Modelo 576)<\/li>\n\n\n\n<li>Ispani\u0161k\u0173 numerio \u017eenkl\u0173 u\u017esakymas<\/li>\n\n\n\n<li>ECO lipduko u\u017esakymas<\/li>\n\n\n\n<li>DGT d\u0117l nauj\u0173 ispani\u0161k\u0173 dokument\u0173 j\u016bs\u0173 vardu - Permiso de Circulaci\u00f3n<\/li>\n<\/ul>\n\n\n\n<h2 class=\"wp-block-heading\"><span class=\"ez-toc-section\" id=\"What_information_is_used_to_calculate_the_cost_to_register_a_UK_car_in_Spain_after_Brexit\"><\/span>Kokia informacija naudojama apskai\u010diuojant JK automobilio registravimo Ispanijoje po \"Brexit\" kain\u0105? <span class=\"ez-toc-section-end\"><\/span><\/h2>\n\n\n\n<ul class=\"wp-block-list\">\n<li>Galiojantis V5C dokumentas - Mokes\u010diams apskai\u010diuoti<\/li>\n\n\n\n<li>Galiojantis draudimas, technin\u0117 ap\u017ei\u016bra ir keli\u0173 mokestis Jungtin\u0117je Karalyst\u0117je<\/li>\n\n\n\n<li>Transporto priemon\u0117s patvirtinimas, neseniai gyven\u0119s arba tap\u0119s gyventoju<\/li>\n\n\n\n<li>Nerezident\u0173 importo muit\u0173 ir PVM patvirtinimas<\/li>\n\n\n\n<li>\u012erodymo, kad transporto priemon\u0117 \u010dia buvo prie\u0161 \"Brexit\", patvirtinimas<\/li>\n\n\n\n<li>Transporto priemon\u0117s atitikties ES reikalavimams tikrinimas<\/li>\n\n\n\n<li>I\u0161 i\u0161metam\u0173j\u0173 duj\u0173 i\u0161metamas Co2 kiekis<\/li>\n\n\n\n<li>Am\u017eius ir pirmosios registracijos data<\/li>\n\n\n\n<li>Asmens tapatyb\u0117s ir adreso \u012frodymas<\/li>\n<\/ul>\n\n\n\n<h2 class=\"wp-block-heading\"><span class=\"ez-toc-section\" id=\"All_UK_cars_will_need_a_DUA_import_certificate\"><\/span>Visiems JK automobiliams reik\u0117s DUA (importo) sertifikato?<span class=\"ez-toc-section-end\"><\/span><\/h2>\n\n\n\n<p>Yra daug painiavos d\u0117l <strong>JK automobilio importas \u012f Ispanij\u0105 po \"Brexit<\/strong> \u0161iuo metu, ar bus mokes\u010diai, ar nebus mokes\u010di\u0173, kokie bus mokes\u010diai, jei bus? Dabar turime paai\u0161kinimus d\u0117l \u2018dabartini\u0173 taisykli\u0173\u2019, ta\u010diau negalime garantuoti, kad artimiausiu metu jos nepasikeis. <strong>Jei atve\u017eate automobil\u012f, kuris \u0161iuo metu yra JK, tai padaryti daug papras\u010diau ir susisiekite su mumis.<\/strong>.<\/p>\n\n\n\n<p>2021 m. sausio m\u0117n., po svarstym\u0173, JK automobili\u0173 tur\u0117jo b\u016bti pra\u0161oma pateikti daugiau dokument\u0173 nei anks\u010diau iki 2020 m. gruod\u017eio 31 d. (Brexit) JK dabar Ispanijoje ir ES laikoma u\u017esienio \"tre\u010di\u0105ja \u0161alimi\", tod\u0117l pasikeit\u0117 b\u016bdas, kuriuo JK automobiliai imatrikuliuojami \u012f Ispanijos numerius.<\/p>\n\n\n\n<p>Ta\u010diau yra galimyb\u0117 atleisti nuo \u0161i\u0173 labai dideli\u0173 mokes\u010di\u0173. Ta\u010diau tur\u0117tum\u0117te pasitikrinti, ar turite teis\u0119 \u012f atleidim\u0105 nuo mokes\u010di\u0173. Galimas atleidimas nuo mokes\u010di\u0173 Ispanijoje priklauso nuo \u0161i\u0173 aplinkybi\u0173 <\/p>\n\n\n\n<ul class=\"wp-block-list\">\n<li>Tapote gyventoju arba tapote gyventoju per pastaruosius 12 m\u0117nesi\u0173. <\/li>\n\n\n\n<li>Netapote rezidentu ir norite, kad j\u016bs\u0173 JK automobilis likt\u0173 Ispanijoje<\/li>\n\n\n\n<li>Iki \"Brexit\" Ispanijoje tur\u0117jote transporto priemon\u0119, kuri nebuvo i\u0161ve\u017eta i\u0161 Ispanijos. <\/li>\n<\/ul>\n\n\n\n<p>2021 m. saus\u012f DGT (Traffico) prane\u0161\u0117, kad nuo sausio 1 d. visoms JK transporto priemon\u0117ms reikia pateikti DUA (importo) sertifikat\u0105. \u0160is dokumentas \u012frodo, kad transporto priemon\u0117 pra\u0117jo muitin\u0119. Dabar DGT reikalauja, kad VISOS JK transporto priemon\u0117s pateikt\u0173 importo muitin\u0117s sertifikat\u0105, net jei esate atleisti nuo \u0161i\u0173 mokes\u010di\u0173 d\u0117l gyvenamosios vietos arba PRE Brexit \u012frodymo, kad transporto priemon\u0117 yra Ispanijoje. Ta\u010diau tai negalioja, jei transporto priemon\u0117 registruota \u0160iaur\u0117s Airijoje, kuriai vis dar taikomas neapmokestinamasis ir ES prekybos protokolas. <\/p>\n\n\n\n<h3 class=\"wp-block-heading\"><span class=\"ez-toc-section\" id=\"Good_News_Proving_your_UK_vehicle_was_in_Spain_before_Brexit\"><\/span>Geros naujienos .. \u012erodymas, kad j\u016bs\u0173 JK transporto priemon\u0117 buvo Ispanijoje prie\u0161 \"Brexit<span class=\"ez-toc-section-end\"><\/span><\/h3>\n\n\n\n<p>Pa\u017eanga ir puikios naujienos yra tai, kad Andal\u016bzijoje, jei galime \u012frodyti, kad j\u016bs\u0173 automobilis buvo \u0161alyje iki gruod\u017eio 31 d. <strong>mes<\/strong> <strong>kol kas gali \u012fforminti imatrikuliacij\u0105 \u012f Ispanijos numerius be DUA (importo muitin\u0117s dokumento).<\/strong>. Tai negali b\u016bti automobilio nuotrauka prie j\u016bs\u0173 sklypo ir t. t., mums reikia tvirto \u012frodymo. \u012esivaizduokite, kad esate DGT atstovas, o jis pasira\u0161o Ispanijos imatrikuliacij\u0105.<\/p>\n\n\n\n<p><strong>\u012erodymas tur\u0117t\u0173 b\u016bti pateiktas iki 2020 m. gruod\u017eio 31 d. <\/strong><\/p>\n\n\n\n<ul class=\"wp-block-list\">\n<li>\u017daliosios (laikinosios) plok\u0161tel\u0117s <\/li>\n\n\n\n<li>ITV testas<\/li>\n\n\n\n<li>Keli\u0173 eismo baudos<\/li>\n\n\n\n<li>Kelion\u0117s dokumentai, \u012fskaitant kelto arba Eurotunelio dokumentus<\/li>\n\n\n\n<li>S\u0105skaitos u\u017e technin\u0119 prie\u017ei\u016br\u0105 arba mechanikos paslaugas ir fakt\u016bros <\/li>\n\n\n\n<li>Visa, k\u0105 turite ir kas gali \u012frodyti, kad transporto priemon\u0117 \u010dia buvo iki 2020 m. gruod\u017eio 31 d.<\/li>\n<\/ul>\n\n\n\n<p>Negalime garantuoti sprendimo, kad \u012frodymas buvo pateiktas. \u0160\u012f sprendim\u0105 priima DGT. <\/p>\n\n\n\n<h2 class=\"wp-block-heading\"><span class=\"ez-toc-section\" id=\"Importing_a_UK_car_To_Spain\"><\/span>JK automobilio importas \u012f Ispanij\u0105<span class=\"ez-toc-section-end\"><\/span><\/h2>\n\n\n\n<p>Prie\u0161 i\u0161si\u0173sdami \u012fsitikinkite, kad j\u016bs\u0173 importo agentas turi tinkam\u0105 DUA sertifikat\u0105. Jie gali tai sutvarkyti u\u017e jus. Prie\u0161ingu atveju transporto priemon\u0117 gali b\u016bti apmokestinta \u012fva\u017eiavimo \u012f Ispanij\u0105 punkte (31% nuo transporto priemon\u0117s buhalterin\u0117s kainos). Jei jums reikia pasi\u016blymo d\u0117l automobilio importo \u012f Ispanij\u0105, susisiekite su mumis. <\/p>\n\n\n\n<p>Galime pad\u0117ti <strong>JK automobilio importas \u012f Ispanij\u0105<\/strong> taip pat galime u\u017etikrinti galimyb\u0119 <strong>atleisti nuo automobili\u0173 importo mokes\u010di\u0173.<\/strong> pra\u0161ymams d\u0117l rezidencijos. <\/p>\n\n\n\n<h2 class=\"wp-block-heading\"><span class=\"ez-toc-section\" id=\"Waiving_Import_Emissions_Taxes_on_UK_Cars_for_residency\"><\/span>Atleidimas nuo importo ir i\u0161metam\u0173j\u0173 ter\u0161al\u0173 mokes\u010di\u0173 JK automobiliams, skirtiems gyventi \u0161alyje<span class=\"ez-toc-section-end\"><\/span><\/h2>\n\n\n\n<p>Jei importuojate JK automobil\u012f \u012f Ispanij\u0105 ir \u0161iuo metu arba k\u0105 tik \u012fgijote gyvenam\u0105j\u0105 viet\u0105, daugeliu atvej\u0173 importo ir i\u0161metam\u0173j\u0173 ter\u0161al\u0173 mokes\u010diai gali b\u016bti netaikomi. Tai bus pa\u017eym\u0117ta <a aria-label=\"NEMOKAMAS pasi\u016blymas (atsidaro naujame skirtuke)\" class=\"rank-math-link\" href=\"https:\/\/vehicleregistrationscostadelsol.com\/lt\/susisiekite-su\/\" target=\"_blank\" rel=\"noreferrer noopener\">NEMOKAMA citata<\/a> mes galime jums suteikti. Visi kiti \u012fprasti mokes\u010diai ir fiksuotos i\u0161laidos, pavyzd\u017eiui, keli\u0173 mokestis Ispanijoje, ITV testas, DGT ir kt., bus taikomi kaip \u012fprasta. I\u0161 esm\u0117s tai rei\u0161kia, kad, i\u0161skyrus DUA sertifikat\u0105, viskas vyksta kaip \u012fprasta, kaip ir prie\u0161 \"Brexit\" JK automobiliams ir rezidencijai. <strong>Jei jums to reikia, teikiame gyvenamosios vietos pra\u0161ymus kaip dal\u012f m\u016bs\u0173 paslaug\u0173.<\/strong> <\/p>\n\n\n\n<p>Norint atleisti nuo mokes\u010di\u0173, reikia pateikti \u012frodymus, kad:<\/p>\n\n\n\n<ul class=\"wp-block-list\">\n<li>Gyvenamoji vieta per pastaruosius 6 m\u0117nesius - Atleidimas nuo importo mokes\u010di\u0173<\/li>\n\n\n\n<li>Gyvenamoji vieta per pastar\u0105sias 60 dien\u0173 - Atleidimas nuo tar\u0161os mokes\u010di\u0173<\/li>\n\n\n\n<li>Turite tur\u0117ti naujausi\u0105 \"Padron\" ir \"Brexit\" atleidimo nuo mokes\u010di\u0173 dokumentus.<\/li>\n\n\n\n<li>Gyvenamosios vietos Jungtin\u0117je Karalyst\u0117je prie\u0161 pradedant gyventi Ispanijoje \u012frodymas. <\/li>\n<\/ul>\n\n\n\n<h2 class=\"wp-block-heading\"><span class=\"ez-toc-section\" id=\"We_will_check_your_car_free_%E2%80%93_Pre_ITV_check\"><\/span>J\u016bs\u0173 automobil\u012f patikrinsime nemokamai - i\u0161ankstin\u0117 ITV patikra<span class=\"ez-toc-section-end\"><\/span><\/h2>\n\n\n\n<p>Atva\u017eiuokite pas mus \u012f Riviera Del Sol, i\u0161 anksto susitar\u0119, ir mes patikrinsime, ar j\u016bs\u0173 automobilis neatitinka ITV testo reikalavim\u0173. \u017dibintai, padangos ir kt. Tai unikali m\u016bs\u0173 si\u016bloma paslauga, kurios metu atliekame ma\u017edaug 15 patikrinim\u0173. I\u0161ankstin\u0117 ITV patikra. B\u016btinai su savimi pasiimkite visus dokumentus, kad gal\u0117tume juos nuskaityti, jei nuspr\u0119stum\u0117te, jog jums reikia, kad j\u016bs\u0173 automobiliui b\u016bt\u0173 i\u0161duoti Ispanijos numeriai. <\/p>\n\n\n\n<h3 class=\"wp-block-heading\"><span class=\"ez-toc-section\" id=\"Other_factors_to_take_into_consideration\"><\/span>Kiti veiksniai, \u012f kuriuos reikia atsi\u017evelgti<span class=\"ez-toc-section-end\"><\/span><\/h3>\n\n\n\n<p>Reikia atsi\u017evelgti \u012f daugyb\u0119 kit\u0173 veiksni\u0173. Ar pritaikyti priekiniai \u017eibintai? Ar juos reikia sureguliuoti, ar automobilis turi \"Ficha Technica\", ar j\u016bs\u0173 automobilyje yra kit\u0173 ITV gedim\u0173? \u012e visa tai reikia atkreipti d\u0117mes\u012f. <br><\/p>\n\n\n\n<h4 class=\"wp-block-heading\"><span class=\"ez-toc-section\" id=\"Our_Solution_to_Importing_a_UK_car_to_Spain_after_Brexit\"><\/span>M\u016bs\u0173 sprendimas, kaip importuoti JK automobil\u012f \u012f Ispanij\u0105 po \"Brexit<span class=\"ez-toc-section-end\"><\/span><\/h4>\n\n\n\n<ul class=\"wp-block-list\">\n<li>Atleidimas nuo mokes\u010di\u0173, kad b\u016bt\u0173 galima susieti su gyvenam\u0105ja vieta (yra tam tikras terminas).<\/li>\n\n\n\n<li>\u012frodyti, kad automobilis atitinka ES reikalavimus, ir \u012frodyti, kad automobilis buvo Ispanijoje iki \"Brexit\" (netaikoma, jei importuojate dabar).<\/li>\n\n\n\n<li>JK automobilio importas \u012f Ispanij\u0105<\/li>\n\n\n\n<li>JK automobili\u0173 importo mokes\u010diai<\/li>\n\n\n\n<li>Tuo tarpu nemokamos citatos, \u012fskaitant DUA<\/li>\n\n\n\n<li>Dalyvauti kartu su jumis asmeni\u0161kai DUA (u\u017e papildom\u0105 mokest\u012f) <\/li>\n\n\n\n<li><strong>NEMOKAMAI patikrinkite savo transporto priemon\u0119, kad su\u017einotum\u0117te, koki\u0173 papildom\u0173 i\u0161laid\u0173 gali prireikti j\u016bs\u0173 JK automobiliui.<\/strong><\/li>\n\n\n\n<li>Atliekame ITV reikaling\u0105 \"Ficha Technica\" (galime atvykti pas jus, jei geografi\u0161kai tai \u012fmanoma).<\/li>\n\n\n\n<li>Rezidavimo paketai, susieti su automobilio importu \u012f Ispanij\u0105<\/li>\n\n\n\n<li>\u017dibint\u0173 reguliavimas arba nauji priekiniai \u017eibintai<\/li>\n\n\n\n<li>ITV bandym\u0173 u\u017esakymas ir mes tai darome u\u017e jus<\/li>\n\n\n\n<li>Visi tvarkomi mokes\u010diai<\/li>\n\n\n\n<li>Keli\u0173 mokes\u010dio klausimas<\/li>\n\n\n\n<li>Mums pristatomi numerio \u017eenklai ir dokumentai, o mes juos pritvirtiname prie automobilio.<\/li>\n\n\n\n<li>Mechanik\u0173 pagalba prie\u0161 ir po ITV<\/li>\n\n\n\n<li>NEMOKAMAS pakartotinis testas, jei automobilis neatitinka reikalavim\u0173<\/li>\n\n\n\n<li>Daug daugiau....... <\/li>\n<\/ul>\n\n\n\n<p>Nedvejodami <a href=\"https:\/\/vehicleregistrationscostadelsol.com\/lt\/susisiekite-su\/\" data-type=\"URL\" data-id=\"https:\/\/vehicleregistrationscostadelsol.com\/contact\/\">susisiekite su mumis<\/a> daugiau informacijos. <\/p>\n\n\n<p><a href=\"https:\/\/wa.me\/+34696337629?text=Please%20send%20me%20a%20free%20quote\" target=\"_blank\" rel=\"noopener\">&nbsp;<\/a><\/p>\n\n\n<p><\/p>","protected":false},"excerpt":{"rendered":"<p>Registering a UK vehicle in Spain involves several steps including customs clearance. First the eligibility needs to be checked &#8211; UK cars coming to Spain after Brexit have three routes. A valid Sales invoice is necessary if the vehicle is not in the name of the person wishing to register the vehicle in Spain. What [&hellip;]<\/p>\n","protected":false},"author":1,"featured_media":2566,"parent":0,"menu_order":0,"comment_status":"closed","ping_status":"closed","template":"","meta":{"site-sidebar-layout":"default","site-content-layout":"default","ast-site-content-layout":"default","site-content-style":"default","site-sidebar-style":"default","ast-global-header-display":"","ast-banner-title-visibility":"","ast-main-header-display":"","ast-hfb-above-header-display":"","ast-hfb-below-header-display":"","ast-hfb-mobile-header-display":"","site-post-title":"","ast-breadcrumbs-content":"","ast-featured-img":"","footer-sml-layout":"","ast-disable-related-posts":"","theme-transparent-header-meta":"default","adv-header-id-meta":"","stick-header-meta":"","header-above-stick-meta":"","header-main-stick-meta":"","header-below-stick-meta":"","astra-migrate-meta-layouts":"set","ast-page-background-enabled":"default","ast-page-background-meta":{"desktop":{"background-color":"","background-image":"","background-repeat":"repeat","background-position":"center center","background-size":"auto","background-attachment":"scroll","background-type":"","background-media":"","overlay-type":"","overlay-color":"","overlay-opacity":"","overlay-gradient":""},"tablet":{"background-color":"","background-image":"","background-repeat":"repeat","background-position":"center center","background-size":"auto","background-attachment":"scroll","background-type":"","background-media":"","overlay-type":"","overlay-color":"","overlay-opacity":"","overlay-gradient":""},"mobile":{"background-color":"","background-image":"","background-repeat":"repeat","background-position":"center center","background-size":"auto","background-attachment":"scroll","background-type":"","background-media":"","overlay-type":"","overlay-color":"","overlay-opacity":"","overlay-gradient":""}},"ast-content-background-meta":{"desktop":{"background-color":"var(--ast-global-color-5)","background-image":"","background-repeat":"repeat","background-position":"center center","background-size":"auto","background-attachment":"scroll","background-type":"","background-media":"","overlay-type":"","overlay-color":"","overlay-opacity":"","overlay-gradient":""},"tablet":{"background-color":"var(--ast-global-color-5)","background-image":"","background-repeat":"repeat","background-position":"center center","background-size":"auto","background-attachment":"scroll","background-type":"","background-media":"","overlay-type":"","overlay-color":"","overlay-opacity":"","overlay-gradient":""},"mobile":{"background-color":"var(--ast-global-color-5)","background-image":"","background-repeat":"repeat","background-position":"center center","background-size":"auto","background-attachment":"scroll","background-type":"","background-media":"","overlay-type":"","overlay-color":"","overlay-opacity":"","overlay-gradient":""}},"footnotes":""},"class_list":["post-1999","page","type-page","status-publish","has-post-thumbnail","hentry"],"_links":{"self":[{"href":"https:\/\/vehicleregistrationscostadelsol.com\/lt\/wp-json\/wp\/v2\/pages\/1999","targetHints":{"allow":["GET"]}}],"collection":[{"href":"https:\/\/vehicleregistrationscostadelsol.com\/lt\/wp-json\/wp\/v2\/pages"}],"about":[{"href":"https:\/\/vehicleregistrationscostadelsol.com\/lt\/wp-json\/wp\/v2\/types\/page"}],"author":[{"embeddable":true,"href":"https:\/\/vehicleregistrationscostadelsol.com\/lt\/wp-json\/wp\/v2\/users\/1"}],"replies":[{"embeddable":true,"href":"https:\/\/vehicleregistrationscostadelsol.com\/lt\/wp-json\/wp\/v2\/comments?post=1999"}],"version-history":[{"count":2,"href":"https:\/\/vehicleregistrationscostadelsol.com\/lt\/wp-json\/wp\/v2\/pages\/1999\/revisions"}],"predecessor-version":[{"id":3433,"href":"https:\/\/vehicleregistrationscostadelsol.com\/lt\/wp-json\/wp\/v2\/pages\/1999\/revisions\/3433"}],"wp:featuredmedia":[{"embeddable":true,"href":"https:\/\/vehicleregistrationscostadelsol.com\/lt\/wp-json\/wp\/v2\/media\/2566"}],"wp:attachment":[{"href":"https:\/\/vehicleregistrationscostadelsol.com\/lt\/wp-json\/wp\/v2\/media?parent=1999"}],"curies":[{"name":"wp","href":"https:\/\/api.w.org\/{rel}","templated":true}]}}