{"id":2475,"date":"2022-04-15T16:08:20","date_gmt":"2022-04-15T14:08:20","guid":{"rendered":"https:\/\/vehicleregistrationscostadelsol.com\/?page_id=2475"},"modified":"2025-02-05T00:08:36","modified_gmt":"2025-02-04T23:08:36","slug":"motociklo-registravimas-ispanijoje","status":"publish","type":"page","link":"https:\/\/vehicleregistrationscostadelsol.com\/lt\/registering-a-motorbike-in-spain\/","title":{"rendered":"Motociklo registravimas Ispanijoje"},"content":{"rendered":"<p>Motocikl\u0105 Ispanijoje \u012fregistruoti gana paprasta. Jei motociklas yra ES, tai labai paprasta. I\u0161 JK turime pasidom\u0117ti, ar po \"Brexit\" gal\u0117sime atsisakyti mokes\u010di\u0173.  Transporto priemoni\u0173 registravimo centre Costa Del Sol u\u017esiimame ne tik automobili\u0173 registravimu, bet turime daug patirties ir su motociklais. Visus procesus tvarkome u\u017e jus. Kad gal\u0117tume pateikti nemokam\u0105 pasi\u016blym\u0105, mums reikia informacijos apie motocikl\u0105. <\/p><div id=\"ez-toc-container\" class=\"ez-toc-v2_0_82_2 counter-hierarchy ez-toc-counter ez-toc-grey ez-toc-container-direction\">\n<div class=\"ez-toc-title-container\">\n<p class=\"ez-toc-title\" style=\"cursor:inherit\">Turinys<\/p>\n<span class=\"ez-toc-title-toggle\"><a href=\"#\" class=\"ez-toc-pull-right ez-toc-btn ez-toc-btn-xs ez-toc-btn-default ez-toc-toggle\" aria-label=\"Perjungti turinio lentel\u0119\"><span class=\"ez-toc-js-icon-con\"><span class=\"\"><span class=\"eztoc-hide\" style=\"display:none;\">Perjungti<\/span><span class=\"ez-toc-icon-toggle-span\"><svg style=\"fill: #999;color:#999\" xmlns=\"http:\/\/www.w3.org\/2000\/svg\" class=\"list-377408\" width=\"20px\" height=\"20px\" viewbox=\"0 0 24 24\" fill=\"none\"><path d=\"M6 6H4v2h2V6zm14 0H8v2h12V6zM4 11h2v2H4v-2zm16 0H8v2h12v-2zM4 16h2v2H4v-2zm16 0H8v2h12v-2z\" fill=\"currentColor\"><\/path><\/svg><svg style=\"fill: #999;color:#999\" class=\"arrow-unsorted-368013\" xmlns=\"http:\/\/www.w3.org\/2000\/svg\" width=\"10px\" height=\"10px\" viewbox=\"0 0 24 24\" version=\"1.2\" baseprofile=\"tiny\"><path d=\"M18.2 9.3l-6.2-6.3-6.2 6.3c-.2.2-.3.4-.3.7s.1.5.3.7c.2.2.4.3.7.3h11c.3 0 .5-.1.7-.3.2-.2.3-.5.3-.7s-.1-.5-.3-.7zM5.8 14.7l6.2 6.3 6.2-6.3c.2-.2.3-.5.3-.7s-.1-.5-.3-.7c-.2-.2-.4-.3-.7-.3h-11c-.3 0-.5.1-.7.3-.2.2-.3.5-.3.7s.1.5.3.7z\"\/><\/svg><\/span><\/span><\/span><\/a><\/span><\/div>\n<nav><ul class='ez-toc-list ez-toc-list-level-1' ><li class='ez-toc-page-1 ez-toc-heading-level-3'><a class=\"ez-toc-link ez-toc-heading-1\" href=\"https:\/\/vehicleregistrationscostadelsol.com\/lt\/registering-a-motorbike-in-spain\/#What_is_the_process_to_registering_a_motorbike_in_Spain\" >Kaip \u012fregistruoti motocikl\u0105 Ispanijoje?<\/a><ul class='ez-toc-list-level-4' ><li class='ez-toc-heading-level-4'><a class=\"ez-toc-link ez-toc-heading-2\" href=\"https:\/\/vehicleregistrationscostadelsol.com\/lt\/registering-a-motorbike-in-spain\/#Can_you_modify_a_motorbike_in_Spain\" >Ar Ispanijoje galima keisti motocikl\u0105?<\/a><\/li><li class='ez-toc-page-1 ez-toc-heading-level-4'><a class=\"ez-toc-link ez-toc-heading-3\" href=\"https:\/\/vehicleregistrationscostadelsol.com\/lt\/registering-a-motorbike-in-spain\/#Importing_a_motorcycle_into_Spain\" >Motociklo importas \u012f Ispanij\u0105<\/a><ul class='ez-toc-list-level-5' ><li class='ez-toc-heading-level-5'><a class=\"ez-toc-link ez-toc-heading-4\" href=\"https:\/\/vehicleregistrationscostadelsol.com\/lt\/registering-a-motorbike-in-spain\/#Where_is_the_motorcycle_test_done_in_Spain\" >Kur Ispanijoje laikomas motociklo egzaminas?<\/a><\/li><\/ul><\/li><\/ul><\/li><\/ul><\/nav><\/div>\n\n\n\n\n<p>Norint u\u017eregistruoti motocikl\u0105 Ispanijoje, reikia:<\/p>\n\n\n\n<ul class=\"wp-block-list\">\n<li>Transporto priemon\u0117s registracijos dokumentai<\/li>\n\n\n\n<li>Atitikties sertifikatas (galime pateikti)<\/li>\n\n\n\n<li>NIE arba TIE kortel\u0117<\/li>\n\n\n\n<li>Adreso \u012frodymas<\/li>\n<\/ul>\n\n\n\n<p>Jei j\u016bs\u0173 motociklas buvo kaip nors modifikuotas, ITV, prie\u0161 atlikdama patikr\u0105, turi pateikti tam tikr\u0105 informacij\u0105. I\u0161 esm\u0117s motociklas turi atitikti gamyklin\u012f standart\u0105. Jei modifikavote savo motocikl\u0105, susisiekite su mumis. Ma\u017eesniems nei 250 cm3 motociklams netaikomi jokie special\u016bs registracijos mokes\u010diai ir Co2 mokes\u010diai.<\/p>\n\n\n\n<h3 class=\"wp-block-heading\"><span class=\"ez-toc-section\" id=\"What_is_the_process_to_registering_a_motorbike_in_Spain\"><\/span>Kaip \u012fregistruoti motocikl\u0105 Ispanijoje?<span class=\"ez-toc-section-end\"><\/span><\/h3>\n\n\n\n<p>Pra\u0161ome \u017ei\u016br\u0117ti pirmiau, mums reikia informacijos apie dvirat\u012f ir bet koki\u0105 pridedam\u0105 informacij\u0105. tada gal\u0117sime jums pateikti nemokam\u0105 pasi\u016blym\u0105. Jei norite gauti itin greit\u0105 pasi\u016blym\u0105, nedvejodami kreipkit\u0117s \u012f <a href=\"https:\/\/www.cognitoforms.com\/VehicleRegistrations\/MotorbikeQuote?v2\" data-type=\"URL\" data-id=\"https:\/\/www.cognitoforms.com\/VehicleRegistrations\/MotorbikeQuote?v2\" target=\"_blank\" rel=\"noreferrer noopener\">u\u017epildykite \u0161i\u0105 greit\u0105 form\u0105<\/a>. Gausite el. lai\u0161k\u0105, \u012f kur\u012f gal\u0117site atsi\u0173sti mums reikiamus dokumentus. Labai svarbu, kad mes matytume dokumentus, kad gal\u0117tume pateikti su transporto priemone susijusi\u0105 technin\u0119 informacij\u0105 ir labai svarb\u0173 K skyri\u0173, kuriame nurodoma, ar transporto priemon\u0117 atitinka Europos reikalavimus, ar ne. <\/p>\n\n\n\n<h4 class=\"wp-block-heading\"><span class=\"ez-toc-section\" id=\"Can_you_modify_a_motorbike_in_Spain\"><\/span>Ar Ispanijoje galima keisti motocikl\u0105?<span class=\"ez-toc-section-end\"><\/span><\/h4>\n\n\n\n<p>Trumpai tariant, ne. ITV labai grie\u017etai reglamentuoja motociklo registravim\u0105 Ispanijoje. Beveik viskas, kas n\u0117ra standartin\u0117 motociklo \u012franga, laikoma negalin\u010diu praeiti ITV. Modifikacijos Ispanijoje tiesiog n\u0117ra dalykas. Jei transporto priemon\u0117 turi atitikties sertifikat\u0105, jie tikrina, ar motociklas atitinka gamyklin\u012f standart\u0105, o bet kokie pakeitimai neatitinka ITV reikalavim\u0173. Ispanijoje yra galimyb\u0117 u\u017eregistruoti pakeitimus, ta\u010diau \u0161is procesas yra labai sud\u0117tingas. Susisiekite su mumis, jei j\u016bs\u0173 motociklas kaip nors skiriasi nuo gamyklinio. Akivaizdu, kad pana\u0161ios dalys n\u0117ra problema. Tai <a href=\"https:\/\/www.fuelexhausts.com\/\" data-type=\"URL\" data-id=\"https:\/\/www.fuelexhausts.com\/\" target=\"_blank\" rel=\"noreferrer noopener\">stambus ekshauzas<\/a>t gali kilti problem\u0173. <\/p>\n\n\n\n<p>Dviratis turi atitikti atitikties sertifikato standart\u0105. Jei j\u016bs\u0173 dviratis jo neturi, mes galime pad\u0117ti j\u012f pateikti. Jungtin\u0117s Karalyst\u0117s motociklams gali tekti keisti ir priekin\u012f \u017eibint\u0105. <\/p>\n\n\n\n<h4 class=\"wp-block-heading\"><span class=\"ez-toc-section\" id=\"Importing_a_motorcycle_into_Spain\"><\/span>Motociklo importas \u012f Ispanij\u0105<span class=\"ez-toc-section-end\"><\/span><\/h4>\n\n\n\n<p>Galime pad\u0117ti importuoti motocikl\u0105 \u012f Ispanij\u0105. Turime savo importo agent\u0105, kuris tvarko DUA dokument\u0105, t. y. dokumentus, reikalingus teis\u0117tai importuoti motocikl\u0105 \u012f Ispanij\u0105. Galb\u016bt ketinate persikelti \u012f Ispanij\u0105 visam laikui ir pasiimti <a href=\"https:\/\/equitas-property.com\/en_gb\/non-lucrative-visa-spain\/\" data-type=\"URL\" data-id=\"https:\/\/equitas-property.com\/en_gb\/non-lucrative-visa-spain\/\" target=\"_blank\" rel=\"noreferrer noopener\">rezidencija<\/a> Ispanijoje. Jei taip, galite atsisakyti importo muito ir IVA mokes\u010di\u0173 (IVA yra PVM 21%). Jei j\u016bs\u0173 motociklas yra ES transporto priemon\u0117, tuomet nereikia nerimauti d\u0117l importo muito ar IVA mokes\u010dio. <\/p>\n\n\n\n<h5 class=\"wp-block-heading\"><span class=\"ez-toc-section\" id=\"Where_is_the_motorcycle_test_done_in_Spain\"><\/span>Kur Ispanijoje laikomas motociklo egzaminas?<span class=\"ez-toc-section-end\"><\/span><\/h5>\n\n\n\n<p>Motociklo egzaminas laikomas ITV centre. Norint gauti piln\u0105 brandos atestat\u0105, reikia pateikti visus reikiamus dokumentus, kad, pirma, b\u016bt\u0173 galima u\u017esisakyti ITV ir, antra, tur\u0117ti visus reikiamus dokumentus motociklui importuoti \u012f Ispanij\u0105. Mes juos pateikiame ir kartu su jumis dalyvaujame ITV, tvarkome visus dokumentus prie\u0161 ITV ir po jo. Transporto priemon\u0117 i\u0161kvie\u010diama \u012f motocikl\u0173 eismo juost\u0105, kad b\u016bt\u0173 galima laikyti test\u0105. Po ITV reikia sutvarkyti dokumentus galutinei registracijai, \u012fskaitant<\/p>\n\n\n\n<ul class=\"wp-block-list\">\n<li>I\u0161metam\u0173j\u0173 ter\u0161al\u0173 mokes\u010di\u0173 (jei toki\u0173 yra) mok\u0117jimas<\/li>\n\n\n\n<li>Keli\u0173 mokestis<\/li>\n\n\n\n<li>Galutin\u0117 registracija DGT<\/li>\n\n\n\n<li>Numerio \u017eenkl\u0173 u\u017esakymas<\/li>\n\n\n\n<li>Bendravimas su mokes\u010di\u0173 inspekcija<\/li>\n<\/ul>\n\n\n\n<p><\/p>","protected":false},"excerpt":{"rendered":"<p>Registering a motorbike in Spain is pretty straight forward. If the Motorbike is EU very straight forward. From the UK we need to take a look at if we can waive taxes after Brexit. At vehicle registrations Costa Del Sol we not only do cars but we also have much experience with motorbikes. We deal [&hellip;]<\/p>\n","protected":false},"author":1,"featured_media":2562,"parent":0,"menu_order":0,"comment_status":"closed","ping_status":"closed","template":"","meta":{"site-sidebar-layout":"default","site-content-layout":"","ast-site-content-layout":"default","site-content-style":"default","site-sidebar-style":"default","ast-global-header-display":"","ast-banner-title-visibility":"","ast-main-header-display":"","ast-hfb-above-header-display":"","ast-hfb-below-header-display":"","ast-hfb-mobile-header-display":"","site-post-title":"","ast-breadcrumbs-content":"","ast-featured-img":"","footer-sml-layout":"","ast-disable-related-posts":"","theme-transparent-header-meta":"","adv-header-id-meta":"","stick-header-meta":"","header-above-stick-meta":"","header-main-stick-meta":"","header-below-stick-meta":"","astra-migrate-meta-layouts":"set","ast-page-background-enabled":"default","ast-page-background-meta":{"desktop":{"background-color":"","background-image":"","background-repeat":"repeat","background-position":"center center","background-size":"auto","background-attachment":"scroll","background-type":"","background-media":"","overlay-type":"","overlay-color":"","overlay-gradient":""},"tablet":{"background-color":"","background-image":"","background-repeat":"repeat","background-position":"center center","background-size":"auto","background-attachment":"scroll","background-type":"","background-media":"","overlay-type":"","overlay-color":"","overlay-gradient":""},"mobile":{"background-color":"","background-image":"","background-repeat":"repeat","background-position":"center center","background-size":"auto","background-attachment":"scroll","background-type":"","background-media":"","overlay-type":"","overlay-color":"","overlay-gradient":""}},"ast-content-background-meta":{"desktop":{"background-color":"var(--ast-global-color-5)","background-image":"","background-repeat":"repeat","background-position":"center center","background-size":"auto","background-attachment":"scroll","background-type":"","background-media":"","overlay-type":"","overlay-color":"","overlay-gradient":""},"tablet":{"background-color":"var(--ast-global-color-5)","background-image":"","background-repeat":"repeat","background-position":"center center","background-size":"auto","background-attachment":"scroll","background-type":"","background-media":"","overlay-type":"","overlay-color":"","overlay-gradient":""},"mobile":{"background-color":"var(--ast-global-color-5)","background-image":"","background-repeat":"repeat","background-position":"center center","background-size":"auto","background-attachment":"scroll","background-type":"","background-media":"","overlay-type":"","overlay-color":"","overlay-gradient":""}},"footnotes":""},"class_list":["post-2475","page","type-page","status-publish","has-post-thumbnail","hentry"],"_links":{"self":[{"href":"https:\/\/vehicleregistrationscostadelsol.com\/lt\/wp-json\/wp\/v2\/pages\/2475","targetHints":{"allow":["GET"]}}],"collection":[{"href":"https:\/\/vehicleregistrationscostadelsol.com\/lt\/wp-json\/wp\/v2\/pages"}],"about":[{"href":"https:\/\/vehicleregistrationscostadelsol.com\/lt\/wp-json\/wp\/v2\/types\/page"}],"author":[{"embeddable":true,"href":"https:\/\/vehicleregistrationscostadelsol.com\/lt\/wp-json\/wp\/v2\/users\/1"}],"replies":[{"embeddable":true,"href":"https:\/\/vehicleregistrationscostadelsol.com\/lt\/wp-json\/wp\/v2\/comments?post=2475"}],"version-history":[{"count":0,"href":"https:\/\/vehicleregistrationscostadelsol.com\/lt\/wp-json\/wp\/v2\/pages\/2475\/revisions"}],"wp:featuredmedia":[{"embeddable":true,"href":"https:\/\/vehicleregistrationscostadelsol.com\/lt\/wp-json\/wp\/v2\/media\/2562"}],"wp:attachment":[{"href":"https:\/\/vehicleregistrationscostadelsol.com\/lt\/wp-json\/wp\/v2\/media?parent=2475"}],"curies":[{"name":"wp","href":"https:\/\/api.w.org\/{rel}","templated":true}]}}