{"id":2686,"date":"2022-11-14T14:31:28","date_gmt":"2022-11-14T13:31:28","guid":{"rendered":"https:\/\/vehicleregistrationscostadelsol.com\/?page_id=2686"},"modified":"2025-07-05T15:01:51","modified_gmt":"2025-07-05T13:01:51","slug":"es-arba-jk-transporto-priemones-registravimas-alicante","status":"publish","type":"page","link":"https:\/\/vehicleregistrationscostadelsol.com\/lt\/register-a-eu-or-uk-vehicle-in-alicante\/","title":{"rendered":"ES arba JK transporto priemon\u0117s registravimas Alikant\u0117je"},"content":{"rendered":"<p><a href=\"https:\/\/vehicleregistrationscostadelsol.com\/lt\/kategorija\/alikante\/\">Alikant\u0117<\/a>&nbsp;\/ Iki&nbsp;<a href=\"https:\/\/vehicleregistrationscostadelsol.com\/lt\/autorius\/administratorius\/\">administratorius<\/a><\/p><div id=\"ez-toc-container\" class=\"ez-toc-v2_0_82_2 counter-hierarchy ez-toc-counter ez-toc-grey ez-toc-container-direction\">\n<div class=\"ez-toc-title-container\">\n<p class=\"ez-toc-title\" style=\"cursor:inherit\">Turinys<\/p>\n<span class=\"ez-toc-title-toggle\"><a href=\"#\" class=\"ez-toc-pull-right ez-toc-btn ez-toc-btn-xs ez-toc-btn-default ez-toc-toggle\" aria-label=\"Perjungti turinio lentel\u0119\"><span class=\"ez-toc-js-icon-con\"><span class=\"\"><span class=\"eztoc-hide\" style=\"display:none;\">Perjungti<\/span><span class=\"ez-toc-icon-toggle-span\"><svg style=\"fill: #999;color:#999\" xmlns=\"http:\/\/www.w3.org\/2000\/svg\" class=\"list-377408\" width=\"20px\" height=\"20px\" viewbox=\"0 0 24 24\" fill=\"none\"><path d=\"M6 6H4v2h2V6zm14 0H8v2h12V6zM4 11h2v2H4v-2zm16 0H8v2h12v-2zM4 16h2v2H4v-2zm16 0H8v2h12v-2z\" fill=\"currentColor\"><\/path><\/svg><svg style=\"fill: #999;color:#999\" class=\"arrow-unsorted-368013\" xmlns=\"http:\/\/www.w3.org\/2000\/svg\" width=\"10px\" height=\"10px\" viewbox=\"0 0 24 24\" version=\"1.2\" baseprofile=\"tiny\"><path d=\"M18.2 9.3l-6.2-6.3-6.2 6.3c-.2.2-.3.4-.3.7s.1.5.3.7c.2.2.4.3.7.3h11c.3 0 .5-.1.7-.3.2-.2.3-.5.3-.7s-.1-.5-.3-.7zM5.8 14.7l6.2 6.3 6.2-6.3c.2-.2.3-.5.3-.7s-.1-.5-.3-.7c-.2-.2-.4-.3-.7-.3h-11c-.3 0-.5.1-.7.3-.2.2-.3.5-.3.7s.1.5.3.7z\"\/><\/svg><\/span><\/span><\/span><\/a><\/span><\/div>\n<nav><ul class='ez-toc-list ez-toc-list-level-1' ><li class='ez-toc-page-1 ez-toc-heading-level-2'><a class=\"ez-toc-link ez-toc-heading-1\" href=\"https:\/\/vehicleregistrationscostadelsol.com\/lt\/register-a-eu-or-uk-vehicle-in-alicante\/#What_You_Will_Need_To_Register_A_Vehicle_In_Alicante\" >Ko reikia norint u\u017eregistruoti transporto priemon\u0119 Alikant\u0117je<\/a><ul class='ez-toc-list-level-3' ><li class='ez-toc-heading-level-3'><a class=\"ez-toc-link ez-toc-heading-2\" href=\"https:\/\/vehicleregistrationscostadelsol.com\/lt\/register-a-eu-or-uk-vehicle-in-alicante\/#So_How_Can_You_Help\" >Kaip galite pad\u0117ti?<\/a><ul class='ez-toc-list-level-4' ><li class='ez-toc-heading-level-4'><a class=\"ez-toc-link ez-toc-heading-3\" href=\"https:\/\/vehicleregistrationscostadelsol.com\/lt\/register-a-eu-or-uk-vehicle-in-alicante\/#How_Easy_Is_The_ITV_In_Alicante_To_Register_Your_Car\" >Kaip lengva Alikant\u0117s ITV u\u017eregistruoti automobil\u012f?<\/a><ul class='ez-toc-list-level-5' ><li class='ez-toc-heading-level-5'><a class=\"ez-toc-link ez-toc-heading-4\" href=\"https:\/\/vehicleregistrationscostadelsol.com\/lt\/register-a-eu-or-uk-vehicle-in-alicante\/#What_If_It_Fails_The_Inspection_In_Alicante\" >K\u0105 daryti, jei jis neatitinka patikrinimo Alikant\u0117je reikalavim\u0173?<\/a><\/li><li class='ez-toc-page-1 ez-toc-heading-level-5'><a class=\"ez-toc-link ez-toc-heading-5\" href=\"https:\/\/vehicleregistrationscostadelsol.com\/lt\/register-a-eu-or-uk-vehicle-in-alicante\/#What_Will_You_Need_If_Your_Vehicle_Fails_The_ITV\" >Ko reik\u0117s, jei j\u016bs\u0173 transporto priemon\u0117 neatitinka ITV reikalavim\u0173?<\/a><\/li><\/ul><\/li><li class='ez-toc-page-1 ez-toc-heading-level-4'><a class=\"ez-toc-link ez-toc-heading-6\" href=\"https:\/\/vehicleregistrationscostadelsol.com\/lt\/register-a-eu-or-uk-vehicle-in-alicante\/#Register_A_Vehicle_In_Alicante\" >Registruoti transporto priemon\u0119 Alikant\u0117je<\/a><\/li><\/ul><\/li><\/ul><\/li><\/ul><\/nav><\/div>\n\n\n\n\n<p>Jei \u012f Ispanij\u0105 atve\u017e\u0117te ar atve\u017eate savo transporto priemon\u0119 ir norite u\u017eregistruoti ES arba JK transporto priemon\u0119\u00a0<a href=\"https:\/\/itvcitaprevia.es\/estaciones-itv\/comunidad-valenciana\/alicante\/\" target=\"_blank\" rel=\"noreferrer noopener\">Alikant\u0117<\/a>\u00a0jums reik\u0117s patarimo, ko jums reikia ir kaip atlikti transporto priemon\u0117s Ispanijos numeri\u0173 \u017eenkl\u0173 i\u0161davimo proced\u016br\u0105.<\/p>\n\n\n\n<h2 class=\"wp-block-heading\"><span class=\"ez-toc-section\" id=\"What_You_Will_Need_To_Register_A_Vehicle_In_Alicante\"><\/span>Ko reikia norint u\u017eregistruoti transporto priemon\u0119 Alikant\u0117je<span class=\"ez-toc-section-end\"><\/span><\/h2>\n\n\n\n<ul class=\"wp-block-list\">\n<li>J\u016bs\u0173 transporto priemon\u0117s registracijos dokumentas<\/li>\n\n\n\n<li>Atitikties sertifikatas (Ficha Technica)<\/li>\n\n\n\n<li>ID pasas ir NIE numeris arba TIE kortel\u0117<\/li>\n\n\n\n<li>Adreso Ispanijoje \u012frodymas.<\/li>\n<\/ul>\n\n\n\n<h3 class=\"wp-block-heading\"><span class=\"ez-toc-section\" id=\"So_How_Can_You_Help\"><\/span>Kaip galite pad\u0117ti?<span class=\"ez-toc-section-end\"><\/span><\/h3>\n\n\n\n<p>Galime atlikti nuotolin\u0119 paslaug\u0105 ir suteikti visk\u0105, ko reikia, kad gal\u0117tum\u0117te nuve\u017eti savo transporto priemon\u0119 \u012f Alikant\u0117s ITV. M\u016bs\u0173 paslauga apima net atstov\u0105, kuris pasitiks jus ITV stotyje prie\u0161 patikr\u0105 Alikant\u0117je. \u012e dokumentus, kuriuos atsi\u0173sime, \u012feina pasira\u0161ytas ir teis\u0117tas \"Ficha Technica\" (atitikties sertifikatas), j\u016bs\u0173 asmens tapatyb\u0117s kortel\u0117 ir byla su viskuo, ko reikia ITV patikrai atlikti. I\u0161 esm\u0117s jums tereikia be atstovo atvykti i\u0161 anksto sutartu laiku ir jie visk\u0105 atliks.<\/p>\n\n\n\n<p>J\u016bs siun\u010diate mums dokumentus, o mes tvarkome dokumentus, DGT, galutin\u0119 registracij\u0105, keli\u0173 mokest\u012f ir pateikiame \u012frodymus, kad jis sumok\u0117tas, taip pat i\u0161metam\u0173j\u0173 ter\u0161al\u0173 mokes\u010dius, jei toki\u0173 yra. Tada mes kurjeriu i\u0161siun\u010diame jums naujus ispani\u0161kus numerio \u017eenklus ir visus reikiamus dokumentus, ir j\u016bs\u0173 transporto priemon\u0117 gali visi\u0161kai legaliai va\u017ein\u0117ti Alikant\u0117je ir visoje Ispanijoje. Galime suteikti ES arba JK transporto priemon\u0117s registravimo Alikant\u0117je paslaug\u0105. <\/p>\n\n\n\n<h4 class=\"wp-block-heading\"><span class=\"ez-toc-section\" id=\"How_Easy_Is_The_ITV_In_Alicante_To_Register_Your_Car\"><\/span>Kaip lengva Alikant\u0117s ITV u\u017eregistruoti automobil\u012f?<span class=\"ez-toc-section-end\"><\/span><\/h4>\n\n\n\n<p>Alikant\u0117je s\u0117kmingai atlikome daugyb\u0119 ITV patikrinim\u0173, ir \u0161is procesas i\u0161 tikr\u0173j\u0173 yra gana paprastas. Galime patarti, ko gali nepavykti patikrinti ITV ir k\u0105 reikia padaryti prie\u0161 apsilankym\u0105. Tai gali b\u016bti informacija apie padangas, \u017eibintus, vilkimo kablius ir pan. Ficha Technica pateiks did\u017ei\u0105j\u0105 dal\u012f informacijos, ta\u010diau mes \u017einome, \u012f k\u0105 atkreipia d\u0117mes\u012f technin\u0117s ap\u017ei\u016bros specialistai. Susisiekite su mumis, kad gal\u0117tume jums pateikti NEMOKAM\u0104 KOKYB\u0116S PASI\u016aLYM\u0104.<\/p>\n\n\n\n<div class=\"wp-block-buttons is-layout-flex wp-block-buttons-is-layout-flex\">\n<div class=\"wp-block-button\"><a class=\"wp-block-button__link wp-element-button\" href=\"\/\/api.whatsapp.com\/send\/?phone=34696337629&amp;text=Hi%2C+I+have+a+question+regards+ITV+in+Alicante&amp;type=phone_number&amp;app_absent=0 in Alicante\" target=\"_blank\" rel=\"noreferrer noopener\">Whatsapp mums <\/a><\/div>\n\n\n\n<div class=\"wp-block-button\"><a class=\"wp-block-button__link wp-element-button\" href=\"mailto:info@vehicleregspain.wp1.sh?subject=ITV in Alicante&amp;body=Hi regarding an ITV in Alicante\">Ra\u0161ykite mums el. pa\u0161tu<\/a><\/div>\n\n\n\n<div class=\"wp-block-button\"><a class=\"wp-block-button__link wp-element-button\" href=\"tel:+34696337629\" target=\"_blank\" rel=\"noreferrer noopener\">Skambinkite mums dabar<\/a><\/div>\n<\/div>\n\n\n\n<hr class=\"wp-block-separator has-alpha-channel-opacity\"\/>\n\n\n\n<h5 class=\"wp-block-heading\"><span class=\"ez-toc-section\" id=\"What_If_It_Fails_The_Inspection_In_Alicante\"><\/span>K\u0105 daryti, jei jis neatitinka patikrinimo Alikant\u0117je reikalavim\u0173?<span class=\"ez-toc-section-end\"><\/span><\/h5>\n\n\n\n<p>Antr\u0105j\u012f ITV \u012frengin\u012f suteikiame nemokamai. Jums nereikia mok\u0117ti ITV u\u017e pakartotin\u012f testavim\u0105 ar dar daugiau mums, kad transporto priemon\u0117 b\u016bt\u0173 i\u0161duotas leidimas po to, kai sutvarkysite tai, ko jie pra\u0161\u0117. \u0160i\u0105 paslaug\u0105 mes padedame suteikti, d\u0117l ko ji gal\u0117jo b\u016bti sugedusi, ir galime patarti, k\u0105 turite pasakyti mechanikui, kurio paslaugomis naudojat\u0117s, arba k\u0105 turite i\u0161taisyti patys.<\/p>\n\n\n\n<p>Esame savo srities specialistai. \u010cia rasite \u0161iek tiek informacijos apie m\u016bs\u0173&nbsp;<a href=\"https:\/\/vehicleregistrationscostadelsol.com\/lt\/nuotoline-transporto-priemoniu-registravimo-ispanijoje-paslauga\/\" target=\"_blank\" rel=\"noreferrer noopener\">nuotolin\u0117 paslauga<\/a>&nbsp;ir nedvejodami skambinkite, ra\u0161ykite el. pa\u0161tu arba \"WhatsApp\". Galiausiai tai, kad skaitote \u0161\u012f straipsn\u012f, rei\u0161kia, kad jums reikia pagalbos, o mes visk\u0105 sprend\u017eiame taip, kad vienintelis j\u016bs\u0173 r\u016bpestis paprastai b\u016bna susitikti nurodytu laiku ITV stotyje.<\/p>\n\n\n\n<h5 class=\"wp-block-heading\"><span class=\"ez-toc-section\" id=\"What_Will_You_Need_If_Your_Vehicle_Fails_The_ITV\"><\/span>Ko reik\u0117s, jei j\u016bs\u0173 transporto priemon\u0117 neatitinka ITV reikalavim\u0173?<span class=\"ez-toc-section-end\"><\/span><\/h5>\n\n\n\n<p>Viskas, k\u0105 jums reikia pasiimti, yra testo metu gautas lapas. ITV paprastai pasilieka pirm\u0105 kart\u0105 perduotus dokumentus. Tuomet ITV patikrins, k\u0105 padar\u0117te, ko jie tik papra\u0161\u0117. Jie NEDARYS viso testo i\u0161 naujo. Pavyzdys. Neveikia priekin\u0117 kair\u0117 padanga, u\u017ed\u0117ta nauja padanga, jie patikrins tik t\u0105 vien\u0105 padang\u0105. Akivaizdu, kad jie patikrins visk\u0105, kas buvo padaryta pirm\u0105 kart\u0105, bet viskas, kas buvo padaryta pirm\u0105 kart\u0105, pakartotinai netikrinama.<\/p>\n\n\n\n<h4 class=\"wp-block-heading\"><span class=\"ez-toc-section\" id=\"Register_A_Vehicle_In_Alicante\"><\/span>Registruoti transporto priemon\u0119 Alikant\u0117je<span class=\"ez-toc-section-end\"><\/span><\/h4>\n\n\n\n<p>Jei j\u016bs\u0173 transporto priemon\u0117 yra i\u0161 Jungtin\u0117s Karalyst\u0117s, jums gali tekti&nbsp;<a href=\"https:\/\/vehicleregistrationscostadelsol.com\/lt\/susisiekite-su\/\" target=\"_blank\" rel=\"noreferrer noopener\">kalb\u0117kite su mumis<\/a>&nbsp;d\u0117l to, ar po \"Brexit\" gal\u0117sime atsisakyti mokes\u010di\u0173 u\u017e automobil\u012f. ES transporto priemon\u0117s yra daug paprastesn\u0117s, u\u017e jas nereikia mok\u0117ti importo muit\u0173 ar IVA mokes\u010dio. Automobilio registravimas Alikant\u0117je yra lygiai toks pat, kaip ir visose kitose Ispanijos savivaldyb\u0117se, ta\u010diau susitikimai d\u0117l ITV gali b\u016bti daug greitesni, jei turite tinkamus dokumentus ir proces\u0105 prie\u0161 ir po patikros. \u010cia mes galime jums pad\u0117ti.<\/p>","protected":false},"excerpt":{"rendered":"<p>Alicante&nbsp;\/ By&nbsp;admin If you have brought or bringing your vehicle to Spain and are wishing to register a EU or UK vehicle in\u00a0Alicante\u00a0you are going to need advice on just what you need and how to do the process of getting the vehicle onto Spanish number plates. What You Will Need To Register A Vehicle [&hellip;]<\/p>\n","protected":false},"author":1,"featured_media":2673,"parent":0,"menu_order":0,"comment_status":"closed","ping_status":"closed","template":"","meta":{"site-sidebar-layout":"default","site-content-layout":"","ast-site-content-layout":"default","site-content-style":"default","site-sidebar-style":"default","ast-global-header-display":"","ast-banner-title-visibility":"","ast-main-header-display":"","ast-hfb-above-header-display":"","ast-hfb-below-header-display":"","ast-hfb-mobile-header-display":"","site-post-title":"","ast-breadcrumbs-content":"","ast-featured-img":"","footer-sml-layout":"","ast-disable-related-posts":"","theme-transparent-header-meta":"","adv-header-id-meta":"","stick-header-meta":"","header-above-stick-meta":"","header-main-stick-meta":"","header-below-stick-meta":"","astra-migrate-meta-layouts":"set","ast-page-background-enabled":"default","ast-page-background-meta":{"desktop":{"background-color":"","background-image":"","background-repeat":"repeat","background-position":"center center","background-size":"auto","background-attachment":"scroll","background-type":"","background-media":"","overlay-type":"","overlay-color":"","overlay-gradient":""},"tablet":{"background-color":"","background-image":"","background-repeat":"repeat","background-position":"center center","background-size":"auto","background-attachment":"scroll","background-type":"","background-media":"","overlay-type":"","overlay-color":"","overlay-gradient":""},"mobile":{"background-color":"","background-image":"","background-repeat":"repeat","background-position":"center center","background-size":"auto","background-attachment":"scroll","background-type":"","background-media":"","overlay-type":"","overlay-color":"","overlay-gradient":""}},"ast-content-background-meta":{"desktop":{"background-color":"var(--ast-global-color-5)","background-image":"","background-repeat":"repeat","background-position":"center center","background-size":"auto","background-attachment":"scroll","background-type":"","background-media":"","overlay-type":"","overlay-color":"","overlay-gradient":""},"tablet":{"background-color":"var(--ast-global-color-5)","background-image":"","background-repeat":"repeat","background-position":"center center","background-size":"auto","background-attachment":"scroll","background-type":"","background-media":"","overlay-type":"","overlay-color":"","overlay-gradient":""},"mobile":{"background-color":"var(--ast-global-color-5)","background-image":"","background-repeat":"repeat","background-position":"center center","background-size":"auto","background-attachment":"scroll","background-type":"","background-media":"","overlay-type":"","overlay-color":"","overlay-gradient":""}},"footnotes":""},"class_list":["post-2686","page","type-page","status-publish","has-post-thumbnail","hentry"],"_links":{"self":[{"href":"https:\/\/vehicleregistrationscostadelsol.com\/lt\/wp-json\/wp\/v2\/pages\/2686","targetHints":{"allow":["GET"]}}],"collection":[{"href":"https:\/\/vehicleregistrationscostadelsol.com\/lt\/wp-json\/wp\/v2\/pages"}],"about":[{"href":"https:\/\/vehicleregistrationscostadelsol.com\/lt\/wp-json\/wp\/v2\/types\/page"}],"author":[{"embeddable":true,"href":"https:\/\/vehicleregistrationscostadelsol.com\/lt\/wp-json\/wp\/v2\/users\/1"}],"replies":[{"embeddable":true,"href":"https:\/\/vehicleregistrationscostadelsol.com\/lt\/wp-json\/wp\/v2\/comments?post=2686"}],"version-history":[{"count":0,"href":"https:\/\/vehicleregistrationscostadelsol.com\/lt\/wp-json\/wp\/v2\/pages\/2686\/revisions"}],"wp:featuredmedia":[{"embeddable":true,"href":"https:\/\/vehicleregistrationscostadelsol.com\/lt\/wp-json\/wp\/v2\/media\/2673"}],"wp:attachment":[{"href":"https:\/\/vehicleregistrationscostadelsol.com\/lt\/wp-json\/wp\/v2\/media?parent=2686"}],"curies":[{"name":"wp","href":"https:\/\/api.w.org\/{rel}","templated":true}]}}