{"id":2713,"date":"2022-11-15T16:32:55","date_gmt":"2022-11-15T15:32:55","guid":{"rendered":"https:\/\/vehicleregistrationscostadelsol.com\/?page_id=2713"},"modified":"2026-01-10T22:46:23","modified_gmt":"2026-01-10T21:46:23","slug":"nuotolines-paslaugos-procesas","status":"publish","type":"page","link":"https:\/\/vehicleregistrationscostadelsol.com\/lt\/remote-service-process\/","title":{"rendered":"Nuotolin\u0117s paslaugos procesas"},"content":{"rendered":"<p>Sveiki atvyk\u0119 \u012f m\u016bs\u0173 nuotolinio aptarnavimo dokument\u0173 ir proces\u0173 puslap\u012f. Toliau pateikiame informacij\u0105 apie transporto priemon\u0117s registravimo Ispanijoje etapus, jei nesate netoli m\u016bs\u0173. Jei norite gauti daugiau informacijos apie tai, kaip tai vyksta, nedvejodami kreipkit\u0117s \u012f <a href=\"https:\/\/vehicleregistrationscostadelsol.com\/lt\/nuotoline-transporto-priemoniu-registravimo-ispanijoje-paslauga\/\" data-type=\"URL\" data-id=\"https:\/\/vehicleregistrationscostadelsol.com\/remote-service-for-vehicle-registration-in-spain\/\" target=\"_blank\" rel=\"noreferrer noopener\">skaityti \u010dia<\/a>.<br><\/p><div id=\"ez-toc-container\" class=\"ez-toc-v2_0_82_2 counter-hierarchy ez-toc-counter ez-toc-grey ez-toc-container-direction\">\n<div class=\"ez-toc-title-container\">\n<p class=\"ez-toc-title\" style=\"cursor:inherit\">Turinys<\/p>\n<span class=\"ez-toc-title-toggle\"><a href=\"#\" class=\"ez-toc-pull-right ez-toc-btn ez-toc-btn-xs ez-toc-btn-default ez-toc-toggle\" aria-label=\"Perjungti turinio lentel\u0119\"><span class=\"ez-toc-js-icon-con\"><span class=\"\"><span class=\"eztoc-hide\" style=\"display:none;\">Perjungti<\/span><span class=\"ez-toc-icon-toggle-span\"><svg style=\"fill: #999;color:#999\" xmlns=\"http:\/\/www.w3.org\/2000\/svg\" class=\"list-377408\" width=\"20px\" height=\"20px\" viewbox=\"0 0 24 24\" fill=\"none\"><path d=\"M6 6H4v2h2V6zm14 0H8v2h12V6zM4 11h2v2H4v-2zm16 0H8v2h12v-2zM4 16h2v2H4v-2zm16 0H8v2h12v-2z\" fill=\"currentColor\"><\/path><\/svg><svg style=\"fill: #999;color:#999\" class=\"arrow-unsorted-368013\" xmlns=\"http:\/\/www.w3.org\/2000\/svg\" width=\"10px\" height=\"10px\" viewbox=\"0 0 24 24\" version=\"1.2\" baseprofile=\"tiny\"><path d=\"M18.2 9.3l-6.2-6.3-6.2 6.3c-.2.2-.3.4-.3.7s.1.5.3.7c.2.2.4.3.7.3h11c.3 0 .5-.1.7-.3.2-.2.3-.5.3-.7s-.1-.5-.3-.7zM5.8 14.7l6.2 6.3 6.2-6.3c.2-.2.3-.5.3-.7s-.1-.5-.3-.7c-.2-.2-.4-.3-.7-.3h-11c-.3 0-.5.1-.7.3-.2.2-.3.5-.3.7s.1.5.3.7z\"\/><\/svg><\/span><\/span><\/span><\/a><\/span><\/div>\n<nav><ul class='ez-toc-list ez-toc-list-level-1 eztoc-toggle-hide-by-default' ><li class='ez-toc-page-1 ez-toc-heading-level-2'><a class=\"ez-toc-link ez-toc-heading-1\" href=\"https:\/\/vehicleregistrationscostadelsol.com\/lt\/remote-service-process\/#Stage_1_%E2%80%93_Green_Temporary_plates_if_needed_150_euros_E\" >1 etapas. - \u017daliosios laikinosios lentel\u0117s (jei reikia) 150 eur\u0173 \u20ac<\/a><ul class='ez-toc-list-level-3' ><li class='ez-toc-heading-level-3'><a class=\"ez-toc-link ez-toc-heading-2\" href=\"https:\/\/vehicleregistrationscostadelsol.com\/lt\/remote-service-process\/#Stage_2_Sending_paperwork_we_need_to_create_a_file_to_take_to_the_ITV_station\" >2 etapas. Dokument\u0173 i\u0161siuntimas, kad gal\u0117tume sukurti byl\u0105, kuri\u0105 reikia nuve\u017eti \u012f ITV stot\u012f.<\/a><\/li><li class='ez-toc-page-1 ez-toc-heading-level-3'><a class=\"ez-toc-link ez-toc-heading-3\" href=\"https:\/\/vehicleregistrationscostadelsol.com\/lt\/remote-service-process\/#Stage_3_Getting_a_Ficha_Technica_certificate_of_conformity_if_needed\" >3 etapas. Ficha Technica (atitikties sertifikato, jei reikia) gavimas<\/a><\/li><li class='ez-toc-page-1 ez-toc-heading-level-3'><a class=\"ez-toc-link ez-toc-heading-4\" href=\"https:\/\/vehicleregistrationscostadelsol.com\/lt\/remote-service-process\/#Stage_4_To_get_started_Payment\" >4 etapas: prad\u0117ti ir mok\u0117jimas:<\/a><ul class='ez-toc-list-level-4' ><li class='ez-toc-heading-level-4'><a class=\"ez-toc-link ez-toc-heading-5\" href=\"https:\/\/vehicleregistrationscostadelsol.com\/lt\/remote-service-process\/#The_importance_of_good_documents\" >Ger\u0173 dokument\u0173 svarba<\/a><\/li><\/ul><\/li><\/ul><\/li><\/ul><\/nav><\/div>\n\n\n\n\n<h2 class=\"wp-block-heading\"><span class=\"ez-toc-section\" id=\"Stage_1_%E2%80%93_Green_Temporary_plates_if_needed_150_euros_E\"><\/span>1 etapas. - \u017daliosios laikinosios lentel\u0117s (jei reikia) 150 eur\u0173 \u20ac<span class=\"ez-toc-section-end\"><\/span><\/h2>\n\n\n\n<p>Jei j\u016bs\u0173 transporto priemon\u0117 Ispanijoje n\u0117ra teis\u0117tai vairuojama, jums reik\u0117s \u017eali\u0173 numerio \u017eenkl\u0173, kurie suteiks jums 60 dien\u0173, per kurias gal\u0117site teis\u0117tai vairuoti transporto priemon\u0119 Ispanijoje, o mes atliksime matric\u0105 u\u017e jus (transporto priemon\u0117 turi b\u016bti apdrausta laikinaisiais numerio \u017eenklais - jei reikia, galime pad\u0117ti pateikti nemokam\u0105 pasi\u016blym\u0105). <strong>PRA\u0160OME ATSI\u017dVELGTI \u012e PLOK\u0160TELIUS APY\u010cIUS 2 savaites<\/strong> be greitojo mokymo galimyb\u0117s. Kopijos <strong>Turi b\u016bti geros nuskenuotos kopijos.<\/strong> nes DGT atsisakys tvarkyti blogas kopijas.<strong> TAIP PAT ATKREIPKITE D\u0116MES\u012e, KAD NEGALIME GAUTI \u017dALI\u0172J\u0172 NUMERI\u0172 TRANSPORTO PRIEMON\u0116MS, KURI\u0172 NEREGISTRUOJAME.<\/strong>.<br><\/p>\n\n\n\n<ul class=\"wp-block-list\">\n<li>Mums reikia <strong>Transporto priemon\u0117s registracijos dokument\u0173 ORIGINALAS<\/strong>: JK (V5) arba 1 ir 2 dalis ES transporto priemon\u0117ms Susisiekite su mumis ir mes atsi\u0173sime jums adres\u0105. Si\u0173skite tik per kurjer\u012f (jei reikia, galime j\u012f par\u016bpinti). <\/li>\n\n\n\n<li>POA - adreso \u012frodymas -  <strong>TIK 1<\/strong> i\u0161 \u0161i\u0173 3 reikaling\u0173: Nekilnojamojo turto aktai (skenuoti), arba, 3.<\/li>\n\n\n\n<li>Paso nuotrauka ir para\u0161o puslapis (su visais keturiais kampais)<\/li>\n\n\n\n<li>NIE arba TIE kortel\u0117 atgal ir priekyje. <\/li>\n<\/ul>\n\n\n\n<p>Juos galite si\u0173sti spustel\u0117j\u0119 toliau esan\u010dius mygtukus. Priimame \"WhatsApp\" ir el. pa\u0161tu, ta\u010diau nurodykite savo vard\u0105, pavard\u0119 ir transporto priemon\u0119. Taip pat atsi\u0173sime mok\u0117jimo instrukcij\u0105, kad gal\u0117tum\u0117te prad\u0117ti. <\/p>\n\n\n\n<div class=\"wp-block-buttons is-layout-flex wp-block-buttons-is-layout-flex\">\n<div class=\"wp-block-button\"><a class=\"wp-block-button__link wp-element-button\" href=\"https:\/\/api.whatsapp.com\/send?phone=34696337629&amp;text=Hi%20regarding%20the%20green%20plates%20paperwork%20for%20the%20remote%20service.%20\" target=\"_blank\" rel=\"noreferrer noopener\">Whatsapp mums <\/a><\/div>\n\n\n\n<div class=\"wp-block-button\"><a class=\"wp-block-button__link wp-element-button\" href=\"mailto:info@vehicleregspain.wp1.sh?subject=Green plates paperwork&amp;body=Hi regarding paperwork for green plates.....\" target=\"_blank\" rel=\"noreferrer noopener\">Ra\u0161ykite mums el. pa\u0161tu<\/a><\/div>\n<\/div>\n\n\n\n<div style=\"height:27px\" aria-hidden=\"true\" class=\"wp-block-spacer\"><\/div>\n\n\n\n<h3 class=\"wp-block-heading\"><span class=\"ez-toc-section\" id=\"Stage_2_Sending_paperwork_we_need_to_create_a_file_to_take_to_the_ITV_station\"><\/span>2 etapas. Dokument\u0173 i\u0161siuntimas, kad gal\u0117tume sukurti byl\u0105, kuri\u0105 reikia nuve\u017eti \u012f ITV stot\u012f. <span class=\"ez-toc-section-end\"><\/span><\/h3>\n\n\n\n<p>Dokumentus turime sud\u0117ti \u012f byl\u0105 su lydra\u0161\u010diu, kur\u012f tur\u0117site nune\u0161ti \u012f artimiausi\u0105 ITV stot\u012f. Pad\u0117sime jums paskambinti prie\u0161 ITV, k\u0105 tiksliai tik\u0117tis ITV stotyje. Kaip perve\u017eti automobil\u012f ir k\u0105 daryti su dokumentais prie\u0161 ir po to. Taip pat suteiksime informacijos, k\u0105 patikrinti prie\u0161 ITV, kad automobilis tur\u0117t\u0173 geriausi\u0105 s\u0117km\u0117s galimyb\u0119. Pateiksime jums vis\u0105 byl\u0105, k\u0105 pasiimti, kad nekilt\u0173 nesusipratim\u0173 su ITV. <\/p>\n\n\n\n<ul class=\"wp-block-list\">\n<li>Geros skenuotos JK transporto priemon\u0117s registracijos dokument\u0173 (V5 ) arba ES dokument\u0173 1 ir 2 dali\u0173 kopijos. <\/li>\n\n\n\n<li>POA - adreso \u012frodymas -  <strong>TIK 1<\/strong> i\u0161 \u0161i\u0173 3 reikaling\u0173: Nekilnojamojo turto aktai (skenuoti), arba, 3.<\/li>\n\n\n\n<li>Paso nuotraukos puslapis (su visais keturiais kampais)<\/li>\n\n\n\n<li>NIE arba TIE kortel\u0117 atgal ir priekyje. <\/li>\n<\/ul>\n\n\n\n<div style=\"height:27px\" aria-hidden=\"true\" class=\"wp-block-spacer\"><\/div>\n\n\n\n<div class=\"wp-block-buttons is-layout-flex wp-block-buttons-is-layout-flex\">\n<div class=\"wp-block-button\"><a class=\"wp-block-button__link wp-element-button\" href=\"https:\/\/api.whatsapp.com\/send?phone=34696337629&amp;text=Hi%20%2C%20regarding%20the%20ITV%20info%20for%20the%20remote%20service.%20\" target=\"_blank\" rel=\"noreferrer noopener\">Whatsapp mums <\/a><\/div>\n\n\n\n<div class=\"wp-block-button\"><a class=\"wp-block-button__link wp-element-button\" href=\"mailto:info@vehicleregspain.wp1.sh?subject=Regarding%20paperwork%20for%20the%20green%20plates&amp;body=We%20will%20send%20you%20the%20address%20to%20courier%20the%20paperwork%20to%20by%20return%20email%3A%20Please%20remember%20to%20state%20your%20name%20here%20please%20and%20attached%20paperwork........%0D%0A%0D%0AOriginal%20vehicle%20registration%20documents%20UK%20(V5%20)%20or%2C%20parts%201%20and%202%20for%20EU%20documents.%0D%0A%0D%0APOA%20-%20Proof%20of%20address%20-%20ONLY%201%20of%20the%20following%203%20needed%3A%201.Padron%20(dated%20in%20the%20last%203%20months)%202.Property%20deeds%20in%20full%20(scanned)%2C%20or%2C%203.%20an%20in%20date%20signed%20rental%20contract%0D%0A%0D%0APassport%20picture%20page%20(with%20all%20four%20corners%20in)%0D%0A%0D%0ANIE%20or%20TIE%20card%20back%20and%20front.\" target=\"_blank\" rel=\"noreferrer noopener\">Ra\u0161ykite mums el. pa\u0161tu<\/a><\/div>\n<\/div>\n\n\n\n<div style=\"height:27px\" aria-hidden=\"true\" class=\"wp-block-spacer\"><\/div>\n\n\n\n<h3 class=\"wp-block-heading\"><span class=\"ez-toc-section\" id=\"Stage_3_Getting_a_Ficha_Technica_certificate_of_conformity_if_needed\"><\/span>3 etapas. Ficha Technica (atitikties sertifikato, jei reikia) gavimas<span class=\"ez-toc-section-end\"><\/span><\/h3>\n\n\n\n<p>Galime atlikti kelet\u0105 veiksm\u0173: pirmiausia galite atsi\u0173sti mums transporto priemon\u0117s nuotraukas, o mes jums pateiksime visi\u0161kai teis\u0117t\u0105 atitikties sertifikat\u0105, kur\u012f pasira\u0161ys \u012fgaliotasis atstovas. Arba galime pateikti greit\u0105 atsarg\u0173 atitikties sertifikat\u0105, kur\u012f, jei po ITV reik\u0117s atnaujinti koki\u0105 nors informacij\u0105, gal\u0117sime pateikti tiesiogiai. Pirmasis variantas yra daug paprastesnis, ta\u010diau, kad transporto priemon\u0117 b\u016bt\u0173 patvirtinta ITV, J\u016aS TUR\u0116SITE FICHA TECHICA. Be jos ITV stotyje transporto priemon\u0117 negali b\u016bti tikrinama. J\u016bs\u0173 transporto priemon\u0117 jau gali tur\u0117ti atitikties sertifikat\u0105, ta\u010diau priimami tik ORIGINALAI. Kopij\u0173 ITV stotis nepriima. <\/p>\n\n\n\n<p><strong>Jei jau sumok\u0117jote u\u017estat\u0105, susitarsime su jumis ir agentas su jumis susisieks tiesiogiai. Mums to prireiks, kai atvyks \u017ealiosios lentel\u0117s, jei jums j\u0173 reikia, kad sutaupytum\u0117te laiko ITV paskyrimui. <\/strong><\/p>\n\n\n\n<h3 class=\"wp-block-heading\"><span class=\"ez-toc-section\" id=\"Stage_4_To_get_started_Payment\"><\/span>4 etapas: prad\u0117ti ir mok\u0117jimas:<span class=\"ez-toc-section-end\"><\/span><\/h3>\n\n\n\n<p>Tikim\u0117s, kad dabar pateik\u0117me nemokam\u0105 transporto priemon\u0117s registracijos Ispanijoje kainos pasi\u016blym\u0105. Jei esate pasiruo\u0161\u0119 t\u0119sti nuotolin\u0119 paslaug\u0105, mums reikia sumok\u0117ti 700 eur\u0173 u\u017estat\u0105, kad gal\u0117tume prad\u0117ti proces\u0105 (plius 150 eur\u0173, jei reikia \u017eali\u0173 numeri\u0173), susisiekite su mumis, kad gautum\u0117te banko pavedimo duomenis ir atsi\u0173skite pavedimo kopij\u0105, kad gal\u0117tume prad\u0117ti proces\u0105 i\u0161 karto, dar prie\u0161 sumokant u\u017estat\u0105. <\/p>\n\n\n\n<div class=\"wp-block-buttons is-layout-flex wp-block-buttons-is-layout-flex\">\n<div class=\"wp-block-button\"><a class=\"wp-block-button__link wp-element-button\" href=\"https:\/\/api.whatsapp.com\/send?phone=34696337629&amp;text=Please%20WhatsApp%20me%20the%20payment%20details%20for%20the%20remote%20service%20......\" target=\"_blank\" rel=\"noreferrer noopener\">Whatsapp man mok\u0117jimo informacij\u0105<\/a><\/div>\n\n\n\n<div class=\"wp-block-button\"><a class=\"wp-block-button__link wp-element-button\" href=\"mailto:info@vehicleregspain.wp1.sh?subject=Please%20send%20us%20the%20bank%20details%20to%20pay%20for%20the%20remote%20service&amp;body=Please%20state%20your%20name%20here%20.....%0D%0A%0D%0AWe%20will%20then%20send%20by%20return%20email%20to%20payment%20details%20to%20get%20started...%0D%0A%0D%0A700%20euros%20to%20start%20the%20process%2C%20or%2C%20850%20euros%20if%20green%20plates%20are%20needed.\" target=\"_blank\" rel=\"noreferrer noopener\">Atsi\u0173skite man mok\u0117jimo informacij\u0105 el. pa\u0161tu<\/a><\/div>\n<\/div>\n\n\n\n<div style=\"height:27px\" aria-hidden=\"true\" class=\"wp-block-spacer\"><\/div>\n\n\n\n<h4 class=\"wp-block-heading\"><span class=\"ez-toc-section\" id=\"The_importance_of_good_documents\"><\/span>Ger\u0173 dokument\u0173 svarba<span class=\"ez-toc-section-end\"><\/span><\/h4>\n\n\n\n<p>DGT, mokes\u010di\u0173 inspekcija, savivaldyb\u0117 ir ITV stotys tikisi ger\u0173 skenuot\u0173 dokument\u0173 kopij\u0173. Jei kopijos n\u0117ra geros, nupjauti kampai, informacija u\u017etu\u0161uota, padidinus ne\u012fmanoma \u012fskaityti, padarytos kampu ir t. t., paprastai jos visada gr\u0105\u017eina dokumentus su atmetimo el. lai\u0161ku, kuriame nurodoma, kad dokument\u0173 nepriima, ir taip sugai\u0161tama daug laiko. \u0160is el. lai\u0161kas kartais gali u\u017etrukti iki 1 savait\u0117s, kol jie mums prane\u0161a, kad m\u016bs\u0173 atsi\u0173sti dokumentai j\u0173 netenkina. Privalome si\u0173sti geras kopijas. Jei turite sunkum\u0173 ir neturite skenerio, tuomet nufotografuokite tiesiai i\u0161 vir\u0161aus visus keturis kampus ir \"WhatsApp\" arba el. pa\u0161tu atsi\u0173skite mums dokumentus, ir mes gal\u0117sime pabandyti pad\u0117ti juos padaryti priimtinus. Geros kopijos pavyzdys pateiktas toliau. <\/p>\n\n\n\n<figure class=\"wp-block-image size-large\"><img fetchpriority=\"high\" decoding=\"async\" width=\"497\" height=\"1024\" src=\"https:\/\/vehicleregistrationscostadelsol.com\/wp-content\/uploads\/2022\/11\/dutch_kentekenbewijs-745x1536-1-497x1024.webp\" alt=\"Automobili\u0173 registracija Kosta del Sol\" class=\"wp-image-2735\" title=\"U\u017eregistruokite savo automobil\u012f Ispanijoje\" srcset=\"https:\/\/vehicleregistrationscostadelsol.com\/wp-content\/uploads\/2022\/11\/dutch_kentekenbewijs-745x1536-1-497x1024.webp 497w, https:\/\/vehicleregistrationscostadelsol.com\/wp-content\/uploads\/2022\/11\/dutch_kentekenbewijs-745x1536-1-146x300.webp 146w, https:\/\/vehicleregistrationscostadelsol.com\/wp-content\/uploads\/2022\/11\/dutch_kentekenbewijs-745x1536-1-6x12.webp 6w, https:\/\/vehicleregistrationscostadelsol.com\/wp-content\/uploads\/2022\/11\/dutch_kentekenbewijs-745x1536-1.webp 745w\" sizes=\"(max-width: 497px) 100vw, 497px\" \/><figcaption class=\"wp-element-caption\">Gerai nuskaityt\u0173 dokument\u0173 pavyzdys. Geros nuotraukos su visais 4 kampais tur\u0117t\u0173 b\u016bti geros. <\/figcaption><\/figure>","protected":false},"excerpt":{"rendered":"<p>Welcome to our remote service paperwork and process page. Below is a walk through of the stages to get your vehicle registered in Spain if you are not close to us. For more info on how that works feel free to read here. Stage 1. &#8211; Green Temporary plates (if needed) 150 euros \u20ac If [&hellip;]<\/p>\n","protected":false},"author":1,"featured_media":0,"parent":0,"menu_order":0,"comment_status":"closed","ping_status":"closed","template":"","meta":{"site-sidebar-layout":"default","site-content-layout":"","ast-site-content-layout":"default","site-content-style":"default","site-sidebar-style":"default","ast-global-header-display":"","ast-banner-title-visibility":"","ast-main-header-display":"","ast-hfb-above-header-display":"","ast-hfb-below-header-display":"","ast-hfb-mobile-header-display":"","site-post-title":"","ast-breadcrumbs-content":"","ast-featured-img":"","footer-sml-layout":"","ast-disable-related-posts":"","theme-transparent-header-meta":"","adv-header-id-meta":"","stick-header-meta":"","header-above-stick-meta":"","header-main-stick-meta":"","header-below-stick-meta":"","astra-migrate-meta-layouts":"set","ast-page-background-enabled":"default","ast-page-background-meta":{"desktop":{"background-color":"","background-image":"","background-repeat":"repeat","background-position":"center center","background-size":"auto","background-attachment":"scroll","background-type":"","background-media":"","overlay-type":"","overlay-color":"","overlay-opacity":"","overlay-gradient":""},"tablet":{"background-color":"","background-image":"","background-repeat":"repeat","background-position":"center center","background-size":"auto","background-attachment":"scroll","background-type":"","background-media":"","overlay-type":"","overlay-color":"","overlay-opacity":"","overlay-gradient":""},"mobile":{"background-color":"","background-image":"","background-repeat":"repeat","background-position":"center center","background-size":"auto","background-attachment":"scroll","background-type":"","background-media":"","overlay-type":"","overlay-color":"","overlay-opacity":"","overlay-gradient":""}},"ast-content-background-meta":{"desktop":{"background-color":"var(--ast-global-color-5)","background-image":"","background-repeat":"repeat","background-position":"center center","background-size":"auto","background-attachment":"scroll","background-type":"","background-media":"","overlay-type":"","overlay-color":"","overlay-opacity":"","overlay-gradient":""},"tablet":{"background-color":"var(--ast-global-color-5)","background-image":"","background-repeat":"repeat","background-position":"center center","background-size":"auto","background-attachment":"scroll","background-type":"","background-media":"","overlay-type":"","overlay-color":"","overlay-opacity":"","overlay-gradient":""},"mobile":{"background-color":"var(--ast-global-color-5)","background-image":"","background-repeat":"repeat","background-position":"center center","background-size":"auto","background-attachment":"scroll","background-type":"","background-media":"","overlay-type":"","overlay-color":"","overlay-opacity":"","overlay-gradient":""}},"footnotes":""},"class_list":["post-2713","page","type-page","status-publish","hentry"],"_links":{"self":[{"href":"https:\/\/vehicleregistrationscostadelsol.com\/lt\/wp-json\/wp\/v2\/pages\/2713","targetHints":{"allow":["GET"]}}],"collection":[{"href":"https:\/\/vehicleregistrationscostadelsol.com\/lt\/wp-json\/wp\/v2\/pages"}],"about":[{"href":"https:\/\/vehicleregistrationscostadelsol.com\/lt\/wp-json\/wp\/v2\/types\/page"}],"author":[{"embeddable":true,"href":"https:\/\/vehicleregistrationscostadelsol.com\/lt\/wp-json\/wp\/v2\/users\/1"}],"replies":[{"embeddable":true,"href":"https:\/\/vehicleregistrationscostadelsol.com\/lt\/wp-json\/wp\/v2\/comments?post=2713"}],"version-history":[{"count":1,"href":"https:\/\/vehicleregistrationscostadelsol.com\/lt\/wp-json\/wp\/v2\/pages\/2713\/revisions"}],"predecessor-version":[{"id":3386,"href":"https:\/\/vehicleregistrationscostadelsol.com\/lt\/wp-json\/wp\/v2\/pages\/2713\/revisions\/3386"}],"wp:attachment":[{"href":"https:\/\/vehicleregistrationscostadelsol.com\/lt\/wp-json\/wp\/v2\/media?parent=2713"}],"curies":[{"name":"wp","href":"https:\/\/api.w.org\/{rel}","templated":true}]}}