{"id":2744,"date":"2022-11-15T18:00:01","date_gmt":"2022-11-15T17:00:01","guid":{"rendered":"https:\/\/vehicleregistrationscostadelsol.com\/?page_id=2744"},"modified":"2025-07-02T22:18:15","modified_gmt":"2025-07-02T20:18:15","slug":"ficha-technica-arba-atitikties-sertifikato-gavimas-ispanijoje","status":"publish","type":"page","link":"https:\/\/vehicleregistrationscostadelsol.com\/lt\/getting-a-ficha-technica-or-a-certificate-of-conformity-in-spain\/","title":{"rendered":"Ficha Technica arba atitikties sertifikato gavimas Ispanijoje"},"content":{"rendered":"<p>Gauti \"Ficha Technica\" arba atitikties sertifikat\u0105 Ispanijoje gana paprasta. Atitikties sertifikatas naudojamas pateikti ITV, jame pateikiama informacija apie transporto priemon\u0117s specifikacij\u0105, kad b\u016bt\u0173 galima patikrinti, ar ji atitinka Ispanijoje galiojan\u010dius \u012fstatymus, susijusius su tuo, kas laikoma europine atitiktimi.<\/p><div id=\"ez-toc-container\" class=\"ez-toc-v2_0_82_2 counter-hierarchy ez-toc-counter ez-toc-grey ez-toc-container-direction\">\n<div class=\"ez-toc-title-container\">\n<p class=\"ez-toc-title\" style=\"cursor:inherit\">Turinys<\/p>\n<span class=\"ez-toc-title-toggle\"><a href=\"#\" class=\"ez-toc-pull-right ez-toc-btn ez-toc-btn-xs ez-toc-btn-default ez-toc-toggle\" aria-label=\"Perjungti turinio lentel\u0119\"><span class=\"ez-toc-js-icon-con\"><span class=\"\"><span class=\"eztoc-hide\" style=\"display:none;\">Perjungti<\/span><span class=\"ez-toc-icon-toggle-span\"><svg style=\"fill: #999;color:#999\" xmlns=\"http:\/\/www.w3.org\/2000\/svg\" class=\"list-377408\" width=\"20px\" height=\"20px\" viewbox=\"0 0 24 24\" fill=\"none\"><path d=\"M6 6H4v2h2V6zm14 0H8v2h12V6zM4 11h2v2H4v-2zm16 0H8v2h12v-2zM4 16h2v2H4v-2zm16 0H8v2h12v-2z\" fill=\"currentColor\"><\/path><\/svg><svg style=\"fill: #999;color:#999\" class=\"arrow-unsorted-368013\" xmlns=\"http:\/\/www.w3.org\/2000\/svg\" width=\"10px\" height=\"10px\" viewbox=\"0 0 24 24\" version=\"1.2\" baseprofile=\"tiny\"><path d=\"M18.2 9.3l-6.2-6.3-6.2 6.3c-.2.2-.3.4-.3.7s.1.5.3.7c.2.2.4.3.7.3h11c.3 0 .5-.1.7-.3.2-.2.3-.5.3-.7s-.1-.5-.3-.7zM5.8 14.7l6.2 6.3 6.2-6.3c.2-.2.3-.5.3-.7s-.1-.5-.3-.7c-.2-.2-.4-.3-.7-.3h-11c-.3 0-.5.1-.7.3-.2.2-.3.5-.3.7s.1.5.3.7z\"\/><\/svg><\/span><\/span><\/span><\/a><\/span><\/div>\n<nav><ul class='ez-toc-list ez-toc-list-level-1' ><li class='ez-toc-page-1 ez-toc-heading-level-2'><a class=\"ez-toc-link ez-toc-heading-1\" href=\"https:\/\/vehicleregistrationscostadelsol.com\/lt\/getting-a-ficha-technica-or-a-certificate-of-conformity-in-spain\/#Order_a_Certificate_of_Conformity_online_for_Spain\" >U\u017esisakykite Ispanijos atitikties sertifikat\u0105 internetu<\/a><\/li><li class='ez-toc-page-1 ez-toc-heading-level-2'><a class=\"ez-toc-link ez-toc-heading-2\" href=\"https:\/\/vehicleregistrationscostadelsol.com\/lt\/getting-a-ficha-technica-or-a-certificate-of-conformity-in-spain\/#Is_a_copy_of_a_Ficha_Technica_Certificate_of_Conformity_acceptable\" >Ar priimtina \"Ficha Technica\" atitikties sertifikato kopija?<\/a><ul class='ez-toc-list-level-3' ><li class='ez-toc-heading-level-3'><a class=\"ez-toc-link ez-toc-heading-3\" href=\"https:\/\/vehicleregistrationscostadelsol.com\/lt\/getting-a-ficha-technica-or-a-certificate-of-conformity-in-spain\/#Can_you_help_with_the_whole_service\" >Ar galite pad\u0117ti su visa paslauga?<\/a><\/li><li class='ez-toc-page-1 ez-toc-heading-level-3'><a class=\"ez-toc-link ez-toc-heading-4\" href=\"https:\/\/vehicleregistrationscostadelsol.com\/lt\/getting-a-ficha-technica-or-a-certificate-of-conformity-in-spain\/#What_Information_is_in_a_certificate_of_conformity\" >Kokia informacija pateikiama atitikties sertifikate?<\/a><\/li><\/ul><\/li><\/ul><\/nav><\/div>\n\n\n\n\n<p>\u0160iuos \"Ficha Technica\" atitikties sertifikatus teikiame transporto priemon\u0117ms visoje Ispanijoje. \u017dinoma, padedame atlikti vis\u0105 proces\u0105, bet jei jums reikia atitikties sertifikato ir j\u016bs patys tvarkot\u0117s su procesu, susisiekite su mumis ir mes pateiksime ITV sertifikat\u0105. <\/p>\n\n\n\n<div class=\"inherit-container-width wp-block-group is-layout-constrained wp-block-group-is-layout-constrained\"><div class=\"wp-block-group__inner-container\">\n<div class=\"wp-block-buttons is-layout-flex wp-block-buttons-is-layout-flex\">\n<div class=\"wp-block-button\"><a class=\"wp-block-button__link wp-element-button\" href=\"https:\/\/wa.me\/34696337629?text=Hi%2C%20I%20have%20a%20question%20regards%20Ficha%20Technica%20Certificate%20of%20Conformity.\" target=\"_blank\" rel=\"noreferrer noopener\">Whatsapp mums<\/a><\/div>\n\n\n\n<div class=\"wp-block-button\"><a class=\"wp-block-button__link wp-element-button\" href=\"mailto:darren@equitas-property.com?subject=Hi%20Regards%20a%20Ficha%20Technica%20Certificate%20of%20conformity%20&amp;body=Hi%20Vehicle%20registrations%2C%20%0D%0A%0D%0A\">Ra\u0161ykite mums el. pa\u0161tu <\/a><\/div>\n\n\n\n<div class=\"wp-block-button\"><a class=\"wp-block-button__link wp-element-button\" href=\"tel:+34696337629\" target=\"_blank\" rel=\"noreferrer noopener\">Skambinkite mums <\/a><\/div>\n<\/div>\n<\/div><\/div>\n\n\n\n<div style=\"height:25px\" aria-hidden=\"true\" class=\"wp-block-spacer\"><\/div>\n\n\n\n<h2 class=\"wp-block-heading\"><span class=\"ez-toc-section\" id=\"Order_a_Certificate_of_Conformity_online_for_Spain\"><\/span>U\u017esisakykite Ispanijos atitikties sertifikat\u0105 internetu<span class=\"ez-toc-section-end\"><\/span><\/h2>\n\n\n\n<p>Atitikties sertifikat\u0105 Ispanijoje galime i\u0161duoti internetu i\u0161 bet kurios Ispanijos vietos. \u012esitikinkite, kad turite sertifikuoto specialisto pasira\u0161yt\u0105 tinkam\u0105 \"Ficha Technica\". Viskas bus pateikta, kad gal\u0117tum\u0117te pasiimti tinkam\u0105 ispani\u0161k\u0105 atitikties sertifikat\u0105 ir nuvykti \u012f ITV susitikim\u0105.<\/p>\n\n\n\n<p>Atitikties sertifikat\u0105 galime i\u0161si\u0173sti skaitmeniniu b\u016bdu arba registruotu pa\u0161tu. J\u012f galite pasiimti \u012f ITV susitikim\u0105. Dar kart\u0105, jei jums reikia pagalbos <a href=\"https:\/\/vehicleregistrationscostadelsol.com\/lt\/\" target=\"_blank\" rel=\"noreferrer noopener\">visas procesas nuo prad\u017eios iki pabaigos<\/a>, reikia tik pa\u017eym\u0117jimo arba norite, kad mes pasir\u016bpintume galutiniu transporto priemon\u0117s \u012fregistravimu, mes galime suteikti visas \u0161ias paslaugas. <\/p>\n\n\n\n<h2 class=\"wp-block-heading\"><span class=\"ez-toc-section\" id=\"Is_a_copy_of_a_Ficha_Technica_Certificate_of_Conformity_acceptable\"><\/span>Ar priimtina \"Ficha Technica\" atitikties sertifikato kopija?<span class=\"ez-toc-section-end\"><\/span><\/h2>\n\n\n\n<p>Ne daugumoje ITV sto\u010di\u0173 ne. Dauguma j\u0173 turi b\u016bti atliktos sertifikuoto specialisto ir fizi\u0161kai pasira\u0161ytos, kad ITV pripa\u017eint\u0173 sertifikat\u0105. Daugumoje ITV sto\u010di\u0173 priimamas tik transporto priemon\u0117s pardavimo vietoje i\u0161duotas sertifikatas. <\/p>\n\n\n\n<h3 class=\"wp-block-heading\"><span class=\"ez-toc-section\" id=\"Can_you_help_with_the_whole_service\"><\/span>Ar galite pad\u0117ti su visa paslauga?<span class=\"ez-toc-section-end\"><\/span><\/h3>\n\n\n\n<p>Galime pasi\u016blyti <a href=\"https:\/\/vehicleregistrationscostadelsol.com\/lt\/nuotoline-transporto-priemoniu-registravimo-ispanijoje-paslauga\/\">nuotolin\u0117 paslauga <\/a>taip. \u0160iuo atveju mes neturime fizin\u0117s prieigos prie transporto priemon\u0117s arba negalime dalyvauti <a href=\"https:\/\/www.applusiteuve.com\/es-es\/estaciones-itv\/itv-comunidad-valenciana\/itv-alicante\/\" data-type=\"URL\" data-id=\"https:\/\/www.applusiteuve.com\/es-es\/estaciones-itv\/itv-comunidad-valenciana\/itv-alicante\/\" target=\"_blank\" rel=\"noreferrer noopener\">ITV<\/a> su jumis.  Ta\u010diau perskaitykite m\u016bs\u0173 straipsn\u012f apie tai, kaip mes padedame ir kad paslauga yra beveik tokia pati. M\u016bs\u0173 paslaugos, kiek mums \u017einoma, yra i\u0161samiausios Ispanijoje. Mes taip pat pad\u0117sime jums u\u017esakyti ITV, pateiksime visus dokumentus ir pasir\u016bpinsime registracija, mokes\u010diais ir keli\u0173 mokes\u010diais.<\/p>\n\n\n\n<div class=\"wp-block-buttons is-layout-flex wp-block-buttons-is-layout-flex\">\n<div class=\"wp-block-button\"><a class=\"wp-block-button__link wp-element-button\" href=\"https:\/\/wa.me\/34696337629?text=Hi%2C%20I%20have%20a%20question%20regards%20Ficha%20Technica%20Certificate%20of%20Conformity.\" target=\"_blank\" rel=\"noreferrer noopener\">Whatsapp mums<\/a><\/div>\n\n\n\n<div class=\"wp-block-button\"><a class=\"wp-block-button__link wp-element-button\" href=\"mailto:darren@equitas-property.com?subject=Hi%20Regards%20a%20Ficha%20Technica%20Certificate%20of%20conformity%20&amp;body=Hi%20Vehicle%20registrations%2C%20%0D%0A%0D%0A\" target=\"_blank\" rel=\"noreferrer noopener\">Ra\u0161ykite mums el. pa\u0161tu <\/a><\/div>\n\n\n\n<div class=\"wp-block-button\"><a class=\"wp-block-button__link wp-element-button\" href=\"tel:+34696337629\" target=\"_blank\" rel=\"noreferrer noopener\">Skambinkite mums <\/a><\/div>\n<\/div>\n\n\n\n<div style=\"height:27px\" aria-hidden=\"true\" class=\"wp-block-spacer\"><\/div>\n\n\n\n<h3 class=\"wp-block-heading\"><span class=\"ez-toc-section\" id=\"What_Information_is_in_a_certificate_of_conformity\"><\/span>Kokia informacija pateikiama atitikties sertifikate?<span class=\"ez-toc-section-end\"><\/span><\/h3>\n\n\n\n<p>Originalios transporto priemon\u0117s specifikacija ir tai, kaip ji buvo i\u0161ve\u017eta i\u0161 gamintojo gamyklos grind\u0173, kai buvo nauja.  ITV stotyje tur\u0117site problem\u0173 su viskuo, kas n\u0117ra standartin\u0117. Ispanijoje galioja grie\u017etas atitikties procesas, taikomas transporto priemon\u0117ms, norin\u010dioms b\u016bti registruotoms ispani\u0161kais numeriais. Pasira\u0161yt\u0105 atitikties sertifikat\u0105 parengs \u012fgaliotasis atstovas, ir ITV stotyje nekils joki\u0173 problem\u0173. Jame bus pateikta visa informacija, susijusi su standartiniu atitikties originalu. Palikite sunk\u0173 darb\u0105 mums ir nepamir\u0161kite, kad mes taip pat galime jums pad\u0117ti atlikti vis\u0105 paslaug\u0105 bet kurioje \u0161alies vietoje. <\/p>\n\n\n\n<p><\/p>","protected":false},"excerpt":{"rendered":"<p>Getting a Ficha Technica or a certificate of conformity in Spain is pretty simple. A certificate of conformity is used to present to the ITV and contains the information of the specification of the vehicle to check against the laws in Spain regarding what is considered European conformity. We provide these Ficha Technica Certificate of [&hellip;]<\/p>\n","protected":false},"author":1,"featured_media":2756,"parent":0,"menu_order":0,"comment_status":"closed","ping_status":"closed","template":"","meta":{"site-sidebar-layout":"default","site-content-layout":"","ast-site-content-layout":"default","site-content-style":"default","site-sidebar-style":"default","ast-global-header-display":"","ast-banner-title-visibility":"","ast-main-header-display":"","ast-hfb-above-header-display":"","ast-hfb-below-header-display":"","ast-hfb-mobile-header-display":"","site-post-title":"","ast-breadcrumbs-content":"","ast-featured-img":"","footer-sml-layout":"","ast-disable-related-posts":"","theme-transparent-header-meta":"","adv-header-id-meta":"","stick-header-meta":"","header-above-stick-meta":"","header-main-stick-meta":"","header-below-stick-meta":"","astra-migrate-meta-layouts":"set","ast-page-background-enabled":"default","ast-page-background-meta":{"desktop":{"background-color":"","background-image":"","background-repeat":"repeat","background-position":"center center","background-size":"auto","background-attachment":"scroll","background-type":"","background-media":"","overlay-type":"","overlay-color":"","overlay-gradient":""},"tablet":{"background-color":"","background-image":"","background-repeat":"repeat","background-position":"center center","background-size":"auto","background-attachment":"scroll","background-type":"","background-media":"","overlay-type":"","overlay-color":"","overlay-gradient":""},"mobile":{"background-color":"","background-image":"","background-repeat":"repeat","background-position":"center center","background-size":"auto","background-attachment":"scroll","background-type":"","background-media":"","overlay-type":"","overlay-color":"","overlay-gradient":""}},"ast-content-background-meta":{"desktop":{"background-color":"var(--ast-global-color-5)","background-image":"","background-repeat":"repeat","background-position":"center center","background-size":"auto","background-attachment":"scroll","background-type":"","background-media":"","overlay-type":"","overlay-color":"","overlay-gradient":""},"tablet":{"background-color":"var(--ast-global-color-5)","background-image":"","background-repeat":"repeat","background-position":"center center","background-size":"auto","background-attachment":"scroll","background-type":"","background-media":"","overlay-type":"","overlay-color":"","overlay-gradient":""},"mobile":{"background-color":"var(--ast-global-color-5)","background-image":"","background-repeat":"repeat","background-position":"center center","background-size":"auto","background-attachment":"scroll","background-type":"","background-media":"","overlay-type":"","overlay-color":"","overlay-gradient":""}},"footnotes":""},"class_list":["post-2744","page","type-page","status-publish","has-post-thumbnail","hentry"],"_links":{"self":[{"href":"https:\/\/vehicleregistrationscostadelsol.com\/lt\/wp-json\/wp\/v2\/pages\/2744","targetHints":{"allow":["GET"]}}],"collection":[{"href":"https:\/\/vehicleregistrationscostadelsol.com\/lt\/wp-json\/wp\/v2\/pages"}],"about":[{"href":"https:\/\/vehicleregistrationscostadelsol.com\/lt\/wp-json\/wp\/v2\/types\/page"}],"author":[{"embeddable":true,"href":"https:\/\/vehicleregistrationscostadelsol.com\/lt\/wp-json\/wp\/v2\/users\/1"}],"replies":[{"embeddable":true,"href":"https:\/\/vehicleregistrationscostadelsol.com\/lt\/wp-json\/wp\/v2\/comments?post=2744"}],"version-history":[{"count":0,"href":"https:\/\/vehicleregistrationscostadelsol.com\/lt\/wp-json\/wp\/v2\/pages\/2744\/revisions"}],"wp:featuredmedia":[{"embeddable":true,"href":"https:\/\/vehicleregistrationscostadelsol.com\/lt\/wp-json\/wp\/v2\/media\/2756"}],"wp:attachment":[{"href":"https:\/\/vehicleregistrationscostadelsol.com\/lt\/wp-json\/wp\/v2\/media?parent=2744"}],"curies":[{"name":"wp","href":"https:\/\/api.w.org\/{rel}","templated":true}]}}