{"id":2797,"date":"2022-12-09T13:04:26","date_gmt":"2022-12-09T12:04:26","guid":{"rendered":"https:\/\/vehicleregistrationscostadelsol.com\/?page_id=2797"},"modified":"2026-02-07T14:38:50","modified_gmt":"2026-02-07T13:38:50","slug":"registruoti-svediska-transporto-priemone-ispanijoje","status":"publish","type":"page","link":"https:\/\/vehicleregistrationscostadelsol.com\/lt\/register-a-swedish-vehicle-in-spain\/","title":{"rendered":"\u0160vedi\u0161kos transporto priemon\u0117s registravimas Ispanijoje"},"content":{"rendered":"<p><strong>Norint \u012fregistruoti \u0161vedi\u0161k\u0105 transporto priemon\u0119 Ispanijoje, reikia kruop\u0161\u010diai laikytis Ispanijos teisini\u0173, technini\u0173 ir mokes\u010di\u0173 reikalavim\u0173.<\/strong> Procesas gali b\u016bti sud\u0117tingas ir reikalaujantis daug laiko - nuo ITV patikrinimo ir ficha t\u00e9cnica dokument\u0173 iki registracijos mokes\u010di\u0173 ir galutinio DGT patvirtinimo. Teikiame visas \u0160vedijoje registruot\u0173 transporto priemoni\u0173 registravimo paslaugas, u\u017etikrindami, kad j\u016bs\u0173 automobilis b\u016bt\u0173 teis\u0117tai imatrikuliuotas su Ispanijos numeriais ir visi\u0161kai atitikt\u0173 Ispanijos taisykles. <strong>Kadangi \u0160vedijos transporto priemon\u0117s yra registruotos ES, procesas paprastai yra daug paprastesnis nei importuojam\u0173 ne ES transporto priemoni\u0173 atveju, o prie\u0161 ITV reikia atlikti minimalius transporto priemon\u0117s pakeitimus.<\/strong><br><\/p><div id=\"ez-toc-container\" class=\"ez-toc-v2_0_82_2 counter-hierarchy ez-toc-counter ez-toc-grey ez-toc-container-direction\">\n<div class=\"ez-toc-title-container\">\n<p class=\"ez-toc-title\" style=\"cursor:inherit\">Turinys<\/p>\n<span class=\"ez-toc-title-toggle\"><a href=\"#\" class=\"ez-toc-pull-right ez-toc-btn ez-toc-btn-xs ez-toc-btn-default ez-toc-toggle\" aria-label=\"Perjungti turinio lentel\u0119\"><span class=\"ez-toc-js-icon-con\"><span class=\"\"><span class=\"eztoc-hide\" style=\"display:none;\">Perjungti<\/span><span class=\"ez-toc-icon-toggle-span\"><svg style=\"fill: #999;color:#999\" xmlns=\"http:\/\/www.w3.org\/2000\/svg\" class=\"list-377408\" width=\"20px\" height=\"20px\" viewbox=\"0 0 24 24\" fill=\"none\"><path d=\"M6 6H4v2h2V6zm14 0H8v2h12V6zM4 11h2v2H4v-2zm16 0H8v2h12v-2zM4 16h2v2H4v-2zm16 0H8v2h12v-2z\" fill=\"currentColor\"><\/path><\/svg><svg style=\"fill: #999;color:#999\" class=\"arrow-unsorted-368013\" xmlns=\"http:\/\/www.w3.org\/2000\/svg\" width=\"10px\" height=\"10px\" viewbox=\"0 0 24 24\" version=\"1.2\" baseprofile=\"tiny\"><path d=\"M18.2 9.3l-6.2-6.3-6.2 6.3c-.2.2-.3.4-.3.7s.1.5.3.7c.2.2.4.3.7.3h11c.3 0 .5-.1.7-.3.2-.2.3-.5.3-.7s-.1-.5-.3-.7zM5.8 14.7l6.2 6.3 6.2-6.3c.2-.2.3-.5.3-.7s-.1-.5-.3-.7c-.2-.2-.4-.3-.7-.3h-11c-.3 0-.5.1-.7.3-.2.2-.3.5-.3.7s.1.5.3.7z\"\/><\/svg><\/span><\/span><\/span><\/a><\/span><\/div>\n<nav><ul class='ez-toc-list ez-toc-list-level-1' ><li class='ez-toc-page-1 ez-toc-heading-level-2'><a class=\"ez-toc-link ez-toc-heading-1\" href=\"https:\/\/vehicleregistrationscostadelsol.com\/lt\/register-a-swedish-vehicle-in-spain\/#Do_You_Book_The_ITV\" >Ar u\u017esisakote ITV?<\/a><ul class='ez-toc-list-level-3' ><li class='ez-toc-heading-level-3'><a class=\"ez-toc-link ez-toc-heading-2\" href=\"https:\/\/vehicleregistrationscostadelsol.com\/lt\/register-a-swedish-vehicle-in-spain\/#Have_You_Registered_Many_Swedish_Vehicles_Onto_Spanish_Number_Plates\" >Ar daug \u0161vedi\u0161k\u0173 transporto priemoni\u0173 u\u017eregistravote su ispani\u0161kais numerio \u017eenklais?<\/a><ul class='ez-toc-list-level-4' ><li class='ez-toc-heading-level-4'><a class=\"ez-toc-link ez-toc-heading-3\" href=\"https:\/\/vehicleregistrationscostadelsol.com\/lt\/register-a-swedish-vehicle-in-spain\/#What_Paperwork_Is_Needed_To_Register_A_Swedish_Vehicle_In_Spain\" >Koki\u0173 dokument\u0173 reikia norint u\u017eregistruoti \u0161vedi\u0161k\u0105 transporto priemon\u0119 Ispanijoje?<\/a><\/li><li class='ez-toc-page-1 ez-toc-heading-level-4'><a class=\"ez-toc-link ez-toc-heading-4\" href=\"https:\/\/vehicleregistrationscostadelsol.com\/lt\/register-a-swedish-vehicle-in-spain\/#Are_There_Taxes_To_Pay\" >Ar reikia mok\u0117ti mokes\u010dius?<\/a><ul class='ez-toc-list-level-5' ><li class='ez-toc-heading-level-5'><a class=\"ez-toc-link ez-toc-heading-5\" href=\"https:\/\/vehicleregistrationscostadelsol.com\/lt\/register-a-swedish-vehicle-in-spain\/#What_Other_Things_Can_Go_Wrong_Registering_A_Swedish_Vehicle_In_Spain\" >Kas dar gali nutikti registruojant \u0161vedi\u0161k\u0105 transporto priemon\u0119 Ispanijoje.<\/a><\/li><li class='ez-toc-page-1 ez-toc-heading-level-5'><a class=\"ez-toc-link ez-toc-heading-6\" href=\"https:\/\/vehicleregistrationscostadelsol.com\/lt\/register-a-swedish-vehicle-in-spain\/#Do_you_need_both_parts_1_and_2_for_a_Swedish_Vehicle_Registration_certificate_registreringsbevis\" >Ar jums reikia 1 ir 2 dali\u0173, kad gal\u0117tum\u0117te \u012fsigyti \u0161vedi\u0161k\u0105 transporto priemon\u0119. Registracijos liudijimas (registreringsbevis)<\/a><\/li><\/ul><\/li><\/ul><\/li><\/ul><\/li><\/ul><\/nav><\/div>\n\n\n\n\n<p>\u0160vedi\u0161ki automobiliai registruojami pagal ES transporto priemon\u0117s status\u0105, tod\u0117l \u0161vedi\u0161kos transporto priemon\u0117s registravimas Ispanijoje yra gana paprastas. ES transporto priemon\u0117se Ispanijoje visi automobilio \u012ftaisai yra tinkamoje vietoje. \u017dibintai, vairas, veidrod\u0117liai ir t. t. yra tinkamoje vietoje ir nieko daug keisti nereikia Pre ITV. ITV yra tokia pati kaip&nbsp;<a href=\"https:\/\/korkortonline.se\/en\/theory\/roadworthiness-test\/\" target=\"_blank\" rel=\"noreferrer noopener\">technin\u0117 ap\u017ei\u016bra \u0160vedijoje.<\/a><\/p>\n\n\n\n<p>Si\u016blome nemokam\u0105 j\u016bs\u0173 \u0161vedi\u0161kos transporto priemon\u0117s patikr\u0105 prie\u0161 ITV, kad pamatytume, ar n\u0117ra koki\u0173 nors akivaizd\u017ei\u0173 dalyk\u0173, d\u0117l kuri\u0173 ITV gali b\u016bti neatlikta, taip pat patikriname \u017eibintus, padangas ir NAUJUS OBD (borto diagnostikos) rodmenis prie\u0161 transporto priemonei atliekant ITV patikr\u0105. Dabar OBD gedimai i\u0161 karto rei\u0161kia, kad transporto priemon\u0117 neatitinka reikalavim\u0173.<\/p>\n\n\n\n<h2 class=\"wp-block-heading\"><span class=\"ez-toc-section\" id=\"Do_You_Book_The_ITV\"><\/span>Ar u\u017esisakote ITV?<span class=\"ez-toc-section-end\"><\/span><\/h2>\n\n\n\n<p>Taip, mes u\u017esakome ITV, atsiun\u010diame byl\u0105 su visais reikiamais dokumentais ir vairuojame transporto priemon\u0119 per ITV u\u017e jus. Dokumentus tvarkome prie\u0161 technin\u0119 ap\u017ei\u016br\u0105 (ITV) ir po jos, kai susitinkate su mumis. Jei nesate geografi\u0161kai arti m\u016bs\u0173, perskaitykite \u0161\u012f straipsn\u012f&nbsp;<a href=\"https:\/\/vehicleregistrationscostadelsol.com\/lt\/nuotoline-transporto-priemoniu-registravimo-ispanijoje-paslauga\/\" target=\"_blank\" rel=\"noreferrer noopener\">apie m\u016bs\u0173 nuotolin\u0119 paslaug\u0105<\/a>. Kiek mums \u017einoma, mes si\u016blome i\u0161samiausias ir i\u0161samiausias paslaugas Kosta Del Solio pakrant\u0117je. ITV gedimai taip pat \u012ftraukiami \u012f NEMOKAM\u0104 antr\u0105j\u012f test\u0105, kai transporto priemon\u0117 buvo suremontuota pagal tai, kas nepavyko, taip pat padedame su patikimais mechanikais.<\/p>\n\n\n\n<h3 class=\"wp-block-heading\"><span class=\"ez-toc-section\" id=\"Have_You_Registered_Many_Swedish_Vehicles_Onto_Spanish_Number_Plates\"><\/span>Ar daug \u0161vedi\u0161k\u0173 transporto priemoni\u0173 u\u017eregistravote su ispani\u0161kais numerio \u017eenklais?<span class=\"ez-toc-section-end\"><\/span><\/h3>\n\n\n\n<p>Taip, jau nebesuskai\u010diuojame. Susisiekite su mumis, kad gal\u0117tume atlikti j\u016bs\u0173 transporto priemon\u0117s tyrim\u0105. \u0160vedi\u0161ki automobiliai paprastai yra gerai pri\u017ei\u016brimi ir tvarkomi, tod\u0117l suma\u017e\u0117ja bet koki\u0173 galim\u0173 nesklandum\u0173, susijusi\u0173 su registracija. ?<\/p>\n\n\n\n<h4 class=\"wp-block-heading\"><span class=\"ez-toc-section\" id=\"What_Paperwork_Is_Needed_To_Register_A_Swedish_Vehicle_In_Spain\"><\/span>Koki\u0173 dokument\u0173 reikia norint u\u017eregistruoti \u0161vedi\u0161k\u0105 transporto priemon\u0119 Ispanijoje?<span class=\"ez-toc-section-end\"><\/span><\/h4>\n\n\n\n<ul class=\"wp-block-list\">\n<li>Paso kopija<\/li>\n\n\n\n<li>Adreso \u012frodymo kopija (Padron, dokumentai arba nuomos sutartis)<\/li>\n\n\n\n<li>J\u016bs\u0173 transporto priemon\u0117s registracijos dokumento (-\u0173) 1 ir 2 dalis. <\/li>\n\n\n\n<li>Atitikties sertifikatas, jei transporto priemon\u0117 j\u012f turi.<\/li>\n<\/ul>\n\n\n\n<h4 class=\"wp-block-heading\"><span class=\"ez-toc-section\" id=\"Are_There_Taxes_To_Pay\"><\/span>Ar reikia mok\u0117ti mokes\u010dius?<span class=\"ez-toc-section-end\"><\/span><\/h4>\n\n\n\n<p>Vieninteliai papildomi mokes\u010diai, kuriuos reik\u0117s sumok\u0117ti, yra nuosavyb\u0117s teis\u0117s perleidimo, jei transporto priemon\u0117 dar n\u0117ra j\u016bs\u0173 vardu (mes galime suteikti \u0161i\u0105 paslaug\u0105), arba tar\u0161os mokes\u010diai. I\u0161metam\u0173j\u0173 ter\u0161al\u0173 mokestis taikomas bet kuriai transporto priemonei, kurios i\u0161metam\u0173j\u0173 ter\u0161al\u0173 kiekis vir\u0161ija 120GPKM (gram\u0173 vienam kilometrui).<\/p>\n\n\n\n<div class=\"wp-block-buttons is-layout-flex wp-block-buttons-is-layout-flex\">\n<div class=\"wp-block-button\"><a class=\"wp-block-button__link wp-element-button\" href=\"https:\/\/api.whatsapp.com\/send?phone=34696337629&amp;text=Regards%20a%20Swedish%20Vehicle.....\" target=\"_blank\" rel=\"noreferrer noopener\">\"WhatsApp\" mums<\/a><\/div>\n<\/div>\n\n\n\n<div style=\"height:15px\" aria-hidden=\"true\" class=\"wp-block-spacer\"><\/div>\n\n\n\n<h5 class=\"wp-block-heading\"><span class=\"ez-toc-section\" id=\"What_Other_Things_Can_Go_Wrong_Registering_A_Swedish_Vehicle_In_Spain\"><\/span>Kas dar gali nutikti registruojant \u0161vedi\u0161k\u0105 transporto priemon\u0119 Ispanijoje.<span class=\"ez-toc-section-end\"><\/span><\/h5>\n\n\n\n<p>Transporto priemon\u0117 turi atitikti Europos standartus. Jei transporto priemon\u0117 turi \u0161vedi\u0161k\u0105 valstybin\u012f numer\u012f arba yra \u012fsigyta \u0160vedijoje, tai dar negarantuoja, kad ji turi ES atitikties \u017eenkl\u0105; mes galime tai patikrinti. Jei \u0161io sertifikato n\u0117ra, registruojant \u0160vedijos transporto priemon\u0119 Ispanijoje jai bus taikomas PILNAS importo muitas ir IVA (PVM).<\/p>\n\n\n\n<p>NEbent esate arba ketinate tapti Ispanijos rezidentu. Tam yra nustatytas terminas. Lengviausia yra&nbsp;<a href=\"https:\/\/vehicleregistrationscostadelsol.com\/lt\/susisiekite-su\/\" target=\"_blank\" rel=\"noreferrer noopener\">susisiekite su mumis<\/a>&nbsp;ir leiskite mums patikrinti j\u016bs\u0173 dokumentus ir situacij\u0105. Arba susitarkite, kad automobilis atva\u017eiuos pas mus.<\/p>\n\n\n\n<h5 class=\"wp-block-heading\"><span class=\"ez-toc-section\" id=\"Do_you_need_both_parts_1_and_2_for_a_Swedish_Vehicle_Registration_certificate_registreringsbevis\"><\/span>Ar jums reikia 1 ir 2 dali\u0173, kad gal\u0117tum\u0117te \u012fsigyti \u0161vedi\u0161k\u0105 transporto priemon\u0119. Registracijos liudijimas (registreringsbevis)<span class=\"ez-toc-section-end\"><\/span><\/h5>\n\n\n\n<p>Taip, \u0160vedijoje yra dvi popierin\u0117s transporto priemon\u0117s registracijos dokument\u0173 dalys. Geltonos ir m\u0117lynos spalvos dokumentai i\u0161 esm\u0117s yra 1 ir 2 dalys. Abiej\u0173 \u0161i\u0173 dokument\u0173 reikia Ispanijoje, kad b\u016bt\u0173 galima galutinai \u012fregistruoti transporto priemon\u0119. Jei neturite abiej\u0173 dokument\u0173, nesijaudinkite, mes galime pad\u0117ti gauti ir ITV patikr\u0105 nepriklausomai nuo to. Ta\u010diau prie\u0161 baigiant transporto priemon\u0117s registracij\u0105 reik\u0117s tur\u0117ti abu dokumentus.<\/p>\n\n\n\n<p>\u017dinome, kad kartais kilm\u0117s \u0161alyje ne visada reikia tur\u0117ti abu dokumentus, ta\u010diau Ispanijoje juos tur\u0117ti b\u016btina. susisiekite su mumis, jei neturite 1 ir 2 dali\u0173, ir mes jums pad\u0117sime. <\/p>","protected":false},"excerpt":{"rendered":"<p>To register a Swedish vehicle in Spain requires careful handling of Spanish legal, technical and tax requirements. From ITV inspection and ficha t\u00e9cnica documentation to registration taxes and final DGT approval, the process can be complex and time-sensitive. We provide a complete registration service for Swedish-registered vehicles, ensuring your car is legally matriculated on Spanish [&hellip;]<\/p>\n","protected":false},"author":1,"featured_media":2656,"parent":0,"menu_order":0,"comment_status":"closed","ping_status":"closed","template":"","meta":{"site-sidebar-layout":"default","site-content-layout":"","ast-site-content-layout":"default","site-content-style":"default","site-sidebar-style":"default","ast-global-header-display":"","ast-banner-title-visibility":"","ast-main-header-display":"","ast-hfb-above-header-display":"","ast-hfb-below-header-display":"","ast-hfb-mobile-header-display":"","site-post-title":"","ast-breadcrumbs-content":"","ast-featured-img":"","footer-sml-layout":"","ast-disable-related-posts":"","theme-transparent-header-meta":"","adv-header-id-meta":"","stick-header-meta":"","header-above-stick-meta":"","header-main-stick-meta":"","header-below-stick-meta":"","astra-migrate-meta-layouts":"set","ast-page-background-enabled":"default","ast-page-background-meta":{"desktop":{"background-color":"","background-image":"","background-repeat":"repeat","background-position":"center center","background-size":"auto","background-attachment":"scroll","background-type":"","background-media":"","overlay-type":"","overlay-color":"","overlay-gradient":""},"tablet":{"background-color":"","background-image":"","background-repeat":"repeat","background-position":"center center","background-size":"auto","background-attachment":"scroll","background-type":"","background-media":"","overlay-type":"","overlay-color":"","overlay-gradient":""},"mobile":{"background-color":"","background-image":"","background-repeat":"repeat","background-position":"center center","background-size":"auto","background-attachment":"scroll","background-type":"","background-media":"","overlay-type":"","overlay-color":"","overlay-gradient":""}},"ast-content-background-meta":{"desktop":{"background-color":"var(--ast-global-color-5)","background-image":"","background-repeat":"repeat","background-position":"center center","background-size":"auto","background-attachment":"scroll","background-type":"","background-media":"","overlay-type":"","overlay-color":"","overlay-gradient":""},"tablet":{"background-color":"var(--ast-global-color-5)","background-image":"","background-repeat":"repeat","background-position":"center center","background-size":"auto","background-attachment":"scroll","background-type":"","background-media":"","overlay-type":"","overlay-color":"","overlay-gradient":""},"mobile":{"background-color":"var(--ast-global-color-5)","background-image":"","background-repeat":"repeat","background-position":"center center","background-size":"auto","background-attachment":"scroll","background-type":"","background-media":"","overlay-type":"","overlay-color":"","overlay-gradient":""}},"footnotes":""},"class_list":["post-2797","page","type-page","status-publish","has-post-thumbnail","hentry"],"_links":{"self":[{"href":"https:\/\/vehicleregistrationscostadelsol.com\/lt\/wp-json\/wp\/v2\/pages\/2797","targetHints":{"allow":["GET"]}}],"collection":[{"href":"https:\/\/vehicleregistrationscostadelsol.com\/lt\/wp-json\/wp\/v2\/pages"}],"about":[{"href":"https:\/\/vehicleregistrationscostadelsol.com\/lt\/wp-json\/wp\/v2\/types\/page"}],"author":[{"embeddable":true,"href":"https:\/\/vehicleregistrationscostadelsol.com\/lt\/wp-json\/wp\/v2\/users\/1"}],"replies":[{"embeddable":true,"href":"https:\/\/vehicleregistrationscostadelsol.com\/lt\/wp-json\/wp\/v2\/comments?post=2797"}],"version-history":[{"count":5,"href":"https:\/\/vehicleregistrationscostadelsol.com\/lt\/wp-json\/wp\/v2\/pages\/2797\/revisions"}],"predecessor-version":[{"id":3460,"href":"https:\/\/vehicleregistrationscostadelsol.com\/lt\/wp-json\/wp\/v2\/pages\/2797\/revisions\/3460"}],"wp:featuredmedia":[{"embeddable":true,"href":"https:\/\/vehicleregistrationscostadelsol.com\/lt\/wp-json\/wp\/v2\/media\/2656"}],"wp:attachment":[{"href":"https:\/\/vehicleregistrationscostadelsol.com\/lt\/wp-json\/wp\/v2\/media?parent=2797"}],"curies":[{"name":"wp","href":"https:\/\/api.w.org\/{rel}","templated":true}]}}