{"id":2860,"date":"2023-02-28T14:15:49","date_gmt":"2023-02-28T13:15:49","guid":{"rendered":"https:\/\/vehicleregistrationscostadelsol.com\/?page_id=2860"},"modified":"2026-01-10T22:45:20","modified_gmt":"2026-01-10T21:45:20","slug":"danijos-transporto-priemones-registravimas-ispanijoje","status":"publish","type":"page","link":"https:\/\/vehicleregistrationscostadelsol.com\/lt\/register-a-danish-vehicle-in-spain\/","title":{"rendered":"Danijos transporto priemon\u0117s registravimas Ispanijoje"},"content":{"rendered":"<p>Danijos transporto priemon\u0117s registravimas Ispanijoje yra gana paprastas. Dauguma i\u0161 Danijos atve\u017et\u0173 transporto priemoni\u0173 buvo gerai pri\u017ei\u016brimos, tod\u0117l jas tikrai verta registruoti, nes analogi\u0161kos transporto priemon\u0117s Ispanijoje yra daug brangesn\u0117s. Viskas yra tinkamoje vietoje. \u017dibintai, vairas ir kilometra\u017eas - visa tai sinchronizuojama su ITV patikros Ispanijoje i\u0161laikymu. <\/p><div id=\"ez-toc-container\" class=\"ez-toc-v2_0_82_2 counter-hierarchy ez-toc-counter ez-toc-grey ez-toc-container-direction\">\n<div class=\"ez-toc-title-container\">\n<p class=\"ez-toc-title\" style=\"cursor:inherit\">Turinys<\/p>\n<span class=\"ez-toc-title-toggle\"><a href=\"#\" class=\"ez-toc-pull-right ez-toc-btn ez-toc-btn-xs ez-toc-btn-default ez-toc-toggle\" aria-label=\"Perjungti turinio lentel\u0119\"><span class=\"ez-toc-js-icon-con\"><span class=\"\"><span class=\"eztoc-hide\" style=\"display:none;\">Perjungti<\/span><span class=\"ez-toc-icon-toggle-span\"><svg style=\"fill: #999;color:#999\" xmlns=\"http:\/\/www.w3.org\/2000\/svg\" class=\"list-377408\" width=\"20px\" height=\"20px\" viewbox=\"0 0 24 24\" fill=\"none\"><path d=\"M6 6H4v2h2V6zm14 0H8v2h12V6zM4 11h2v2H4v-2zm16 0H8v2h12v-2zM4 16h2v2H4v-2zm16 0H8v2h12v-2z\" fill=\"currentColor\"><\/path><\/svg><svg style=\"fill: #999;color:#999\" class=\"arrow-unsorted-368013\" xmlns=\"http:\/\/www.w3.org\/2000\/svg\" width=\"10px\" height=\"10px\" viewbox=\"0 0 24 24\" version=\"1.2\" baseprofile=\"tiny\"><path d=\"M18.2 9.3l-6.2-6.3-6.2 6.3c-.2.2-.3.4-.3.7s.1.5.3.7c.2.2.4.3.7.3h11c.3 0 .5-.1.7-.3.2-.2.3-.5.3-.7s-.1-.5-.3-.7zM5.8 14.7l6.2 6.3 6.2-6.3c.2-.2.3-.5.3-.7s-.1-.5-.3-.7c-.2-.2-.4-.3-.7-.3h-11c-.3 0-.5.1-.7.3-.2.2-.3.5-.3.7s.1.5.3.7z\"\/><\/svg><\/span><\/span><\/span><\/a><\/span><\/div>\n<nav><ul class='ez-toc-list ez-toc-list-level-1' ><li class='ez-toc-page-1 ez-toc-heading-level-3'><a class=\"ez-toc-link ez-toc-heading-1\" href=\"https:\/\/vehicleregistrationscostadelsol.com\/lt\/register-a-danish-vehicle-in-spain\/#What_is_required_to_Register_a_Danish_Vehicle_in_Spain\" >Ko reikia norint u\u017eregistruoti Danijos transporto priemon\u0119 Ispanijoje?<\/a><\/li><li class='ez-toc-page-1 ez-toc-heading-level-3'><a class=\"ez-toc-link ez-toc-heading-2\" href=\"https:\/\/vehicleregistrationscostadelsol.com\/lt\/register-a-danish-vehicle-in-spain\/#Paperwork_required_for_a_Danish_Vehicle\" >Danijos transporto priemonei reikalingi dokumentai<\/a><\/li><li class='ez-toc-page-1 ez-toc-heading-level-3'><a class=\"ez-toc-link ez-toc-heading-3\" href=\"https:\/\/vehicleregistrationscostadelsol.com\/lt\/register-a-danish-vehicle-in-spain\/#How_do_you_get_a_free_Estimate_on_costs\" >Kaip gauti nemokam\u0105 i\u0161laid\u0173 s\u0105mat\u0105?<\/a><ul class='ez-toc-list-level-4' ><li class='ez-toc-heading-level-4'><a class=\"ez-toc-link ez-toc-heading-4\" href=\"https:\/\/vehicleregistrationscostadelsol.com\/lt\/register-a-danish-vehicle-in-spain\/#Have_you_Registered_a_Vehicle_from_denmark_in_Spain_Before\" >Ar anks\u010diau Ispanijoje registravote transporto priemon\u0119 i\u0161 Danijos?<\/a><\/li><\/ul><\/li><\/ul><\/nav><\/div>\n\n\n\n\n<h3 class=\"wp-block-heading\"><span class=\"ez-toc-section\" id=\"What_is_required_to_Register_a_Danish_Vehicle_in_Spain\"><\/span>Ko reikia norint u\u017eregistruoti Danijos transporto priemon\u0119 Ispanijoje?<span class=\"ez-toc-section-end\"><\/span><\/h3>\n\n\n\n<ul class=\"wp-block-list\">\n<li>Transporto priemon\u0117s registracijos dokumento 1 dalis - Del 1(m\u0117lyna)<\/li>\n\n\n\n<li>Transporto priemon\u0117s registracijos dokumento 2 dalis - Del 2 (m\u0117lyna) <\/li>\n\n\n\n<li>Adreso Ispanijoje \u012frodymas<\/li>\n\n\n\n<li>Asmens tapatyb\u0119 patvirtinantis dokumentas<\/li>\n<\/ul>\n\n\n\n<h3 class=\"wp-block-heading\"><span class=\"ez-toc-section\" id=\"Paperwork_required_for_a_Danish_Vehicle\"><\/span>Danijos transporto priemonei reikalingi dokumentai<span class=\"ez-toc-section-end\"><\/span><\/h3>\n\n\n\n<p>Toliau pateikiamas transporto priemon\u0117s registracijos dokument\u0173 del 1 ir del 2 dali\u0173 pavyzdys. <strong>Be abiej\u0173 dali\u0173 Danijos transporto priemon\u0117s Ispanijoje \u012fregistruoti negalima.  <\/strong><\/p>\n\n\n\n<figure class=\"wp-block-gallery has-nested-images columns-default is-cropped wp-block-gallery-1 is-layout-flex wp-block-gallery-is-layout-flex\">\n<figure class=\"wp-block-image size-full\"><a href=\"https:\/\/www.danishroadtrafficauthority.dk\/\" target=\"_blank\" rel=\" noreferrer noopener\"><img decoding=\"async\" data-id=\"2863\" src=\"https:\/\/vehicleregistrationscostadelsol.com\/wp-content\/uploads\/2023\/02\/Danish-vehicle-regsitration-in-spain.webp\" alt=\"Automobili\u0173 registracija Kosta del Sol\" class=\"wp-image-2863\" title=\"U\u017eregistruokite savo automobil\u012f Ispanijoje\"><\/a><\/figure>\n<\/figure>\n\n\n\n<p><\/p>\n\n\n\n<p>Norint u\u017esakyti ITV technin\u0119 ap\u017ei\u016br\u0105, reikia pateikti originali\u0105 jos form\u0105. Be to, jums reik\u0117s, kad mes sukurtume fail\u0105 ir nusi\u0173stume j\u012f ITV sto\u010diai. Patikrinkite transporto priemon\u0117s atitikt\u012f, kad \u012fsitikintum\u0117te, jog ji i\u0161 tikr\u0173j\u0173 gali atlikti technin\u0119 ap\u017ei\u016br\u0105. Transporto priemon\u0117s i\u0161metam\u0173j\u0173 ter\u0161al\u0173 kiek\u012f, registracijos dat\u0105, varikl\u012f ir gali\u0105 bei dokumento dat\u0105. <br><br><\/p>\n\n\n\n<h3 class=\"wp-block-heading\"><span class=\"ez-toc-section\" id=\"How_do_you_get_a_free_Estimate_on_costs\"><\/span>Kaip gauti nemokam\u0105 i\u0161laid\u0173 s\u0105mat\u0105?<span class=\"ez-toc-section-end\"><\/span><\/h3>\n\n\n\n<p>Nor\u0117dami gauti greit\u0105 ir nemokam\u0105 pasi\u016blym\u0105, tiesiog u\u017epildykite form\u0105 ir persi\u0173skite mums savo transporto priemon\u0117s registracijos dokument\u0173 1 ir 2 dalis. U\u017epild\u017eius form\u0105, bus sugeneruotas el. lai\u0161kas, kuriame gal\u0117site pateikti dokumentus el. pa\u0161tu arba \"WhatsApp\". V\u0117liau pateiksime greit\u0105 pasi\u016blym\u0105, kuriame i\u0161samiai nurodysime i\u0161laidas, proced\u016bras, mokes\u010dius ir atliksime i\u0161sami\u0105 transporto priemon\u0117s analiz\u0119.<\/p>\n\n\n\n<iframe src=\"https:\/\/www.cognitoforms.com\/f\/K4s97m8SD0mZMY-AxYnlJw\/10\" style=\"border:0;width:100%;\" height=\"1450\"><\/iframe>\n<script src=\"https:\/\/www.cognitoforms.com\/f\/iframe.js\"><\/script>\n\n\n\n<h4 class=\"wp-block-heading\"><span class=\"ez-toc-section\" id=\"Have_you_Registered_a_Vehicle_from_denmark_in_Spain_Before\"><\/span>Ar anks\u010diau Ispanijoje registravote transporto priemon\u0119 i\u0161 Danijos?<span class=\"ez-toc-section-end\"><\/span><\/h4>\n\n\n\n<p>Taip, Ispanijoje esame u\u017eregistrav\u0119 daug dani\u0161k\u0173 transporto priemoni\u0173. paprastai tai gana paprastas procesas, nes dani\u0161ka transporto priemon\u0117 vairuojama kairi\u0105ja ranka. Ties\u0105 sakant, esame \u012fregistrav\u0119 daug <a href=\"https:\/\/vehicleregistrationscostadelsol.com\/lt\/motociklo-registravimas-ispanijoje\/\">Danijos motociklai<\/a> taip pat. I\u0161 Danijos atve\u017et\u0173 transporto priemoni\u0173 technin\u0117 ap\u017ei\u016bra pas mus atliekama labai da\u017enai, da\u017eniausiai d\u0117l to, kad jos buvo gerai pri\u017ei\u016brimos.<\/p>\n\n\n\n<p><\/p>\n\n\n\n<p><\/p>","protected":false},"excerpt":{"rendered":"<p>Registering a Danish vehicle in Spain is pretty straight forward. Most vehicles from Denmark have been well looked after which means they are definitely worth registering as the equivalent vehicles in Spain are much more expensive. Everything is located in the correct place. The headlights, steering wheel and kilometres are all in synch with passing [&hellip;]<\/p>\n","protected":false},"author":1,"featured_media":0,"parent":0,"menu_order":0,"comment_status":"closed","ping_status":"closed","template":"","meta":{"site-sidebar-layout":"default","site-content-layout":"","ast-site-content-layout":"default","site-content-style":"default","site-sidebar-style":"default","ast-global-header-display":"","ast-banner-title-visibility":"","ast-main-header-display":"","ast-hfb-above-header-display":"","ast-hfb-below-header-display":"","ast-hfb-mobile-header-display":"","site-post-title":"","ast-breadcrumbs-content":"","ast-featured-img":"","footer-sml-layout":"","ast-disable-related-posts":"","theme-transparent-header-meta":"","adv-header-id-meta":"","stick-header-meta":"","header-above-stick-meta":"","header-main-stick-meta":"","header-below-stick-meta":"","astra-migrate-meta-layouts":"set","ast-page-background-enabled":"default","ast-page-background-meta":{"desktop":{"background-color":"","background-image":"","background-repeat":"repeat","background-position":"center center","background-size":"auto","background-attachment":"scroll","background-type":"","background-media":"","overlay-type":"","overlay-color":"","overlay-gradient":""},"tablet":{"background-color":"","background-image":"","background-repeat":"repeat","background-position":"center center","background-size":"auto","background-attachment":"scroll","background-type":"","background-media":"","overlay-type":"","overlay-color":"","overlay-gradient":""},"mobile":{"background-color":"","background-image":"","background-repeat":"repeat","background-position":"center center","background-size":"auto","background-attachment":"scroll","background-type":"","background-media":"","overlay-type":"","overlay-color":"","overlay-gradient":""}},"ast-content-background-meta":{"desktop":{"background-color":"var(--ast-global-color-5)","background-image":"","background-repeat":"repeat","background-position":"center center","background-size":"auto","background-attachment":"scroll","background-type":"","background-media":"","overlay-type":"","overlay-color":"","overlay-gradient":""},"tablet":{"background-color":"var(--ast-global-color-5)","background-image":"","background-repeat":"repeat","background-position":"center center","background-size":"auto","background-attachment":"scroll","background-type":"","background-media":"","overlay-type":"","overlay-color":"","overlay-gradient":""},"mobile":{"background-color":"var(--ast-global-color-5)","background-image":"","background-repeat":"repeat","background-position":"center center","background-size":"auto","background-attachment":"scroll","background-type":"","background-media":"","overlay-type":"","overlay-color":"","overlay-gradient":""}},"footnotes":""},"class_list":["post-2860","page","type-page","status-publish","hentry"],"_links":{"self":[{"href":"https:\/\/vehicleregistrationscostadelsol.com\/lt\/wp-json\/wp\/v2\/pages\/2860","targetHints":{"allow":["GET"]}}],"collection":[{"href":"https:\/\/vehicleregistrationscostadelsol.com\/lt\/wp-json\/wp\/v2\/pages"}],"about":[{"href":"https:\/\/vehicleregistrationscostadelsol.com\/lt\/wp-json\/wp\/v2\/types\/page"}],"author":[{"embeddable":true,"href":"https:\/\/vehicleregistrationscostadelsol.com\/lt\/wp-json\/wp\/v2\/users\/1"}],"replies":[{"embeddable":true,"href":"https:\/\/vehicleregistrationscostadelsol.com\/lt\/wp-json\/wp\/v2\/comments?post=2860"}],"version-history":[{"count":1,"href":"https:\/\/vehicleregistrationscostadelsol.com\/lt\/wp-json\/wp\/v2\/pages\/2860\/revisions"}],"predecessor-version":[{"id":3383,"href":"https:\/\/vehicleregistrationscostadelsol.com\/lt\/wp-json\/wp\/v2\/pages\/2860\/revisions\/3383"}],"wp:attachment":[{"href":"https:\/\/vehicleregistrationscostadelsol.com\/lt\/wp-json\/wp\/v2\/media?parent=2860"}],"curies":[{"name":"wp","href":"https:\/\/api.w.org\/{rel}","templated":true}]}}