{"id":2941,"date":"2023-07-27T20:27:42","date_gmt":"2023-07-27T18:27:42","guid":{"rendered":"https:\/\/vehicleregistrationscostadelsol.com\/?page_id=2941"},"modified":"2023-08-02T14:41:54","modified_gmt":"2023-08-02T12:41:54","slug":"italisko-automobilio-registravimas-ispanijoje","status":"publish","type":"page","link":"https:\/\/vehicleregistrationscostadelsol.com\/lt\/register-an-italian-car-in-spain\/","title":{"rendered":"Italijos automobilio registravimas Ispanijoje"},"content":{"rendered":"<p>Mes teikiame itali\u0161kos transporto priemon\u0117s registravimo Ispanijoje paslaugas. Ispanijoje \u012fregistravome kelet\u0105 puiki\u0173 itali\u0161k\u0173 automobili\u0173. \"Alfas\", \"Ferrari\" ir net \"Lamborghini\" pateik\u0117me transporto priemoni\u0173 regsitravimo proced\u016brai, atlikome technin\u0119 ap\u017ei\u016br\u0105 ir \u012fregistravome transporto priemon\u0119. <\/p>\n\n\n\n<p>Pasteb\u0117jome, kad itali\u0161ki automobiliai da\u017enai yra gerai pri\u017ei\u016brimi ir paprastai be problem\u0173 i\u0161laiko ITV technin\u0119 ap\u017ei\u016br\u0105. Ta\u010diau norint \u012fregistruoti itali\u0161k\u0105 transporto priemon\u0119 Ispanijoje, reikia \u012fveikti tam tikras kli\u016btis. <\/p>\n\n\n\n<p>Pirmiausia reikia \u017einoti, kokie yra i\u0161metam\u0173j\u0173 ter\u0161al\u0173 mokes\u010diai. I\u0161 esm\u0117s visi, kuri\u0173 i\u0161metamo C02 kiekis vir\u0161ija 120GPKM, moka mokes\u010dius vyriausybei. Kuo senesn\u0117 transporto priemon\u0117, tuo ma\u017eesnis mokestis, ir kuo ma\u017eesn\u0117 i\u0161metam\u0173j\u0173 ter\u0161al\u0173 emisija, tuo ma\u017eesnis mokestis. Mes galime patikrinti \u0161\u012f skai\u010di\u0173. <\/p>\n\n\n\n<p>Regsitracijos kaina taip pat priklauso nuo keleto kit\u0173 veiksni\u0173, jei turite <a href=\"https:\/\/vehicleregistrationscostadelsol.com\/lt\/ficha-technica-arba-atitikties-sertifikato-gavimas-ispanijoje\/\" data-type=\"URL\" data-id=\"https:\/\/vehicleregistrationscostadelsol.com\/getting-a-ficha-technica-or-a-certificate-of-conformity-in-spain\/\" target=\"_blank\" rel=\"noreferrer noopener\">atitikties sertifikatas<\/a>, transporto priemon\u0117s am\u017ei\u0173 ir varikl\u012f. Si\u016blome nemokam\u0105 ne\u012fpareigojant\u012f pasi\u016blym\u0105, tod\u0117l susisiekite su mumis. <\/p>\n\n\n\n<h3 class=\"wp-block-heading\">Ko reikia, kad b\u016bt\u0173 galima registruoti itali\u0161k\u0105 automobil\u012f Ispanijoje?<\/h3>\n\n\n\n<p>Jums reik\u0117s:<\/p>\n\n\n\n<ul class=\"wp-block-list\">\n<li>Italain Vehcile registracijos dokumento 1 ir 2 dalys<\/li>\n\n\n\n<li>Atitikties sertifikatas<\/li>\n\n\n\n<li>Pasas , NIE arba gyvenamosios vietos kortel\u0117<\/li>\n<\/ul>\n\n\n\n<h3 class=\"wp-block-heading\">Ar galite registruoti itali\u0161k\u0105 automobil\u012f kaip nevietinis gyventojas?<\/h3>\n\n\n\n<p>Taip, joki\u0173 problem\u0173 n\u0117ra. Norint registruoti itali\u0161k\u0105 automobil\u012f Ispanijoje, neb\u016btina tur\u0117ti nuolatin\u0117s gyvenamosios vietos, o jei ir turite, kaina abiem atvejais bus tokia pati. <\/p>\n\n\n\n<h3 class=\"wp-block-heading\">Ar mano dabartinis techninis testas galios?<\/h3>\n\n\n\n<p>Visoms naujai registruojamoms itali\u0161koms transporto priemon\u0117ms reikia atlikti ITV - patikr\u0105 Ispanijoje. Net jei transporto priemon\u0117 yra jaunesn\u0117 nei 4 met\u0173. <\/p>\n\n\n\n<p>Technin\u0117 ap\u017ei\u016bra skirta mechaninei transporto priemon\u0117s patikrai, taip pat transporto priemon\u0117s ir prietais\u0173 atitik\u010diai tikrinti, siekiant \u012fsitikinti, kad viskas yra tinkama naudoti kelyje. <\/p>\n\n\n\n<p><\/p>","protected":false},"excerpt":{"rendered":"<p>Having your Italian Vehicle registered in Spain is something we have a service for. We have registered some brilliant Italian cars in Spain. Alfas, Ferraris and even Lamborghinis we have put through the Vehicle regsitration process, took a technical test and registered the vehicle. We have found that Italian cars are often well looked after [&hellip;]<\/p>\n","protected":false},"author":1,"featured_media":2946,"parent":0,"menu_order":0,"comment_status":"closed","ping_status":"closed","template":"","meta":{"site-sidebar-layout":"default","site-content-layout":"","ast-site-content-layout":"default","site-content-style":"default","site-sidebar-style":"default","ast-global-header-display":"","ast-banner-title-visibility":"","ast-main-header-display":"","ast-hfb-above-header-display":"","ast-hfb-below-header-display":"","ast-hfb-mobile-header-display":"","site-post-title":"","ast-breadcrumbs-content":"","ast-featured-img":"","footer-sml-layout":"","ast-disable-related-posts":"","theme-transparent-header-meta":"","adv-header-id-meta":"","stick-header-meta":"","header-above-stick-meta":"","header-main-stick-meta":"","header-below-stick-meta":"","astra-migrate-meta-layouts":"default","ast-page-background-enabled":"default","ast-page-background-meta":{"desktop":{"background-color":"","background-image":"","background-repeat":"repeat","background-position":"center center","background-size":"auto","background-attachment":"scroll","background-type":"","background-media":"","overlay-type":"","overlay-color":"","overlay-opacity":"","overlay-gradient":""},"tablet":{"background-color":"","background-image":"","background-repeat":"repeat","background-position":"center center","background-size":"auto","background-attachment":"scroll","background-type":"","background-media":"","overlay-type":"","overlay-color":"","overlay-opacity":"","overlay-gradient":""},"mobile":{"background-color":"","background-image":"","background-repeat":"repeat","background-position":"center center","background-size":"auto","background-attachment":"scroll","background-type":"","background-media":"","overlay-type":"","overlay-color":"","overlay-opacity":"","overlay-gradient":""}},"ast-content-background-meta":{"desktop":{"background-color":"var(--ast-global-color-5)","background-image":"","background-repeat":"repeat","background-position":"center center","background-size":"auto","background-attachment":"scroll","background-type":"","background-media":"","overlay-type":"","overlay-color":"","overlay-opacity":"","overlay-gradient":""},"tablet":{"background-color":"var(--ast-global-color-5)","background-image":"","background-repeat":"repeat","background-position":"center center","background-size":"auto","background-attachment":"scroll","background-type":"","background-media":"","overlay-type":"","overlay-color":"","overlay-opacity":"","overlay-gradient":""},"mobile":{"background-color":"var(--ast-global-color-5)","background-image":"","background-repeat":"repeat","background-position":"center center","background-size":"auto","background-attachment":"scroll","background-type":"","background-media":"","overlay-type":"","overlay-color":"","overlay-opacity":"","overlay-gradient":""}},"footnotes":""},"class_list":["post-2941","page","type-page","status-publish","has-post-thumbnail","hentry"],"_links":{"self":[{"href":"https:\/\/vehicleregistrationscostadelsol.com\/lt\/wp-json\/wp\/v2\/pages\/2941","targetHints":{"allow":["GET"]}}],"collection":[{"href":"https:\/\/vehicleregistrationscostadelsol.com\/lt\/wp-json\/wp\/v2\/pages"}],"about":[{"href":"https:\/\/vehicleregistrationscostadelsol.com\/lt\/wp-json\/wp\/v2\/types\/page"}],"author":[{"embeddable":true,"href":"https:\/\/vehicleregistrationscostadelsol.com\/lt\/wp-json\/wp\/v2\/users\/1"}],"replies":[{"embeddable":true,"href":"https:\/\/vehicleregistrationscostadelsol.com\/lt\/wp-json\/wp\/v2\/comments?post=2941"}],"version-history":[{"count":0,"href":"https:\/\/vehicleregistrationscostadelsol.com\/lt\/wp-json\/wp\/v2\/pages\/2941\/revisions"}],"wp:featuredmedia":[{"embeddable":true,"href":"https:\/\/vehicleregistrationscostadelsol.com\/lt\/wp-json\/wp\/v2\/media\/2946"}],"wp:attachment":[{"href":"https:\/\/vehicleregistrationscostadelsol.com\/lt\/wp-json\/wp\/v2\/media?parent=2941"}],"curies":[{"name":"wp","href":"https:\/\/api.w.org\/{rel}","templated":true}]}}