{"id":3049,"date":"2024-01-31T13:17:47","date_gmt":"2024-01-31T12:17:47","guid":{"rendered":"https:\/\/vehicleregistrationscostadelsol.com\/?page_id=3049"},"modified":"2026-01-10T22:44:51","modified_gmt":"2026-01-10T21:44:51","slug":"amerikietisko-automobilio-registravimas-ispanijoje","status":"publish","type":"page","link":"https:\/\/vehicleregistrationscostadelsol.com\/lt\/register-an-american-car-in-spain\/","title":{"rendered":"Amerikieti\u0161ko automobilio registravimas Ispanijoje"},"content":{"rendered":"<figure class=\"wp-block-image size-large\"><img fetchpriority=\"high\" decoding=\"async\" width=\"1024\" height=\"427\" src=\"https:\/\/vehicleregistrationscostadelsol.com\/wp-content\/uploads\/2024\/01\/Register-an-American-car-in-Spain-1024x427.webp\" alt=\"Automobili\u0173 registracija Kosta del Sol\" class=\"wp-image-3050\" title=\"U\u017eregistruokite savo automobil\u012f Ispanijoje\" srcset=\"https:\/\/vehicleregistrationscostadelsol.com\/wp-content\/uploads\/2024\/01\/Register-an-American-car-in-Spain-1024x427.webp 1024w, https:\/\/vehicleregistrationscostadelsol.com\/wp-content\/uploads\/2024\/01\/Register-an-American-car-in-Spain-300x125.webp 300w, https:\/\/vehicleregistrationscostadelsol.com\/wp-content\/uploads\/2024\/01\/Register-an-American-car-in-Spain-768x320.webp 768w, https:\/\/vehicleregistrationscostadelsol.com\/wp-content\/uploads\/2024\/01\/Register-an-American-car-in-Spain-18x8.webp 18w, https:\/\/vehicleregistrationscostadelsol.com\/wp-content\/uploads\/2024\/01\/Register-an-American-car-in-Spain.webp 1200w\" sizes=\"(max-width: 1024px) 100vw, 1024px\" \/><\/figure>\n\n\n\n<p>Norint u\u017eregistruoti amerikieti\u0161k\u0105 automobil\u012f Ispanijoje, yra keli skirtingi b\u016bdai. Toliau pateikiama informacija apie tai, koki\u0173 veiksm\u0173 reikia imtis, norint \u012fregistruoti amerikieti\u0161k\u0105 automobil\u012f Ispanijoje. Prie\u0161 i\u0161si\u0173sdami ir importuodami transporto priemon\u0119 \u012f Ispanij\u0105, turite atsi\u017evelgti \u012f kelet\u0105 dalyk\u0173. Pirma, visoms \u012f Ispanij\u0105 importuojamoms amerikie\u010di\u0173 transporto priemon\u0117ms reikalingas importo sertifikatas, kur\u012f galima gauti dviem b\u016bdais.  <\/p>\n\n\n\n<ul class=\"wp-block-list\">\n<li>Importo sertifikat\u0105 arba DUA gausite atvyk\u0119 \u012f Ispanij\u0105. Jei transporto priemon\u0117 yra su keliomis kitomis prek\u0117mis, tai gali b\u016bti pigiau. <\/li>\n\n\n\n<li>D\u0117l to, kad tapote Ispanijos rezidentu, nura\u0161ote importo muitus. <\/li>\n<\/ul>\n\n\n\n<h2 class=\"wp-block-heading\">Ar galite nura\u0161yti importo muit\u0105 ir PVM, jei tapsite rezidentu?<\/h2>\n\n\n\n<p>Taip, \u012f Ispanij\u0105 importuojamos amerikieti\u0161kos transporto priemon\u0117s gali b\u016bti atleistos nuo importo muito ir PVM, jei tampate Ispanijos rezidentu. Transporto priemon\u0119 turite tur\u0117ti ilgiau nei \u0161e\u0161is m\u0117nesius iki rezidavimo leidimo i\u0161davimo dienos, o transporto priemon\u0117 turi b\u016bti registruota j\u0105 registruojan\u010dio asmens vardu. <\/p>\n\n\n\n<p>Transporto priemon\u0117 negali b\u016bti \u012fregistruota, o atleidimas nuo mokes\u010di\u0173 negali b\u016bti i\u0161duotas tol, kol Ispanijoje jums nebus i\u0161duota tikroji TIE kortel\u0117. Iki to laiko galite vairuoti transporto priemon\u0119, jei jos technin\u0117 ap\u017ei\u016bra, draudimas ir keli\u0173 mokestis galioja kilm\u0117s \u0161alyje. Kai TIE kortel\u0117 bus i\u0161duota, d\u0117l atleidimo nuo mokes\u010di\u0173 galima kreiptis \u012f muitin\u0119\". <\/p>\n\n\n\n<h3 class=\"wp-block-heading\">Ar amerikieti\u0161ka transporto priemon\u0117 gali atlikti technin\u012f test\u0105 (ITV) <\/h3>\n\n\n\n<p>Kadangi transporto priemonei grei\u010diausiai nebuvo suteiktas ES atitikties numeris, ji turi atlikti technin\u0119 ap\u017ei\u016br\u0105 pagal \"rezidavimo vietos pakeitimo\" proced\u016br\u0105. Tam da\u017eniausiai reikia pateikti TIE rezidavimo kortel\u0119. Geriausia klausti artimiausios ITV, nes kiekvienas regionas turi savo taisykles. <\/p>\n\n\n\n<p>Kai rezidencija dar nebaigta, gausite resguardo pa\u017eym\u0117jim\u0105, trumpai tariant, pa\u017eym\u0117jim\u0105 \"mano pra\u0161ymas d\u0117l rezidencijos nagrin\u0117jamas\". Kai kurios ITV gali j\u012f priimti kaip gyvenamosios vietos pakeitimo \u012frodym\u0105, kad b\u016bt\u0173 galima atlikti patikrinim\u0105. Visada patariama tai patikrinti, nes jei ne, rezidavimo pa\u017eym\u0117jimo reik\u0117s norint atlikti technin\u0119 ap\u017ei\u016br\u0105 ir u\u017ebaigti amerikieti\u0161ko automobilio registravimo Ispanijoje proces\u0105.<\/p>\n\n\n\n<p>Gyvenimo \u0161alyje proceso metu jums i\u0161duodama resguardo pa\u017eyma, kuri i\u0161 esm\u0117s yra j\u016bs\u0173 pateikto pra\u0161ymo d\u0117l gyvenimo \u0161alyje patvirtinimas. Tam tikros ITV gali priimti \u0161\u012f pa\u017eym\u0117jim\u0105 kaip j\u016bs\u0173 gyvenamosios vietos pakeitimo \u012frodym\u0105 ir leisti jums t\u0119sti patikrinim\u0105. Ta\u010diau rekomenduojama patikrinti \u0161\u012f reikalavim\u0105, nes norint atlikti test\u0105 ir visi\u0161kai \u012fregistruoti amerikieti\u0161k\u0105 automobil\u012f Ispanijoje, jums gali prireikti pateikti gyvenamosios vietos kortel\u0119.<\/p>\n\n\n\n<h4 class=\"wp-block-heading\">Ar galite pad\u0117ti u\u017eregistruoti amerikieti\u0161k\u0105 automobil\u012f Ispanijoje?<\/h4>\n\n\n\n<p>Taip, mes galime suteikti visapusi\u0161k\u0105 pagalb\u0105 sprend\u017eiant visus pirmiau min\u0117tus klausimus. tvarkome muitin\u0117s (tik kei\u010diant gyvenam\u0105j\u0105 viet\u0105), DGT (transporto priemoni\u0173 agent\u016bros), mokes\u010di\u0173 inspekcijos, i\u0161metam\u0173j\u0173 ter\u0161al\u0173 mokes\u010di\u0173, regsitracijos, numerio \u017eenkl\u0173, nauj\u0173 ispani\u0161k\u0173 dokument\u0173 ir ECO lipduko, reikalingo visoje Ispanijoje, reikalus. <\/p>\n\n\n\n<h4 class=\"wp-block-heading\">Koki\u0173 dokument\u0173 reikia norint u\u017eregistruoti amerikieti\u0161k\u0105 automobil\u012f Ispanijoje?<\/h4>\n\n\n\n<p>Nor\u0117dami u\u017eregistruoti amerikieti\u0161k\u0105 automobil\u012f Ispanijoje, turite pateikti \u0161iuos dokumentus: <\/p>\n\n\n\n<p>Transporto priemon\u0117s nuosavyb\u0117s teis\u0119 patvirtinantis dokumentas, pvz., originalus pavadinimas arba kilm\u0117s sertifikatas.<br>\nGaliojant\u012f asmens tapatyb\u0117s dokument\u0105, pvz., pas\u0105 arba Ispanijos gyventojo kortel\u0119.<br>\nTransporto priemon\u0117s pirkimo s\u0105skaitos fakt\u016bros arba pardavimo s\u0105skaitos originalas.<br>\nGaliojantis transporto priemon\u0117s atitikties arba homologacijos sertifikatas.<br>\n\u012frodymas, kad sumok\u0117ti visi taikomi importo mokes\u010diai ar muitai.<br>\ngaliojan\u010dio transporto priemon\u0117s draudimo \u012frodymas.<\/p>\n\n\n\n<p>Atkreipkite d\u0117mes\u012f, kad papildomi dokumentai ar reikalavimai gali skirtis priklausomai nuo konkre\u010di\u0173 aplinkybi\u0173 ir galiojan\u010di\u0173 teis\u0117s akt\u0173. Rekomenduojama pasikonsultuoti su atitinkamomis institucijomis arba kreiptis profesionalios pagalbos, kad registracijos procesas vykt\u0173 skland\u017eiai.<\/p>","protected":false},"excerpt":{"rendered":"<p>To register an American car in Spain there are several different avenues. Below is an outline of what steps are needed to bring your American vehicle to register in Spain. There are a few things to take into account before you ship and import your vehicle into Spain. Firstly all American vehicle importing to Spain [&hellip;]<\/p>\n","protected":false},"author":1,"featured_media":0,"parent":0,"menu_order":0,"comment_status":"closed","ping_status":"closed","template":"","meta":{"site-sidebar-layout":"default","site-content-layout":"","ast-site-content-layout":"default","site-content-style":"default","site-sidebar-style":"default","ast-global-header-display":"","ast-banner-title-visibility":"","ast-main-header-display":"","ast-hfb-above-header-display":"","ast-hfb-below-header-display":"","ast-hfb-mobile-header-display":"","site-post-title":"","ast-breadcrumbs-content":"","ast-featured-img":"","footer-sml-layout":"","ast-disable-related-posts":"","theme-transparent-header-meta":"","adv-header-id-meta":"","stick-header-meta":"","header-above-stick-meta":"","header-main-stick-meta":"","header-below-stick-meta":"","astra-migrate-meta-layouts":"set","ast-page-background-enabled":"default","ast-page-background-meta":{"desktop":{"background-color":"","background-image":"","background-repeat":"repeat","background-position":"center center","background-size":"auto","background-attachment":"scroll","background-type":"","background-media":"","overlay-type":"","overlay-color":"","overlay-opacity":"","overlay-gradient":""},"tablet":{"background-color":"","background-image":"","background-repeat":"repeat","background-position":"center center","background-size":"auto","background-attachment":"scroll","background-type":"","background-media":"","overlay-type":"","overlay-color":"","overlay-opacity":"","overlay-gradient":""},"mobile":{"background-color":"","background-image":"","background-repeat":"repeat","background-position":"center center","background-size":"auto","background-attachment":"scroll","background-type":"","background-media":"","overlay-type":"","overlay-color":"","overlay-opacity":"","overlay-gradient":""}},"ast-content-background-meta":{"desktop":{"background-color":"var(--ast-global-color-5)","background-image":"","background-repeat":"repeat","background-position":"center center","background-size":"auto","background-attachment":"scroll","background-type":"","background-media":"","overlay-type":"","overlay-color":"","overlay-opacity":"","overlay-gradient":""},"tablet":{"background-color":"var(--ast-global-color-5)","background-image":"","background-repeat":"repeat","background-position":"center center","background-size":"auto","background-attachment":"scroll","background-type":"","background-media":"","overlay-type":"","overlay-color":"","overlay-opacity":"","overlay-gradient":""},"mobile":{"background-color":"var(--ast-global-color-5)","background-image":"","background-repeat":"repeat","background-position":"center center","background-size":"auto","background-attachment":"scroll","background-type":"","background-media":"","overlay-type":"","overlay-color":"","overlay-opacity":"","overlay-gradient":""}},"footnotes":""},"class_list":["post-3049","page","type-page","status-publish","hentry"],"_links":{"self":[{"href":"https:\/\/vehicleregistrationscostadelsol.com\/lt\/wp-json\/wp\/v2\/pages\/3049","targetHints":{"allow":["GET"]}}],"collection":[{"href":"https:\/\/vehicleregistrationscostadelsol.com\/lt\/wp-json\/wp\/v2\/pages"}],"about":[{"href":"https:\/\/vehicleregistrationscostadelsol.com\/lt\/wp-json\/wp\/v2\/types\/page"}],"author":[{"embeddable":true,"href":"https:\/\/vehicleregistrationscostadelsol.com\/lt\/wp-json\/wp\/v2\/users\/1"}],"replies":[{"embeddable":true,"href":"https:\/\/vehicleregistrationscostadelsol.com\/lt\/wp-json\/wp\/v2\/comments?post=3049"}],"version-history":[{"count":1,"href":"https:\/\/vehicleregistrationscostadelsol.com\/lt\/wp-json\/wp\/v2\/pages\/3049\/revisions"}],"predecessor-version":[{"id":3369,"href":"https:\/\/vehicleregistrationscostadelsol.com\/lt\/wp-json\/wp\/v2\/pages\/3049\/revisions\/3369"}],"wp:attachment":[{"href":"https:\/\/vehicleregistrationscostadelsol.com\/lt\/wp-json\/wp\/v2\/media?parent=3049"}],"curies":[{"name":"wp","href":"https:\/\/api.w.org\/{rel}","templated":true}]}}