{"id":1751,"date":"2020-11-26T15:29:04","date_gmt":"2020-11-26T14:29:04","guid":{"rendered":"http:\/\/vehicleregistrationscostadelsol.com\/?page_id=1751"},"modified":"2026-02-10T18:47:54","modified_gmt":"2026-02-10T17:47:54","slug":"testy-itv-mijas","status":"publish","type":"page","link":"https:\/\/vehicleregistrationscostadelsol.com\/pl\/itv-tests-mijas\/","title":{"rendered":"Testy ITV Mijas 1# Book Cita \u2013 Super szybkie"},"content":{"rendered":"<p>Zapewniamy wygodne us\u0142ugi ITV w Mijas, w tym rezerwacj\u0119 termin\u00f3w, wykonanie testu ITV za Ciebie, a nawet oferowanie odbioru i dowozu Twojego samochodu, je\u015bli jest to mo\u017cliwe. Niezale\u017cnie od tego, czy potrzebujesz pe\u0142nej immatrykulacji na hiszpa\u0144skie tablice rejestracyjne, czy tylko szybkiego testu ITV na swoim hiszpa\u0144skim poje\u017adzie, mamy dla Ciebie wszystko. Wi\u0119kszo\u015b\u0107 naszych rezerwacji odbywa si\u0119 w centrum kontroli ITV w Mijas.<\/p><div id=\"ez-toc-container\" class=\"ez-toc-v2_0_82_2 counter-hierarchy ez-toc-counter ez-toc-grey ez-toc-container-direction\">\n<div class=\"ez-toc-title-container\">\n<p class=\"ez-toc-title\" style=\"cursor:inherit\">Spis tre\u015bci<\/p>\n<span class=\"ez-toc-title-toggle\"><a href=\"#\" class=\"ez-toc-pull-right ez-toc-btn ez-toc-btn-xs ez-toc-btn-default ez-toc-toggle\" aria-label=\"Prze\u0142\u0105cznik Spisu Tre\u015bci\"><span class=\"ez-toc-js-icon-con\"><span class=\"\"><span class=\"eztoc-hide\" style=\"display:none;\">Toggle<\/span><span class=\"ez-toc-icon-toggle-span\"><svg style=\"fill: #999;color:#999\" xmlns=\"http:\/\/www.w3.org\/2000\/svg\" class=\"list-377408\" width=\"20px\" height=\"20px\" viewbox=\"0 0 24 24\" fill=\"none\"><path d=\"M6 6H4v2h2V6zm14 0H8v2h12V6zM4 11h2v2H4v-2zm16 0H8v2h12v-2zM4 16h2v2H4v-2zm16 0H8v2h12v-2z\" fill=\"currentColor\"><\/path><\/svg><svg style=\"fill: #999;color:#999\" class=\"arrow-unsorted-368013\" xmlns=\"http:\/\/www.w3.org\/2000\/svg\" width=\"10px\" height=\"10px\" viewbox=\"0 0 24 24\" version=\"1.2\" baseprofile=\"tiny\"><path d=\"M18.2 9.3l-6.2-6.3-6.2 6.3c-.2.2-.3.4-.3.7s.1.5.3.7c.2.2.4.3.7.3h11c.3 0 .5-.1.7-.3.2-.2.3-.5.3-.7s-.1-.5-.3-.7zM5.8 14.7l6.2 6.3 6.2-6.3c.2-.2.3-.5.3-.7s-.1-.5-.3-.7c-.2-.2-.4-.3-.7-.3h-11c-.3 0-.5.1-.7.3-.2.2-.3.5-.3.7s.1.5.3.7z\"\/><\/svg><\/span><\/span><\/span><\/a><\/span><\/div>\n<nav><ul class='ez-toc-list ez-toc-list-level-1 eztoc-toggle-hide-by-default' ><li class='ez-toc-page-1 ez-toc-heading-level-2'><a class=\"ez-toc-link ez-toc-heading-1\" href=\"https:\/\/vehicleregistrationscostadelsol.com\/pl\/itv-tests-mijas\/#ITV_Appointments_Mijas\" >ITV Appointments Mijas<\/a><\/li><li class='ez-toc-page-1 ez-toc-heading-level-2'><a class=\"ez-toc-link ez-toc-heading-2\" href=\"https:\/\/vehicleregistrationscostadelsol.com\/pl\/itv-tests-mijas\/#What_documents_are_needed_for_an_ITV_inspection_in_Spain\" >Jakie dokumenty s\u0105 potrzebne do kontroli ITV w Hiszpanii?<\/a><ul class='ez-toc-list-level-3' ><li class='ez-toc-heading-level-3'><a class=\"ez-toc-link ez-toc-heading-3\" href=\"https:\/\/vehicleregistrationscostadelsol.com\/pl\/itv-tests-mijas\/#Do_you_put_the_car_through_the_ITV_Tests_Mijas\" >Czy poddajesz samoch\u00f3d testom ITV Mijas?<\/a><ul class='ez-toc-list-level-4' ><li class='ez-toc-heading-level-4'><a class=\"ez-toc-link ez-toc-heading-4\" href=\"https:\/\/vehicleregistrationscostadelsol.com\/pl\/itv-tests-mijas\/#Do_you_offer_a_service_to_register_non_spanish_vehicles_in_Spain_also\" >Czy oferujecie r\u00f3wnie\u017c us\u0142ug\u0119 rejestracji pojazd\u00f3w spoza Hiszpanii?<\/a><ul class='ez-toc-list-level-5' ><li class='ez-toc-heading-level-5'><a class=\"ez-toc-link ez-toc-heading-5\" href=\"https:\/\/vehicleregistrationscostadelsol.com\/pl\/itv-tests-mijas\/#Can_you_source_headlights\" >Czy mo\u017cesz zaopatrzy\u0107 si\u0119 w reflektory?<\/a><ul class='ez-toc-list-level-6' ><li class='ez-toc-heading-level-6'><a class=\"ez-toc-link ez-toc-heading-6\" href=\"https:\/\/vehicleregistrationscostadelsol.com\/pl\/itv-tests-mijas\/#What_ITV_tests_are_performed_at_the_ITV_appointment_Mijas\" >Jakie testy ITV s\u0105 wykonywane podczas wizyty ITV Mijas?<\/a><\/li><\/ul><\/li><li class='ez-toc-page-1 ez-toc-heading-level-5'><a class=\"ez-toc-link ez-toc-heading-7\" href=\"https:\/\/vehicleregistrationscostadelsol.com\/pl\/itv-tests-mijas\/#ITV_appointment_online\" >Spotkanie ITV online<\/a><\/li><li class='ez-toc-page-1 ez-toc-heading-level-5'><a class=\"ez-toc-link ez-toc-heading-8\" href=\"https:\/\/vehicleregistrationscostadelsol.com\/pl\/itv-tests-mijas\/#What_if_the_ITV_fails\" >Co si\u0119 stanie, je\u015bli ITV zawiedzie?<\/a><\/li><\/ul><\/li><\/ul><\/li><\/ul><\/li><\/ul><\/nav><\/div>\n\n\n\n\n<h2 class=\"wp-block-heading\"><span class=\"ez-toc-section\" id=\"ITV_Appointments_Mijas\"><\/span>ITV Appointments Mijas <span class=\"ez-toc-section-end\"><\/span><\/h2>\n\n\n\n<p>Zarezerwujemy pojazd do testu, potrzebujemy zielonego dowodu rejestracyjnego pojazdu przes\u0142anego do nas i musisz mie\u0107 zar\u00f3wno zielony dokument, jak i cz\u0119\u015b\u0107 B dokumentu ITV do testu. Informacje zawarte w dokumentach pojazdu umo\u017cliwiaj\u0105 nam zarezerwowanie testu, a my wysy\u0142amy potwierdzenie z godzin\u0105 i dat\u0105 spotkania. Spotkamy si\u0119 z Tob\u0105 na stacji ITV i przeprowadzimy test. Je\u015bli pojazd nie przejdzie testu, zarezerwujemy i przeprowadzimy drugi test razem z Tob\u0105. <\/p>\n\n\n\n<h2 class=\"wp-block-heading\"><span class=\"ez-toc-section\" id=\"What_documents_are_needed_for_an_ITV_inspection_in_Spain\"><\/span>Jakie dokumenty s\u0105 potrzebne do kontroli ITV w Hiszpanii?<span class=\"ez-toc-section-end\"><\/span><\/h2>\n\n\n\n<ul class=\"wp-block-list\">\n<li>Dokument regulacyjny dotycz\u0105cy pojazd\u00f3w ekologicznych <\/li>\n\n\n\n<li>Dokument ITV cz\u0119\u015b\u0107 B <\/li>\n\n\n\n<li>Karta bankowa do op\u0142acenia ITV, got\u00f3wka nie jest akceptowana. <\/li>\n<\/ul>\n\n\n\n<h3 class=\"wp-block-heading\"><span class=\"ez-toc-section\" id=\"Do_you_put_the_car_through_the_ITV_Tests_Mijas\"><\/span>Czy poddajesz samoch\u00f3d testom ITV Mijas? <span class=\"ez-toc-section-end\"><\/span><\/h3>\n\n\n\n<p>Oferujemy podstawow\u0105 wst\u0119pn\u0105 kontrol\u0119 ITV pojazdu z naszego biura w Fuengirola przed zarezerwowaniem testu ITV, kt\u00f3ry wykonujemy dla Ciebie. <strong>Przeprowadzamy r\u00f3wnie\u017c dla Ciebie samoch\u00f3d przez test ITV<\/strong>. To wielka sprawa, poniewa\u017c oznacza to, \u017ce zwi\u0119kszamy szanse, \u017ce Tw\u00f3j samoch\u00f3d przejedzie <a aria-label=\"Test ITV (otwiera si\u0119 w nowej zak\u0142adce)\" class=\"rank-math-link\" href=\"https:\/\/itvcitaprevia.es\/estaciones-itv\/andalucia\/malaga\/mijas-las-lagunas\/\" target=\"_blank\" rel=\"noreferrer noopener\" data-schema-attribute=\"mentions\">Test ITV<\/a> Mijas.  Przez lata przepu\u015bcili\u015bmy przez hiszpa\u0144ski ITV dos\u0142ownie setki samochod\u00f3w i znamy ten proces od podszewki. <\/p>\n\n\n\n<p>Masz dwie mo\u017cliwo\u015bci spotkania si\u0119 z nami: albo w centrum ITV, albo mo\u017cemy zawie\u017a\u0107 tam Tw\u00f3j samoch\u00f3d, pod warunkiem, \u017ce pozwala nam na to Twoje ubezpieczenie. Po zako\u0144czeniu test\u00f3w ITV zwr\u00f3cimy Ci samoch\u00f3d. Za odbi\u00f3r i dow\u00f3z pobierana jest dodatkowa op\u0142ata. Mo\u017cesz te\u017c wybra\u0107 ta\u0144sz\u0105 opcj\u0119 spotkania z nami na stacji ITV.<\/p>\n\n\n\n<h4 class=\"wp-block-heading\"><span class=\"ez-toc-section\" id=\"Do_you_offer_a_service_to_register_non_spanish_vehicles_in_Spain_also\"><\/span>Czy oferujecie r\u00f3wnie\u017c us\u0142ug\u0119 rejestracji pojazd\u00f3w spoza Hiszpanii?<span class=\"ez-toc-section-end\"><\/span><\/h4>\n\n\n\n<p>Tak, wycena, samoch\u00f3d, papierkowa robota, Ficha technica, zamawianie i monta\u017c tablic, bezp\u0142atna wycena, mechanika, kontrola przed testami ITV, podatki, DGT (traffico) w zasadzie musisz tylko wiedzie\u0107, gdzie jeste\u015bmy z twoim pojazdem. Uwa\u017camy, \u017ce jeste\u015bmy bezkonkurencyjni na wybrze\u017cu i nie jest to tylko pomoc w papierkowej robocie, dos\u0142ownie wykonujemy ca\u0142\u0105 us\u0142ug\u0119 za Ciebie. <\/p>\n\n\n\n<p>Je\u015bli potrzebujesz szybkiego spotkania ITV w Mijas, mo\u017cemy Ci pom\u00f3c. Mo\u017cemy zarezerwowa\u0107 spotkanie dla Ciebie. Mo\u017cemy te\u017c um\u00f3wi\u0107 wizyt\u0119 ITV za Ciebie. Je\u015bli chcesz, aby\u015bmy odebrali samoch\u00f3d i zabrali go dla Ciebie, oferujemy r\u00f3wnie\u017c t\u0119 us\u0142ug\u0119. Ta us\u0142uga jest przeznaczona dla os\u00f3b, kt\u00f3re potrzebuj\u0105 ca\u0142ej immatrykulacji na hiszpa\u0144skie tablice rejestracyjne lub potrzebuj\u0105 tylko szybkiego ITV i nie chc\u0105 robi\u0107 tego samodzielnie. W takim przypadku zarezerwujemy dla Ciebie testy ITV. Wi\u0119kszo\u015b\u0107 test\u00f3w ITV, kt\u00f3re rezerwujemy, odbywa si\u0119 w punkcie ITV w Mijas. <\/p>\n\n\n\n<h5 class=\"wp-block-heading\"><span class=\"ez-toc-section\" id=\"Can_you_source_headlights\"><\/span>Czy mo\u017cesz zaopatrzy\u0107 si\u0119 w reflektory?<span class=\"ez-toc-section-end\"><\/span><\/h5>\n\n\n\n<p>Tak, mo\u017cemy wybra\u0107, dopasowa\u0107 i dostosowa\u0107 wysoko\u015b\u0107 reflektor\u00f3w, aby przej\u015b\u0107 test ITV. W centrum ITV bardzo dbaj\u0105 o o\u015bwietlenie. Mo\u017ce to by\u0107 pora\u017cka tylko w przypadku drobnych korekt. Mo\u017cemy r\u00f3wnie\u017c zaopatrzy\u0107 si\u0119 w \u015bwiat\u0142a przeciwmgielne i \u015bwiat\u0142a cofania, je\u015bli s\u0105 one potrzebne, chocia\u017c zwykle s\u0105 one w porz\u0105dku w samochodach UE z kierownic\u0105 po lewej stronie. <\/p>\n\n\n\n<h6 class=\"wp-block-heading\"><span class=\"ez-toc-section\" id=\"What_ITV_tests_are_performed_at_the_ITV_appointment_Mijas\"><\/span>Jakie testy ITV s\u0105 wykonywane podczas wizyty ITV Mijas?<span class=\"ez-toc-section-end\"><\/span><\/h6>\n\n\n\n<p>Po przedstawieniu dokument\u00f3w w centrum ITV czekasz, a\u017c Tw\u00f3j samoch\u00f3d zostanie wezwany na pas. Nast\u0119pnie najpierw sprawdzaj\u0105 reflektory. Nast\u0119pnie sprawdzaj\u0105 emisje samochodu, opony, w tym obci\u0105\u017cenie opon i dopasowanie. Numer VIN, kierunkowskazy, zagro\u017cenia, wi\u0105zki reflektor\u00f3w, spryskiwacze. Wszelkie modyfikacje, tylne \u015bwiat\u0142a, mg\u0142a, bieg wsteczny i zagro\u017cenia ponownie z ty\u0142u auta. <\/p>\n\n\n\n<p>Samoch\u00f3d jest nast\u0119pnie umieszczany na tocz\u0105cej si\u0119 drodze, gdzie nale\u017cy delikatnie naciska\u0107 hamulce, a\u017c znajd\u0105 si\u0119 w okre\u015blonym punkcie. Nast\u0119pnie nale\u017cy mocniej nacisn\u0105\u0107 na hamulce, co mierzy skuteczno\u015b\u0107 hamulc\u00f3w - dotyczy to hamulca przedniego, tylnego i r\u0119cznego. Ostatni\u0105 cz\u0119\u015bci\u0105 testu jest przejazd przez pit-stop, gdzie poruszasz kierownic\u0105 na boki, a technik ITV sprawdza hamulce i zawieszenie. <\/p>\n\n\n\n<p>Oto niekt\u00f3re z proces\u00f3w, zanim dowiesz si\u0119, czy Tw\u00f3j pojazd przeszed\u0142 testy ITV. Je\u015bli nie powiedzie si\u0119, powiedz\u0105 ci dlaczego i masz 60 dni na naprawienie awarii. Ponowny test jest bezp\u0142atny. <a href=\"https:\/\/vehicleregistrationscostadelsol.com\/pl\/kontakt\/\" data-type=\"page\" data-id=\"649\">Skontaktuj si\u0119 z nami ju\u017c dzi\u015b<\/a><\/p>\n\n\n\n<h5 class=\"wp-block-heading\"><span class=\"ez-toc-section\" id=\"ITV_appointment_online\"><\/span>Spotkanie ITV online<span class=\"ez-toc-section-end\"><\/span><\/h5>\n\n\n\n<p>By\u0107 mo\u017ce pr\u00f3bowa\u0142e\u015b zarezerwowa\u0107 wizyt\u0119 ITV online. Wybory mog\u0105 by\u0107 bardzo ograniczone. Nie tylko mo\u017cemy zarezerwowa\u0107 wizyt\u0119 ITV online, ale zyskujemy warto\u015b\u0107 dodan\u0105 korzystania z wielu innych stacji ITV innych ni\u017c spotkanie ITV Mijas. Oznacza to, \u017ce mamy wyb\u00f3r i mamy dobre relacje z personelem o\u015brodk\u00f3w. Znaj\u0105 nas, poniewa\u017c ka\u017cdego tygodnia przeprowadzamy testy wielu samochod\u00f3w. dlatego czasami mo\u017cemy uzyska\u0107 wcze\u015bniejsz\u0105 zgod\u0119 na wizyt\u0119 ITV online. <\/p>\n\n\n\n<p>Mo\u017cemy zacz\u0105\u0107 od zwr\u00f3cenia si\u0119 do nas z zapytaniem. S\u0142yszymy, \u017ce pr\u00f3buj\u0105c dzisiaj zarezerwowa\u0107 testy ITV, niekt\u00f3re terminy wracaj\u0105 na prze\u0142om lutego\/marca. Oznacza to, \u017ce mo\u017cesz prowadzi\u0107 sw\u00f3j pojazd nielegalnie w Hiszpanii bez wa\u017cnej naklejki lub certyfikatu ITV. To mo\u017ce spowodowa\u0107 skonfiskowanie twojego pojazdu przez hiszpa\u0144sk\u0105 policj\u0119. <\/p>\n\n\n\n<h5 class=\"wp-block-heading\"><span class=\"ez-toc-section\" id=\"What_if_the_ITV_fails\"><\/span>Co si\u0119 stanie, je\u015bli ITV zawiedzie?<span class=\"ez-toc-section-end\"><\/span><\/h5>\n\n\n\n<p>Ch\u0119tnie pomo\u017cemy we wszelkich naprawach, kt\u00f3re mog\u0105 by\u0107 potrzebne do uzyskania pozytywnego wyniku test\u00f3w ITV. Nast\u0119pnie zapewniamy us\u0142ug\u0119 zmiany rezerwacji nieudanego testu i (za op\u0142at\u0105) dokonamy rezerwacji ponownego i ponownego testu za Ciebie. Wsp\u00f3\u0142pracujemy z wieloma wykwalifikowanymi i co najwa\u017cniejsze \u201euczciwymi\u201d mechanikami na Costa del Sol. umo\u017cliwia nam to przygotowanie Twojego pojazdu do ponownego testu bez oszukiwania Ci\u0119. <\/p>\n\n\n\n<p>To wielka sprawa, poniewa\u017c niestety istnieje wiele pozbawionych skrupu\u0142\u00f3w firm, kt\u00f3re mog\u0105 wykorzysta\u0107 t\u0119 sytuacj\u0119. Wszyscy nasi mechanicy (od Fuengiroli do Estepony) s\u0105 dok\u0142adnie sprawdzeni i nigdy nie poleciliby\u015bmy nikomu, kogo nie znamy lub z kim pracowali\u015bmy wcze\u015bniej. <\/p>","protected":false},"excerpt":{"rendered":"<p>We provide convenient ITV services in Mijas, including booking appointments, completing the ITV test for you, and even offering pick-up and drop-off for your car if local and if possible. Whether you need full matriculation onto Spanish plates or just a quick ITV test on your Spanish vehicle, we&#8217;ve got you covered. Most of our [&hellip;]<\/p>\n","protected":false},"author":1,"featured_media":0,"parent":0,"menu_order":0,"comment_status":"closed","ping_status":"closed","template":"","meta":{"site-sidebar-layout":"default","site-content-layout":"default","ast-site-content-layout":"default","site-content-style":"default","site-sidebar-style":"default","ast-global-header-display":"","ast-banner-title-visibility":"","ast-main-header-display":"","ast-hfb-above-header-display":"","ast-hfb-below-header-display":"","ast-hfb-mobile-header-display":"","site-post-title":"","ast-breadcrumbs-content":"","ast-featured-img":"","footer-sml-layout":"","ast-disable-related-posts":"","theme-transparent-header-meta":"default","adv-header-id-meta":"","stick-header-meta":"","header-above-stick-meta":"","header-main-stick-meta":"","header-below-stick-meta":"","astra-migrate-meta-layouts":"set","ast-page-background-enabled":"default","ast-page-background-meta":{"desktop":{"background-color":"","background-image":"","background-repeat":"repeat","background-position":"center center","background-size":"auto","background-attachment":"scroll","background-type":"","background-media":"","overlay-type":"","overlay-color":"","overlay-opacity":"","overlay-gradient":""},"tablet":{"background-color":"","background-image":"","background-repeat":"repeat","background-position":"center center","background-size":"auto","background-attachment":"scroll","background-type":"","background-media":"","overlay-type":"","overlay-color":"","overlay-opacity":"","overlay-gradient":""},"mobile":{"background-color":"","background-image":"","background-repeat":"repeat","background-position":"center center","background-size":"auto","background-attachment":"scroll","background-type":"","background-media":"","overlay-type":"","overlay-color":"","overlay-opacity":"","overlay-gradient":""}},"ast-content-background-meta":{"desktop":{"background-color":"var(--ast-global-color-5)","background-image":"","background-repeat":"repeat","background-position":"center center","background-size":"auto","background-attachment":"scroll","background-type":"","background-media":"","overlay-type":"","overlay-color":"","overlay-opacity":"","overlay-gradient":""},"tablet":{"background-color":"var(--ast-global-color-5)","background-image":"","background-repeat":"repeat","background-position":"center center","background-size":"auto","background-attachment":"scroll","background-type":"","background-media":"","overlay-type":"","overlay-color":"","overlay-opacity":"","overlay-gradient":""},"mobile":{"background-color":"var(--ast-global-color-5)","background-image":"","background-repeat":"repeat","background-position":"center center","background-size":"auto","background-attachment":"scroll","background-type":"","background-media":"","overlay-type":"","overlay-color":"","overlay-opacity":"","overlay-gradient":""}},"footnotes":""},"class_list":["post-1751","page","type-page","status-publish","hentry"],"_links":{"self":[{"href":"https:\/\/vehicleregistrationscostadelsol.com\/pl\/wp-json\/wp\/v2\/pages\/1751","targetHints":{"allow":["GET"]}}],"collection":[{"href":"https:\/\/vehicleregistrationscostadelsol.com\/pl\/wp-json\/wp\/v2\/pages"}],"about":[{"href":"https:\/\/vehicleregistrationscostadelsol.com\/pl\/wp-json\/wp\/v2\/types\/page"}],"author":[{"embeddable":true,"href":"https:\/\/vehicleregistrationscostadelsol.com\/pl\/wp-json\/wp\/v2\/users\/1"}],"replies":[{"embeddable":true,"href":"https:\/\/vehicleregistrationscostadelsol.com\/pl\/wp-json\/wp\/v2\/comments?post=1751"}],"version-history":[{"count":1,"href":"https:\/\/vehicleregistrationscostadelsol.com\/pl\/wp-json\/wp\/v2\/pages\/1751\/revisions"}],"predecessor-version":[{"id":3577,"href":"https:\/\/vehicleregistrationscostadelsol.com\/pl\/wp-json\/wp\/v2\/pages\/1751\/revisions\/3577"}],"wp:attachment":[{"href":"https:\/\/vehicleregistrationscostadelsol.com\/pl\/wp-json\/wp\/v2\/media?parent=1751"}],"curies":[{"name":"wp","href":"https:\/\/api.w.org\/{rel}","templated":true}]}}