{"id":1807,"date":"2020-12-01T20:42:42","date_gmt":"2020-12-01T19:42:42","guid":{"rendered":"http:\/\/vehicleregistrationscostadelsol.com\/?page_id=1807"},"modified":"2021-04-23T19:10:08","modified_gmt":"2021-04-23T17:10:08","slug":"wymiana-reflektorow-w-hiszpanii-realignment","status":"publish","type":"page","link":"https:\/\/vehicleregistrationscostadelsol.com\/pl\/changing-headlights-in-spain-realignment\/","title":{"rendered":"Zmiana reflektor\u00f3w w Hiszpanii reorientacja \u015awietny #1"},"content":{"rendered":"<div data-elementor-type=\"wp-page\" data-elementor-id=\"1807\" class=\"elementor elementor-1807\">\n\t\t\t\t\t\t<section class=\"elementor-section elementor-top-section elementor-element elementor-element-754ee66 elementor-section-boxed elementor-section-height-default elementor-section-height-default\" data-id=\"754ee66\" data-element_type=\"section\" data-e-type=\"section\">\n\t\t\t\t\t\t<div class=\"elementor-container elementor-column-gap-default\">\n\t\t\t\t\t<div class=\"elementor-column elementor-col-100 elementor-top-column elementor-element elementor-element-606d3029\" data-id=\"606d3029\" data-element_type=\"column\" data-e-type=\"column\">\n\t\t\t<div class=\"elementor-widget-wrap elementor-element-populated\">\n\t\t\t\t\t\t<div class=\"elementor-element elementor-element-66038a9e elementor-widget elementor-widget-text-editor\" data-id=\"66038a9e\" data-element_type=\"widget\" data-e-type=\"widget\" data-widget_type=\"text-editor.default\">\n\t\t\t\t\t\t\t\t\t<p><\/p><div id=\"ez-toc-container\" class=\"ez-toc-v2_0_82_2 counter-hierarchy ez-toc-counter ez-toc-grey ez-toc-container-direction\">\n<div class=\"ez-toc-title-container\">\n<p class=\"ez-toc-title\" style=\"cursor:inherit\">Spis tre\u015bci<\/p>\n<span class=\"ez-toc-title-toggle\"><a href=\"#\" class=\"ez-toc-pull-right ez-toc-btn ez-toc-btn-xs ez-toc-btn-default ez-toc-toggle\" aria-label=\"Prze\u0142\u0105cznik Spisu Tre\u015bci\"><span class=\"ez-toc-js-icon-con\"><span class=\"\"><span class=\"eztoc-hide\" style=\"display:none;\">Toggle<\/span><span class=\"ez-toc-icon-toggle-span\"><svg style=\"fill: #999;color:#999\" xmlns=\"http:\/\/www.w3.org\/2000\/svg\" class=\"list-377408\" width=\"20px\" height=\"20px\" viewbox=\"0 0 24 24\" fill=\"none\"><path d=\"M6 6H4v2h2V6zm14 0H8v2h12V6zM4 11h2v2H4v-2zm16 0H8v2h12v-2zM4 16h2v2H4v-2zm16 0H8v2h12v-2z\" fill=\"currentColor\"><\/path><\/svg><svg style=\"fill: #999;color:#999\" class=\"arrow-unsorted-368013\" xmlns=\"http:\/\/www.w3.org\/2000\/svg\" width=\"10px\" height=\"10px\" viewbox=\"0 0 24 24\" version=\"1.2\" baseprofile=\"tiny\"><path d=\"M18.2 9.3l-6.2-6.3-6.2 6.3c-.2.2-.3.4-.3.7s.1.5.3.7c.2.2.4.3.7.3h11c.3 0 .5-.1.7-.3.2-.2.3-.5.3-.7s-.1-.5-.3-.7zM5.8 14.7l6.2 6.3 6.2-6.3c.2-.2.3-.5.3-.7s-.1-.5-.3-.7c-.2-.2-.4-.3-.7-.3h-11c-.3 0-.5.1-.7.3-.2.2-.3.5-.3.7s.1.5.3.7z\"\/><\/svg><\/span><\/span><\/span><\/a><\/span><\/div>\n<nav><ul class='ez-toc-list ez-toc-list-level-1' ><li class='ez-toc-page-1 ez-toc-heading-level-2'><a class=\"ez-toc-link ez-toc-heading-1\" href=\"https:\/\/vehicleregistrationscostadelsol.com\/pl\/changing-headlights-in-spain-realignment\/#Headlight_Realignment_Spain\" >Regulacja reflektor\u00f3w Hiszpania<\/a><\/li><li class='ez-toc-page-1 ez-toc-heading-level-2'><a class=\"ez-toc-link ez-toc-heading-2\" href=\"https:\/\/vehicleregistrationscostadelsol.com\/pl\/changing-headlights-in-spain-realignment\/#Will_the_Headlight_stickers_that_change_the_beam_work\" >Czy naklejki na reflektory, kt\u00f3re zmieniaj\u0105 wi\u0105zk\u0119 \u015bwiat\u0142a, b\u0119d\u0105 dzia\u0142a\u0107?<\/a><ul class='ez-toc-list-level-3' ><li class='ez-toc-heading-level-3'><a class=\"ez-toc-link ez-toc-heading-3\" href=\"https:\/\/vehicleregistrationscostadelsol.com\/pl\/changing-headlights-in-spain-realignment\/#Can_you_provide_Changing_Headlights_In_Spain_Realignment\" >Czy mo\u017cesz zapewni\u0107 zmian\u0119 reflektor\u00f3w w wyr\u00f3wnaniu w Hiszpanii?<\/a><ul class='ez-toc-list-level-4' ><li class='ez-toc-heading-level-4'><a class=\"ez-toc-link ez-toc-heading-4\" href=\"https:\/\/vehicleregistrationscostadelsol.com\/pl\/changing-headlights-in-spain-realignment\/#Are_the_headlights_under_warranty\" >Czy reflektory s\u0105 obj\u0119te gwarancj\u0105?<\/a><ul class='ez-toc-list-level-5' ><li class='ez-toc-heading-level-5'><a class=\"ez-toc-link ez-toc-heading-5\" href=\"https:\/\/vehicleregistrationscostadelsol.com\/pl\/changing-headlights-in-spain-realignment\/#How_do_you_check_Changing_Headlights_In_Spain_Realignment\" >Jak sprawdzi\u0107 zmian\u0119 ustawienia reflektor\u00f3w w Hiszpanii?<\/a><ul class='ez-toc-list-level-6' ><li class='ez-toc-heading-level-6'><a class=\"ez-toc-link ez-toc-heading-6\" href=\"https:\/\/vehicleregistrationscostadelsol.com\/pl\/changing-headlights-in-spain-realignment\/#WhatsApp_us_for_a_free_quote_on_headlights_-_WE_DELIVER_TO_THE_WHOLE_OF_SPAIN\" >WhatsApp po darmow\u0105 wycen\u0119 reflektor\u00f3w - DOSTAWA DO CA\u0141EJ HISZPANII<\/a><\/li><li class='ez-toc-page-1 ez-toc-heading-level-6'><a class=\"ez-toc-link ez-toc-heading-7\" href=\"https:\/\/vehicleregistrationscostadelsol.com\/pl\/changing-headlights-in-spain-realignment\/#Click_below_and_we_will_find_headlights_or_headlight_realignment_for_you_cheap\" >Kliknij poni\u017cej, a znajdziemy dla Ciebie reflektory lub wyr\u00f3wnanie reflektor\u00f3w za tanio<\/a><\/li><\/ul><\/li><\/ul><\/li><\/ul><\/li><\/ul><\/li><\/ul><\/nav><\/div>\n\n<p><strong>Zmiana reflektor\u00f3w w wyr\u00f3wnaniu w Hiszpanii<\/strong> Twoich reflektor\u00f3w jest konieczne, gdy prowadzisz samoch\u00f3d w Wielkiej Brytanii i umieszczasz sw\u00f3j samoch\u00f3d na hiszpa\u0144skich tablicach rejestracyjnych. Z natury reflektory Twojego brytyjskiego samochodu s\u0105 skierowane w przeciwnym kierunku od kraw\u0119\u017cnika, a wi\u0119c w kierunku nadje\u017cd\u017caj\u0105cych samochod\u00f3w. Jest to oczywi\u015bcie problem i w rezultacie, kiedy rejestrujesz sw\u00f3j samoch\u00f3d w Hiszpanii i przekazujesz go do hiszpa\u0144skiego ITV, musisz mie\u0107 nowe hiszpa\u0144skie reflektory, aby \u015bwiat\u0142a mog\u0142y by\u0107 skierowane w stron\u0119 kraw\u0119\u017cnika. <b>Dostarczamy reflektory na ca\u0142\u0105 Hiszpani\u0119.<\/b><\/p>\n<p><\/p>\n<h2 class=\"wp-block-heading\"><span class=\"ez-toc-section\" id=\"Headlight_Realignment_Spain\"><\/span>Regulacja reflektor\u00f3w Hiszpania<span class=\"ez-toc-section-end\"><\/span><\/h2>\n<p><\/p>\n<p>Wiele \u015bwiate\u0142 mo\u017cna wyr\u00f3wna\u0107. Zmiana ustawienia reflektor\u00f3w jest cz\u0119sto ta\u0144sza ni\u017c zakup zupe\u0142nie nowych reflektor\u00f3w. Mo\u017cesz do nas podjecha\u0107 swoim samochodem, a my sprawdzimy dla Ciebie reflektory. Mo\u017cemy to zrobi\u0107, podczas gdy zrobimy BEZP\u0141ATN\u0104 kontrol\u0119 przed ITV. Poinformujemy Ci\u0119, czy lepiej kupi\u0107 nowe reflektory (w czym mo\u017cemy pom\u00f3c), czy te\u017c wyregulowa\u0107 reflektory, podczas gdy reflektory zosta\u0142y wymienione lub wyregulowane, mo\u017cemy r\u00f3wnie\u017c spojrze\u0107 na Twoje \u015bwiat\u0142a cofania i przeciwmgielne, aby upewni\u0107 si\u0119, \u017ce s\u0105 nie zawied\u017a ITV. Ustawienie reflektor\u00f3w odbywa si\u0119 indywidualnie dla ka\u017cdego przypadku.<\/p>\n<p><\/p>\n<h2 class=\"wp-block-heading\"><span class=\"ez-toc-section\" id=\"Will_the_Headlight_stickers_that_change_the_beam_work\"><\/span>Czy naklejki na reflektory, kt\u00f3re zmieniaj\u0105 wi\u0105zk\u0119 \u015bwiat\u0142a, b\u0119d\u0105 dzia\u0142a\u0107?<span class=\"ez-toc-section-end\"><\/span><\/h2>\n<p><\/p>\n<p>Nie, s\u0105 tymczasowo dobrym sposobem na pomoc innym kierowcom, ale nie przejd\u0105 hiszpa\u0144skiego ITV. Po prostu samoch\u00f3d natychmiast ulegnie awarii i b\u0119dzie musia\u0142 zosta\u0107 postawiony przed powt\u00f3rnym testem hiszpa\u0144skiego ITV. Jedynym sposobem na zapewnienie przej\u015bcia przez ITV jest zmiana nowego ustawienia reflektor\u00f3w w Hiszpanii.<\/p>\n<p><\/p>\n<h3 class=\"wp-block-heading\"><span class=\"ez-toc-section\" id=\"Can_you_provide_Changing_Headlights_In_Spain_Realignment\"><\/span>Czy mo\u017cesz zapewni\u0107 zmian\u0119 reflektor\u00f3w w wyr\u00f3wnaniu w Hiszpanii?<span class=\"ez-toc-section-end\"><\/span><\/h3>\n<p><\/p>\n<p>Tak, czujemy, \u017ce mamy kontakty, aby pokona\u0107 wi\u0119kszo\u015b\u0107 cytat\u00f3w z zupe\u0142nie nowych reflektor\u00f3w. Pozyskujemy i dostarczamy do nas lub bezpo\u015brednio do Ciebie w dowolnym miejscu w Hiszpanii Twoje nowe reflektory i mamy dla Ciebie jednego z naszych wykwalifikowanych mechanik\u00f3w. Kupuj\u0105c zupe\u0142nie nowe lub po wyregulowaniu reflektor\u00f3w, mo\u017cemy uzyska\u0107 wycen\u0119 na ponowne ustawienie reflektor\u00f3w. Nie zawsze jest to tanie i nie zawsze mo\u017cliwe. <a class=\"rank-math-link\" href=\"https:\/\/vehicleregistrationscostadelsol.com\/pl\/kontakt\/\" target=\"_blank\" rel=\"noreferrer noopener\" aria-label=\" (otwiera si\u0119 w nowej karcie)\" data-schema-attribute=\"about\">Skontaktuj si\u0119 z nami, aby uzyska\u0107 bezp\u0142atn\u0105 wycen\u0119 swoich reflektor\u00f3w ju\u017c dzi\u015b<\/a>.<\/p>\n<p><\/p>\n<h4 class=\"wp-block-heading\"><span class=\"ez-toc-section\" id=\"Are_the_headlights_under_warranty\"><\/span>Czy reflektory s\u0105 obj\u0119te gwarancj\u0105?<span class=\"ez-toc-section-end\"><\/span><\/h4>\n<p><\/p>\n<p>Wi\u0119kszo\u015b\u0107 dostarczanych przez nas reflektor\u00f3w posiada dwuletni\u0105 gwarancj\u0119. Wysy\u0142amy Ci\u0119 r\u00f3wnie\u017c do angloj\u0119zycznego gara\u017cu w pobli\u017cu centrum ITV w Mijas, aby umo\u017cliwi\u0107 zamontowanie nowych hiszpa\u0144skich reflektor\u00f3w w celu zapewnienia zgodno\u015bci na <a class=\"rank-math-link\" href=\"https:\/\/www.itvcita.com\/Welcome.do\" target=\"_blank\" rel=\"noreferrer noopener\" aria-label=\"Centrum ITV (otwiera si\u0119 w nowej zak\u0142adce)\">Centrum ITV<\/a>. B\u0119d\u0105 jod\u0142y w gara\u017cu i s\u0105 to mechanicy, kt\u00f3rych znamy i kt\u00f3rym ufamy, \u017ce szybko i profesjonalnie wykonaj\u0105 prac\u0119, aby umo\u017cliwi\u0107 <strong>Zmiana reflektor\u00f3w w wyr\u00f3wnaniu w Hiszpanii<\/strong>.<\/p>\n<p><\/p>\n<h5 class=\"wp-block-heading\"><span class=\"ez-toc-section\" id=\"How_do_you_check_Changing_Headlights_In_Spain_Realignment\"><\/span>Jak sprawdzi\u0107 zmian\u0119 ustawienia reflektor\u00f3w w Hiszpanii?<span class=\"ez-toc-section-end\"><\/span><\/h5>\n<p><\/p>\n<p>Przyprowadzasz samoch\u00f3d do nas lub je\u015bli lokalnie mo\u017cemy podjecha\u0107, aby sprawdzi\u0107 Twoje reflektory. Nast\u0119pnie sprawdzamy w ca\u0142ej Europie, aby znale\u017a\u0107 najlepsz\u0105 cen\u0119 na nowe zamienne reflektory do Twojego Pojazdu. Istnieje kilka r\u00f3\u017cnych typ\u00f3w reflektor\u00f3w,<\/p>\n<p><\/p>\n<ul class=\"wp-block-list\">\n<li>Reflektory ksenonowe<\/li>\n<li>Reflektory halogenowe<\/li>\n<li>Reflektory LED<\/li>\n<li>Reflektory i reflektory z wi\u0105zk\u0105 projektora<\/li>\n<\/ul>\n<p><\/p>\n<p>W zale\u017cno\u015bci od tego, kt\u00f3re reflektory zidentyfikujemy w Twoim poje\u017adzie, pozyskamy najta\u0144sze nowe reflektory w Europie i zlecimy ich dostaw\u0119 do nas. Ceny monta\u017cu reflektor\u00f3w do hiszpa\u0144skiego ITV oraz wymiany \u015bwiate\u0142 przeciwmgielnych i cofania ustalane s\u0105 indywidualnie. Czasami zderzak trzeba zdj\u0105\u0107, a czasami jest to prostsze. Nasz zesp\u00f3\u0142 w pe\u0142ni zarejestrowanych i wykwalifikowanych mechanik\u00f3w mo\u017ce zamontowa\u0107 Twoje nowe hiszpa\u0144skie reflektory. Uwa\u017camy, \u017ce nasze ceny s\u0105 w wi\u0119kszo\u015bci DU\u017bO ta\u0144sze ni\u017c p\u00f3j\u015bcie bezpo\u015brednio do warsztatu, poniewa\u017c mamy wiele \u017ar\u00f3de\u0142, aby uzyska\u0107 dla Ciebie reflektory do wymiany reflektor\u00f3w w Hiszpanii.<\/p>\n<p><\/p>\n<p>Nasze reflektory sprowadzamy w Hiszpanii z ca\u0142ej Europy, s\u0105 one do nas dostarczane bardzo szybko z Hiszpanii, Niemiec, a nawet Wielkiej Brytanii. Wi\u0119kszo\u015b\u0107 reflektor\u00f3w jest obj\u0119ta dwuletni\u0105 gwarancj\u0105. I gwarantujemy zwrot pieni\u0119dzy, je\u015bli \u015bwiat\u0142a b\u0119d\u0105 nieprawid\u0142owe. Mamy doskona\u0142e relacje z jednymi z najlepszych na \u015bwiecie, nowych hiszpa\u0144skich dostawc\u00f3w reflektor\u00f3w. Oznacza to, \u017ce mo\u017cesz znacznie zaoszcz\u0119dzi\u0107 na zakupie reflektor\u00f3w bezpo\u015brednio z warsztat\u00f3w na Costa Del Sol. Nie tylko, \u017ce mamy panel angloj\u0119zycznych mechanik\u00f3w na Costa Del Sol, kt\u00f3re dok\u0142adnie sprawdzili\u015bmy i bezgranicznie ufamy.<\/p>\n<p><\/p>\n<p><strong>Jakie s\u0105 post\u0119py w korzystaniu z nas przy zmianach reflektor\u00f3w w Hiszpanii?<\/strong><\/p>\n<p><\/p>\n<ul class=\"wp-block-list\">\n<li>Ta\u0144sze reflektory bez kompromis\u00f3w jako\u015bciowych<\/li>\n<li>Kompleksowe wsparcie<\/li>\n<li>Zapewniona sprawdzona mechanika<\/li>\n<li>Gwarantowane prawid\u0142owe reflektory<\/li>\n<li>Pozyskiwane \u015bwiat\u0142a przeciwmgielne i cofania<\/li>\n<li>Dostarczane s\u0105 bezpo\u015brednio do nas lub do nas <b>dostarczy\u0107 na terenie ca\u0142ej Hiszpanii<\/b>.&nbsp;<\/li>\n<li>Odbierzemy Tw\u00f3j samoch\u00f3d i zabierzemy go do monta\u017cu \u015bwiate\u0142 (dodatkowa op\u0142ata)<\/li>\n<li>Regulacja reflektor\u00f3w, je\u015bli to mo\u017cliwe<\/li>\n<\/ul>\n<p><\/p>\n<p>Wymiana reflektor\u00f3w w Hiszpanii Wyr\u00f3wnanie nie musi by\u0107 d\u0142ugotrwa\u0142ym procesem, w kt\u00f3rym wyst\u0119puje stres. Pozw\u00f3l nam wykona\u0107 dla Ciebie ci\u0119\u017ck\u0105 prac\u0119. <a href=\"https:\/\/vehicleregistrationscostadelsol.com\/pl\/kontakt\/\" target=\"_blank\" rel=\"noopener\">Skontaktuj si\u0119 z nami<\/a> dzi\u015b a damy rad\u0119, mo\u017ce uda Ci si\u0119 do nas podjecha\u0107 a my to za Ciebie sprawdzimy.<\/p>\n<p><\/p>\t\t\t\t\t\t\t\t<\/div>\n\t\t\t\t<div class=\"elementor-element elementor-element-1cfad31 elementor-widget elementor-widget-menu-anchor\" data-id=\"1cfad31\" data-element_type=\"widget\" data-e-type=\"widget\" data-widget_type=\"menu-anchor.default\">\n\t\t\t\t\t\t\t<div class=\"elementor-menu-anchor\" id=\"freequoteheadlights\"><\/div>\n\t\t\t\t\t\t<\/div>\n\t\t\t\t\t<\/div>\n\t\t<\/div>\n\t\t\t\t\t<\/div>\n\t\t<\/section>\n\t\t\t\t<section class=\"elementor-section elementor-top-section elementor-element elementor-element-27bb09b4 elementor-section-boxed elementor-section-height-default elementor-section-height-default\" data-id=\"27bb09b4\" data-element_type=\"section\" data-e-type=\"section\" data-settings=\"{&quot;background_background&quot;:&quot;gradient&quot;}\">\n\t\t\t\t\t\t\t<div class=\"elementor-background-overlay\"><\/div>\n\t\t\t\t\t\t\t<div class=\"elementor-container elementor-column-gap-no\">\n\t\t\t\t\t<div class=\"elementor-column elementor-col-100 elementor-top-column elementor-element elementor-element-638fdecc\" data-id=\"638fdecc\" data-element_type=\"column\" data-e-type=\"column\" data-settings=\"{&quot;background_background&quot;:&quot;classic&quot;}\">\n\t\t\t<div class=\"elementor-widget-wrap elementor-element-populated\">\n\t\t\t\t\t\t<div class=\"elementor-element elementor-element-39a32909 elementor-widget elementor-widget-heading\" data-id=\"39a32909\" data-element_type=\"widget\" data-e-type=\"widget\" data-widget_type=\"heading.default\">\n\t\t\t\t\t<h6 class=\"elementor-heading-title elementor-size-default\"><span class=\"ez-toc-section\" id=\"WhatsApp_us_for_a_free_quote_on_headlights_-_WE_DELIVER_TO_THE_WHOLE_OF_SPAIN\"><\/span>Popro\u015b nas o bezp\u0142atn\u0105 wycen\u0119 reflektor\u00f3w - <b>DOSTARCZAMY DO CA\u0141EJ HISZPANII<\/b><span class=\"ez-toc-section-end\"><\/span><\/h6>\t\t\t\t<\/div>\n\t\t\t\t<div class=\"elementor-element elementor-element-43b9784 elementor-widget-divider--view-line elementor-widget elementor-widget-divider\" data-id=\"43b9784\" data-element_type=\"widget\" data-e-type=\"widget\" data-widget_type=\"divider.default\">\n\t\t\t\t\t\t\t<div class=\"elementor-divider\">\n\t\t\t<span class=\"elementor-divider-separator\">\n\t\t\t\t\t\t<\/span>\n\t\t<\/div>\n\t\t\t\t\t\t<\/div>\n\t\t\t\t<div class=\"elementor-element elementor-element-394dde00 elementor-widget elementor-widget-heading\" data-id=\"394dde00\" data-element_type=\"widget\" data-e-type=\"widget\" data-widget_type=\"heading.default\">\n\t\t\t\t\t<h6 class=\"elementor-heading-title elementor-size-default\"><span class=\"ez-toc-section\" id=\"Click_below_and_we_will_find_headlights_or_headlight_realignment_for_you_cheap\"><\/span>Kliknij poni\u017cej, a znajdziemy dla Ciebie reflektory lub wyr\u00f3wnanie reflektor\u00f3w za tanio<span class=\"ez-toc-section-end\"><\/span><\/h6>\t\t\t\t<\/div>\n\t\t\t\t<div class=\"elementor-element elementor-element-4a3aa860 elementor-align-center elementor-mobile-align-center elementor-widget elementor-widget-button\" data-id=\"4a3aa860\" data-element_type=\"widget\" data-e-type=\"widget\" data-widget_type=\"button.default\">\n\t\t\t\t\t\t\t\t\t\t<a class=\"elementor-button elementor-button-link elementor-size-md\" href=\"https:\/\/wa.me\/+34696337629?text=I&#039;m%20interested%20in%20your%20free%20headlight%20quote\" target=\"_blank\" rel=\"noopener\">\n\t\t\t\t\t\t<span class=\"elementor-button-content-wrapper\">\n\t\t\t\t\t\t<span class=\"elementor-button-icon\">\n\t\t\t\t<svg aria-hidden=\"true\" class=\"e-font-icon-svg e-far-calendar-check\" viewbox=\"0 0 448 512\" xmlns=\"http:\/\/www.w3.org\/2000\/svg\"><path d=\"M400 64h-48V12c0-6.627-5.373-12-12-12h-40c-6.627 0-12 5.373-12 12v52H160V12c0-6.627-5.373-12-12-12h-40c-6.627 0-12 5.373-12 12v52H48C21.49 64 0 85.49 0 112v352c0 26.51 21.49 48 48 48h352c26.51 0 48-21.49 48-48V112c0-26.51-21.49-48-48-48zm-6 400H54a6 6 0 0 1-6-6V160h352v298a6 6 0 0 1-6 6zm-52.849-200.65L198.842 404.519c-4.705 4.667-12.303 4.637-16.971-.068l-75.091-75.699c-4.667-4.705-4.637-12.303.068-16.971l22.719-22.536c4.705-4.667 12.303-4.637 16.97.069l44.104 44.461 111.072-110.181c4.705-4.667 12.303-4.637 16.971.068l22.536 22.718c4.667 4.705 4.636 12.303-.069 16.97z\"><\/path><\/svg>\t\t\t<\/span>\n\t\t\t\t\t\t\t\t\t<span class=\"elementor-button-text\">Bezp\u0142atna wycena<\/span>\n\t\t\t\t\t<\/span>\n\t\t\t\t\t<\/a>\n\t\t\t\t\t\t\t\t<\/div>\n\t\t\t\t\t<\/div>\n\t\t<\/div>\n\t\t\t\t\t<\/div>\n\t\t<\/section>\n\t\t\t\t<\/div>","protected":false},"excerpt":{"rendered":"<p>Changing Headlights In Spain Realignment of your headlights is necessary when you drive a UK car and you are putting your car onto Spanish reg plates. By nature the headlights of your UK car point in the opposite direction from the curb hence into the direction of oncoming cars. This is obviously a problem and [&hellip;]<\/p>\n","protected":false},"author":1,"featured_media":2109,"parent":0,"menu_order":0,"comment_status":"closed","ping_status":"closed","template":"","meta":{"site-sidebar-layout":"default","site-content-layout":"default","ast-site-content-layout":"default","site-content-style":"default","site-sidebar-style":"default","ast-global-header-display":"","ast-banner-title-visibility":"","ast-main-header-display":"","ast-hfb-above-header-display":"","ast-hfb-below-header-display":"","ast-hfb-mobile-header-display":"","site-post-title":"","ast-breadcrumbs-content":"","ast-featured-img":"","footer-sml-layout":"","ast-disable-related-posts":"","theme-transparent-header-meta":"default","adv-header-id-meta":"","stick-header-meta":"","header-above-stick-meta":"","header-main-stick-meta":"","header-below-stick-meta":"","astra-migrate-meta-layouts":"default","ast-page-background-enabled":"default","ast-page-background-meta":{"desktop":{"background-color":"","background-image":"","background-repeat":"repeat","background-position":"center center","background-size":"auto","background-attachment":"scroll","background-type":"","background-media":"","overlay-type":"","overlay-color":"","overlay-opacity":"","overlay-gradient":""},"tablet":{"background-color":"","background-image":"","background-repeat":"repeat","background-position":"center center","background-size":"auto","background-attachment":"scroll","background-type":"","background-media":"","overlay-type":"","overlay-color":"","overlay-opacity":"","overlay-gradient":""},"mobile":{"background-color":"","background-image":"","background-repeat":"repeat","background-position":"center center","background-size":"auto","background-attachment":"scroll","background-type":"","background-media":"","overlay-type":"","overlay-color":"","overlay-opacity":"","overlay-gradient":""}},"ast-content-background-meta":{"desktop":{"background-color":"var(--ast-global-color-5)","background-image":"","background-repeat":"repeat","background-position":"center center","background-size":"auto","background-attachment":"scroll","background-type":"","background-media":"","overlay-type":"","overlay-color":"","overlay-opacity":"","overlay-gradient":""},"tablet":{"background-color":"var(--ast-global-color-5)","background-image":"","background-repeat":"repeat","background-position":"center center","background-size":"auto","background-attachment":"scroll","background-type":"","background-media":"","overlay-type":"","overlay-color":"","overlay-opacity":"","overlay-gradient":""},"mobile":{"background-color":"var(--ast-global-color-5)","background-image":"","background-repeat":"repeat","background-position":"center center","background-size":"auto","background-attachment":"scroll","background-type":"","background-media":"","overlay-type":"","overlay-color":"","overlay-opacity":"","overlay-gradient":""}},"footnotes":""},"class_list":["post-1807","page","type-page","status-publish","has-post-thumbnail","hentry"],"_links":{"self":[{"href":"https:\/\/vehicleregistrationscostadelsol.com\/pl\/wp-json\/wp\/v2\/pages\/1807","targetHints":{"allow":["GET"]}}],"collection":[{"href":"https:\/\/vehicleregistrationscostadelsol.com\/pl\/wp-json\/wp\/v2\/pages"}],"about":[{"href":"https:\/\/vehicleregistrationscostadelsol.com\/pl\/wp-json\/wp\/v2\/types\/page"}],"author":[{"embeddable":true,"href":"https:\/\/vehicleregistrationscostadelsol.com\/pl\/wp-json\/wp\/v2\/users\/1"}],"replies":[{"embeddable":true,"href":"https:\/\/vehicleregistrationscostadelsol.com\/pl\/wp-json\/wp\/v2\/comments?post=1807"}],"version-history":[{"count":0,"href":"https:\/\/vehicleregistrationscostadelsol.com\/pl\/wp-json\/wp\/v2\/pages\/1807\/revisions"}],"wp:featuredmedia":[{"embeddable":true,"href":"https:\/\/vehicleregistrationscostadelsol.com\/pl\/wp-json\/wp\/v2\/media\/2109"}],"wp:attachment":[{"href":"https:\/\/vehicleregistrationscostadelsol.com\/pl\/wp-json\/wp\/v2\/media?parent=1807"}],"curies":[{"name":"wp","href":"https:\/\/api.w.org\/{rel}","templated":true}]}}