{"id":1909,"date":"2020-12-20T15:56:00","date_gmt":"2020-12-20T14:56:00","guid":{"rendered":"https:\/\/vehicleregistrationscostadelsol.com\/?page_id=1909"},"modified":"2024-10-27T21:03:29","modified_gmt":"2024-10-27T20:03:29","slug":"zielone-tablice-rejestracyjne-hiszpania","status":"publish","type":"page","link":"https:\/\/vehicleregistrationscostadelsol.com\/pl\/green-number-plates-spain\/","title":{"rendered":"Zielone tablice rejestracyjne Hiszpania Tablice &#039;P&#039; 1# niesamowite"},"content":{"rendered":"<h2 class=\"wp-block-heading\"><span class=\"ez-toc-section\" id=\"Do_you_need_green_reg_plates_in_Spain\"><\/span>Potrzebujesz zielonych tablic rejestracyjnych w Hiszpanii?<span class=\"ez-toc-section-end\"><\/span><\/h2>\n\n\n\n<p>Je\u015bli planujesz legaln\u0105 jazd\u0119 samochodem z zielonymi tablicami rejestracyjnymi w Hiszpanii, musisz je zam\u00f3wi\u0107 w hiszpa\u0144skim DGT. Umo\u017cliwiaj\u0105 one legaln\u0105 jazd\u0119 z powod\u00f3w, \u017ce Twoje ubezpieczenie we w\u0142asnym kraju mog\u0142o si\u0119 wyczerpa\u0107, Tw\u00f3j przegl\u0105d techniczny m\u00f3g\u0142 si\u0119 wyczerpa\u0107 lub Tw\u00f3j pojazd mo\u017ce by\u0107 obj\u0119ty SORN w Wielkiej Brytanii lub odpowiednikiem UE dla samochod\u00f3w UE. Tw\u00f3j pojazd mo\u017ce by\u0107 legalny do jazdy w Hiszpanii przez pewien czas. Jednak zawsze najlepiej sprawdzi\u0107, czy potrzebujesz <strong>Zielone tablice rejestracyjne<\/strong>lub jak nazywaj\u0105 to w Hiszpanii \"placas verdes\".<\/p><div id=\"ez-toc-container\" class=\"ez-toc-v2_0_82_2 counter-hierarchy ez-toc-counter ez-toc-grey ez-toc-container-direction\">\n<div class=\"ez-toc-title-container\">\n<p class=\"ez-toc-title\" style=\"cursor:inherit\">Spis tre\u015bci<\/p>\n<span class=\"ez-toc-title-toggle\"><a href=\"#\" class=\"ez-toc-pull-right ez-toc-btn ez-toc-btn-xs ez-toc-btn-default ez-toc-toggle\" aria-label=\"Prze\u0142\u0105cznik Spisu Tre\u015bci\"><span class=\"ez-toc-js-icon-con\"><span class=\"\"><span class=\"eztoc-hide\" style=\"display:none;\">Toggle<\/span><span class=\"ez-toc-icon-toggle-span\"><svg style=\"fill: #999;color:#999\" xmlns=\"http:\/\/www.w3.org\/2000\/svg\" class=\"list-377408\" width=\"20px\" height=\"20px\" viewbox=\"0 0 24 24\" fill=\"none\"><path d=\"M6 6H4v2h2V6zm14 0H8v2h12V6zM4 11h2v2H4v-2zm16 0H8v2h12v-2zM4 16h2v2H4v-2zm16 0H8v2h12v-2z\" fill=\"currentColor\"><\/path><\/svg><svg style=\"fill: #999;color:#999\" class=\"arrow-unsorted-368013\" xmlns=\"http:\/\/www.w3.org\/2000\/svg\" width=\"10px\" height=\"10px\" viewbox=\"0 0 24 24\" version=\"1.2\" baseprofile=\"tiny\"><path d=\"M18.2 9.3l-6.2-6.3-6.2 6.3c-.2.2-.3.4-.3.7s.1.5.3.7c.2.2.4.3.7.3h11c.3 0 .5-.1.7-.3.2-.2.3-.5.3-.7s-.1-.5-.3-.7zM5.8 14.7l6.2 6.3 6.2-6.3c.2-.2.3-.5.3-.7s-.1-.5-.3-.7c-.2-.2-.4-.3-.7-.3h-11c-.3 0-.5.1-.7.3-.2.2-.3.5-.3.7s.1.5.3.7z\"\/><\/svg><\/span><\/span><\/span><\/a><\/span><\/div>\n<nav><ul class='ez-toc-list ez-toc-list-level-1' ><li class='ez-toc-page-1 ez-toc-heading-level-2'><a class=\"ez-toc-link ez-toc-heading-1\" href=\"https:\/\/vehicleregistrationscostadelsol.com\/pl\/green-number-plates-spain\/#Do_you_need_green_reg_plates_in_Spain\" >Potrzebujesz zielonych tablic rejestracyjnych w Hiszpanii?<\/a><\/li><li class='ez-toc-page-1 ez-toc-heading-level-2'><a class=\"ez-toc-link ez-toc-heading-2\" href=\"https:\/\/vehicleregistrationscostadelsol.com\/pl\/green-number-plates-spain\/#Temporary_number_Plates_Spain\" >Numer tymczasowy Tablice Hiszpania<\/a><\/li><li class='ez-toc-page-1 ez-toc-heading-level-2'><a class=\"ez-toc-link ez-toc-heading-3\" href=\"https:\/\/vehicleregistrationscostadelsol.com\/pl\/green-number-plates-spain\/#How_long_do_green_reg_plates_last\" >Jak d\u0142ugo trwaj\u0105 zielone tablice rejestracyjne?<\/a><ul class='ez-toc-list-level-3' ><li class='ez-toc-heading-level-3'><a class=\"ez-toc-link ez-toc-heading-4\" href=\"https:\/\/vehicleregistrationscostadelsol.com\/pl\/green-number-plates-spain\/#Do_you_need_Spanish_insurance_for_Green_number_plates\" >Potrzebujesz hiszpa\u0144skiego ubezpieczenia zielonych tablic rejestracyjnych?<\/a><ul class='ez-toc-list-level-4' ><li class='ez-toc-heading-level-4'><a class=\"ez-toc-link ez-toc-heading-5\" href=\"https:\/\/vehicleregistrationscostadelsol.com\/pl\/green-number-plates-spain\/#How_long_do_green_number_plates_take\" >Jak d\u0142ugo trwaj\u0105 zielone tablice rejestracyjne?<\/a><ul class='ez-toc-list-level-5' ><li class='ez-toc-heading-level-5'><a class=\"ez-toc-link ez-toc-heading-6\" href=\"https:\/\/vehicleregistrationscostadelsol.com\/pl\/green-number-plates-spain\/#Do_the_police_pull_you_with_green_reg_plates\" >Czy policja ci\u0105gnie ci\u0119 zielonymi tablicami rejestracyjnymi?<\/a><ul class='ez-toc-list-level-6' ><li class='ez-toc-heading-level-6'><a class=\"ez-toc-link ez-toc-heading-7\" href=\"https:\/\/vehicleregistrationscostadelsol.com\/pl\/green-number-plates-spain\/#Are_the_green_number_plates_the_same_size_as_EU_and_UK_reg_plates\" >Czy zielone tablice rejestracyjne maj\u0105 taki sam rozmiar jak tablice rejestracyjne UE i Wielkiej Brytanii?<\/a><\/li><li class='ez-toc-page-1 ez-toc-heading-level-6'><a class=\"ez-toc-link ez-toc-heading-8\" href=\"https:\/\/vehicleregistrationscostadelsol.com\/pl\/green-number-plates-spain\/#Can_you_get_an_extension_to_the_plates_if_they_expire\" >Czy mo\u017cna uzyska\u0107 przed\u0142u\u017cenie wa\u017cno\u015bci tablic?<\/a><\/li><\/ul><\/li><\/ul><\/li><\/ul><\/li><\/ul><\/li><\/ul><\/nav><\/div>\n\n\n\n\n<h2 class=\"wp-block-heading\"><span class=\"ez-toc-section\" id=\"Temporary_number_Plates_Spain\"><\/span>Numer tymczasowy Tablice Hiszpania<span class=\"ez-toc-section-end\"><\/span><\/h2>\n\n\n\n<p>Jaka jest r\u00f3\u017cnica mi\u0119dzy tymczasow\u0105 a zielon\u0105 tablic\u0105 rejestracyjn\u0105 w Hiszpanii? Niczym, to dok\u0142adnie to samo. Zielone tablice rejestracyjne, tablice P, tymczasowe tablice rejestracyjne lub placas verdes to terminy cz\u0119sto u\u017cywane w odniesieniu do tego samego produktu i procesu. Pe\u0142ni\u0105 one dok\u0142adnie t\u0119 sam\u0105 funkcj\u0119 i obowi\u0105zuj\u0105 je te same zasady.<\/p>\n\n\n\n<h2 class=\"wp-block-heading\"><span class=\"ez-toc-section\" id=\"How_long_do_green_reg_plates_last\"><\/span>Jak d\u0142ugo trwaj\u0105 zielone tablice rejestracyjne?<span class=\"ez-toc-section-end\"><\/span><\/h2>\n\n\n\n<p>Zielone tablice rejestracyjne umo\u017cliwiaj\u0105 legaln\u0105 jazd\u0119 w Hiszpanii przez 60 dni. Wystarczaj\u0105co du\u017co czasu, aby Tw\u00f3j samoch\u00f3d zosta\u0142 maturowany na hiszpa\u0144skich tablicach rejestracyjnych i zabierz sw\u00f3j <a aria-label=\"Test ITV (otwiera si\u0119 w nowej zak\u0142adce)\" rel=\"noreferrer noopener\" class=\"rank-math-link\" href=\"https:\/\/vehicleregistrationscostadelsol.com\/pl\/itv-tests\/\" target=\"_blank\">Test ITV<\/a>. 60 dni to wi\u0119cej ni\u017c potrzeba, aby zarezerwowa\u0107 ITV i przekaza\u0107 samoch\u00f3d, zaj\u0105\u0107 si\u0119 hiszpa\u0144sk\u0105 robot\u0105 papierkow\u0105 dotycz\u0105c\u0105 zielonych tablic rejestracyjnych i otrzyma\u0107 prawdziwe hiszpa\u0144skie tablice rejestracyjne i samoch\u00f3d teraz <a aria-label=\"zarejestrowany (otwiera si\u0119 w nowej zak\u0142adce)\" rel=\"noreferrer noopener\" class=\"rank-math-link\" href=\"http:\/\/www.dgt.es\/es\/\" target=\"_blank\">zarejestrowany<\/a> w pe\u0142ni w Hiszpanii. <\/p>\n\n\n\n<p><\/p>\n\n\n\n<h3 class=\"wp-block-heading\"><span class=\"ez-toc-section\" id=\"Do_you_need_Spanish_insurance_for_Green_number_plates\"><\/span>Potrzebujesz hiszpa\u0144skiego ubezpieczenia zielonych tablic rejestracyjnych?<span class=\"ez-toc-section-end\"><\/span><\/h3>\n\n\n\n<p>Tak, jak tylko otrzymasz zielone tablice rejestracyjne, musisz ubezpieczy\u0107 numer wydany przez DGT. Numer ten b\u0119dzie podobny do P 4321 BDP, a nast\u0119pnie (sam lub wed\u0142ug naszej rekomendacji) ubezpieczysz sw\u00f3j pojazd na hiszpa\u0144skich zielonych tablicach rejestracyjnych. Nast\u0119pnie zmieniasz numer w swojej nowej hiszpa\u0144skiej firmie ubezpieczeniowej, gdy dotr\u0105 prawdziwe tablice rejestracyjne z prawid\u0142owym nowym hiszpa\u0144skim numerem rejestracyjnym.<\/p>\n\n\n\n<h4 class=\"wp-block-heading\"><span class=\"ez-toc-section\" id=\"How_long_do_green_number_plates_take\"><\/span>Jak d\u0142ugo trwaj\u0105 zielone tablice rejestracyjne?<span class=\"ez-toc-section-end\"><\/span><\/h4>\n\n\n\n<p>Je\u015bli zam\u00f3wimy dla Ciebie zielone tablice rejestracyjne Hiszpania, wydanie numeru zajmie oko\u0142o tygodnia. DGT wysy\u0142a wiadomo\u015b\u0107 e-mail z numerem, dzi\u0119ki czemu mo\u017cesz go u\u017cy\u0107 do ubezpieczenia pojazdu. Kilka dni p\u00f3\u017aniej pojawiaj\u0105 si\u0119 fizyczne tablice. Oferujemy us\u0142ug\u0119 dostarczenia do Ciebie tablic rejestracyjnych lub je\u015bli jeste\u015b blisko, umie\u015bcimy tablice na Twoim samochodzie. <\/p>\n\n\n\n<p>Monta\u017c zielonych tablic nie jest trudny, wiele samochod\u00f3w jest innych, ale zwykle w tablicach rejestracyjnych s\u0105 2\/4 \u015bruby. odkr\u0119\u0107 \u015bruby, zdejmij star\u0105 tablic\u0119 rejestracyjn\u0105, po\u0142\u00f3\u017c j\u0105 na zielonej tablicy i zaznacz, gdzie s\u0105 stare otwory, a nast\u0119pnie przykr\u0119\u0107 je z powrotem przez te otwory na nowej zielonej tablicy rejestracyjnej. Umo\u017cliwi to \u015brubom przej\u015bcie przez istniej\u0105ce otwory w samochodzie, zapewniaj\u0105c, \u017ce nie dostaniesz nowych otwor\u00f3w, a praca powinna by\u0107 \u0142atwiejsza. radzimy u\u017cywa\u0107 wkr\u0119t\u00f3w samogwintuj\u0105cych. Zwykle robimy to za Ciebie, je\u015bli jedziesz do nas samochodem lub jeste\u015b blisko miejsca, w kt\u00f3rym si\u0119 znajdujemy. <\/p>\n\n\n\n<h5 class=\"wp-block-heading\"><span class=\"ez-toc-section\" id=\"Do_the_police_pull_you_with_green_reg_plates\"><\/span>Czy policja ci\u0105gnie ci\u0119 zielonymi tablicami rejestracyjnymi?<span class=\"ez-toc-section-end\"><\/span><\/h5>\n\n\n\n<p>Bardziej prawdopodobne jest, \u017ce policja zatrzyma Ci\u0119 z numerem rejestracyjnym swojego kraju ni\u017c z zielonymi tablicami rejestracyjnymi. Na przyk\u0142ad policja w Hiszpanii doskonale zdaje sobie spraw\u0119 z istnienia DVLA w Wielkiej Brytanii. mog\u0105 bardzo \u0142atwo Ci\u0119 \u015bledzi\u0107, u\u017cy\u0107 telefonu kom\u00f3rkowego i dowiedzie\u0107 si\u0119 w ci\u0105gu kilku sekund, czy Tw\u00f3j samoch\u00f3d jest ubezpieczony, opodatkowany, poddany przegl\u0105dowi lub sorowany w Wielkiej Brytanii. Je\u015bli cokolwiek z tego nie b\u0119dzie poprawne, zostaniesz zatrzymany, grzywny, mo\u017ce skonfiskujesz samoch\u00f3d, a twoje ubezpieczenie zostanie uznane za niewa\u017cne. <\/p>\n\n\n\n<p>Mo\u017cesz prowadzi\u0107 pojazd w Hiszpanii z ubezpieczeniem w Wielkiej Brytanii, je\u015bli wszystkie powy\u017csze s\u0105 poprawne. Jednak uzyskanie zielonych tablic rejestracyjnych w Hiszpanii mo\u017ce pom\u00f3c w unikni\u0119ciu wysokich grzywien lub niechcianej uwagi policji dotycz\u0105cej legalno\u015bci pojazdu, kt\u00f3rym je\u017adzisz w Hiszpanii. Je\u015bli Tw\u00f3j pojazd jest tutaj od ponad sze\u015bciu miesi\u0119cy, to naprawd\u0119 go naciskasz.<\/p>\n\n\n\n<h6 class=\"wp-block-heading\"><span class=\"ez-toc-section\" id=\"Are_the_green_number_plates_the_same_size_as_EU_and_UK_reg_plates\"><\/span>Czy zielone tablice rejestracyjne maj\u0105 taki sam rozmiar jak tablice rejestracyjne UE i Wielkiej Brytanii?<span class=\"ez-toc-section-end\"><\/span><\/h6>\n\n\n\n<p>Tak, s\u0105 dok\u0142adnie tego samego rozmiaru. U\u0142atwia to wymian\u0119 tablic, poniewa\u017c mo\u017cna przekr\u0119ci\u0107 istniej\u0105ce otwory w obecnych tablicach rejestracyjnych i zaznaczy\u0107 otw\u00f3r na zielonej tablicy rejestracyjnej, co powinno wtedy oznacza\u0107, \u017ce \u015bruby wchodz\u0105 w istniej\u0105ce otwory, zapewniaj\u0105c, \u017ce nie b\u0119dzie \u017cadnych nowych otwor\u00f3w. Dotyczy to zar\u00f3wno tablic rejestracyjnych UE, jak i Wielkiej Brytanii podczas monta\u017cu zielonych tablic rejestracyjnych. Aby uzyska\u0107 wi\u0119cej informacji, pobierz nasz informacyjny plik PDF na zielonych tablicach rejestracyjnych. <\/p>\n\n\n\n<h6 class=\"wp-block-heading\"><span class=\"ez-toc-section\" id=\"Can_you_get_an_extension_to_the_plates_if_they_expire\"><\/span>Czy mo\u017cna uzyska\u0107 przed\u0142u\u017cenie wa\u017cno\u015bci tablic?<span class=\"ez-toc-section-end\"><\/span><\/h6>\n\n\n\n<p>Za po\u015brednictwem DGT istnieje proces przed\u0142u\u017cenia, jednak jest on bardzo trudny do zatwierdzenia. Nawet je\u015bli inspekcje zaj\u0119\u0142y w niekt\u00f3rych przypadkach sze\u015b\u0107 tygodni na wyznaczenie terminu, co praktycznie nie daje czasu na zako\u0144czenie procesu w ci\u0105gu 60 dni, prawie zawsze s\u0105 one odrzucane. Nie jeste\u015bmy pewni, dlaczego tak si\u0119 dzieje. <strong>Patrz\u0105c z perspektywy, do tej pory ani my, ani nasi przedstawiciele prawni zajmuj\u0105cy si\u0119 przed\u0142u\u017ceniami nigdy nie uzyskali\u015bmy zgody. <\/strong><\/p>\n\n\n\n<figure class=\"wp-block-image size-large\"><img decoding=\"async\" width=\"430\" height=\"81\" src=\"https:\/\/vehicleregistrationscostadelsol.com\/wp-content\/uploads\/2020\/12\/Green-number-plates-1.jpg\" alt=\"Rejestracja samochodu Costa del Sol\" class=\"wp-image-1950\" title=\"Zarejestruj sw\u00f3j samoch\u00f3d w Hiszpanii\" srcset=\"https:\/\/vehicleregistrationscostadelsol.com\/wp-content\/uploads\/2020\/12\/Green-number-plates-1.jpg 430w, https:\/\/vehicleregistrationscostadelsol.com\/wp-content\/uploads\/2020\/12\/Green-number-plates-1-300x57.jpg 300w\" sizes=\"(max-width: 430px) 100vw, 430px\" \/><\/figure>\n\n\n\n<p><\/p>","protected":false},"excerpt":{"rendered":"<p>Do you need green reg plates in Spain? If you plan to drive your car legally with green number plates Spain you need to order them from the Spanish DGT. They enable you to drive drive legally for the reasons that your insurance in your own country may have run out, your MOT may have [&hellip;]<\/p>\n","protected":false},"author":1,"featured_media":2237,"parent":0,"menu_order":0,"comment_status":"closed","ping_status":"closed","template":"","meta":{"site-sidebar-layout":"default","site-content-layout":"default","ast-site-content-layout":"default","site-content-style":"default","site-sidebar-style":"default","ast-global-header-display":"","ast-banner-title-visibility":"","ast-main-header-display":"","ast-hfb-above-header-display":"","ast-hfb-below-header-display":"","ast-hfb-mobile-header-display":"","site-post-title":"","ast-breadcrumbs-content":"","ast-featured-img":"","footer-sml-layout":"","ast-disable-related-posts":"","theme-transparent-header-meta":"default","adv-header-id-meta":"","stick-header-meta":"","header-above-stick-meta":"","header-main-stick-meta":"","header-below-stick-meta":"","astra-migrate-meta-layouts":"set","ast-page-background-enabled":"default","ast-page-background-meta":{"desktop":{"background-color":"","background-image":"","background-repeat":"repeat","background-position":"center center","background-size":"auto","background-attachment":"scroll","background-type":"","background-media":"","overlay-type":"","overlay-color":"","overlay-opacity":"","overlay-gradient":""},"tablet":{"background-color":"","background-image":"","background-repeat":"repeat","background-position":"center center","background-size":"auto","background-attachment":"scroll","background-type":"","background-media":"","overlay-type":"","overlay-color":"","overlay-opacity":"","overlay-gradient":""},"mobile":{"background-color":"","background-image":"","background-repeat":"repeat","background-position":"center center","background-size":"auto","background-attachment":"scroll","background-type":"","background-media":"","overlay-type":"","overlay-color":"","overlay-opacity":"","overlay-gradient":""}},"ast-content-background-meta":{"desktop":{"background-color":"var(--ast-global-color-5)","background-image":"","background-repeat":"repeat","background-position":"center center","background-size":"auto","background-attachment":"scroll","background-type":"","background-media":"","overlay-type":"","overlay-color":"","overlay-opacity":"","overlay-gradient":""},"tablet":{"background-color":"var(--ast-global-color-5)","background-image":"","background-repeat":"repeat","background-position":"center center","background-size":"auto","background-attachment":"scroll","background-type":"","background-media":"","overlay-type":"","overlay-color":"","overlay-opacity":"","overlay-gradient":""},"mobile":{"background-color":"var(--ast-global-color-5)","background-image":"","background-repeat":"repeat","background-position":"center center","background-size":"auto","background-attachment":"scroll","background-type":"","background-media":"","overlay-type":"","overlay-color":"","overlay-opacity":"","overlay-gradient":""}},"footnotes":""},"class_list":["post-1909","page","type-page","status-publish","has-post-thumbnail","hentry"],"_links":{"self":[{"href":"https:\/\/vehicleregistrationscostadelsol.com\/pl\/wp-json\/wp\/v2\/pages\/1909","targetHints":{"allow":["GET"]}}],"collection":[{"href":"https:\/\/vehicleregistrationscostadelsol.com\/pl\/wp-json\/wp\/v2\/pages"}],"about":[{"href":"https:\/\/vehicleregistrationscostadelsol.com\/pl\/wp-json\/wp\/v2\/types\/page"}],"author":[{"embeddable":true,"href":"https:\/\/vehicleregistrationscostadelsol.com\/pl\/wp-json\/wp\/v2\/users\/1"}],"replies":[{"embeddable":true,"href":"https:\/\/vehicleregistrationscostadelsol.com\/pl\/wp-json\/wp\/v2\/comments?post=1909"}],"version-history":[{"count":0,"href":"https:\/\/vehicleregistrationscostadelsol.com\/pl\/wp-json\/wp\/v2\/pages\/1909\/revisions"}],"wp:featuredmedia":[{"embeddable":true,"href":"https:\/\/vehicleregistrationscostadelsol.com\/pl\/wp-json\/wp\/v2\/media\/2237"}],"wp:attachment":[{"href":"https:\/\/vehicleregistrationscostadelsol.com\/pl\/wp-json\/wp\/v2\/media?parent=1909"}],"curies":[{"name":"wp","href":"https:\/\/api.w.org\/{rel}","templated":true}]}}