{"id":1999,"date":"2021-01-18T16:27:04","date_gmt":"2021-01-18T15:27:04","guid":{"rendered":"https:\/\/vehicleregistrationscostadelsol.com\/?page_id=1999"},"modified":"2026-02-15T15:22:36","modified_gmt":"2026-02-15T14:22:36","slug":"brexit-uk-samochody-i-rezydencja","status":"publish","type":"page","link":"https:\/\/vehicleregistrationscostadelsol.com\/pl\/brexit-uk-cars-and-residency\/","title":{"rendered":"Samochody z Wielkiej Brytanii w Hiszpanii po Brexicie: Zasady, rezydencja i terminy"},"content":{"rendered":"<p><a href=\"https:\/\/vehicleregistrationscostadelsol.com\/pl\/rejestracja-brytyjskiego-samochodu-w-hiszpanii\/\">Rejestracja pojazdu z Wielkiej Brytanii w Hiszpanii<\/a> obejmuje kilka etap\u00f3w, w tym odpraw\u0119 celn\u0105. Najpierw nale\u017cy sprawdzi\u0107 kwalifikowalno\u015b\u0107 - samochody z Wielkiej Brytanii przyje\u017cd\u017caj\u0105ce do Hiszpanii po Brexicie maj\u0105 trzy mo\u017cliwo\u015bci.<\/p><div id=\"ez-toc-container\" class=\"ez-toc-v2_0_82_2 counter-hierarchy ez-toc-counter ez-toc-grey ez-toc-container-direction\">\n<div class=\"ez-toc-title-container\">\n<p class=\"ez-toc-title\" style=\"cursor:inherit\">Spis tre\u015bci<\/p>\n<span class=\"ez-toc-title-toggle\"><a href=\"#\" class=\"ez-toc-pull-right ez-toc-btn ez-toc-btn-xs ez-toc-btn-default ez-toc-toggle\" aria-label=\"Prze\u0142\u0105cznik spisu tre\u015bci\"><span class=\"ez-toc-js-icon-con\"><span class=\"\"><span class=\"eztoc-hide\" style=\"display:none;\">Toggle<\/span><span class=\"ez-toc-icon-toggle-span\"><svg style=\"fill: #999;color:#999\" xmlns=\"http:\/\/www.w3.org\/2000\/svg\" class=\"list-377408\" width=\"20px\" height=\"20px\" viewbox=\"0 0 24 24\" fill=\"none\"><path d=\"M6 6H4v2h2V6zm14 0H8v2h12V6zM4 11h2v2H4v-2zm16 0H8v2h12v-2zM4 16h2v2H4v-2zm16 0H8v2h12v-2z\" fill=\"currentColor\"><\/path><\/svg><svg style=\"fill: #999;color:#999\" class=\"arrow-unsorted-368013\" xmlns=\"http:\/\/www.w3.org\/2000\/svg\" width=\"10px\" height=\"10px\" viewbox=\"0 0 24 24\" version=\"1.2\" baseprofile=\"tiny\"><path d=\"M18.2 9.3l-6.2-6.3-6.2 6.3c-.2.2-.3.4-.3.7s.1.5.3.7c.2.2.4.3.7.3h11c.3 0 .5-.1.7-.3.2-.2.3-.5.3-.7s-.1-.5-.3-.7zM5.8 14.7l6.2 6.3 6.2-6.3c.2-.2.3-.5.3-.7s-.1-.5-.3-.7c-.2-.2-.4-.3-.7-.3h-11c-.3 0-.5.1-.7.3-.2.2-.3.5-.3.7s.1.5.3.7z\"\/><\/svg><\/span><\/span><\/span><\/a><\/span><\/div>\n<nav><ul class='ez-toc-list ez-toc-list-level-1' ><li class='ez-toc-page-1 ez-toc-heading-level-2'><a class=\"ez-toc-link ez-toc-heading-1\" href=\"https:\/\/vehicleregistrationscostadelsol.com\/pl\/brexit-uk-cars-and-residency\/#What_are_the_steps_to_register_a_UK_car_after_Brexit\" >Jakie s\u0105 kroki, aby zarejestrowa\u0107 samoch\u00f3d w Wielkiej Brytanii po Brexicie?<\/a><\/li><li class='ez-toc-page-1 ez-toc-heading-level-2'><a class=\"ez-toc-link ez-toc-heading-2\" href=\"https:\/\/vehicleregistrationscostadelsol.com\/pl\/brexit-uk-cars-and-residency\/#What_information_is_used_to_calculate_the_cost_to_register_a_UK_car_in_Spain_after_Brexit\" >Jakie informacje s\u0105 wykorzystywane do obliczenia koszt\u00f3w rejestracji samochodu z Wielkiej Brytanii w Hiszpanii po Brexicie?<\/a><\/li><li class='ez-toc-page-1 ez-toc-heading-level-2'><a class=\"ez-toc-link ez-toc-heading-3\" href=\"https:\/\/vehicleregistrationscostadelsol.com\/pl\/brexit-uk-cars-and-residency\/#All_UK_cars_will_need_a_DUA_import_certificate\" >Wszystkie samochody w Wielkiej Brytanii b\u0119d\u0105 potrzebowa\u0142y certyfikatu DUA (import)?<\/a><ul class='ez-toc-list-level-3' ><li class='ez-toc-heading-level-3'><a class=\"ez-toc-link ez-toc-heading-4\" href=\"https:\/\/vehicleregistrationscostadelsol.com\/pl\/brexit-uk-cars-and-residency\/#Good_News_Proving_your_UK_vehicle_was_in_Spain_before_Brexit\" >Dobra wiadomo\u015b\u0107\u2026 Udowodnienie, \u017ce Tw\u00f3j brytyjski pojazd by\u0142 w Hiszpanii przed Brexitem<\/a><\/li><\/ul><\/li><li class='ez-toc-page-1 ez-toc-heading-level-2'><a class=\"ez-toc-link ez-toc-heading-5\" href=\"https:\/\/vehicleregistrationscostadelsol.com\/pl\/brexit-uk-cars-and-residency\/#Importing_a_UK_car_To_Spain\" >Import samochodu z Wielkiej Brytanii do Hiszpanii<\/a><\/li><li class='ez-toc-page-1 ez-toc-heading-level-2'><a class=\"ez-toc-link ez-toc-heading-6\" href=\"https:\/\/vehicleregistrationscostadelsol.com\/pl\/brexit-uk-cars-and-residency\/#Waiving_Import_Emissions_Taxes_on_UK_Cars_for_residency\" >Rezygnacja z podatk\u00f3w importowych i emisyjnych od samochod\u00f3w w Wielkiej Brytanii na pobyt sta\u0142y<\/a><\/li><li class='ez-toc-page-1 ez-toc-heading-level-2'><a class=\"ez-toc-link ez-toc-heading-7\" href=\"https:\/\/vehicleregistrationscostadelsol.com\/pl\/brexit-uk-cars-and-residency\/#We_will_check_your_car_free_%E2%80%93_Pre_ITV_check\" >Sprawdzimy Tw\u00f3j samoch\u00f3d za darmo \u2013 Kontrola przed ITV<\/a><ul class='ez-toc-list-level-3' ><li class='ez-toc-heading-level-3'><a class=\"ez-toc-link ez-toc-heading-8\" href=\"https:\/\/vehicleregistrationscostadelsol.com\/pl\/brexit-uk-cars-and-residency\/#Other_factors_to_take_into_consideration\" >Inne czynniki, kt\u00f3re nale\u017cy wzi\u0105\u0107 pod uwag\u0119<\/a><ul class='ez-toc-list-level-4' ><li class='ez-toc-heading-level-4'><a class=\"ez-toc-link ez-toc-heading-9\" href=\"https:\/\/vehicleregistrationscostadelsol.com\/pl\/brexit-uk-cars-and-residency\/#Our_Solution_to_Importing_a_UK_car_to_Spain_after_Brexit\" >Nasze rozwi\u0105zanie dotycz\u0105ce importu samochodu z Wielkiej Brytanii do Hiszpanii po Brexicie<\/a><\/li><\/ul><\/li><\/ul><\/li><\/ul><\/nav><\/div>\n\n\n\n\n<ul class=\"wp-block-list\">\n<li>Rejestracja pojazdu w ramach niedawnego lub nowego pobytu w Hiszpanii<\/li>\n\n\n\n<li>Rejestracja pojazdu jako nierezydenta Hiszpanii<\/li>\n\n\n\n<li>Posiadanie brytyjskiego pojazdu w Hiszpanii PRZED Brexitem. Ka\u017cda trasa wi\u0105\u017ce si\u0119 z innymi kosztami i podatkami, kt\u00f3re nale\u017cy obliczy\u0107 przy imporcie samochodu z Wielkiej Brytanii do Hiszpanii po Brexicie.<\/li>\n<\/ul>\n\n\n\n<p>Wa\u017cna faktura sprzeda\u017cy jest niezb\u0119dna, je\u015bli pojazd nie jest zarejestrowany na nazwisko osoby, kt\u00f3ra chce zarejestrowa\u0107 pojazd w Hiszpanii. <\/p>\n\n\n\n<h2 class=\"wp-block-heading\"><span class=\"ez-toc-section\" id=\"What_are_the_steps_to_register_a_UK_car_after_Brexit\"><\/span>Jakie s\u0105 kroki, aby zarejestrowa\u0107 samoch\u00f3d w Wielkiej Brytanii po Brexicie?<span class=\"ez-toc-section-end\"><\/span><\/h2>\n\n\n\n<ul class=\"wp-block-list\">\n<li>Uzyskanie certyfikatu zgodno\u015bci (Ficha Reducia)<\/li>\n\n\n\n<li>\u017b\u0105danie ITV (inspekcji technicznej)<\/li>\n\n\n\n<li>Uzyskanie fichas ITV po pozytywnym przej\u015bciu kontroli pojazdu<\/li>\n\n\n\n<li>Udokumentowanie certyfikatu importu (Irlandia P\u00f3\u0142nocna jest zwolniona)<\/li>\n\n\n\n<li>Ostateczna rejestracja pojazdu w Hiszpanii<\/li>\n\n\n\n<li>P\u0142acenie podatku drogowego - IVTM<\/li>\n\n\n\n<li>Uiszczanie op\u0142at za emisj\u0119 (Modelo 576)<\/li>\n\n\n\n<li>Zamawianie fizycznych hiszpa\u0144skich tablic rejestracyjnych<\/li>\n\n\n\n<li>Zamawianie naklejki ECO<\/li>\n\n\n\n<li>DGT dla nowego hiszpa\u0144skiego dokumentu na Twoje nazwisko - Permiso de Circulaci\u00f3n<\/li>\n<\/ul>\n\n\n\n<h2 class=\"wp-block-heading\"><span class=\"ez-toc-section\" id=\"What_information_is_used_to_calculate_the_cost_to_register_a_UK_car_in_Spain_after_Brexit\"><\/span>Jakie informacje s\u0105 wykorzystywane do obliczenia koszt\u00f3w rejestracji samochodu z Wielkiej Brytanii w Hiszpanii po Brexicie? <span class=\"ez-toc-section-end\"><\/span><\/h2>\n\n\n\n<ul class=\"wp-block-list\">\n<li>Wa\u017cny dokument V5C - do obliczania podatk\u00f3w<\/li>\n\n\n\n<li>Wa\u017cne ubezpieczenie, przegl\u0105d techniczny i podatek drogowy w Wielkiej Brytanii<\/li>\n\n\n\n<li>Wa\u017cno\u015b\u0107 pojazdu, niedawny rezydent lub zostanie rezydentem<\/li>\n\n\n\n<li>Walidacja nale\u017cno\u015bci celnych przywozowych i podatku VAT dla nierezydent\u00f3w<\/li>\n\n\n\n<li>Potwierdzenie dowodu, \u017ce pojazd by\u0142 tutaj przed Brexitem<\/li>\n\n\n\n<li>Sprawdzanie zgodno\u015bci pojazdu z wymogami UE<\/li>\n\n\n\n<li>Emisja Co2 z uk\u0142adu wydechowego<\/li>\n\n\n\n<li>Wiek i data pierwszej rejestracji<\/li>\n\n\n\n<li>Dokument to\u017csamo\u015bci i potwierdzenie adresu<\/li>\n<\/ul>\n\n\n\n<h2 class=\"wp-block-heading\"><span class=\"ez-toc-section\" id=\"All_UK_cars_will_need_a_DUA_import_certificate\"><\/span>Wszystkie samochody w Wielkiej Brytanii b\u0119d\u0105 potrzebowa\u0142y certyfikatu DUA (import)?<span class=\"ez-toc-section-end\"><\/span><\/h2>\n\n\n\n<p>Istnieje wiele nieporozumie\u0144 dotycz\u0105cych <strong>Import samochodu z Wielkiej Brytanii do Hiszpanii po Brexicie<\/strong> w chwili obecnej, czy b\u0119d\u0105 podatki, czy nie b\u0119dzie podatk\u00f3w, jakie b\u0119d\u0105 podatki, je\u015bli w og\u00f3le b\u0119d\u0105? Mamy teraz wyja\u015bnienie \u2018obecnych zasad\u2019, ale nie mo\u017cemy zagwarantowa\u0107, \u017ce nie zmieni\u0105 si\u0119 one w najbli\u017cszej przysz\u0142o\u015bci. <strong>Je\u015bli przywozisz samoch\u00f3d, kt\u00f3ry jest obecnie w Wielkiej Brytanii, jest to o wiele \u0142atwiejsze i skontaktuj si\u0119 z nami<\/strong>.<\/p>\n\n\n\n<p>W styczniu 2021 r. i po rozwa\u017caniach, samochody z Wielkiej Brytanii mia\u0142y zosta\u0107 poproszone o wi\u0119cej dokument\u00f3w ni\u017c wcze\u015bniej przed 31 grudnia 2020 r. (Brexit) Wielka Brytania jest obecnie uwa\u017cana za obce \"pa\u0144stwo trzecie\" w Hiszpanii i UE, w wyniku czego zmieni\u0142 si\u0119 spos\u00f3b, w jaki samochody z Wielkiej Brytanii s\u0105 wprowadzane na hiszpa\u0144skie tablice rejestracyjne.<\/p>\n\n\n\n<p>Istnieje jednak mo\u017cliwo\u015b\u0107 zwolnienia z tych bardzo wysokich podatk\u00f3w. Powiniene\u015b jednak sprawdzi\u0107, czy kwalifikujesz si\u0119 do zwolnienia. Potencjalne zwolnienie z podatk\u00f3w w Hiszpanii zale\u017cy od nast\u0119puj\u0105cych okoliczno\u015bci <\/p>\n\n\n\n<ul class=\"wp-block-list\">\n<li>Stajesz si\u0119 rezydentem lub sta\u0142e\u015b si\u0119 rezydentem w ci\u0105gu ostatnich 12 miesi\u0119cy <\/li>\n\n\n\n<li>Nie stajesz si\u0119 rezydentem i chcesz, aby Tw\u00f3j samoch\u00f3d z Wielkiej Brytanii pozosta\u0142 w Hiszpanii.<\/li>\n\n\n\n<li>Mia\u0142e\u015b pojazd w Hiszpanii przed Brexitem, kt\u00f3ry nie opu\u015bci\u0142 Hiszpanii. <\/li>\n<\/ul>\n\n\n\n<p>W styczniu 2021 r. DGT (Traffico) poinformowa\u0142o, \u017ce od 1 stycznia wszystkie pojazdy z Wielkiej Brytanii musz\u0105 posiada\u0107 certyfikat DUA (import). Dokument ten stanowi dow\u00f3d, \u017ce pojazd przeszed\u0142 przez odpraw\u0119 celn\u0105. DGT wymaga teraz od WSZYSTKICH pojazd\u00f3w z Wielkiej Brytanii przedstawienia certyfikatu celnego importu, nawet je\u015bli rezygnujesz z tych podatk\u00f3w ze wzgl\u0119du na miejsce zamieszkania lub dow\u00f3d PRE Brexit pojazdu w Hiszpanii. Nie dotyczy to jednak sytuacji, gdy pojazd jest zarejestrowany w Irlandii P\u00f3\u0142nocnej, kt\u00f3ra nadal korzysta ze zwolnienia z podatku i protoko\u0142u handlowego UE. <\/p>\n\n\n\n<h3 class=\"wp-block-heading\"><span class=\"ez-toc-section\" id=\"Good_News_Proving_your_UK_vehicle_was_in_Spain_before_Brexit\"><\/span>Dobra wiadomo\u015b\u0107\u2026 Udowodnienie, \u017ce Tw\u00f3j brytyjski pojazd by\u0142 w Hiszpanii przed Brexitem<span class=\"ez-toc-section-end\"><\/span><\/h3>\n\n\n\n<p>Post\u0119pem i wspania\u0142\u0105 wiadomo\u015bci\u0105 jest to, \u017ce w Andaluzji, je\u015bli mo\u017cemy udowodni\u0107, \u017ce samoch\u00f3d by\u0142 w kraju przed 31 grudnia <strong>my<\/strong> <strong>mo\u017ce na razie dokona\u0107 immatrykulacji na tablice hiszpa\u0144skie bez DUA (dokument celny importowy)<\/strong>. To nie mo\u017ce by\u0107 zdj\u0119cie samochodu poza Twoj\u0105 posesj\u0105 itp., potrzebujemy solidnego dowodu. Wyobra\u017a sobie, \u017ce jeste\u015b agentem DGT, kt\u00f3ry podpisuje hiszpa\u0144sk\u0105 immatrykulacj\u0119.<\/p>\n\n\n\n<p><strong>Dow\u00f3d musia\u0142by mie\u0107 form\u0119 sprzed 31 grudnia 2020 r. <\/strong><\/p>\n\n\n\n<ul class=\"wp-block-list\">\n<li>Zielone (p\u0142yty tymczasowe) talerze <\/li>\n\n\n\n<li>Test ITV<\/li>\n\n\n\n<li>Mandaty drogowe<\/li>\n\n\n\n<li>Dokumenty podr\u00f3\u017cy, w tym prom lub eurotunel<\/li>\n\n\n\n<li>Rachunki i faktury za konserwacj\u0119 lub mechanik\u0119 <\/li>\n\n\n\n<li>Wszystko, co mo\u017ce udowodni\u0107, \u017ce pojazd by\u0142 tutaj przed 31 grudnia 2020 r.<\/li>\n<\/ul>\n\n\n\n<p>Nie mo\u017cemy zagwarantowa\u0107 decyzji, \u017ce dow\u00f3d zosta\u0142 dokonany. Ta decyzja nale\u017cy do DGT. <\/p>\n\n\n\n<h2 class=\"wp-block-heading\"><span class=\"ez-toc-section\" id=\"Importing_a_UK_car_To_Spain\"><\/span>Import samochodu z Wielkiej Brytanii do Hiszpanii<span class=\"ez-toc-section-end\"><\/span><\/h2>\n\n\n\n<p>Przed wysy\u0142k\u0105 upewnij si\u0119, \u017ce Tw\u00f3j agent importowy posiada prawid\u0142owy certyfikat DUA. Mog\u0105 to za Ciebie posortowa\u0107. Je\u015bli nie, pojazd mo\u017ce zosta\u0107 opodatkowany w punkcie wjazdu do Hiszpanii (31% ceny ksi\u0119gowej pojazdu). Tw\u00f3j importer mo\u017ce i powinien tego unika\u0107. Je\u015bli potrzebujesz wyceny na sprowadzenie samochodu do Hiszpanii, skontaktuj si\u0119 z nami. <\/p>\n\n\n\n<p>Mo\u017cemy pom\u00f3c z <strong>import samochodu z Wielkiej Brytanii do Hiszpanii<\/strong> i mo\u017cemy r\u00f3wnie\u017c zapewni\u0107 mo\u017cliwo\u015b\u0107 bycia w stanie <strong>Zrezygnuj z podatk\u00f3w od importu samochod\u00f3w!<\/strong> w przypadku wniosk\u00f3w rezydencyjnych. <\/p>\n\n\n\n<h2 class=\"wp-block-heading\"><span class=\"ez-toc-section\" id=\"Waiving_Import_Emissions_Taxes_on_UK_Cars_for_residency\"><\/span>Rezygnacja z podatk\u00f3w importowych i emisyjnych od samochod\u00f3w w Wielkiej Brytanii na pobyt sta\u0142y<span class=\"ez-toc-section-end\"><\/span><\/h2>\n\n\n\n<p>Je\u015bli importujesz samoch\u00f3d z Wielkiej Brytanii do Hiszpanii i jeste\u015b w trakcie lub po prostu przebywasz na sta\u0142e, w wi\u0119kszo\u015bci przypadk\u00f3w mo\u017cna uchyli\u0107 zar\u00f3wno podatki importowe, jak i podatki od emisji. Zostanie to pod\u015bwietlone w <a aria-label=\"BEZP\u0141ATNA wycena (otwiera si\u0119 w nowej zak\u0142adce)\" class=\"rank-math-link\" href=\"https:\/\/vehicleregistrationscostadelsol.com\/pl\/kontakt\/\" target=\"_blank\" rel=\"noreferrer noopener\">BEZP\u0141ATNA wycena<\/a> mo\u017cemy da\u0107. Wszystkie inne normalne podatki i koszty sta\u0142e, takie jak podatek drogowy w Hiszpanii, test ITV, DGT itp. b\u0119d\u0105 mia\u0142y zastosowanie jak zwykle. Zasadniczo oznacza to, \u017ce poza certyfikatem DUA jest to biznes jak zwykle, tak jak przed Brexitem brytyjskich samochod\u00f3w i rezydencji. <strong>W razie potrzeby udost\u0119pniamy aplikacje rezydencyjne w ramach naszej us\u0142ugi.<\/strong> <\/p>\n\n\n\n<p>Aby odst\u0105pi\u0107 od podatk\u00f3w, potrzebujemy dowodu:<\/p>\n\n\n\n<ul class=\"wp-block-list\">\n<li>Miejsce zamieszkania w ci\u0105gu ostatnich 6 miesi\u0119cy \u2013 Zwolnienie z podatk\u00f3w importowych<\/li>\n\n\n\n<li>Miejsce zamieszkania w ci\u0105gu ostatnich 60 dni \u2013 Zwolnienie z podatk\u00f3w od emisji<\/li>\n\n\n\n<li>Musisz by\u0107 na bie\u017c\u0105co z aktualnymi dokumentami Padron i dokumentami dotycz\u0105cymi zwolnienia z podatku Brexit.<\/li>\n\n\n\n<li>Dow\u00f3d adresu zamieszkania w Wielkiej Brytanii przed zamieszkaniem w Hiszpanii. <\/li>\n<\/ul>\n\n\n\n<h2 class=\"wp-block-heading\"><span class=\"ez-toc-section\" id=\"We_will_check_your_car_free_%E2%80%93_Pre_ITV_check\"><\/span>Sprawdzimy Tw\u00f3j samoch\u00f3d za darmo \u2013 Kontrola przed ITV<span class=\"ez-toc-section-end\"><\/span><\/h2>\n\n\n\n<p>Przyjed\u017a swoim samochodem do nas w Riviera Del Sol po uprzednim um\u00f3wieniu si\u0119, sprawdzimy Tw\u00f3j samoch\u00f3d pod k\u0105tem tego, co mog\u0142o nie zosta\u0107 uwzgl\u0119dnione w te\u015bcie ITV. Reflektory, opony itp. To wyj\u0105tkowa us\u0142uga, kt\u00f3r\u0105 oferujemy i wykonujemy oko\u0142o 15 kontroli. Kontrola przed ITV. Pami\u0119taj, aby zabra\u0107 ze sob\u0105 wszystkie dokumenty, aby\u015bmy mogli je zeskanowa\u0107, je\u015bli zdecydujesz, \u017ce potrzebujesz nas do umieszczenia samochodu na hiszpa\u0144skich tablicach rejestracyjnych. <\/p>\n\n\n\n<h3 class=\"wp-block-heading\"><span class=\"ez-toc-section\" id=\"Other_factors_to_take_into_consideration\"><\/span>Inne czynniki, kt\u00f3re nale\u017cy wzi\u0105\u0107 pod uwag\u0119<span class=\"ez-toc-section-end\"><\/span><\/h3>\n\n\n\n<p>Nale\u017cy wzi\u0105\u0107 pod uwag\u0119 wiele innych czynnik\u00f3w. Czy reflektory s\u0105 przystosowane? Czy wymagaj\u0105 wyr\u00f3wnania, czy samoch\u00f3d ma Ficha Technica, czy s\u0105 jakie\u015b inne awarie ITV w twoim samochodzie? Wszystko to wymaga rozwi\u0105zania. <br><\/p>\n\n\n\n<h4 class=\"wp-block-heading\"><span class=\"ez-toc-section\" id=\"Our_Solution_to_Importing_a_UK_car_to_Spain_after_Brexit\"><\/span>Nasze rozwi\u0105zanie dotycz\u0105ce importu samochodu z Wielkiej Brytanii do Hiszpanii po Brexicie<span class=\"ez-toc-section-end\"><\/span><\/h4>\n\n\n\n<ul class=\"wp-block-list\">\n<li>Zwolnienie z podatk\u00f3w w celu zwi\u0105zania si\u0119 z miejscem zamieszkania (istnieje ograniczenie czasowe)<\/li>\n\n\n\n<li>Udowodnienie, \u017ce samoch\u00f3d jest zgodny z UE i dow\u00f3d, \u017ce samoch\u00f3d by\u0142 w Hiszpanii przed Brexitem (nie dotyczy, je\u015bli importujesz teraz)<\/li>\n\n\n\n<li>Import samochodu z Wielkiej Brytanii do Hiszpanii<\/li>\n\n\n\n<li>Podatki od importu samochod\u00f3w w Wielkiej Brytanii<\/li>\n\n\n\n<li>W mi\u0119dzyczasie bezp\u0142atne wyceny, w tym DUA<\/li>\n\n\n\n<li>Uczestniczy\u0107 osobi\u015bcie w DUA (dodatkowa op\u0142ata) <\/li>\n\n\n\n<li><strong>BEZP\u0141ATNE sprawdzenie pojazdu, aby zobaczy\u0107, jakich dodatkowych koszt\u00f3w mo\u017ce wymaga\u0107 Tw\u00f3j samoch\u00f3d w Wielkiej Brytanii<\/strong><\/li>\n\n\n\n<li>Wykonujemy Ficha Technica wymagan\u0105 dla ITV (mo\u017cemy przyj\u015b\u0107 do Ciebie, je\u015bli jest to uzasadnione geograficznie)<\/li>\n\n\n\n<li>Pakiety pobytowe zwi\u0105zane z importem samochodu do Hiszpanii<\/li>\n\n\n\n<li>Regulacja reflektor\u00f3w lub nowe reflektory<\/li>\n\n\n\n<li>Rezerwacja testowa ITV, a my robimy to za Ciebie<\/li>\n\n\n\n<li>Wszystkie za\u0142atwione podatki<\/li>\n\n\n\n<li>Rozliczony podatek drogowy<\/li>\n\n\n\n<li>Dostarczono do nas tablice i dokumenty, a my zamontujemy tablice na aucie za Ciebie<\/li>\n\n\n\n<li>Mechanika pomagaj\u0105ca przed\/po ITV<\/li>\n\n\n\n<li>BEZP\u0141ATNY ponowny test w przypadku awarii samochodu<\/li>\n\n\n\n<li>Wiele wi\u0119cej\u2026\u2026. <\/li>\n<\/ul>\n\n\n\n<p>Nie kr\u0119puj si\u0119 <a href=\"https:\/\/vehicleregistrationscostadelsol.com\/pl\/kontakt\/\" data-type=\"URL\" data-id=\"https:\/\/vehicleregistrationscostadelsol.com\/contact\/\">Skontaktuj si\u0119 z nami<\/a> po wi\u0119cej informacji. <\/p>\n\n\n<p><a href=\"https:\/\/wa.me\/+34696337629?text=Please%20send%20me%20a%20free%20quote\" target=\"_blank\" rel=\"noopener\">&nbsp;<\/a><\/p>\n\n\n<p><\/p>","protected":false},"excerpt":{"rendered":"<p>Registering a UK vehicle in Spain involves several steps including customs clearance. First the eligibility needs to be checked &#8211; UK cars coming to Spain after Brexit have three routes. A valid Sales invoice is necessary if the vehicle is not in the name of the person wishing to register the vehicle in Spain. What [&hellip;]<\/p>\n","protected":false},"author":1,"featured_media":2566,"parent":0,"menu_order":0,"comment_status":"closed","ping_status":"closed","template":"","meta":{"site-sidebar-layout":"default","site-content-layout":"default","ast-site-content-layout":"default","site-content-style":"default","site-sidebar-style":"default","ast-global-header-display":"","ast-banner-title-visibility":"","ast-main-header-display":"","ast-hfb-above-header-display":"","ast-hfb-below-header-display":"","ast-hfb-mobile-header-display":"","site-post-title":"","ast-breadcrumbs-content":"","ast-featured-img":"","footer-sml-layout":"","ast-disable-related-posts":"","theme-transparent-header-meta":"default","adv-header-id-meta":"","stick-header-meta":"","header-above-stick-meta":"","header-main-stick-meta":"","header-below-stick-meta":"","astra-migrate-meta-layouts":"set","ast-page-background-enabled":"default","ast-page-background-meta":{"desktop":{"background-color":"","background-image":"","background-repeat":"repeat","background-position":"center center","background-size":"auto","background-attachment":"scroll","background-type":"","background-media":"","overlay-type":"","overlay-color":"","overlay-opacity":"","overlay-gradient":""},"tablet":{"background-color":"","background-image":"","background-repeat":"repeat","background-position":"center center","background-size":"auto","background-attachment":"scroll","background-type":"","background-media":"","overlay-type":"","overlay-color":"","overlay-opacity":"","overlay-gradient":""},"mobile":{"background-color":"","background-image":"","background-repeat":"repeat","background-position":"center center","background-size":"auto","background-attachment":"scroll","background-type":"","background-media":"","overlay-type":"","overlay-color":"","overlay-opacity":"","overlay-gradient":""}},"ast-content-background-meta":{"desktop":{"background-color":"var(--ast-global-color-5)","background-image":"","background-repeat":"repeat","background-position":"center center","background-size":"auto","background-attachment":"scroll","background-type":"","background-media":"","overlay-type":"","overlay-color":"","overlay-opacity":"","overlay-gradient":""},"tablet":{"background-color":"var(--ast-global-color-5)","background-image":"","background-repeat":"repeat","background-position":"center center","background-size":"auto","background-attachment":"scroll","background-type":"","background-media":"","overlay-type":"","overlay-color":"","overlay-opacity":"","overlay-gradient":""},"mobile":{"background-color":"var(--ast-global-color-5)","background-image":"","background-repeat":"repeat","background-position":"center center","background-size":"auto","background-attachment":"scroll","background-type":"","background-media":"","overlay-type":"","overlay-color":"","overlay-opacity":"","overlay-gradient":""}},"footnotes":""},"class_list":["post-1999","page","type-page","status-publish","has-post-thumbnail","hentry"],"_links":{"self":[{"href":"https:\/\/vehicleregistrationscostadelsol.com\/pl\/wp-json\/wp\/v2\/pages\/1999","targetHints":{"allow":["GET"]}}],"collection":[{"href":"https:\/\/vehicleregistrationscostadelsol.com\/pl\/wp-json\/wp\/v2\/pages"}],"about":[{"href":"https:\/\/vehicleregistrationscostadelsol.com\/pl\/wp-json\/wp\/v2\/types\/page"}],"author":[{"embeddable":true,"href":"https:\/\/vehicleregistrationscostadelsol.com\/pl\/wp-json\/wp\/v2\/users\/1"}],"replies":[{"embeddable":true,"href":"https:\/\/vehicleregistrationscostadelsol.com\/pl\/wp-json\/wp\/v2\/comments?post=1999"}],"version-history":[{"count":2,"href":"https:\/\/vehicleregistrationscostadelsol.com\/pl\/wp-json\/wp\/v2\/pages\/1999\/revisions"}],"predecessor-version":[{"id":3433,"href":"https:\/\/vehicleregistrationscostadelsol.com\/pl\/wp-json\/wp\/v2\/pages\/1999\/revisions\/3433"}],"wp:featuredmedia":[{"embeddable":true,"href":"https:\/\/vehicleregistrationscostadelsol.com\/pl\/wp-json\/wp\/v2\/media\/2566"}],"wp:attachment":[{"href":"https:\/\/vehicleregistrationscostadelsol.com\/pl\/wp-json\/wp\/v2\/media?parent=1999"}],"curies":[{"name":"wp","href":"https:\/\/api.w.org\/{rel}","templated":true}]}}