{"id":2475,"date":"2022-04-15T16:08:20","date_gmt":"2022-04-15T14:08:20","guid":{"rendered":"https:\/\/vehicleregistrationscostadelsol.com\/?page_id=2475"},"modified":"2025-02-05T00:08:36","modified_gmt":"2025-02-04T23:08:36","slug":"rejestracja-motocykla-w-hiszpanii","status":"publish","type":"page","link":"https:\/\/vehicleregistrationscostadelsol.com\/pl\/registering-a-motorbike-in-spain\/","title":{"rendered":"Rejestracja motocykla w Hiszpanii"},"content":{"rendered":"<p>Rejestracja motocykla w Hiszpanii jest do\u015b\u0107 prosta. Je\u015bli motocykl jest UE bardzo prosty. Z Wielkiej Brytanii musimy przyjrze\u0107 si\u0119, czy mo\u017cemy uchyli\u0107 podatki po Brexicie. Przy rejestracji pojazd\u00f3w Costa Del Sol nie tylko robimy samochody, ale mamy r\u00f3wnie\u017c du\u017ce do\u015bwiadczenie z motocyklami. Zajmujemy si\u0119 ca\u0142ym procesem za Ciebie. Aby otrzyma\u0107 bezp\u0142atn\u0105 wycen\u0119, potrzebujemy informacji dotycz\u0105cych motocykla. <\/p><div id=\"ez-toc-container\" class=\"ez-toc-v2_0_82_2 counter-hierarchy ez-toc-counter ez-toc-grey ez-toc-container-direction\">\n<div class=\"ez-toc-title-container\">\n<p class=\"ez-toc-title\" style=\"cursor:inherit\">Spis tre\u015bci<\/p>\n<span class=\"ez-toc-title-toggle\"><a href=\"#\" class=\"ez-toc-pull-right ez-toc-btn ez-toc-btn-xs ez-toc-btn-default ez-toc-toggle\" aria-label=\"Prze\u0142\u0105cznik Spisu Tre\u015bci\"><span class=\"ez-toc-js-icon-con\"><span class=\"\"><span class=\"eztoc-hide\" style=\"display:none;\">Toggle<\/span><span class=\"ez-toc-icon-toggle-span\"><svg style=\"fill: #999;color:#999\" xmlns=\"http:\/\/www.w3.org\/2000\/svg\" class=\"list-377408\" width=\"20px\" height=\"20px\" viewbox=\"0 0 24 24\" fill=\"none\"><path d=\"M6 6H4v2h2V6zm14 0H8v2h12V6zM4 11h2v2H4v-2zm16 0H8v2h12v-2zM4 16h2v2H4v-2zm16 0H8v2h12v-2z\" fill=\"currentColor\"><\/path><\/svg><svg style=\"fill: #999;color:#999\" class=\"arrow-unsorted-368013\" xmlns=\"http:\/\/www.w3.org\/2000\/svg\" width=\"10px\" height=\"10px\" viewbox=\"0 0 24 24\" version=\"1.2\" baseprofile=\"tiny\"><path d=\"M18.2 9.3l-6.2-6.3-6.2 6.3c-.2.2-.3.4-.3.7s.1.5.3.7c.2.2.4.3.7.3h11c.3 0 .5-.1.7-.3.2-.2.3-.5.3-.7s-.1-.5-.3-.7zM5.8 14.7l6.2 6.3 6.2-6.3c.2-.2.3-.5.3-.7s-.1-.5-.3-.7c-.2-.2-.4-.3-.7-.3h-11c-.3 0-.5.1-.7.3-.2.2-.3.5-.3.7s.1.5.3.7z\"\/><\/svg><\/span><\/span><\/span><\/a><\/span><\/div>\n<nav><ul class='ez-toc-list ez-toc-list-level-1' ><li class='ez-toc-page-1 ez-toc-heading-level-3'><a class=\"ez-toc-link ez-toc-heading-1\" href=\"https:\/\/vehicleregistrationscostadelsol.com\/pl\/registering-a-motorbike-in-spain\/#What_is_the_process_to_registering_a_motorbike_in_Spain\" >Jak wygl\u0105da proces rejestracji motocykla w Hiszpanii?<\/a><ul class='ez-toc-list-level-4' ><li class='ez-toc-heading-level-4'><a class=\"ez-toc-link ez-toc-heading-2\" href=\"https:\/\/vehicleregistrationscostadelsol.com\/pl\/registering-a-motorbike-in-spain\/#Can_you_modify_a_motorbike_in_Spain\" >Czy mo\u017cna zmodyfikowa\u0107 motocykl w Hiszpanii?<\/a><\/li><li class='ez-toc-page-1 ez-toc-heading-level-4'><a class=\"ez-toc-link ez-toc-heading-3\" href=\"https:\/\/vehicleregistrationscostadelsol.com\/pl\/registering-a-motorbike-in-spain\/#Importing_a_motorcycle_into_Spain\" >Import motocykla do Hiszpanii<\/a><ul class='ez-toc-list-level-5' ><li class='ez-toc-heading-level-5'><a class=\"ez-toc-link ez-toc-heading-4\" href=\"https:\/\/vehicleregistrationscostadelsol.com\/pl\/registering-a-motorbike-in-spain\/#Where_is_the_motorcycle_test_done_in_Spain\" >Gdzie odbywa si\u0119 test motocykla w Hiszpanii?<\/a><\/li><\/ul><\/li><\/ul><\/li><\/ul><\/nav><\/div>\n\n\n\n\n<p>Aby zarejestrowa\u0107 motocykl w Hiszpanii potrzebujesz:<\/p>\n\n\n\n<ul class=\"wp-block-list\">\n<li>Dokumenty rejestracyjne pojazdu<\/li>\n\n\n\n<li>Certyfikat zgodno\u015bci (mo\u017cemy go dostarczy\u0107)<\/li>\n\n\n\n<li>NIE lub TIE card<\/li>\n\n\n\n<li>Potwierdzenie adresu<\/li>\n<\/ul>\n\n\n\n<p>Je\u015bli motocykl zosta\u0142 w jakikolwiek spos\u00f3b zmodyfikowany, ITV potrzebuje pewnych informacji przed jak\u0105kolwiek inspekcj\u0105. Zasadniczo motocykl musi by\u0107 w standardzie fabrycznym. Skontaktuj si\u0119 z nami, je\u015bli zmodyfikowa\u0142e\u015b sw\u00f3j motocykl. Motocykle poni\u017cej 250 cm3 nie p\u0142ac\u0105 \u017cadnych specjalnych podatk\u00f3w rejestracyjnych, podatk\u00f3w Co2.<\/p>\n\n\n\n<h3 class=\"wp-block-heading\"><span class=\"ez-toc-section\" id=\"What_is_the_process_to_registering_a_motorbike_in_Spain\"><\/span>Jak wygl\u0105da proces rejestracji motocykla w Hiszpanii?<span class=\"ez-toc-section-end\"><\/span><\/h3>\n\n\n\n<p>Zobacz powy\u017cej, potrzebujemy informacji dotycz\u0105cych roweru i wszelkich informacji towarzysz\u0105cych. mo\u017cemy wtedy otrzyma\u0107 bezp\u0142atn\u0105 wycen\u0119. Aby uzyska\u0107 superszybkie wyceny, prosimy o <a href=\"https:\/\/www.cognitoforms.com\/VehicleRegistrations\/MotorbikeQuote?v2\" data-type=\"URL\" data-id=\"https:\/\/www.cognitoforms.com\/VehicleRegistrations\/MotorbikeQuote?v2\" target=\"_blank\" rel=\"noreferrer noopener\">wype\u0142nij ten szybki formularz<\/a>. Otrzymasz wiadomo\u015b\u0107 e-mail, w kt\u00f3rej mo\u017cesz przes\u0142a\u0107 nam potrzebn\u0105 dokumentacj\u0119. Bardzo wa\u017cne jest, aby\u015bmy widzieli dokumenty, aby\u015bmy mogli uzyska\u0107 informacje techniczne dotycz\u0105ce pojazdu i wszystkie wa\u017cne sekcje K, kt\u00f3re pokazuj\u0105, czy pojazd ma europejsk\u0105 zgodno\u015b\u0107, czy teraz. <\/p>\n\n\n\n<h4 class=\"wp-block-heading\"><span class=\"ez-toc-section\" id=\"Can_you_modify_a_motorbike_in_Spain\"><\/span>Czy mo\u017cna zmodyfikowa\u0107 motocykl w Hiszpanii?<span class=\"ez-toc-section-end\"><\/span><\/h4>\n\n\n\n<p>Kr\u00f3tko m\u00f3wi\u0105c, nie. ITV bardzo rygorystycznie poddaje modyfikacjom rejestruj\u0105c motocykl w Hiszpanii. Prawie wszystko, co nie jest standardem w motocyklu, jest uwa\u017cane za niezdolne do przej\u015bcia przez ITV. W Hiszpanii modyfikacje po prostu si\u0119 nie zdarzaj\u0105. Je\u015bli pojazd ma certyfikat zgodno\u015bci, sprawdzaj\u0105 motocykl zgodnie z jego fabrycznymi standardami, a wszelkie modyfikacje zako\u0144cz\u0105 si\u0119 niepowodzeniem ITV. Istnieje spos\u00f3b na rejestracj\u0119 modyfikacji w Hiszpanii, jednak proces ten jest niezwykle trudny. Prosimy o kontakt, je\u015bli Tw\u00f3j motocykl jest inny ni\u017c ten, kt\u00f3ry pochodzi\u0142 z fabryki. Jak za podobne cz\u0119\u015bci oczywi\u015bcie nie stanowi problemu. To <a href=\"https:\/\/www.fuelexhausts.com\/\" data-type=\"URL\" data-id=\"https:\/\/www.fuelexhausts.com\/\" target=\"_blank\" rel=\"noreferrer noopener\">gruby wydech<\/a>Mo\u017ce to po prostu spowodowa\u0107 problem. <\/p>\n\n\n\n<p>Rower musi by\u0107 standardowy do certyfikatu zgodno\u015bci. Je\u015bli Tw\u00f3j rower go nie posiada, mo\u017cemy Ci go zapewni\u0107. W motocyklach w Wielkiej Brytanii mo\u017ce by\u0107 r\u00f3wnie\u017c konieczna wymiana reflektora. <\/p>\n\n\n\n<h4 class=\"wp-block-heading\"><span class=\"ez-toc-section\" id=\"Importing_a_motorcycle_into_Spain\"><\/span>Import motocykla do Hiszpanii<span class=\"ez-toc-section-end\"><\/span><\/h4>\n\n\n\n<p>Pomo\u017cemy Ci w sprowadzeniu motocykla do Hiszpanii. Posiadamy w\u0142asnego agenta importowego, kt\u00f3ry zajmuje si\u0119 dokumentem DUA, kt\u00f3ry jest dokumentacj\u0105 do legalnego importu motocykla do Hiszpanii. By\u0107 mo\u017ce przeprowadzasz si\u0119 na sta\u0142e do Hiszpanii i bierzesz <a href=\"https:\/\/equitas-property.com\/en_gb\/non-lucrative-visa-spain\/\" data-type=\"URL\" data-id=\"https:\/\/equitas-property.com\/en_gb\/non-lucrative-visa-spain\/\" target=\"_blank\" rel=\"noreferrer noopener\">pobyt<\/a> w Hiszpanii. Je\u015bli tak, mo\u017cesz ewentualnie napisa\u0107 wszelkie c\u0142a importowe i op\u0142aty IVA (IVA to VAT w 21%). Skontaktuj si\u0119 z nami, aby uzyska\u0107 szczeg\u00f3\u0142owe informacje w tym zakresie. Je\u015bli Tw\u00f3j motocykl jest pojazdem UE, nie musisz si\u0119 martwi\u0107 o c\u0142o importowe lub IVA. <\/p>\n\n\n\n<h5 class=\"wp-block-heading\"><span class=\"ez-toc-section\" id=\"Where_is_the_motorcycle_test_done_in_Spain\"><\/span>Gdzie odbywa si\u0119 test motocykla w Hiszpanii?<span class=\"ez-toc-section-end\"><\/span><\/h5>\n\n\n\n<p>Test motocykla odbywa si\u0119 w centrum ITV. Aby uzyska\u0107 pe\u0142n\u0105 immatrykulacj\u0119, potrzebne s\u0105 odpowiednie dokumenty, aby po pierwsze zarezerwowa\u0107 ITV, a po drugie mie\u0107 wszystkie odpowiednie dokumenty dotycz\u0105ce importu motocykla do Hiszpanii. Zapewniamy to i uczestniczymy w ITV, zajmujemy si\u0119 wszystkimi formalno\u015bciami przed i po ITV. Pojazd zostaje wezwany na pas dla motocykli w celu przeprowadzenia testu. Po dokumentacji ITV trzeba zorganizowa\u0107 ostateczn\u0105 rejestracj\u0119, w tym:<\/p>\n\n\n\n<ul class=\"wp-block-list\">\n<li>Zap\u0142ata podatk\u00f3w od emisji (je\u015bli wyst\u0119puj\u0105)<\/li>\n\n\n\n<li>Podatek drogowy<\/li>\n\n\n\n<li>Ostateczna rejestracja w DGT<\/li>\n\n\n\n<li>Zamawianie tablic rejestracyjnych<\/li>\n\n\n\n<li>Kontakty z urz\u0119dem skarbowym<\/li>\n<\/ul>\n\n\n\n<p><\/p>","protected":false},"excerpt":{"rendered":"<p>Registering a motorbike in Spain is pretty straight forward. If the Motorbike is EU very straight forward. From the UK we need to take a look at if we can waive taxes after Brexit. At vehicle registrations Costa Del Sol we not only do cars but we also have much experience with motorbikes. We deal [&hellip;]<\/p>\n","protected":false},"author":1,"featured_media":2562,"parent":0,"menu_order":0,"comment_status":"closed","ping_status":"closed","template":"","meta":{"site-sidebar-layout":"default","site-content-layout":"","ast-site-content-layout":"default","site-content-style":"default","site-sidebar-style":"default","ast-global-header-display":"","ast-banner-title-visibility":"","ast-main-header-display":"","ast-hfb-above-header-display":"","ast-hfb-below-header-display":"","ast-hfb-mobile-header-display":"","site-post-title":"","ast-breadcrumbs-content":"","ast-featured-img":"","footer-sml-layout":"","ast-disable-related-posts":"","theme-transparent-header-meta":"","adv-header-id-meta":"","stick-header-meta":"","header-above-stick-meta":"","header-main-stick-meta":"","header-below-stick-meta":"","astra-migrate-meta-layouts":"set","ast-page-background-enabled":"default","ast-page-background-meta":{"desktop":{"background-color":"","background-image":"","background-repeat":"repeat","background-position":"center center","background-size":"auto","background-attachment":"scroll","background-type":"","background-media":"","overlay-type":"","overlay-color":"","overlay-gradient":""},"tablet":{"background-color":"","background-image":"","background-repeat":"repeat","background-position":"center center","background-size":"auto","background-attachment":"scroll","background-type":"","background-media":"","overlay-type":"","overlay-color":"","overlay-gradient":""},"mobile":{"background-color":"","background-image":"","background-repeat":"repeat","background-position":"center center","background-size":"auto","background-attachment":"scroll","background-type":"","background-media":"","overlay-type":"","overlay-color":"","overlay-gradient":""}},"ast-content-background-meta":{"desktop":{"background-color":"var(--ast-global-color-5)","background-image":"","background-repeat":"repeat","background-position":"center center","background-size":"auto","background-attachment":"scroll","background-type":"","background-media":"","overlay-type":"","overlay-color":"","overlay-gradient":""},"tablet":{"background-color":"var(--ast-global-color-5)","background-image":"","background-repeat":"repeat","background-position":"center center","background-size":"auto","background-attachment":"scroll","background-type":"","background-media":"","overlay-type":"","overlay-color":"","overlay-gradient":""},"mobile":{"background-color":"var(--ast-global-color-5)","background-image":"","background-repeat":"repeat","background-position":"center center","background-size":"auto","background-attachment":"scroll","background-type":"","background-media":"","overlay-type":"","overlay-color":"","overlay-gradient":""}},"footnotes":""},"class_list":["post-2475","page","type-page","status-publish","has-post-thumbnail","hentry"],"_links":{"self":[{"href":"https:\/\/vehicleregistrationscostadelsol.com\/pl\/wp-json\/wp\/v2\/pages\/2475","targetHints":{"allow":["GET"]}}],"collection":[{"href":"https:\/\/vehicleregistrationscostadelsol.com\/pl\/wp-json\/wp\/v2\/pages"}],"about":[{"href":"https:\/\/vehicleregistrationscostadelsol.com\/pl\/wp-json\/wp\/v2\/types\/page"}],"author":[{"embeddable":true,"href":"https:\/\/vehicleregistrationscostadelsol.com\/pl\/wp-json\/wp\/v2\/users\/1"}],"replies":[{"embeddable":true,"href":"https:\/\/vehicleregistrationscostadelsol.com\/pl\/wp-json\/wp\/v2\/comments?post=2475"}],"version-history":[{"count":0,"href":"https:\/\/vehicleregistrationscostadelsol.com\/pl\/wp-json\/wp\/v2\/pages\/2475\/revisions"}],"wp:featuredmedia":[{"embeddable":true,"href":"https:\/\/vehicleregistrationscostadelsol.com\/pl\/wp-json\/wp\/v2\/media\/2562"}],"wp:attachment":[{"href":"https:\/\/vehicleregistrationscostadelsol.com\/pl\/wp-json\/wp\/v2\/media?parent=2475"}],"curies":[{"name":"wp","href":"https:\/\/api.w.org\/{rel}","templated":true}]}}