{"id":2686,"date":"2022-11-14T14:31:28","date_gmt":"2022-11-14T13:31:28","guid":{"rendered":"https:\/\/vehicleregistrationscostadelsol.com\/?page_id=2686"},"modified":"2025-07-05T15:01:51","modified_gmt":"2025-07-05T13:01:51","slug":"rejestracja-pojazdu-z-ue-lub-uk-w-alicante","status":"publish","type":"page","link":"https:\/\/vehicleregistrationscostadelsol.com\/pl\/register-a-eu-or-uk-vehicle-in-alicante\/","title":{"rendered":"Zarejestruj pojazd z UE lub Wielkiej Brytanii w Alicante"},"content":{"rendered":"<p><a href=\"https:\/\/vehicleregistrationscostadelsol.com\/pl\/kategoria\/alicante\/\">Alicante<\/a>&nbsp;\/ Za pomoc\u0105&nbsp;<a href=\"https:\/\/vehicleregistrationscostadelsol.com\/pl\/autor\/admin\/\">Admin<\/a><\/p><div id=\"ez-toc-container\" class=\"ez-toc-v2_0_82_2 counter-hierarchy ez-toc-counter ez-toc-grey ez-toc-container-direction\">\n<div class=\"ez-toc-title-container\">\n<p class=\"ez-toc-title\" style=\"cursor:inherit\">Spis tre\u015bci<\/p>\n<span class=\"ez-toc-title-toggle\"><a href=\"#\" class=\"ez-toc-pull-right ez-toc-btn ez-toc-btn-xs ez-toc-btn-default ez-toc-toggle\" aria-label=\"Prze\u0142\u0105cznik Spisu Tre\u015bci\"><span class=\"ez-toc-js-icon-con\"><span class=\"\"><span class=\"eztoc-hide\" style=\"display:none;\">Toggle<\/span><span class=\"ez-toc-icon-toggle-span\"><svg style=\"fill: #999;color:#999\" xmlns=\"http:\/\/www.w3.org\/2000\/svg\" class=\"list-377408\" width=\"20px\" height=\"20px\" viewbox=\"0 0 24 24\" fill=\"none\"><path d=\"M6 6H4v2h2V6zm14 0H8v2h12V6zM4 11h2v2H4v-2zm16 0H8v2h12v-2zM4 16h2v2H4v-2zm16 0H8v2h12v-2z\" fill=\"currentColor\"><\/path><\/svg><svg style=\"fill: #999;color:#999\" class=\"arrow-unsorted-368013\" xmlns=\"http:\/\/www.w3.org\/2000\/svg\" width=\"10px\" height=\"10px\" viewbox=\"0 0 24 24\" version=\"1.2\" baseprofile=\"tiny\"><path d=\"M18.2 9.3l-6.2-6.3-6.2 6.3c-.2.2-.3.4-.3.7s.1.5.3.7c.2.2.4.3.7.3h11c.3 0 .5-.1.7-.3.2-.2.3-.5.3-.7s-.1-.5-.3-.7zM5.8 14.7l6.2 6.3 6.2-6.3c.2-.2.3-.5.3-.7s-.1-.5-.3-.7c-.2-.2-.4-.3-.7-.3h-11c-.3 0-.5.1-.7.3-.2.2-.3.5-.3.7s.1.5.3.7z\"\/><\/svg><\/span><\/span><\/span><\/a><\/span><\/div>\n<nav><ul class='ez-toc-list ez-toc-list-level-1' ><li class='ez-toc-page-1 ez-toc-heading-level-2'><a class=\"ez-toc-link ez-toc-heading-1\" href=\"https:\/\/vehicleregistrationscostadelsol.com\/pl\/register-a-eu-or-uk-vehicle-in-alicante\/#What_You_Will_Need_To_Register_A_Vehicle_In_Alicante\" >Co b\u0119dzie potrzebne do zarejestrowania pojazdu w Alicante<\/a><ul class='ez-toc-list-level-3' ><li class='ez-toc-heading-level-3'><a class=\"ez-toc-link ez-toc-heading-2\" href=\"https:\/\/vehicleregistrationscostadelsol.com\/pl\/register-a-eu-or-uk-vehicle-in-alicante\/#So_How_Can_You_Help\" >Jak wi\u0119c mo\u017cesz pom\u00f3c?<\/a><ul class='ez-toc-list-level-4' ><li class='ez-toc-heading-level-4'><a class=\"ez-toc-link ez-toc-heading-3\" href=\"https:\/\/vehicleregistrationscostadelsol.com\/pl\/register-a-eu-or-uk-vehicle-in-alicante\/#How_Easy_Is_The_ITV_In_Alicante_To_Register_Your_Car\" >Jak \u0142atwo jest zarejestrowa\u0107 samoch\u00f3d w ITV w Alicante?<\/a><ul class='ez-toc-list-level-5' ><li class='ez-toc-heading-level-5'><a class=\"ez-toc-link ez-toc-heading-4\" href=\"https:\/\/vehicleregistrationscostadelsol.com\/pl\/register-a-eu-or-uk-vehicle-in-alicante\/#What_If_It_Fails_The_Inspection_In_Alicante\" >Co je\u015bli nie przejdzie kontroli w Alicante?<\/a><\/li><li class='ez-toc-page-1 ez-toc-heading-level-5'><a class=\"ez-toc-link ez-toc-heading-5\" href=\"https:\/\/vehicleregistrationscostadelsol.com\/pl\/register-a-eu-or-uk-vehicle-in-alicante\/#What_Will_You_Need_If_Your_Vehicle_Fails_The_ITV\" >Czego b\u0119dziesz potrzebowa\u0107, je\u015bli Tw\u00f3j pojazd nie przejdzie przez ITV?<\/a><\/li><\/ul><\/li><li class='ez-toc-page-1 ez-toc-heading-level-4'><a class=\"ez-toc-link ez-toc-heading-6\" href=\"https:\/\/vehicleregistrationscostadelsol.com\/pl\/register-a-eu-or-uk-vehicle-in-alicante\/#Register_A_Vehicle_In_Alicante\" >Zarejestruj pojazd w Alicante<\/a><\/li><\/ul><\/li><\/ul><\/li><\/ul><\/nav><\/div>\n\n\n\n\n<p>Je\u015bli przywioz\u0142e\u015b lub przywioz\u0142a\u015b sw\u00f3j pojazd do Hiszpanii i chcesz zarejestrowa\u0107 pojazd z UE lub Wielkiej Brytanii w\u00a0<a href=\"https:\/\/itvcitaprevia.es\/estaciones-itv\/comunidad-valenciana\/alicante\/\" target=\"_blank\" rel=\"noreferrer noopener\">Alicante<\/a>\u00a0b\u0119dziesz potrzebowa\u0107 porady na temat tego, czego potrzebujesz i jak przeprowadzi\u0107 proces umieszczania pojazdu na hiszpa\u0144skich tablicach rejestracyjnych.<\/p>\n\n\n\n<h2 class=\"wp-block-heading\"><span class=\"ez-toc-section\" id=\"What_You_Will_Need_To_Register_A_Vehicle_In_Alicante\"><\/span>Co b\u0119dzie potrzebne do zarejestrowania pojazdu w Alicante<span class=\"ez-toc-section-end\"><\/span><\/h2>\n\n\n\n<ul class=\"wp-block-list\">\n<li>Tw\u00f3j dokument rejestracyjny pojazdu<\/li>\n\n\n\n<li>Certyfikat zgodno\u015bci (Ficha Technica)<\/li>\n\n\n\n<li>dow\u00f3d osobisty i numer NIE lub TIE card<\/li>\n\n\n\n<li>Dow\u00f3d adresu zamieszkania w Hiszpanii.<\/li>\n<\/ul>\n\n\n\n<h3 class=\"wp-block-heading\"><span class=\"ez-toc-section\" id=\"So_How_Can_You_Help\"><\/span>Jak wi\u0119c mo\u017cesz pom\u00f3c?<span class=\"ez-toc-section-end\"><\/span><\/h3>\n\n\n\n<p>Mo\u017cemy wykona\u0107 zdaln\u0105 us\u0142ug\u0119 i zapewni\u0107 wszystko, czego potrzebujesz, aby zabra\u0107 sw\u00f3j pojazd do ITV w Alicante. Nasza us\u0142uga obejmuje nawet przedstawiciela, kt\u00f3ry spotka si\u0119 z Tob\u0105 na stacji ITV przed inspekcj\u0105 w Alicante. W dokumentacji, kt\u00f3r\u0105 wy\u015blemy, znajduje si\u0119 podpisana i legalna dokumentacja Ficha Technica (certyfikat zgodno\u015bci) Tw\u00f3j dow\u00f3d osobisty oraz plik ze wszystkim, czego potrzebujesz, aby przej\u015b\u0107 przez inspekcj\u0119 ITV. W zasadzie wszystko, co musisz zrobi\u0107, to stawi\u0107 si\u0119 bez przedstawiciela o wcze\u015bniej uzgodnionej godzinie i zrobi\u0105 wszystko.<\/p>\n\n\n\n<p>Wysy\u0142asz do nas dokumenty, a my zajmujemy si\u0119 formalno\u015bciami, DGT, ostateczn\u0105 rejestracj\u0105, podatkiem drogowym i przedstawiamy dow\u00f3d, \u017ce zosta\u0142 zap\u0142acony, a tak\u017ce ewentualne podatki od emisji. Nast\u0119pnie wy\u015blemy Ci kurierem nowe hiszpa\u0144skie tablice rejestracyjne i wszystkie potrzebne dokumenty, a Tw\u00f3j pojazd b\u0119dzie w pe\u0142ni legalny w Alicante i ca\u0142ej Hiszpanii. Nast\u0119pnie mo\u017cemy \u015bwiadczy\u0107 us\u0142ug\u0119 rejestracji pojazdu z UE lub Wielkiej Brytanii w Alicante. <\/p>\n\n\n\n<h4 class=\"wp-block-heading\"><span class=\"ez-toc-section\" id=\"How_Easy_Is_The_ITV_In_Alicante_To_Register_Your_Car\"><\/span>Jak \u0142atwo jest zarejestrowa\u0107 samoch\u00f3d w ITV w Alicante?<span class=\"ez-toc-section-end\"><\/span><\/h4>\n\n\n\n<p>Przeprowadzili\u015bmy wiele udanych inspekcji ITV w Alicante, a proces jest w rzeczywisto\u015bci do\u015b\u0107 \u0142atwy. Mo\u017cemy udzieli\u0107 porady na temat tego, co mo\u017ce si\u0119 nie uda\u0107 w ITV i co mo\u017cesz zrobi\u0107 przed wizyt\u0105. Mog\u0105 to by\u0107 informacje o oponach, \u015bwiat\u0142ach, hakach holowniczych itp. Ficha Technica dostarczy wi\u0119kszo\u015b\u0107 szczeg\u00f3\u0142\u00f3w, ale wiemy, na co zwracaj\u0105 uwag\u0119 technicy. Skontaktuj si\u0119 z nami, aby\u015bmy mogli otrzyma\u0107 BEZP\u0141ATN\u0104 WYCEN\u0118.<\/p>\n\n\n\n<div class=\"wp-block-buttons is-layout-flex wp-block-buttons-is-layout-flex\">\n<div class=\"wp-block-button\"><a class=\"wp-block-button__link wp-element-button\" href=\"\/\/api.whatsapp.com\/send\/?phone=34696337629&amp;text=Hi%2C+I+have+a+question+regards+ITV+in+Alicante&amp;type=phone_number&amp;app_absent=0 in Alicante\" target=\"_blank\" rel=\"noreferrer noopener\">Whatsapp nas <\/a><\/div>\n\n\n\n<div class=\"wp-block-button\"><a class=\"wp-block-button__link wp-element-button\" href=\"mailto:info@vehicleregspain.wp1.sh?subject=ITV in Alicante&amp;body=Hi regarding an ITV in Alicante\">Wy\u015blij do nas e-mail<\/a><\/div>\n\n\n\n<div class=\"wp-block-button\"><a class=\"wp-block-button__link wp-element-button\" href=\"tel:+34696337629\" target=\"_blank\" rel=\"noreferrer noopener\">Zadzwo\u0144 do nas teraz<\/a><\/div>\n<\/div>\n\n\n\n<hr class=\"wp-block-separator has-alpha-channel-opacity\"\/>\n\n\n\n<h5 class=\"wp-block-heading\"><span class=\"ez-toc-section\" id=\"What_If_It_Fails_The_Inspection_In_Alicante\"><\/span>Co je\u015bli nie przejdzie kontroli w Alicante?<span class=\"ez-toc-section-end\"><\/span><\/h5>\n\n\n\n<p>Zapewniamy drugi ITV bezp\u0142atnie. Nie musisz p\u0142aci\u0107 ITV za ponowny test ani nic wi\u0119cej, aby otrzyma\u0107 przepustki pojazdu po naprawieniu tego, o co prosili. Ta us\u0142uga jest przez nas wspierana w usuwaniu b\u0142\u0119d\u00f3w, kt\u00f3re mog\u0142y si\u0119 nie uda\u0107, i mo\u017cemy doradzi\u0107, co nale\u017cy powiedzie\u0107 mechanikowi, z kt\u00f3rego us\u0142ug korzystasz, lub kt\u00f3ry sam naprawiasz.<\/p>\n\n\n\n<p>Jeste\u015bmy ekspertami w tym, co robimy. Oto gar\u015b\u0107 informacji o naszym&nbsp;<a href=\"https:\/\/vehicleregistrationscostadelsol.com\/pl\/zdalna-usluga-rejestracji-pojazdow-w-hiszpanii\/\" target=\"_blank\" rel=\"noreferrer noopener\">us\u0142uga zdalna<\/a>&nbsp;i zadzwo\u0144, wy\u015blij e-mail lub zadzwo\u0144 do nas przez WhatsApp. Koniec ko\u0144c\u00f3w fakt, \u017ce to czytasz oznacza, \u017ce potrzebujesz pomocy, zajmujemy si\u0119 wszystkim do tego stopnia, \u017ce Twoim jedynym zmartwieniem jest zazwyczaj spotkanie o okre\u015blonej godzinie w stacji ITV.<\/p>\n\n\n\n<h5 class=\"wp-block-heading\"><span class=\"ez-toc-section\" id=\"What_Will_You_Need_If_Your_Vehicle_Fails_The_ITV\"><\/span>Czego b\u0119dziesz potrzebowa\u0107, je\u015bli Tw\u00f3j pojazd nie przejdzie przez ITV?<span class=\"ez-toc-section-end\"><\/span><\/h5>\n\n\n\n<p>Wszystko, co musisz zrobi\u0107, to arkusz z wynikiem negatywnym, kt\u00f3ry otrzyma\u0142e\u015b, gdy przyst\u0119powa\u0142e\u015b do testu. ITV zazwyczaj zachowuje dokumenty przekazane po raz pierwszy. Nast\u0119pnie ITV sprawdzi, co zrobi\u0142e\u015b, tylko o co prosili. NIE zrobi\u0105 ponownie ca\u0142ego testu. Przyk\u0142ad. Uszkodz\u0105 przedni\u0105 lew\u0105 opon\u0119, nowa opona jest za\u0142o\u017cona, sprawdz\u0105 tylko t\u0119 jedn\u0105. Oczywi\u015bcie b\u0119d\u0105 sprawdza\u0107 wszystko, co zawiedli za pierwszym razem, ale wszystko, co przesz\u0142o za pierwszym razem, nie jest sprawdzane pod k\u0105tem powt\u00f3rnych test\u00f3w.<\/p>\n\n\n\n<h4 class=\"wp-block-heading\"><span class=\"ez-toc-section\" id=\"Register_A_Vehicle_In_Alicante\"><\/span>Zarejestruj pojazd w Alicante<span class=\"ez-toc-section-end\"><\/span><\/h4>\n\n\n\n<p>Je\u015bli Tw\u00f3j pojazd pochodzi z Wielkiej Brytanii, mo\u017ce by\u0107 konieczne:&nbsp;<a href=\"https:\/\/vehicleregistrationscostadelsol.com\/pl\/kontakt\/\" target=\"_blank\" rel=\"noreferrer noopener\">porozmawiaj z nami<\/a>&nbsp;dotycz\u0105ce tego, czy mo\u017cemy odst\u0105pi\u0107 od podatk\u00f3w za samoch\u00f3d po Brexicie. Pojazdy UE s\u0105 znacznie prostsze i nie wymagaj\u0105 p\u0142acenia c\u0142a importowego ani IVA za pojazd. Rejestracja samochodu w Alicante jest dok\u0142adnie taka sama, jak w ka\u017cdej innej gminie w Hiszpanii, jednak spotkania w ITV mog\u0105 by\u0107 znacznie szybsze, o ile masz odpowiedni\u0105 dokumentacj\u0119 i proces przed i po kontroli. Tutaj mo\u017cemy Ci pom\u00f3c.<\/p>","protected":false},"excerpt":{"rendered":"<p>Alicante&nbsp;\/ By&nbsp;admin If you have brought or bringing your vehicle to Spain and are wishing to register a EU or UK vehicle in\u00a0Alicante\u00a0you are going to need advice on just what you need and how to do the process of getting the vehicle onto Spanish number plates. What You Will Need To Register A Vehicle [&hellip;]<\/p>\n","protected":false},"author":1,"featured_media":2673,"parent":0,"menu_order":0,"comment_status":"closed","ping_status":"closed","template":"","meta":{"site-sidebar-layout":"default","site-content-layout":"","ast-site-content-layout":"default","site-content-style":"default","site-sidebar-style":"default","ast-global-header-display":"","ast-banner-title-visibility":"","ast-main-header-display":"","ast-hfb-above-header-display":"","ast-hfb-below-header-display":"","ast-hfb-mobile-header-display":"","site-post-title":"","ast-breadcrumbs-content":"","ast-featured-img":"","footer-sml-layout":"","ast-disable-related-posts":"","theme-transparent-header-meta":"","adv-header-id-meta":"","stick-header-meta":"","header-above-stick-meta":"","header-main-stick-meta":"","header-below-stick-meta":"","astra-migrate-meta-layouts":"set","ast-page-background-enabled":"default","ast-page-background-meta":{"desktop":{"background-color":"","background-image":"","background-repeat":"repeat","background-position":"center center","background-size":"auto","background-attachment":"scroll","background-type":"","background-media":"","overlay-type":"","overlay-color":"","overlay-gradient":""},"tablet":{"background-color":"","background-image":"","background-repeat":"repeat","background-position":"center center","background-size":"auto","background-attachment":"scroll","background-type":"","background-media":"","overlay-type":"","overlay-color":"","overlay-gradient":""},"mobile":{"background-color":"","background-image":"","background-repeat":"repeat","background-position":"center center","background-size":"auto","background-attachment":"scroll","background-type":"","background-media":"","overlay-type":"","overlay-color":"","overlay-gradient":""}},"ast-content-background-meta":{"desktop":{"background-color":"var(--ast-global-color-5)","background-image":"","background-repeat":"repeat","background-position":"center center","background-size":"auto","background-attachment":"scroll","background-type":"","background-media":"","overlay-type":"","overlay-color":"","overlay-gradient":""},"tablet":{"background-color":"var(--ast-global-color-5)","background-image":"","background-repeat":"repeat","background-position":"center center","background-size":"auto","background-attachment":"scroll","background-type":"","background-media":"","overlay-type":"","overlay-color":"","overlay-gradient":""},"mobile":{"background-color":"var(--ast-global-color-5)","background-image":"","background-repeat":"repeat","background-position":"center center","background-size":"auto","background-attachment":"scroll","background-type":"","background-media":"","overlay-type":"","overlay-color":"","overlay-gradient":""}},"footnotes":""},"class_list":["post-2686","page","type-page","status-publish","has-post-thumbnail","hentry"],"_links":{"self":[{"href":"https:\/\/vehicleregistrationscostadelsol.com\/pl\/wp-json\/wp\/v2\/pages\/2686","targetHints":{"allow":["GET"]}}],"collection":[{"href":"https:\/\/vehicleregistrationscostadelsol.com\/pl\/wp-json\/wp\/v2\/pages"}],"about":[{"href":"https:\/\/vehicleregistrationscostadelsol.com\/pl\/wp-json\/wp\/v2\/types\/page"}],"author":[{"embeddable":true,"href":"https:\/\/vehicleregistrationscostadelsol.com\/pl\/wp-json\/wp\/v2\/users\/1"}],"replies":[{"embeddable":true,"href":"https:\/\/vehicleregistrationscostadelsol.com\/pl\/wp-json\/wp\/v2\/comments?post=2686"}],"version-history":[{"count":0,"href":"https:\/\/vehicleregistrationscostadelsol.com\/pl\/wp-json\/wp\/v2\/pages\/2686\/revisions"}],"wp:featuredmedia":[{"embeddable":true,"href":"https:\/\/vehicleregistrationscostadelsol.com\/pl\/wp-json\/wp\/v2\/media\/2673"}],"wp:attachment":[{"href":"https:\/\/vehicleregistrationscostadelsol.com\/pl\/wp-json\/wp\/v2\/media?parent=2686"}],"curies":[{"name":"wp","href":"https:\/\/api.w.org\/{rel}","templated":true}]}}