{"id":2713,"date":"2022-11-15T16:32:55","date_gmt":"2022-11-15T15:32:55","guid":{"rendered":"https:\/\/vehicleregistrationscostadelsol.com\/?page_id=2713"},"modified":"2026-01-10T22:46:23","modified_gmt":"2026-01-10T21:46:23","slug":"zdalny-proces-obslugi","status":"publish","type":"page","link":"https:\/\/vehicleregistrationscostadelsol.com\/pl\/remote-service-process\/","title":{"rendered":"Proces obs\u0142ugi zdalnej"},"content":{"rendered":"<p>Witamy na naszej stronie dokumentacji i procesu us\u0142ugi zdalnej. Poni\u017cej znajduje si\u0119 opis etap\u00f3w rejestracji pojazdu w Hiszpanii, je\u015bli nie jeste\u015b blisko nas. Aby uzyska\u0107 wi\u0119cej informacji o tym, jak to dzia\u0142a, prosimy o kontakt <a href=\"https:\/\/vehicleregistrationscostadelsol.com\/pl\/zdalna-usluga-rejestracji-pojazdow-w-hiszpanii\/\" data-type=\"URL\" data-id=\"https:\/\/vehicleregistrationscostadelsol.com\/remote-service-for-vehicle-registration-in-spain\/\" target=\"_blank\" rel=\"noreferrer noopener\">przeczytaj tutaj<\/a>.<br><\/p><div id=\"ez-toc-container\" class=\"ez-toc-v2_0_82_2 counter-hierarchy ez-toc-counter ez-toc-grey ez-toc-container-direction\">\n<div class=\"ez-toc-title-container\">\n<p class=\"ez-toc-title\" style=\"cursor:inherit\">Spis tre\u015bci<\/p>\n<span class=\"ez-toc-title-toggle\"><a href=\"#\" class=\"ez-toc-pull-right ez-toc-btn ez-toc-btn-xs ez-toc-btn-default ez-toc-toggle\" aria-label=\"Prze\u0142\u0105cznik Spisu Tre\u015bci\"><span class=\"ez-toc-js-icon-con\"><span class=\"\"><span class=\"eztoc-hide\" style=\"display:none;\">Toggle<\/span><span class=\"ez-toc-icon-toggle-span\"><svg style=\"fill: #999;color:#999\" xmlns=\"http:\/\/www.w3.org\/2000\/svg\" class=\"list-377408\" width=\"20px\" height=\"20px\" viewbox=\"0 0 24 24\" fill=\"none\"><path d=\"M6 6H4v2h2V6zm14 0H8v2h12V6zM4 11h2v2H4v-2zm16 0H8v2h12v-2zM4 16h2v2H4v-2zm16 0H8v2h12v-2z\" fill=\"currentColor\"><\/path><\/svg><svg style=\"fill: #999;color:#999\" class=\"arrow-unsorted-368013\" xmlns=\"http:\/\/www.w3.org\/2000\/svg\" width=\"10px\" height=\"10px\" viewbox=\"0 0 24 24\" version=\"1.2\" baseprofile=\"tiny\"><path d=\"M18.2 9.3l-6.2-6.3-6.2 6.3c-.2.2-.3.4-.3.7s.1.5.3.7c.2.2.4.3.7.3h11c.3 0 .5-.1.7-.3.2-.2.3-.5.3-.7s-.1-.5-.3-.7zM5.8 14.7l6.2 6.3 6.2-6.3c.2-.2.3-.5.3-.7s-.1-.5-.3-.7c-.2-.2-.4-.3-.7-.3h-11c-.3 0-.5.1-.7.3-.2.2-.3.5-.3.7s.1.5.3.7z\"\/><\/svg><\/span><\/span><\/span><\/a><\/span><\/div>\n<nav><ul class='ez-toc-list ez-toc-list-level-1 eztoc-toggle-hide-by-default' ><li class='ez-toc-page-1 ez-toc-heading-level-2'><a class=\"ez-toc-link ez-toc-heading-1\" href=\"https:\/\/vehicleregistrationscostadelsol.com\/pl\/remote-service-process\/#Stage_1_%E2%80%93_Green_Temporary_plates_if_needed_150_euros_E\" >Etap 1. \u2013 Zielone tablice tymczasowe (w razie potrzeby) 150 euro \u20ac<\/a><ul class='ez-toc-list-level-3' ><li class='ez-toc-heading-level-3'><a class=\"ez-toc-link ez-toc-heading-2\" href=\"https:\/\/vehicleregistrationscostadelsol.com\/pl\/remote-service-process\/#Stage_2_Sending_paperwork_we_need_to_create_a_file_to_take_to_the_ITV_station\" >Etap 2. Wysy\u0142aj\u0105c dokumenty musimy stworzy\u0107 plik do zabrania do stacji ITV.<\/a><\/li><li class='ez-toc-page-1 ez-toc-heading-level-3'><a class=\"ez-toc-link ez-toc-heading-3\" href=\"https:\/\/vehicleregistrationscostadelsol.com\/pl\/remote-service-process\/#Stage_3_Getting_a_Ficha_Technica_certificate_of_conformity_if_needed\" >Etap 3. Uzyskanie Ficha Technica (w razie potrzeby certyfikat zgodno\u015bci)<\/a><\/li><li class='ez-toc-page-1 ez-toc-heading-level-3'><a class=\"ez-toc-link ez-toc-heading-4\" href=\"https:\/\/vehicleregistrationscostadelsol.com\/pl\/remote-service-process\/#Stage_4_To_get_started_Payment\" >Etap 4: Rozpocz\u0119cie i p\u0142atno\u015b\u0107:<\/a><ul class='ez-toc-list-level-4' ><li class='ez-toc-heading-level-4'><a class=\"ez-toc-link ez-toc-heading-5\" href=\"https:\/\/vehicleregistrationscostadelsol.com\/pl\/remote-service-process\/#The_importance_of_good_documents\" >Znaczenie dobrych dokument\u00f3w<\/a><\/li><\/ul><\/li><\/ul><\/li><\/ul><\/nav><\/div>\n\n\n\n\n<h2 class=\"wp-block-heading\"><span class=\"ez-toc-section\" id=\"Stage_1_%E2%80%93_Green_Temporary_plates_if_needed_150_euros_E\"><\/span>Etap 1. \u2013 Zielone tablice tymczasowe (w razie potrzeby) 150 euro \u20ac<span class=\"ez-toc-section-end\"><\/span><\/h2>\n\n\n\n<p>Je\u015bli Tw\u00f3j pojazd nie jest legalny w Hiszpanii, b\u0119dziesz potrzebowa\u0107 zielonych tablic rejestracyjnych, kt\u00f3re dadz\u0105 Ci 60 dni na legalne prowadzenie pojazdu w Hiszpanii, podczas gdy my zrobimy za Ciebie rejestracj\u0119 (pojazd musi by\u0107 ubezpieczony na tablicach tymczasowych \u2013 w razie potrzeby mo\u017cemy pom\u00f3c z bezp\u0142atn\u0105 wycen\u0105). <strong>PROSZ\u0118 ZWR\u00d3CI\u0106 UWAG\u0118 NA TABLICZKI OK. 2 tygodnie<\/strong> bez opcji szybkiej \u015bcie\u017cki. Kopie <strong>MUSZ\u0104 by\u0107 dobre zeskanowane kopie<\/strong> poniewa\u017c DGT odm\u00f3wi ich przetworzenia ze z\u0142ymi kopiami.<strong> PROSZ\u0118 R\u00d3WNIE\u017b PAMI\u0118TA\u0106, \u017bE NIE MO\u017bEMY OTRZYMA\u0106 ZIELONEJ TABLICY DLA POJAZD\u00d3W, NA KT\u00d3RE NIE PROWADZIMY REJESTRACJI<\/strong>.<br><\/p>\n\n\n\n<ul class=\"wp-block-list\">\n<li>Potrzebujemy <strong>ORYGINALNE dokumenty rejestracyjne pojazdu<\/strong>: Wielka Brytania (V5) lub cz\u0119\u015b\u0107 1 i 2 dla pojazd\u00f3w UE, skontaktuj si\u0119 z nami, a my wy\u015blemy Ci adres. Wysy\u0142aj tylko kurierem (w razie potrzeby mo\u017cemy go dostarczy\u0107) <\/li>\n\n\n\n<li>POA \u2013 Potwierdzenie adresu \u2013  <strong>TYLKO 1<\/strong> z nast\u0119puj\u0105cych 3 wymaganych: 1. Padron (z ostatnich 3 miesi\u0119cy) 2. Pe\u0142ne akty w\u0142asno\u015bci (zeskanowane) lub 3. podpisana umowa najmu z dat\u0105<\/li>\n\n\n\n<li>Zdj\u0119cie paszportowe i strona z podpisem (ze wszystkimi czterema rogami)<\/li>\n\n\n\n<li>NIE lub karta TIE z ty\u0142u iz przodu. <\/li>\n<\/ul>\n\n\n\n<p>Mo\u017cesz je wys\u0142a\u0107, klikaj\u0105c poni\u017csze przyciski. Akceptujemy WhatsApp i e-mail, ale prosz\u0119 poda\u0107 swoje imi\u0119 i nazwisko oraz pojazd. Wy\u015blemy r\u00f3wnie\u017c instrukcj\u0119 p\u0142atno\u015bci, aby rozpocz\u0105\u0107. <\/p>\n\n\n\n<div class=\"wp-block-buttons is-layout-flex wp-block-buttons-is-layout-flex\">\n<div class=\"wp-block-button\"><a class=\"wp-block-button__link wp-element-button\" href=\"https:\/\/api.whatsapp.com\/send?phone=34696337629&amp;text=Hi%20regarding%20the%20green%20plates%20paperwork%20for%20the%20remote%20service.%20\" target=\"_blank\" rel=\"noreferrer noopener\">Whatsapp nas <\/a><\/div>\n\n\n\n<div class=\"wp-block-button\"><a class=\"wp-block-button__link wp-element-button\" href=\"mailto:info@vehicleregspain.wp1.sh?subject=Green plates paperwork&amp;body=Hi regarding paperwork for green plates.....\" target=\"_blank\" rel=\"noreferrer noopener\">Wy\u015blij do nas e-mail<\/a><\/div>\n<\/div>\n\n\n\n<div style=\"height:27px\" aria-hidden=\"true\" class=\"wp-block-spacer\"><\/div>\n\n\n\n<h3 class=\"wp-block-heading\"><span class=\"ez-toc-section\" id=\"Stage_2_Sending_paperwork_we_need_to_create_a_file_to_take_to_the_ITV_station\"><\/span>Etap 2. Wysy\u0142aj\u0105c dokumenty musimy stworzy\u0107 plik do zabrania do stacji ITV. <span class=\"ez-toc-section-end\"><\/span><\/h3>\n\n\n\n<p>Dokumenty, kt\u00f3re musimy zebra\u0107 w pliku z listem motywacyjnym, kt\u00f3ry mo\u017cesz zabra\u0107 do najbli\u017cszej stacji ITV. Pomo\u017cemy Ci z telefonem przed ITV dok\u0142adnie tego, czego mo\u017cesz si\u0119 spodziewa\u0107 na stacji ITV. Jak przeprowadzi\u0107 samoch\u00f3d i co zrobi\u0107 z dokumentami przed i po. Udzielimy r\u00f3wnie\u017c informacji, co nale\u017cy sprawdzi\u0107 przed ITV, aby da\u0107 pojazdowi najwi\u0119ksze szanse na sukces. Dostarczymy Ci pe\u0142ny plik tego, co nale\u017cy zabra\u0107, aby nie by\u0142o nieporozumie\u0144 z ITV. <\/p>\n\n\n\n<ul class=\"wp-block-list\">\n<li>Dobre zeskanowane kopie dokument\u00f3w rejestracyjnych pojazdu UK (V5 ) lub cz\u0119\u015bci 1 i 2 dla dokument\u00f3w UE. <\/li>\n\n\n\n<li>POA \u2013 Potwierdzenie adresu \u2013  <strong>TYLKO 1<\/strong> z nast\u0119puj\u0105cych 3 wymaganych: 1. Padron (z ostatnich 3 miesi\u0119cy) 2. Pe\u0142ne akty w\u0142asno\u015bci (zeskanowane) lub 3. podpisana umowa najmu z dat\u0105<\/li>\n\n\n\n<li>Strona ze zdj\u0119ciem paszportowym (ze wszystkimi czterema rogami)<\/li>\n\n\n\n<li>NIE lub karta TIE z ty\u0142u iz przodu. <\/li>\n<\/ul>\n\n\n\n<div style=\"height:27px\" aria-hidden=\"true\" class=\"wp-block-spacer\"><\/div>\n\n\n\n<div class=\"wp-block-buttons is-layout-flex wp-block-buttons-is-layout-flex\">\n<div class=\"wp-block-button\"><a class=\"wp-block-button__link wp-element-button\" href=\"https:\/\/api.whatsapp.com\/send?phone=34696337629&amp;text=Hi%20%2C%20regarding%20the%20ITV%20info%20for%20the%20remote%20service.%20\" target=\"_blank\" rel=\"noreferrer noopener\">Whatsapp nas <\/a><\/div>\n\n\n\n<div class=\"wp-block-button\"><a class=\"wp-block-button__link wp-element-button\" href=\"mailto:info@vehicleregspain.wp1.sh?subject=Regarding%20paperwork%20for%20the%20green%20plates&amp;body=We%20will%20send%20you%20the%20address%20to%20courier%20the%20paperwork%20to%20by%20return%20email%3A%20Please%20remember%20to%20state%20your%20name%20here%20please%20and%20attached%20paperwork........%0D%0A%0D%0AOriginal%20vehicle%20registration%20documents%20UK%20(V5%20)%20or%2C%20parts%201%20and%202%20for%20EU%20documents.%0D%0A%0D%0APOA%20-%20Proof%20of%20address%20-%20ONLY%201%20of%20the%20following%203%20needed%3A%201.Padron%20(dated%20in%20the%20last%203%20months)%202.Property%20deeds%20in%20full%20(scanned)%2C%20or%2C%203.%20an%20in%20date%20signed%20rental%20contract%0D%0A%0D%0APassport%20picture%20page%20(with%20all%20four%20corners%20in)%0D%0A%0D%0ANIE%20or%20TIE%20card%20back%20and%20front.\" target=\"_blank\" rel=\"noreferrer noopener\">Wy\u015blij do nas e-mail<\/a><\/div>\n<\/div>\n\n\n\n<div style=\"height:27px\" aria-hidden=\"true\" class=\"wp-block-spacer\"><\/div>\n\n\n\n<h3 class=\"wp-block-heading\"><span class=\"ez-toc-section\" id=\"Stage_3_Getting_a_Ficha_Technica_certificate_of_conformity_if_needed\"><\/span>Etap 3. Uzyskanie Ficha Technica (w razie potrzeby certyfikat zgodno\u015bci)<span class=\"ez-toc-section-end\"><\/span><\/h3>\n\n\n\n<p>Mo\u017cemy tutaj zrobi\u0107 kilka rzeczy, po pierwsze mo\u017cesz przes\u0142a\u0107 nam zdj\u0119cia pojazdu, a my otrzymasz w pe\u0142ni legalny certyfikat zgodno\u015bci podpisany przez autoryzowanego przedstawiciela. Lub mo\u017cemy dostarczy\u0107 szybki certyfikat zgodno\u015bci, kt\u00f3ry, je\u015bli jakiekolwiek szczeg\u00f3\u0142y wymagaj\u0105 aktualizacji po ITV, mo\u017cemy zaj\u0105\u0107 si\u0119 tym bezpo\u015brednio z nimi. Pierwsza opcja jest znacznie prostsza i B\u0118DZIESZ POTRZEBOWA\u0141 FICHA TECHICA, aby przeprowadzi\u0107 pojazd przez ITV. Bez tego nie mo\u017cna go przetestowa\u0107 na stacji ITV. Tw\u00f3j pojazd mo\u017ce ju\u017c mie\u0107 certyfikat zgodno\u015bci, ale akceptowane s\u0105 tylko ORYGINA\u0141Y. Kopie nie b\u0119d\u0105 akceptowane przez stacj\u0119 ITV. <\/p>\n\n\n\n<p><strong>Je\u015bli wp\u0142aci\u0142e\u015b ju\u017c depozyt, ustalimy to z Tob\u0105, a agent skontaktuje si\u0119 z Tob\u0105 bezpo\u015brednio. B\u0119dziemy tego potrzebowa\u0107, gdy pojawi\u0105 si\u0119 zielone tablice, je\u015bli b\u0119dziesz ich potrzebowa\u0107, aby zaoszcz\u0119dzi\u0107 czas na spotkanie w ITV. <\/strong><\/p>\n\n\n\n<h3 class=\"wp-block-heading\"><span class=\"ez-toc-section\" id=\"Stage_4_To_get_started_Payment\"><\/span>Etap 4: Rozpocz\u0119cie i p\u0142atno\u015b\u0107:<span class=\"ez-toc-section-end\"><\/span><\/h3>\n\n\n\n<p>Mamy nadziej\u0119, \u017ce przedstawili\u015bmy Ci teraz bezp\u0142atn\u0105 wycen\u0119 dotycz\u0105c\u0105 koszt\u00f3w rejestracji pojazdu w Hiszpanii. Je\u015bli jeste\u015b gotowy, aby rozpocz\u0105\u0107 us\u0142ug\u0119 zdaln\u0105, potrzebujemy depozytu w wysoko\u015bci 700 euro, aby rozpocz\u0105\u0107 proces (plus 150 e, je\u015bli potrzebujesz zielonych tablic) Skontaktuj si\u0119 z nami, aby uzyska\u0107 dane do przelewu bankowego i wys\u0142a\u0107 kopi\u0119 przelewu, co oznacza, \u017ce my mo\u017ce rozpocz\u0105\u0107 proces natychmiast, nawet zanim depozyt zostanie rozliczony. <\/p>\n\n\n\n<div class=\"wp-block-buttons is-layout-flex wp-block-buttons-is-layout-flex\">\n<div class=\"wp-block-button\"><a class=\"wp-block-button__link wp-element-button\" href=\"https:\/\/api.whatsapp.com\/send?phone=34696337629&amp;text=Please%20WhatsApp%20me%20the%20payment%20details%20for%20the%20remote%20service%20......\" target=\"_blank\" rel=\"noreferrer noopener\">Szczeg\u00f3\u0142y p\u0142atno\u015bci Whatsapp<\/a><\/div>\n\n\n\n<div class=\"wp-block-button\"><a class=\"wp-block-button__link wp-element-button\" href=\"mailto:info@vehicleregspain.wp1.sh?subject=Please%20send%20us%20the%20bank%20details%20to%20pay%20for%20the%20remote%20service&amp;body=Please%20state%20your%20name%20here%20.....%0D%0A%0D%0AWe%20will%20then%20send%20by%20return%20email%20to%20payment%20details%20to%20get%20started...%0D%0A%0D%0A700%20euros%20to%20start%20the%20process%2C%20or%2C%20850%20euros%20if%20green%20plates%20are%20needed.\" target=\"_blank\" rel=\"noreferrer noopener\">Wy\u015blij mi e-mailem szczeg\u00f3\u0142y p\u0142atno\u015bci<\/a><\/div>\n<\/div>\n\n\n\n<div style=\"height:27px\" aria-hidden=\"true\" class=\"wp-block-spacer\"><\/div>\n\n\n\n<h4 class=\"wp-block-heading\"><span class=\"ez-toc-section\" id=\"The_importance_of_good_documents\"><\/span>Znaczenie dobrych dokument\u00f3w<span class=\"ez-toc-section-end\"><\/span><\/h4>\n\n\n\n<p>DGT, urz\u0105d skarbowy, ratusz i stacje ITV oczekuj\u0105 dobrych zeskanowanych kopii dokument\u00f3w. Je\u015bli kopie nie s\u0105 dobre, rogi s\u0105 obci\u0119te, informacje s\u0105 poplamione, nie mo\u017cna ich przeczyta\u0107 w powi\u0119kszeniu, zrobiono je pod k\u0105tem itp., zwykle zwracaj\u0105 dokumenty z wiadomo\u015bci\u0105 e-mail o odrzuceniu, m\u00f3wi\u0105c\u0105, \u017ce NIE przyjm\u0105 dokument\u00f3w, co jest strat\u0105 czasu. czasu. Ten e-mail mo\u017ce czasami zaj\u0105\u0107 do 1 tygodnia, zanim dadz\u0105 nam zna\u0107, \u017ce nie usatysfakcjonowali\u015bmy ich tym, co wys\u0142ali\u015bmy. MUSIMY wys\u0142a\u0107 dobre kopie. Je\u015bli masz problemy i nie masz skanera, zr\u00f3b zdj\u0119cia bezpo\u015brednio z g\u00f3ry ze wszystkimi czterema rogami na zdj\u0119ciu i WhatsApp lub napisz do nas z dokumentami, a my mo\u017cemy spr\u00f3bowa\u0107 pom\u00f3c w ich zaakceptowaniu. Przyk\u0142ad dobrej kopii znajduje si\u0119 poni\u017cej. <\/p>\n\n\n\n<figure class=\"wp-block-image size-large\"><img fetchpriority=\"high\" decoding=\"async\" width=\"497\" height=\"1024\" src=\"https:\/\/vehicleregistrationscostadelsol.com\/wp-content\/uploads\/2022\/11\/dutch_kentekenbewijs-745x1536-1-497x1024.webp\" alt=\"Rejestracja samochodu Costa del Sol\" class=\"wp-image-2735\" title=\"Zarejestruj sw\u00f3j samoch\u00f3d w Hiszpanii\" srcset=\"https:\/\/vehicleregistrationscostadelsol.com\/wp-content\/uploads\/2022\/11\/dutch_kentekenbewijs-745x1536-1-497x1024.webp 497w, https:\/\/vehicleregistrationscostadelsol.com\/wp-content\/uploads\/2022\/11\/dutch_kentekenbewijs-745x1536-1-146x300.webp 146w, https:\/\/vehicleregistrationscostadelsol.com\/wp-content\/uploads\/2022\/11\/dutch_kentekenbewijs-745x1536-1-6x12.webp 6w, https:\/\/vehicleregistrationscostadelsol.com\/wp-content\/uploads\/2022\/11\/dutch_kentekenbewijs-745x1536-1.webp 745w\" sizes=\"(max-width: 497px) 100vw, 497px\" \/><figcaption class=\"wp-element-caption\">Przyk\u0142ad dobrze zeskanowanych dokument\u00f3w. Dobre zdj\u0119cia ze wszystkimi 4 rogami powinny by\u0107 w porz\u0105dku. <\/figcaption><\/figure>","protected":false},"excerpt":{"rendered":"<p>Welcome to our remote service paperwork and process page. Below is a walk through of the stages to get your vehicle registered in Spain if you are not close to us. For more info on how that works feel free to read here. Stage 1. &#8211; Green Temporary plates (if needed) 150 euros \u20ac If [&hellip;]<\/p>\n","protected":false},"author":1,"featured_media":0,"parent":0,"menu_order":0,"comment_status":"closed","ping_status":"closed","template":"","meta":{"site-sidebar-layout":"default","site-content-layout":"","ast-site-content-layout":"default","site-content-style":"default","site-sidebar-style":"default","ast-global-header-display":"","ast-banner-title-visibility":"","ast-main-header-display":"","ast-hfb-above-header-display":"","ast-hfb-below-header-display":"","ast-hfb-mobile-header-display":"","site-post-title":"","ast-breadcrumbs-content":"","ast-featured-img":"","footer-sml-layout":"","ast-disable-related-posts":"","theme-transparent-header-meta":"","adv-header-id-meta":"","stick-header-meta":"","header-above-stick-meta":"","header-main-stick-meta":"","header-below-stick-meta":"","astra-migrate-meta-layouts":"set","ast-page-background-enabled":"default","ast-page-background-meta":{"desktop":{"background-color":"","background-image":"","background-repeat":"repeat","background-position":"center center","background-size":"auto","background-attachment":"scroll","background-type":"","background-media":"","overlay-type":"","overlay-color":"","overlay-opacity":"","overlay-gradient":""},"tablet":{"background-color":"","background-image":"","background-repeat":"repeat","background-position":"center center","background-size":"auto","background-attachment":"scroll","background-type":"","background-media":"","overlay-type":"","overlay-color":"","overlay-opacity":"","overlay-gradient":""},"mobile":{"background-color":"","background-image":"","background-repeat":"repeat","background-position":"center center","background-size":"auto","background-attachment":"scroll","background-type":"","background-media":"","overlay-type":"","overlay-color":"","overlay-opacity":"","overlay-gradient":""}},"ast-content-background-meta":{"desktop":{"background-color":"var(--ast-global-color-5)","background-image":"","background-repeat":"repeat","background-position":"center center","background-size":"auto","background-attachment":"scroll","background-type":"","background-media":"","overlay-type":"","overlay-color":"","overlay-opacity":"","overlay-gradient":""},"tablet":{"background-color":"var(--ast-global-color-5)","background-image":"","background-repeat":"repeat","background-position":"center center","background-size":"auto","background-attachment":"scroll","background-type":"","background-media":"","overlay-type":"","overlay-color":"","overlay-opacity":"","overlay-gradient":""},"mobile":{"background-color":"var(--ast-global-color-5)","background-image":"","background-repeat":"repeat","background-position":"center center","background-size":"auto","background-attachment":"scroll","background-type":"","background-media":"","overlay-type":"","overlay-color":"","overlay-opacity":"","overlay-gradient":""}},"footnotes":""},"class_list":["post-2713","page","type-page","status-publish","hentry"],"_links":{"self":[{"href":"https:\/\/vehicleregistrationscostadelsol.com\/pl\/wp-json\/wp\/v2\/pages\/2713","targetHints":{"allow":["GET"]}}],"collection":[{"href":"https:\/\/vehicleregistrationscostadelsol.com\/pl\/wp-json\/wp\/v2\/pages"}],"about":[{"href":"https:\/\/vehicleregistrationscostadelsol.com\/pl\/wp-json\/wp\/v2\/types\/page"}],"author":[{"embeddable":true,"href":"https:\/\/vehicleregistrationscostadelsol.com\/pl\/wp-json\/wp\/v2\/users\/1"}],"replies":[{"embeddable":true,"href":"https:\/\/vehicleregistrationscostadelsol.com\/pl\/wp-json\/wp\/v2\/comments?post=2713"}],"version-history":[{"count":1,"href":"https:\/\/vehicleregistrationscostadelsol.com\/pl\/wp-json\/wp\/v2\/pages\/2713\/revisions"}],"predecessor-version":[{"id":3386,"href":"https:\/\/vehicleregistrationscostadelsol.com\/pl\/wp-json\/wp\/v2\/pages\/2713\/revisions\/3386"}],"wp:attachment":[{"href":"https:\/\/vehicleregistrationscostadelsol.com\/pl\/wp-json\/wp\/v2\/media?parent=2713"}],"curies":[{"name":"wp","href":"https:\/\/api.w.org\/{rel}","templated":true}]}}