{"id":2744,"date":"2022-11-15T18:00:01","date_gmt":"2022-11-15T17:00:01","guid":{"rendered":"https:\/\/vehicleregistrationscostadelsol.com\/?page_id=2744"},"modified":"2025-07-02T22:18:15","modified_gmt":"2025-07-02T20:18:15","slug":"uzyskanie-ficha-technica-lub-certyfikatu-zgodnosci-w-hiszpanii","status":"publish","type":"page","link":"https:\/\/vehicleregistrationscostadelsol.com\/pl\/getting-a-ficha-technica-or-a-certificate-of-conformity-in-spain\/","title":{"rendered":"Uzyskanie Ficha Technica lub certyfikatu zgodno\u015bci w Hiszpanii"},"content":{"rendered":"<p>Uzyskanie Ficha Technica lub certyfikatu zgodno\u015bci w Hiszpanii jest do\u015b\u0107 proste. Certyfikat zgodno\u015bci s\u0142u\u017cy do przedstawienia ITV i zawiera informacje o specyfikacji pojazdu w celu sprawdzenia zgodno\u015bci z przepisami hiszpa\u0144skimi dotycz\u0105cymi tego, co uwa\u017ca si\u0119 za zgodno\u015b\u0107 europejsk\u0105.<\/p><div id=\"ez-toc-container\" class=\"ez-toc-v2_0_82_2 counter-hierarchy ez-toc-counter ez-toc-grey ez-toc-container-direction\">\n<div class=\"ez-toc-title-container\">\n<p class=\"ez-toc-title\" style=\"cursor:inherit\">Spis tre\u015bci<\/p>\n<span class=\"ez-toc-title-toggle\"><a href=\"#\" class=\"ez-toc-pull-right ez-toc-btn ez-toc-btn-xs ez-toc-btn-default ez-toc-toggle\" aria-label=\"Prze\u0142\u0105cznik Spisu Tre\u015bci\"><span class=\"ez-toc-js-icon-con\"><span class=\"\"><span class=\"eztoc-hide\" style=\"display:none;\">Toggle<\/span><span class=\"ez-toc-icon-toggle-span\"><svg style=\"fill: #999;color:#999\" xmlns=\"http:\/\/www.w3.org\/2000\/svg\" class=\"list-377408\" width=\"20px\" height=\"20px\" viewbox=\"0 0 24 24\" fill=\"none\"><path d=\"M6 6H4v2h2V6zm14 0H8v2h12V6zM4 11h2v2H4v-2zm16 0H8v2h12v-2zM4 16h2v2H4v-2zm16 0H8v2h12v-2z\" fill=\"currentColor\"><\/path><\/svg><svg style=\"fill: #999;color:#999\" class=\"arrow-unsorted-368013\" xmlns=\"http:\/\/www.w3.org\/2000\/svg\" width=\"10px\" height=\"10px\" viewbox=\"0 0 24 24\" version=\"1.2\" baseprofile=\"tiny\"><path d=\"M18.2 9.3l-6.2-6.3-6.2 6.3c-.2.2-.3.4-.3.7s.1.5.3.7c.2.2.4.3.7.3h11c.3 0 .5-.1.7-.3.2-.2.3-.5.3-.7s-.1-.5-.3-.7zM5.8 14.7l6.2 6.3 6.2-6.3c.2-.2.3-.5.3-.7s-.1-.5-.3-.7c-.2-.2-.4-.3-.7-.3h-11c-.3 0-.5.1-.7.3-.2.2-.3.5-.3.7s.1.5.3.7z\"\/><\/svg><\/span><\/span><\/span><\/a><\/span><\/div>\n<nav><ul class='ez-toc-list ez-toc-list-level-1' ><li class='ez-toc-page-1 ez-toc-heading-level-2'><a class=\"ez-toc-link ez-toc-heading-1\" href=\"https:\/\/vehicleregistrationscostadelsol.com\/pl\/getting-a-ficha-technica-or-a-certificate-of-conformity-in-spain\/#Order_a_Certificate_of_Conformity_online_for_Spain\" >Zam\u00f3w certyfikat zgodno\u015bci online dla Hiszpanii<\/a><\/li><li class='ez-toc-page-1 ez-toc-heading-level-2'><a class=\"ez-toc-link ez-toc-heading-2\" href=\"https:\/\/vehicleregistrationscostadelsol.com\/pl\/getting-a-ficha-technica-or-a-certificate-of-conformity-in-spain\/#Is_a_copy_of_a_Ficha_Technica_Certificate_of_Conformity_acceptable\" >Czy akceptowalna jest kopia certyfikatu zgodno\u015bci Ficha Technica?<\/a><ul class='ez-toc-list-level-3' ><li class='ez-toc-heading-level-3'><a class=\"ez-toc-link ez-toc-heading-3\" href=\"https:\/\/vehicleregistrationscostadelsol.com\/pl\/getting-a-ficha-technica-or-a-certificate-of-conformity-in-spain\/#Can_you_help_with_the_whole_service\" >Czy mo\u017cesz pom\u00f3c w ca\u0142ej us\u0142udze?<\/a><\/li><li class='ez-toc-page-1 ez-toc-heading-level-3'><a class=\"ez-toc-link ez-toc-heading-4\" href=\"https:\/\/vehicleregistrationscostadelsol.com\/pl\/getting-a-ficha-technica-or-a-certificate-of-conformity-in-spain\/#What_Information_is_in_a_certificate_of_conformity\" >Jakie informacje zawiera certyfikat zgodno\u015bci?<\/a><\/li><\/ul><\/li><\/ul><\/nav><\/div>\n\n\n\n\n<p>Certyfikat zgodno\u015bci Ficha Technica wydajemy dla pojazd\u00f3w w ca\u0142ej Hiszpanii. Oczywi\u015bcie pomagamy w ca\u0142ym procesie, ale je\u015bli potrzebujesz certyfikatu zgodno\u015bci i sam zajmujesz si\u0119 tym procesem, skontaktuj si\u0119 z nami, a dostarczymy go do ITV. <\/p>\n\n\n\n<div class=\"inherit-container-width wp-block-group is-layout-constrained wp-block-group-is-layout-constrained\"><div class=\"wp-block-group__inner-container\">\n<div class=\"wp-block-buttons is-layout-flex wp-block-buttons-is-layout-flex\">\n<div class=\"wp-block-button\"><a class=\"wp-block-button__link wp-element-button\" href=\"https:\/\/wa.me\/34696337629?text=Hi%2C%20I%20have%20a%20question%20regards%20Ficha%20Technica%20Certificate%20of%20Conformity.\" target=\"_blank\" rel=\"noreferrer noopener\">Whatsapp nas<\/a><\/div>\n\n\n\n<div class=\"wp-block-button\"><a class=\"wp-block-button__link wp-element-button\" href=\"mailto:darren@equitas-property.com?subject=Hi%20Regards%20a%20Ficha%20Technica%20Certificate%20of%20conformity%20&amp;body=Hi%20Vehicle%20registrations%2C%20%0D%0A%0D%0A\">Wy\u015blij do nas e-mail <\/a><\/div>\n\n\n\n<div class=\"wp-block-button\"><a class=\"wp-block-button__link wp-element-button\" href=\"tel:+34696337629\" target=\"_blank\" rel=\"noreferrer noopener\">Zadzwo\u0144 do nas <\/a><\/div>\n<\/div>\n<\/div><\/div>\n\n\n\n<div style=\"height:25px\" aria-hidden=\"true\" class=\"wp-block-spacer\"><\/div>\n\n\n\n<h2 class=\"wp-block-heading\"><span class=\"ez-toc-section\" id=\"Order_a_Certificate_of_Conformity_online_for_Spain\"><\/span>Zam\u00f3w certyfikat zgodno\u015bci online dla Hiszpanii<span class=\"ez-toc-section-end\"><\/span><\/h2>\n\n\n\n<p>Mo\u017cemy dostarczy\u0107 certyfikat zgodno\u015bci online dla Hiszpanii z dowolnego miejsca w Hiszpanii. Upewnij si\u0119, \u017ce masz w\u0142a\u015bciw\u0105 Ficha Technica PODPISANA przez certyfikowanego specjalist\u0119. Zapewnimy wszystko, aby uzyska\u0107 odpowiedni HISZPA\u0143SKI certyfikat zgodno\u015bci, aby wzi\u0105\u0107 udzia\u0142 w spotkaniu ITV.<\/p>\n\n\n\n<p>\u015awiadectwo zgodno\u015bci mo\u017cemy wys\u0142a\u0107 cyfrowo lub listem poleconym. Mo\u017cna to wykorzysta\u0107, aby zabra\u0107 na wizyt\u0119 ITV. Ponownie, je\u015bli potrzebujesz pomocy z <a href=\"https:\/\/vehicleregistrationscostadelsol.com\/pl\/\" target=\"_blank\" rel=\"noreferrer noopener\">ca\u0142y proces od pocz\u0105tku do ko\u0144ca<\/a>, wystarczy za\u015bwiadczenie, lub chcesz aby\u015bmy zaj\u0119li si\u0119 ostateczn\u0105 rejestracj\u0105 pojazdu mo\u017cemy wykona\u0107 wszystkie te us\u0142ugi. <\/p>\n\n\n\n<h2 class=\"wp-block-heading\"><span class=\"ez-toc-section\" id=\"Is_a_copy_of_a_Ficha_Technica_Certificate_of_Conformity_acceptable\"><\/span>Czy akceptowalna jest kopia certyfikatu zgodno\u015bci Ficha Technica?<span class=\"ez-toc-section-end\"><\/span><\/h2>\n\n\n\n<p>Nie w wi\u0119kszo\u015bci stacji ITV nie. Wi\u0119kszo\u015b\u0107 musi by\u0107 wykonana przez certyfikowanego specjalist\u0119 i fizycznie podpisana, aby ITV zaakceptowa\u0142o certyfikat. W wi\u0119kszo\u015bci stacji ITV akceptowane jest tylko za\u015bwiadczenie, kt\u00f3re zosta\u0142o wydane w punkcie sprzeda\u017cy pojazdu. <\/p>\n\n\n\n<h3 class=\"wp-block-heading\"><span class=\"ez-toc-section\" id=\"Can_you_help_with_the_whole_service\"><\/span>Czy mo\u017cesz pom\u00f3c w ca\u0142ej us\u0142udze?<span class=\"ez-toc-section-end\"><\/span><\/h3>\n\n\n\n<p>Mo\u017cemy zaoferowa\u0107 <a href=\"https:\/\/vehicleregistrationscostadelsol.com\/pl\/zdalna-usluga-rejestracji-pojazdow-w-hiszpanii\/\">us\u0142uga zdalna <\/a>tak. W tym miejscu nie mamy fizycznego dost\u0119pu do pojazdu ani nie jeste\u015bmy w stanie uczestniczy\u0107 w <a href=\"https:\/\/www.applusiteuve.com\/es-es\/estaciones-itv\/itv-comunidad-valenciana\/itv-alicante\/\" data-type=\"URL\" data-id=\"https:\/\/www.applusiteuve.com\/es-es\/estaciones-itv\/itv-comunidad-valenciana\/itv-alicante\/\" target=\"_blank\" rel=\"noreferrer noopener\">ITV<\/a> z Tob\u0105. Przeczytaj jednak nasz artyku\u0142, w jaki spos\u00f3b pomagamy i \u017ce us\u0142uga jest prawie taka sama. Nasza us\u0142uga, o ile nam wiadomo, jest najbardziej kompleksowa w Hiszpanii. Pomo\u017cemy r\u00f3wnie\u017c zarezerwowa\u0107 dla Ciebie ITV i dostarczymy wszystkie formalno\u015bci oraz zajmiemy si\u0119 rejestracj\u0105, podatkami i podatkiem drogowym.<\/p>\n\n\n\n<div class=\"wp-block-buttons is-layout-flex wp-block-buttons-is-layout-flex\">\n<div class=\"wp-block-button\"><a class=\"wp-block-button__link wp-element-button\" href=\"https:\/\/wa.me\/34696337629?text=Hi%2C%20I%20have%20a%20question%20regards%20Ficha%20Technica%20Certificate%20of%20Conformity.\" target=\"_blank\" rel=\"noreferrer noopener\">Whatsapp nas<\/a><\/div>\n\n\n\n<div class=\"wp-block-button\"><a class=\"wp-block-button__link wp-element-button\" href=\"mailto:darren@equitas-property.com?subject=Hi%20Regards%20a%20Ficha%20Technica%20Certificate%20of%20conformity%20&amp;body=Hi%20Vehicle%20registrations%2C%20%0D%0A%0D%0A\" target=\"_blank\" rel=\"noreferrer noopener\">Wy\u015blij do nas e-mail <\/a><\/div>\n\n\n\n<div class=\"wp-block-button\"><a class=\"wp-block-button__link wp-element-button\" href=\"tel:+34696337629\" target=\"_blank\" rel=\"noreferrer noopener\">Zadzwo\u0144 do nas <\/a><\/div>\n<\/div>\n\n\n\n<div style=\"height:27px\" aria-hidden=\"true\" class=\"wp-block-spacer\"><\/div>\n\n\n\n<h3 class=\"wp-block-heading\"><span class=\"ez-toc-section\" id=\"What_Information_is_in_a_certificate_of_conformity\"><\/span>Jakie informacje zawiera certyfikat zgodno\u015bci?<span class=\"ez-toc-section-end\"><\/span><\/h3>\n\n\n\n<p>Specyfikacja oryginalnego pojazdu i spos\u00f3b, w jaki opu\u015bci\u0142 fabryk\u0119 producenta, gdy by\u0142 nowy. Wszystko, co nie jest standardowe, b\u0119dziesz mie\u0107 problemy na stacji ITV. Hiszpania ma \u015bcis\u0142y proces zgodno\u015bci dla pojazd\u00f3w, kt\u00f3re chc\u0105 zosta\u0107 zarejestrowane na hiszpa\u0144skich tablicach rejestracyjnych. Podpisany certyfikat zgodno\u015bci zostanie sporz\u0105dzony przez autoryzowanego agenta i nie b\u0119dzie \u017cadnych problem\u00f3w na stacji ITV. B\u0119dzie zawiera\u0142 wszystkie informacje istotne dla pierwotnej zgodno\u015bci z norm\u0105. Ci\u0119\u017ck\u0105 prac\u0119 zostaw nam i pami\u0119taj, \u017ce mo\u017cemy Ci r\u00f3wnie\u017c pom\u00f3c z ca\u0142\u0105 obs\u0142ug\u0105 w dowolnym miejscu w kraju. <\/p>\n\n\n\n<p><\/p>","protected":false},"excerpt":{"rendered":"<p>Getting a Ficha Technica or a certificate of conformity in Spain is pretty simple. A certificate of conformity is used to present to the ITV and contains the information of the specification of the vehicle to check against the laws in Spain regarding what is considered European conformity. We provide these Ficha Technica Certificate of [&hellip;]<\/p>\n","protected":false},"author":1,"featured_media":2756,"parent":0,"menu_order":0,"comment_status":"closed","ping_status":"closed","template":"","meta":{"site-sidebar-layout":"default","site-content-layout":"","ast-site-content-layout":"default","site-content-style":"default","site-sidebar-style":"default","ast-global-header-display":"","ast-banner-title-visibility":"","ast-main-header-display":"","ast-hfb-above-header-display":"","ast-hfb-below-header-display":"","ast-hfb-mobile-header-display":"","site-post-title":"","ast-breadcrumbs-content":"","ast-featured-img":"","footer-sml-layout":"","ast-disable-related-posts":"","theme-transparent-header-meta":"","adv-header-id-meta":"","stick-header-meta":"","header-above-stick-meta":"","header-main-stick-meta":"","header-below-stick-meta":"","astra-migrate-meta-layouts":"set","ast-page-background-enabled":"default","ast-page-background-meta":{"desktop":{"background-color":"","background-image":"","background-repeat":"repeat","background-position":"center center","background-size":"auto","background-attachment":"scroll","background-type":"","background-media":"","overlay-type":"","overlay-color":"","overlay-gradient":""},"tablet":{"background-color":"","background-image":"","background-repeat":"repeat","background-position":"center center","background-size":"auto","background-attachment":"scroll","background-type":"","background-media":"","overlay-type":"","overlay-color":"","overlay-gradient":""},"mobile":{"background-color":"","background-image":"","background-repeat":"repeat","background-position":"center center","background-size":"auto","background-attachment":"scroll","background-type":"","background-media":"","overlay-type":"","overlay-color":"","overlay-gradient":""}},"ast-content-background-meta":{"desktop":{"background-color":"var(--ast-global-color-5)","background-image":"","background-repeat":"repeat","background-position":"center center","background-size":"auto","background-attachment":"scroll","background-type":"","background-media":"","overlay-type":"","overlay-color":"","overlay-gradient":""},"tablet":{"background-color":"var(--ast-global-color-5)","background-image":"","background-repeat":"repeat","background-position":"center center","background-size":"auto","background-attachment":"scroll","background-type":"","background-media":"","overlay-type":"","overlay-color":"","overlay-gradient":""},"mobile":{"background-color":"var(--ast-global-color-5)","background-image":"","background-repeat":"repeat","background-position":"center center","background-size":"auto","background-attachment":"scroll","background-type":"","background-media":"","overlay-type":"","overlay-color":"","overlay-gradient":""}},"footnotes":""},"class_list":["post-2744","page","type-page","status-publish","has-post-thumbnail","hentry"],"_links":{"self":[{"href":"https:\/\/vehicleregistrationscostadelsol.com\/pl\/wp-json\/wp\/v2\/pages\/2744","targetHints":{"allow":["GET"]}}],"collection":[{"href":"https:\/\/vehicleregistrationscostadelsol.com\/pl\/wp-json\/wp\/v2\/pages"}],"about":[{"href":"https:\/\/vehicleregistrationscostadelsol.com\/pl\/wp-json\/wp\/v2\/types\/page"}],"author":[{"embeddable":true,"href":"https:\/\/vehicleregistrationscostadelsol.com\/pl\/wp-json\/wp\/v2\/users\/1"}],"replies":[{"embeddable":true,"href":"https:\/\/vehicleregistrationscostadelsol.com\/pl\/wp-json\/wp\/v2\/comments?post=2744"}],"version-history":[{"count":0,"href":"https:\/\/vehicleregistrationscostadelsol.com\/pl\/wp-json\/wp\/v2\/pages\/2744\/revisions"}],"wp:featuredmedia":[{"embeddable":true,"href":"https:\/\/vehicleregistrationscostadelsol.com\/pl\/wp-json\/wp\/v2\/media\/2756"}],"wp:attachment":[{"href":"https:\/\/vehicleregistrationscostadelsol.com\/pl\/wp-json\/wp\/v2\/media?parent=2744"}],"curies":[{"name":"wp","href":"https:\/\/api.w.org\/{rel}","templated":true}]}}