{"id":2860,"date":"2023-02-28T14:15:49","date_gmt":"2023-02-28T13:15:49","guid":{"rendered":"https:\/\/vehicleregistrationscostadelsol.com\/?page_id=2860"},"modified":"2026-01-10T22:45:20","modified_gmt":"2026-01-10T21:45:20","slug":"rejestracja-dunskiego-pojazdu-w-hiszpanii","status":"publish","type":"page","link":"https:\/\/vehicleregistrationscostadelsol.com\/pl\/register-a-danish-vehicle-in-spain\/","title":{"rendered":"Rejestracja du\u0144skiego pojazdu w Hiszpanii"},"content":{"rendered":"<p>Rejestracja du\u0144skiego pojazdu w Hiszpanii jest do\u015b\u0107 prosta. Wi\u0119kszo\u015b\u0107 pojazd\u00f3w z Danii jest zadbana, co oznacza, \u017ce zdecydowanie warto je zarejestrowa\u0107, poniewa\u017c odpowiedniki w Hiszpanii s\u0105 znacznie dro\u017csze. Wszystko znajduje si\u0119 we w\u0142a\u015bciwym miejscu. Reflektory, kierownica i stan licznika kilometr\u00f3w s\u0105 zsynchronizowane z przej\u015bciem kontroli ITV w Hiszpanii. <\/p><div id=\"ez-toc-container\" class=\"ez-toc-v2_0_82_2 counter-hierarchy ez-toc-counter ez-toc-grey ez-toc-container-direction\">\n<div class=\"ez-toc-title-container\">\n<p class=\"ez-toc-title\" style=\"cursor:inherit\">Spis tre\u015bci<\/p>\n<span class=\"ez-toc-title-toggle\"><a href=\"#\" class=\"ez-toc-pull-right ez-toc-btn ez-toc-btn-xs ez-toc-btn-default ez-toc-toggle\" aria-label=\"Prze\u0142\u0105cznik Spisu Tre\u015bci\"><span class=\"ez-toc-js-icon-con\"><span class=\"\"><span class=\"eztoc-hide\" style=\"display:none;\">Toggle<\/span><span class=\"ez-toc-icon-toggle-span\"><svg style=\"fill: #999;color:#999\" xmlns=\"http:\/\/www.w3.org\/2000\/svg\" class=\"list-377408\" width=\"20px\" height=\"20px\" viewbox=\"0 0 24 24\" fill=\"none\"><path d=\"M6 6H4v2h2V6zm14 0H8v2h12V6zM4 11h2v2H4v-2zm16 0H8v2h12v-2zM4 16h2v2H4v-2zm16 0H8v2h12v-2z\" fill=\"currentColor\"><\/path><\/svg><svg style=\"fill: #999;color:#999\" class=\"arrow-unsorted-368013\" xmlns=\"http:\/\/www.w3.org\/2000\/svg\" width=\"10px\" height=\"10px\" viewbox=\"0 0 24 24\" version=\"1.2\" baseprofile=\"tiny\"><path d=\"M18.2 9.3l-6.2-6.3-6.2 6.3c-.2.2-.3.4-.3.7s.1.5.3.7c.2.2.4.3.7.3h11c.3 0 .5-.1.7-.3.2-.2.3-.5.3-.7s-.1-.5-.3-.7zM5.8 14.7l6.2 6.3 6.2-6.3c.2-.2.3-.5.3-.7s-.1-.5-.3-.7c-.2-.2-.4-.3-.7-.3h-11c-.3 0-.5.1-.7.3-.2.2-.3.5-.3.7s.1.5.3.7z\"\/><\/svg><\/span><\/span><\/span><\/a><\/span><\/div>\n<nav><ul class='ez-toc-list ez-toc-list-level-1' ><li class='ez-toc-page-1 ez-toc-heading-level-3'><a class=\"ez-toc-link ez-toc-heading-1\" href=\"https:\/\/vehicleregistrationscostadelsol.com\/pl\/register-a-danish-vehicle-in-spain\/#What_is_required_to_Register_a_Danish_Vehicle_in_Spain\" >Co jest wymagane do zarejestrowania du\u0144skiego pojazdu w Hiszpanii?<\/a><\/li><li class='ez-toc-page-1 ez-toc-heading-level-3'><a class=\"ez-toc-link ez-toc-heading-2\" href=\"https:\/\/vehicleregistrationscostadelsol.com\/pl\/register-a-danish-vehicle-in-spain\/#Paperwork_required_for_a_Danish_Vehicle\" >Dokumenty wymagane dla pojazdu du\u0144skiego<\/a><\/li><li class='ez-toc-page-1 ez-toc-heading-level-3'><a class=\"ez-toc-link ez-toc-heading-3\" href=\"https:\/\/vehicleregistrationscostadelsol.com\/pl\/register-a-danish-vehicle-in-spain\/#How_do_you_get_a_free_Estimate_on_costs\" >Jak uzyska\u0107 bezp\u0142atny Szacunek koszt\u00f3w?<\/a><ul class='ez-toc-list-level-4' ><li class='ez-toc-heading-level-4'><a class=\"ez-toc-link ez-toc-heading-4\" href=\"https:\/\/vehicleregistrationscostadelsol.com\/pl\/register-a-danish-vehicle-in-spain\/#Have_you_Registered_a_Vehicle_from_denmark_in_Spain_Before\" >Czy zarejestrowa\u0142e\u015b ju\u017c pojazd z Danii w Hiszpanii?<\/a><\/li><\/ul><\/li><\/ul><\/nav><\/div>\n\n\n\n\n<h3 class=\"wp-block-heading\"><span class=\"ez-toc-section\" id=\"What_is_required_to_Register_a_Danish_Vehicle_in_Spain\"><\/span>Co jest wymagane do zarejestrowania du\u0144skiego pojazdu w Hiszpanii?<span class=\"ez-toc-section-end\"><\/span><\/h3>\n\n\n\n<ul class=\"wp-block-list\">\n<li>Cz\u0119\u015b\u0107 1 dowodu rejestracyjnego pojazdu - Del 1(Blue)<\/li>\n\n\n\n<li>Cz\u0119\u015b\u0107 2 dowodu rejestracyjnego pojazdu - Del 2 (niebieski) <\/li>\n\n\n\n<li>Dow\u00f3d adresu w Hiszpanii<\/li>\n\n\n\n<li>Dow\u00f3d to\u017csamo\u015bci<\/li>\n<\/ul>\n\n\n\n<h3 class=\"wp-block-heading\"><span class=\"ez-toc-section\" id=\"Paperwork_required_for_a_Danish_Vehicle\"><\/span>Dokumenty wymagane dla pojazdu du\u0144skiego<span class=\"ez-toc-section-end\"><\/span><\/h3>\n\n\n\n<p>Poni\u017cej przedstawiono przyk\u0142ad zar\u00f3wno cz\u0119\u015bci Del 1 jak i Del 2 dokument\u00f3w rejestracyjnych pojazdu. <strong>Bez obu cz\u0119\u015bci nie mo\u017cna zarejestrowa\u0107 du\u0144skiego pojazdu w Hiszpanii.  <\/strong><\/p>\n\n\n\n<figure class=\"wp-block-gallery has-nested-images columns-default is-cropped wp-block-gallery-1 is-layout-flex wp-block-gallery-is-layout-flex\">\n<figure class=\"wp-block-image size-full\"><a href=\"https:\/\/www.danishroadtrafficauthority.dk\/\" target=\"_blank\" rel=\" noreferrer noopener\"><img decoding=\"async\" data-id=\"2863\" src=\"https:\/\/vehicleregistrationscostadelsol.com\/wp-content\/uploads\/2023\/02\/Danish-vehicle-regsitration-in-spain.webp\" alt=\"Rejestracja samochodu Costa del Sol\" class=\"wp-image-2863\" title=\"Zarejestruj sw\u00f3j samoch\u00f3d w Hiszpanii\"><\/a><\/figure>\n<\/figure>\n\n\n\n<p><\/p>\n\n\n\n<p>Jest to wymagane w oryginalnym formacie, aby zarezerwowa\u0107 przegl\u0105d techniczny ITV. B\u0119dziesz potrzebowa\u0142 r\u00f3wnie\u017c naszego pliku do stworzenia i wys\u0142ania go do stacji ITV. Sprawd\u017a zgodno\u015b\u0107 pojazd\u00f3w, aby upewni\u0107 si\u0119, \u017ce mo\u017ce rzeczywi\u015bcie podj\u0105\u0107 badanie pojazdu. Emisja pojazdu, data rejestracji, silnik i moc oraz data na dokumencie. <br><br><\/p>\n\n\n\n<h3 class=\"wp-block-heading\"><span class=\"ez-toc-section\" id=\"How_do_you_get_a_free_Estimate_on_costs\"><\/span>Jak uzyska\u0107 bezp\u0142atny Szacunek koszt\u00f3w?<span class=\"ez-toc-section-end\"><\/span><\/h3>\n\n\n\n<p>Aby otrzyma\u0107 szybk\u0105 i bezp\u0142atn\u0105 wycen\u0119, wystarczy wype\u0142ni\u0107 formularz i przes\u0142a\u0107 nam sekcje 1 i 2 dokument\u00f3w rejestracyjnych pojazdu. Po wype\u0142nieniu formularza zostanie wygenerowana wiadomo\u015b\u0107 e-mail umo\u017cliwiaj\u0105ca przes\u0142anie dokument\u00f3w za po\u015brednictwem poczty elektronicznej lub aplikacji WhatsApp. Nast\u0119pnie przedstawimy szybk\u0105 wycen\u0119 z wyszczeg\u00f3lnieniem koszt\u00f3w, procedur, podatk\u00f3w i przeprowadzimy kompleksow\u0105 analiz\u0119 pojazdu.<\/p>\n\n\n\n<iframe src=\"https:\/\/www.cognitoforms.com\/f\/K4s97m8SD0mZMY-AxYnlJw\/10\" style=\"border:0;width:100%;\" height=\"1450\"><\/iframe>\n<script src=\"https:\/\/www.cognitoforms.com\/f\/iframe.js\"><\/script>\n\n\n\n<h4 class=\"wp-block-heading\"><span class=\"ez-toc-section\" id=\"Have_you_Registered_a_Vehicle_from_denmark_in_Spain_Before\"><\/span>Czy zarejestrowa\u0142e\u015b ju\u017c pojazd z Danii w Hiszpanii?<span class=\"ez-toc-section-end\"><\/span><\/h4>\n\n\n\n<p>Tak, zarejestrowali\u015bmy wiele du\u0144skich pojazd\u00f3w tutaj w Hiszpanii. Zwykle jest to do\u015b\u0107 prosty proces, poniewa\u017c du\u0144ski pojazd ma kierownic\u0119 po lewej stronie. W rzeczywisto\u015bci zarejestrowali\u015bmy wiele <a href=\"https:\/\/vehicleregistrationscostadelsol.com\/pl\/rejestracja-motocykla-w-hiszpanii\/\">Du\u0144skie motocykle<\/a> r\u00f3wnie\u017c. Mamy bardzo wysoki wska\u017anik zdawalno\u015bci kontroli technicznej pojazd\u00f3w z Danii, zwykle z uwagi na fakt, \u017ce by\u0142y one dobrze utrzymane.<\/p>\n\n\n\n<p><\/p>\n\n\n\n<p><\/p>","protected":false},"excerpt":{"rendered":"<p>Registering a Danish vehicle in Spain is pretty straight forward. Most vehicles from Denmark have been well looked after which means they are definitely worth registering as the equivalent vehicles in Spain are much more expensive. Everything is located in the correct place. The headlights, steering wheel and kilometres are all in synch with passing [&hellip;]<\/p>\n","protected":false},"author":1,"featured_media":0,"parent":0,"menu_order":0,"comment_status":"closed","ping_status":"closed","template":"","meta":{"site-sidebar-layout":"default","site-content-layout":"","ast-site-content-layout":"default","site-content-style":"default","site-sidebar-style":"default","ast-global-header-display":"","ast-banner-title-visibility":"","ast-main-header-display":"","ast-hfb-above-header-display":"","ast-hfb-below-header-display":"","ast-hfb-mobile-header-display":"","site-post-title":"","ast-breadcrumbs-content":"","ast-featured-img":"","footer-sml-layout":"","ast-disable-related-posts":"","theme-transparent-header-meta":"","adv-header-id-meta":"","stick-header-meta":"","header-above-stick-meta":"","header-main-stick-meta":"","header-below-stick-meta":"","astra-migrate-meta-layouts":"set","ast-page-background-enabled":"default","ast-page-background-meta":{"desktop":{"background-color":"","background-image":"","background-repeat":"repeat","background-position":"center center","background-size":"auto","background-attachment":"scroll","background-type":"","background-media":"","overlay-type":"","overlay-color":"","overlay-gradient":""},"tablet":{"background-color":"","background-image":"","background-repeat":"repeat","background-position":"center center","background-size":"auto","background-attachment":"scroll","background-type":"","background-media":"","overlay-type":"","overlay-color":"","overlay-gradient":""},"mobile":{"background-color":"","background-image":"","background-repeat":"repeat","background-position":"center center","background-size":"auto","background-attachment":"scroll","background-type":"","background-media":"","overlay-type":"","overlay-color":"","overlay-gradient":""}},"ast-content-background-meta":{"desktop":{"background-color":"var(--ast-global-color-5)","background-image":"","background-repeat":"repeat","background-position":"center center","background-size":"auto","background-attachment":"scroll","background-type":"","background-media":"","overlay-type":"","overlay-color":"","overlay-gradient":""},"tablet":{"background-color":"var(--ast-global-color-5)","background-image":"","background-repeat":"repeat","background-position":"center center","background-size":"auto","background-attachment":"scroll","background-type":"","background-media":"","overlay-type":"","overlay-color":"","overlay-gradient":""},"mobile":{"background-color":"var(--ast-global-color-5)","background-image":"","background-repeat":"repeat","background-position":"center center","background-size":"auto","background-attachment":"scroll","background-type":"","background-media":"","overlay-type":"","overlay-color":"","overlay-gradient":""}},"footnotes":""},"class_list":["post-2860","page","type-page","status-publish","hentry"],"_links":{"self":[{"href":"https:\/\/vehicleregistrationscostadelsol.com\/pl\/wp-json\/wp\/v2\/pages\/2860","targetHints":{"allow":["GET"]}}],"collection":[{"href":"https:\/\/vehicleregistrationscostadelsol.com\/pl\/wp-json\/wp\/v2\/pages"}],"about":[{"href":"https:\/\/vehicleregistrationscostadelsol.com\/pl\/wp-json\/wp\/v2\/types\/page"}],"author":[{"embeddable":true,"href":"https:\/\/vehicleregistrationscostadelsol.com\/pl\/wp-json\/wp\/v2\/users\/1"}],"replies":[{"embeddable":true,"href":"https:\/\/vehicleregistrationscostadelsol.com\/pl\/wp-json\/wp\/v2\/comments?post=2860"}],"version-history":[{"count":1,"href":"https:\/\/vehicleregistrationscostadelsol.com\/pl\/wp-json\/wp\/v2\/pages\/2860\/revisions"}],"predecessor-version":[{"id":3383,"href":"https:\/\/vehicleregistrationscostadelsol.com\/pl\/wp-json\/wp\/v2\/pages\/2860\/revisions\/3383"}],"wp:attachment":[{"href":"https:\/\/vehicleregistrationscostadelsol.com\/pl\/wp-json\/wp\/v2\/media?parent=2860"}],"curies":[{"name":"wp","href":"https:\/\/api.w.org\/{rel}","templated":true}]}}