{"id":2941,"date":"2023-07-27T20:27:42","date_gmt":"2023-07-27T18:27:42","guid":{"rendered":"https:\/\/vehicleregistrationscostadelsol.com\/?page_id=2941"},"modified":"2023-08-02T14:41:54","modified_gmt":"2023-08-02T12:41:54","slug":"rejestracja-wloskiego-samochodu-w-hiszpanii","status":"publish","type":"page","link":"https:\/\/vehicleregistrationscostadelsol.com\/pl\/register-an-italian-car-in-spain\/","title":{"rendered":"Rejestracja w\u0142oskiego samochodu w Hiszpanii"},"content":{"rendered":"<p>Rejestracja w\u0142oskiego pojazdu w Hiszpanii to us\u0142uga, kt\u00f3r\u0105 oferujemy. Zarejestrowali\u015bmy kilka wspania\u0142ych w\u0142oskich samochod\u00f3w w Hiszpanii. Alfy, Ferrari, a nawet Lamborghini, kt\u00f3re poddali\u015bmy procesowi rejestracji pojazdu, przeprowadzili\u015bmy test techniczny i zarejestrowali\u015bmy pojazd. <\/p>\n\n\n\n<p>Przekonali\u015bmy si\u0119, \u017ce w\u0142oskie samochody s\u0105 cz\u0119sto zadbane i zazwyczaj bez problemu przechodz\u0105 badanie techniczne ITV. Istniej\u0105 jednak przeszkody, przez kt\u00f3re nale\u017cy przeskoczy\u0107, aby zarejestrowa\u0107 w\u0142oski pojazd w Hiszpanii. <\/p>\n\n\n\n<p>Po pierwsze, musisz wiedzie\u0107, czym s\u0105 podatki od emisji. Zasadniczo wszystko powy\u017cej 120 GPKM C02 p\u0142aci rz\u0105dowi op\u0142at\u0119 za podatek. Im starszy pojazd, tym ni\u017cszy podatek, a im ni\u017csza emisja, tym ni\u017cszy podatek. Mo\u017cemy sprawdzi\u0107 te dane. <\/p>\n\n\n\n<p>Koszt rejestracji zale\u017cy r\u00f3wnie\u017c od kilku innych czynnik\u00f3w, je\u015bli masz <a href=\"https:\/\/vehicleregistrationscostadelsol.com\/pl\/uzyskanie-ficha-technica-lub-certyfikatu-zgodnosci-w-hiszpanii\/\" data-type=\"URL\" data-id=\"https:\/\/vehicleregistrationscostadelsol.com\/getting-a-ficha-technica-or-a-certificate-of-conformity-in-spain\/\" target=\"_blank\" rel=\"noreferrer noopener\">certyfikat zgodno\u015bci<\/a>wiek i silnik pojazdu. Oferujemy bezp\u0142atn\u0105 wycen\u0119 bez zobowi\u0105za\u0144, wi\u0119c prosimy o kontakt. <\/p>\n\n\n\n<h3 class=\"wp-block-heading\">Co jest potrzebne do zarejestrowania w\u0142oskiego samochodu w Hiszpanii?<\/h3>\n\n\n\n<p>B\u0119dziesz potrzebowa\u0107:<\/p>\n\n\n\n<ul class=\"wp-block-list\">\n<li>W\u0142oski dokument rejestracyjny pojazdu, cz\u0119\u015b\u0107 1 i 2<\/li>\n\n\n\n<li>Certyfikat zgodno\u015bci<\/li>\n\n\n\n<li>Paszport, NIE lub karta pobytu<\/li>\n<\/ul>\n\n\n\n<h3 class=\"wp-block-heading\">Czy mo\u017cna zarejestrowa\u0107 w\u0142oski samoch\u00f3d jako nierezydent?<\/h3>\n\n\n\n<p>Tak, nie ma \u017cadnego problemu. Nie musisz by\u0107 rezydentem, aby zarejestrowa\u0107 w\u0142oski samoch\u00f3d w Hiszpanii, a nawet je\u015bli jeste\u015b, koszt b\u0119dzie dok\u0142adnie taki sam. <\/p>\n\n\n\n<h3 class=\"wp-block-heading\">Czy m\u00f3j obecny test techniczny b\u0119dzie wa\u017cny?<\/h3>\n\n\n\n<p>W przypadku wszystkich nowych rejestracji w\u0142oskich pojazd\u00f3w nale\u017cy przej\u015b\u0107 inspekcj\u0119 ITV - Inspection in Spain. Nawet je\u015bli pojazd ma mniej ni\u017c 4 lata. <\/p>\n\n\n\n<p>Badanie techniczne ma na celu sprawdzenie pojazdu pod wzgl\u0119dem mechanicznym, a tak\u017ce sprawdzenie zgodno\u015bci pojazdu i przyrz\u0105d\u00f3w, aby upewni\u0107 si\u0119, \u017ce wszystko jest zdatne do ruchu drogowego. <\/p>\n\n\n\n<p><\/p>","protected":false},"excerpt":{"rendered":"<p>Having your Italian Vehicle registered in Spain is something we have a service for. We have registered some brilliant Italian cars in Spain. Alfas, Ferraris and even Lamborghinis we have put through the Vehicle regsitration process, took a technical test and registered the vehicle. We have found that Italian cars are often well looked after [&hellip;]<\/p>\n","protected":false},"author":1,"featured_media":2946,"parent":0,"menu_order":0,"comment_status":"closed","ping_status":"closed","template":"","meta":{"site-sidebar-layout":"default","site-content-layout":"","ast-site-content-layout":"default","site-content-style":"default","site-sidebar-style":"default","ast-global-header-display":"","ast-banner-title-visibility":"","ast-main-header-display":"","ast-hfb-above-header-display":"","ast-hfb-below-header-display":"","ast-hfb-mobile-header-display":"","site-post-title":"","ast-breadcrumbs-content":"","ast-featured-img":"","footer-sml-layout":"","ast-disable-related-posts":"","theme-transparent-header-meta":"","adv-header-id-meta":"","stick-header-meta":"","header-above-stick-meta":"","header-main-stick-meta":"","header-below-stick-meta":"","astra-migrate-meta-layouts":"default","ast-page-background-enabled":"default","ast-page-background-meta":{"desktop":{"background-color":"","background-image":"","background-repeat":"repeat","background-position":"center center","background-size":"auto","background-attachment":"scroll","background-type":"","background-media":"","overlay-type":"","overlay-color":"","overlay-opacity":"","overlay-gradient":""},"tablet":{"background-color":"","background-image":"","background-repeat":"repeat","background-position":"center center","background-size":"auto","background-attachment":"scroll","background-type":"","background-media":"","overlay-type":"","overlay-color":"","overlay-opacity":"","overlay-gradient":""},"mobile":{"background-color":"","background-image":"","background-repeat":"repeat","background-position":"center center","background-size":"auto","background-attachment":"scroll","background-type":"","background-media":"","overlay-type":"","overlay-color":"","overlay-opacity":"","overlay-gradient":""}},"ast-content-background-meta":{"desktop":{"background-color":"var(--ast-global-color-5)","background-image":"","background-repeat":"repeat","background-position":"center center","background-size":"auto","background-attachment":"scroll","background-type":"","background-media":"","overlay-type":"","overlay-color":"","overlay-opacity":"","overlay-gradient":""},"tablet":{"background-color":"var(--ast-global-color-5)","background-image":"","background-repeat":"repeat","background-position":"center center","background-size":"auto","background-attachment":"scroll","background-type":"","background-media":"","overlay-type":"","overlay-color":"","overlay-opacity":"","overlay-gradient":""},"mobile":{"background-color":"var(--ast-global-color-5)","background-image":"","background-repeat":"repeat","background-position":"center center","background-size":"auto","background-attachment":"scroll","background-type":"","background-media":"","overlay-type":"","overlay-color":"","overlay-opacity":"","overlay-gradient":""}},"footnotes":""},"class_list":["post-2941","page","type-page","status-publish","has-post-thumbnail","hentry"],"_links":{"self":[{"href":"https:\/\/vehicleregistrationscostadelsol.com\/pl\/wp-json\/wp\/v2\/pages\/2941","targetHints":{"allow":["GET"]}}],"collection":[{"href":"https:\/\/vehicleregistrationscostadelsol.com\/pl\/wp-json\/wp\/v2\/pages"}],"about":[{"href":"https:\/\/vehicleregistrationscostadelsol.com\/pl\/wp-json\/wp\/v2\/types\/page"}],"author":[{"embeddable":true,"href":"https:\/\/vehicleregistrationscostadelsol.com\/pl\/wp-json\/wp\/v2\/users\/1"}],"replies":[{"embeddable":true,"href":"https:\/\/vehicleregistrationscostadelsol.com\/pl\/wp-json\/wp\/v2\/comments?post=2941"}],"version-history":[{"count":0,"href":"https:\/\/vehicleregistrationscostadelsol.com\/pl\/wp-json\/wp\/v2\/pages\/2941\/revisions"}],"wp:featuredmedia":[{"embeddable":true,"href":"https:\/\/vehicleregistrationscostadelsol.com\/pl\/wp-json\/wp\/v2\/media\/2946"}],"wp:attachment":[{"href":"https:\/\/vehicleregistrationscostadelsol.com\/pl\/wp-json\/wp\/v2\/media?parent=2941"}],"curies":[{"name":"wp","href":"https:\/\/api.w.org\/{rel}","templated":true}]}}