{"id":1751,"date":"2020-11-26T15:29:04","date_gmt":"2020-11-26T14:29:04","guid":{"rendered":"http:\/\/vehicleregistrationscostadelsol.com\/?page_id=1751"},"modified":"2026-02-10T18:47:54","modified_gmt":"2026-02-10T17:47:54","slug":"itv-testar-mijas","status":"publish","type":"page","link":"https:\/\/vehicleregistrationscostadelsol.com\/sv\/itv-tests-mijas\/","title":{"rendered":"ITV testar Mijas 1# Book Cita \u2013 Supersnabb"},"content":{"rendered":"<p>Vi erbjuder praktiska ITV-tj\u00e4nster i Mijas, inklusive tidsbokning, genomf\u00f6rande av ITV-testet \u00e5t dig och till och med h\u00e4mtning och l\u00e4mning av din bil om det \u00e4r lokalt och om m\u00f6jligt. Oavsett om du beh\u00f6ver en fullst\u00e4ndig omregistrering till spanska registreringsskyltar eller bara ett snabbt ITV-test p\u00e5 ditt spanska fordon, s\u00e5 hj\u00e4lper vi dig. De flesta av v\u00e5ra bokningar sker p\u00e5 ITV:s inspektionscenter i Mijas.<\/p><div id=\"ez-toc-container\" class=\"ez-toc-v2_0_82_2 counter-hierarchy ez-toc-counter ez-toc-grey ez-toc-container-direction\">\n<div class=\"ez-toc-title-container\">\n<p class=\"ez-toc-title\" style=\"cursor:inherit\">Inneh\u00e5llsf\u00f6rteckning<\/p>\n<span class=\"ez-toc-title-toggle\"><a href=\"#\" class=\"ez-toc-pull-right ez-toc-btn ez-toc-btn-xs ez-toc-btn-default ez-toc-toggle\" aria-label=\"V\u00e4xla till inneh\u00e5llsf\u00f6rteckning\"><span class=\"ez-toc-js-icon-con\"><span class=\"\"><span class=\"eztoc-hide\" style=\"display:none;\">V\u00e4xel<\/span><span class=\"ez-toc-icon-toggle-span\"><svg style=\"fill: #999;color:#999\" xmlns=\"http:\/\/www.w3.org\/2000\/svg\" class=\"list-377408\" width=\"20px\" height=\"20px\" viewbox=\"0 0 24 24\" fill=\"none\"><path d=\"M6 6H4v2h2V6zm14 0H8v2h12V6zM4 11h2v2H4v-2zm16 0H8v2h12v-2zM4 16h2v2H4v-2zm16 0H8v2h12v-2z\" fill=\"currentColor\"><\/path><\/svg><svg style=\"fill: #999;color:#999\" class=\"arrow-unsorted-368013\" xmlns=\"http:\/\/www.w3.org\/2000\/svg\" width=\"10px\" height=\"10px\" viewbox=\"0 0 24 24\" version=\"1.2\" baseprofile=\"tiny\"><path d=\"M18.2 9.3l-6.2-6.3-6.2 6.3c-.2.2-.3.4-.3.7s.1.5.3.7c.2.2.4.3.7.3h11c.3 0 .5-.1.7-.3.2-.2.3-.5.3-.7s-.1-.5-.3-.7zM5.8 14.7l6.2 6.3 6.2-6.3c.2-.2.3-.5.3-.7s-.1-.5-.3-.7c-.2-.2-.4-.3-.7-.3h-11c-.3 0-.5.1-.7.3-.2.2-.3.5-.3.7s.1.5.3.7z\"\/><\/svg><\/span><\/span><\/span><\/a><\/span><\/div>\n<nav><ul class='ez-toc-list ez-toc-list-level-1 eztoc-toggle-hide-by-default' ><li class='ez-toc-page-1 ez-toc-heading-level-2'><a class=\"ez-toc-link ez-toc-heading-1\" href=\"https:\/\/vehicleregistrationscostadelsol.com\/sv\/itv-tests-mijas\/#ITV_Appointments_Mijas\" >ITV Utn\u00e4mningar Mijas<\/a><\/li><li class='ez-toc-page-1 ez-toc-heading-level-2'><a class=\"ez-toc-link ez-toc-heading-2\" href=\"https:\/\/vehicleregistrationscostadelsol.com\/sv\/itv-tests-mijas\/#What_documents_are_needed_for_an_ITV_inspection_in_Spain\" >Vilka dokument beh\u00f6vs f\u00f6r en ITV-inspektion i Spanien?<\/a><ul class='ez-toc-list-level-3' ><li class='ez-toc-heading-level-3'><a class=\"ez-toc-link ez-toc-heading-3\" href=\"https:\/\/vehicleregistrationscostadelsol.com\/sv\/itv-tests-mijas\/#Do_you_put_the_car_through_the_ITV_Tests_Mijas\" >S\u00e4tter du bilen genom ITV Tests Mijas?<\/a><ul class='ez-toc-list-level-4' ><li class='ez-toc-heading-level-4'><a class=\"ez-toc-link ez-toc-heading-4\" href=\"https:\/\/vehicleregistrationscostadelsol.com\/sv\/itv-tests-mijas\/#Do_you_offer_a_service_to_register_non_spanish_vehicles_in_Spain_also\" >Erbjuder ni en tj\u00e4nst f\u00f6r att registrera icke-spanska fordon i Spanien ocks\u00e5?<\/a><ul class='ez-toc-list-level-5' ><li class='ez-toc-heading-level-5'><a class=\"ez-toc-link ez-toc-heading-5\" href=\"https:\/\/vehicleregistrationscostadelsol.com\/sv\/itv-tests-mijas\/#Can_you_source_headlights\" >Kan du k\u00f6pa str\u00e5lkastare?<\/a><ul class='ez-toc-list-level-6' ><li class='ez-toc-heading-level-6'><a class=\"ez-toc-link ez-toc-heading-6\" href=\"https:\/\/vehicleregistrationscostadelsol.com\/sv\/itv-tests-mijas\/#What_ITV_tests_are_performed_at_the_ITV_appointment_Mijas\" >Vilka ITV-tester utf\u00f6rs p\u00e5 ITV-m\u00f6tet Mijas?<\/a><\/li><\/ul><\/li><li class='ez-toc-page-1 ez-toc-heading-level-5'><a class=\"ez-toc-link ez-toc-heading-7\" href=\"https:\/\/vehicleregistrationscostadelsol.com\/sv\/itv-tests-mijas\/#ITV_appointment_online\" >ITV-utn\u00e4mning online<\/a><\/li><li class='ez-toc-page-1 ez-toc-heading-level-5'><a class=\"ez-toc-link ez-toc-heading-8\" href=\"https:\/\/vehicleregistrationscostadelsol.com\/sv\/itv-tests-mijas\/#What_if_the_ITV_fails\" >Vad h\u00e4nder om ITV misslyckas?<\/a><\/li><\/ul><\/li><\/ul><\/li><\/ul><\/li><\/ul><\/nav><\/div>\n\n\n\n\n<h2 class=\"wp-block-heading\"><span class=\"ez-toc-section\" id=\"ITV_Appointments_Mijas\"><\/span>ITV Utn\u00e4mningar Mijas <span class=\"ez-toc-section-end\"><\/span><\/h2>\n\n\n\n<p>Vi bokar fordonet f\u00f6r provning, vi beh\u00f6ver den gr\u00f6na registreringshandlingen skickad till oss och du m\u00e5ste ha b\u00e5de den gr\u00f6na handlingen och del B av ITV-handlingen f\u00f6r provningen. Informationen p\u00e5 fordonsdokumenten g\u00f6r det m\u00f6jligt f\u00f6r oss att boka testet och vi skickar en bekr\u00e4ftelse till dig med tid och datum f\u00f6r m\u00f6tet. Vi m\u00f6ter dig p\u00e5 ITV-stationen och utf\u00f6r testet \u00e5t dig. Om fordonet underk\u00e4nns bokar vi \u00e4ven en ny tid och genomf\u00f6r det andra testet tillsammans med dig. <\/p>\n\n\n\n<h2 class=\"wp-block-heading\"><span class=\"ez-toc-section\" id=\"What_documents_are_needed_for_an_ITV_inspection_in_Spain\"><\/span>Vilka dokument beh\u00f6vs f\u00f6r en ITV-inspektion i Spanien?<span class=\"ez-toc-section-end\"><\/span><\/h2>\n\n\n\n<ul class=\"wp-block-list\">\n<li>Dokument f\u00f6r registrering av gr\u00f6na fordon <\/li>\n\n\n\n<li>ITV-dokumentet f\u00f6r del B <\/li>\n\n\n\n<li>Ett bankkort f\u00f6r att betala ITV, kontanter accepteras inte. <\/li>\n<\/ul>\n\n\n\n<h3 class=\"wp-block-heading\"><span class=\"ez-toc-section\" id=\"Do_you_put_the_car_through_the_ITV_Tests_Mijas\"><\/span>S\u00e4tter du bilen genom ITV Tests Mijas? <span class=\"ez-toc-section-end\"><\/span><\/h3>\n\n\n\n<p>Vi erbjuder en grundl\u00e4ggande pre ITV-kontroll av ditt fordon fr\u00e5n v\u00e5rt kontor i Fuengirola innan ditt ITV-test bokas, vilket vi g\u00f6r f\u00f6r dig. <strong>Vi tar ocks\u00e5 bilen genom ITV-testet \u00e5t dig ocks\u00e5<\/strong>. Detta \u00e4r en stor sak eftersom det betyder att vi \u00f6kar chanserna att din bil passerar <a aria-label=\"ITV-test (\u00f6ppnas i en ny flik)\" class=\"rank-math-link\" href=\"https:\/\/itvcitaprevia.es\/estaciones-itv\/andalucia\/malaga\/mijas-las-lagunas\/\" target=\"_blank\" rel=\"noreferrer noopener\" data-schema-attribute=\"mentions\">ITV-test<\/a> Mijas.  Vi har bokstavligen tagit hundratals bilar genom \u00e5ren genom det spanska ITV och vi k\u00e4nner till processen utan och innan. <\/p>\n\n\n\n<p>Du har tv\u00e5 m\u00f6jligheter att tr\u00e4ffa oss: antingen p\u00e5 ITV-centret eller s\u00e5 kan vi k\u00f6ra din bil dit, f\u00f6rutsatt att din f\u00f6rs\u00e4kring till\u00e5ter oss att k\u00f6ra den. N\u00e4r ITV-testerna \u00e4r klara l\u00e4mnar vi tillbaka bilen till dig. Det tillkommer en extra avgift f\u00f6r h\u00e4mtning och l\u00e4mning, eller s\u00e5 kan du v\u00e4lja det mer prisv\u00e4rda alternativet att m\u00f6ta oss p\u00e5 ITV-stationen.<\/p>\n\n\n\n<h4 class=\"wp-block-heading\"><span class=\"ez-toc-section\" id=\"Do_you_offer_a_service_to_register_non_spanish_vehicles_in_Spain_also\"><\/span>Erbjuder ni en tj\u00e4nst f\u00f6r att registrera icke-spanska fordon i Spanien ocks\u00e5?<span class=\"ez-toc-section-end\"><\/span><\/h4>\n\n\n\n<p>Ja, offerten, bilen, pappersarbetet, Ficha technica, best\u00e4llning och montering av skyltar, gratis offert, mekanik, kontroll f\u00f6re ITV-tester, skatter, DGT (traffico) i princip m\u00e5ste du bara veta var vi \u00e4r upp yo med ditt fordon. Vi k\u00e4nner att vi \u00e4r o\u00f6vertr\u00e4ffade p\u00e5 kusten och det \u00e4r inte bara en hj\u00e4lp i handen med pappersarbetet vi bokstavligen g\u00f6ra hela tj\u00e4nsten f\u00f6r dig. <\/p>\n\n\n\n<p>Om du beh\u00f6ver ett snabbt ITV-m\u00f6te i Mijas kan vi hj\u00e4lpa dig. Vi kan boka m\u00f6tet \u00e5t dig. Eller s\u00e5 kan vi g\u00f6ra ITV-bes\u00f6ket \u00e5t dig. Om du vill att vi ska h\u00e4mta bilen och k\u00f6ra den \u00e5t dig erbjuder vi \u00e4ven denna tj\u00e4nst. Denna tj\u00e4nst \u00e4r till f\u00f6r dig som beh\u00f6ver hela omregistreringen till spanska skyltar eller bara beh\u00f6ver g\u00f6ra en snabb ITV och inte vill g\u00f6ra det sj\u00e4lv. I s\u00e5 fall bokar vi ITV-testerna \u00e5t dig. De flesta av de ITV-tester vi bokar \u00e4r p\u00e5 ITV-mottagningen Mijas. <\/p>\n\n\n\n<h5 class=\"wp-block-heading\"><span class=\"ez-toc-section\" id=\"Can_you_source_headlights\"><\/span>Kan du k\u00f6pa str\u00e5lkastare?<span class=\"ez-toc-section-end\"><\/span><\/h5>\n\n\n\n<p>Ja, vi kan k\u00f6pa, montera och anpassa h\u00f6jden p\u00e5 str\u00e5lkastarna f\u00f6r att klara ITV-testet. P\u00e5 ITV-centret \u00e4r de v\u00e4ldigt noga med lamporna. Det kan vara ett misslyckande bara p\u00e5 n\u00e5gra mindre justeringar. Vi kan \u00e4ven k\u00f6pa dim- och backljus om de beh\u00f6vs, men dessa \u00e4r vanligtvis ok p\u00e5 EU-bilar som \u00e4r v\u00e4nsterstyrda. <\/p>\n\n\n\n<h6 class=\"wp-block-heading\"><span class=\"ez-toc-section\" id=\"What_ITV_tests_are_performed_at_the_ITV_appointment_Mijas\"><\/span>Vilka ITV-tester utf\u00f6rs p\u00e5 ITV-m\u00f6tet Mijas?<span class=\"ez-toc-section-end\"><\/span><\/h6>\n\n\n\n<p>Efter att ha presenterat pappersarbetet p\u00e5 ITV-centralen v\u00e4ntar du p\u00e5 att din bil ska kallas till ett k\u00f6rf\u00e4lt. D\u00e4refter kontrollerar de str\u00e5lkastarna f\u00f6rst. Sedan kontrollerar de bilens utsl\u00e4pp, d\u00e4cken inklusive belastningen p\u00e5 d\u00e4cken och de matchar. VIN-numret, indikatorerna, farorna, str\u00e5lkastarnas str\u00e5lkastare, brickorna. Eventuella modifieringar, bakljusen, dimman, backen och farorna igen p\u00e5 baksidan av bilen. <\/p>\n\n\n\n<p>Din bil st\u00e4lls sedan p\u00e5 den rullande v\u00e4gen d\u00e4r du m\u00e5ste trycka f\u00f6rsiktigt p\u00e5 bromsarna tills de \u00e4r vid en viss punkt. Tryck sedan h\u00e5rdare p\u00e5 bromsarna vilket m\u00e4ter bromsarnas effektivitet, detta g\u00f6rs f\u00f6r fram, bak och handbroms. Den sista delen av testet \u00e4r att k\u00f6ra \u00f6ver gropen d\u00e4r du flyttar ratten fr\u00e5n sida till sida och ITV-teknikern kontrollerar dina bromsar och fj\u00e4dring. <\/p>\n\n\n\n<p>Detta \u00e4r n\u00e5gra av processerna innan du f\u00e5r reda p\u00e5 om ditt fordon har klarat ITV-testerna. Om det misslyckas ber\u00e4ttar de varf\u00f6r och du har 60 dagar p\u00e5 dig att r\u00e4tta till misslyckandena. Omtestet \u00e4r gratis. <a href=\"https:\/\/vehicleregistrationscostadelsol.com\/sv\/kontakt\/\" data-type=\"page\" data-id=\"649\">Kontakta oss idag<\/a><\/p>\n\n\n\n<h5 class=\"wp-block-heading\"><span class=\"ez-toc-section\" id=\"ITV_appointment_online\"><\/span>ITV-utn\u00e4mning online<span class=\"ez-toc-section-end\"><\/span><\/h5>\n\n\n\n<p>Du kanske har f\u00f6rs\u00f6kt boka ett ITV-m\u00f6te online. Valm\u00f6jligheterna kanske \u00e4r v\u00e4ldigt begr\u00e4nsade. Vi kan inte bara boka ett ITV-m\u00f6te online, vi f\u00e5r merv\u00e4rdet av att anv\u00e4nda m\u00e5nga andra ITV-stationer f\u00f6rutom ITV-m\u00f6tet Mijas. Det g\u00f6r att vi har valet och vi har goda relationer med personalen p\u00e5 centra. De k\u00e4nner oss eftersom vi tar m\u00e5nga bilar genom testet varje vecka. D\u00e4rf\u00f6r kan vi ibland f\u00e5 tidigare godk\u00e4nnanden f\u00f6r ditt ITV-m\u00f6te online. <\/p>\n\n\n\n<p>Vi kan b\u00f6rja med att du g\u00f6r en f\u00f6rfr\u00e5gan till oss. Vi har h\u00f6rt att n\u00e4r vi f\u00f6rs\u00f6ker boka ett ITV-test idag, kommer vissa datum tillbaka i slutet av februari\/mars. Det betyder att du kan k\u00f6ra ditt fordon illegalt i Spanien utan ett giltigt ITV-dekal eller certifikat. Detta kan f\u00e5 ditt fordon i beslag av den spanska polisen. <\/p>\n\n\n\n<h5 class=\"wp-block-heading\"><span class=\"ez-toc-section\" id=\"What_if_the_ITV_fails\"><\/span>Vad h\u00e4nder om ITV misslyckas?<span class=\"ez-toc-section-end\"><\/span><\/h5>\n\n\n\n<p>Vi hj\u00e4lper g\u00e4rna till med eventuella reparationer som kan beh\u00f6vas f\u00f6r att ITV-testerna ska f\u00e5 ett positivt resultat. Vi tillhandah\u00e5ller sedan en tj\u00e4nst f\u00f6r att boka om ett misslyckat test och vi kommer att g\u00f6ra (till sj\u00e4lvkostnadspris) bokningen av omtestet och omtestet \u00e5t dig. Vi arbetar med m\u00e5nga kvalificerade och viktigast av allt &quot;r\u00e4ttvisa&quot; mekaniker p\u00e5 Costa del Sol. detta g\u00f6r att vi kan g\u00f6ra ditt fordon redo f\u00f6r omprovet utan att du blir lurad. <\/p>\n\n\n\n<p>Detta \u00e4r en stor sak eftersom det tyv\u00e4rr finns m\u00e5nga skrupelfria f\u00f6retag som kan dra f\u00f6rdel av situationen. Alla v\u00e5ra mekaniker (fr\u00e5n Fuengirola till Estepona) \u00e4r h\u00e5rt granskade och vi skulle aldrig rekommendera n\u00e5gon som vi inte k\u00e4nner eller har arbetat med regelbundet tidigare. <\/p>","protected":false},"excerpt":{"rendered":"<p>We provide convenient ITV services in Mijas, including booking appointments, completing the ITV test for you, and even offering pick-up and drop-off for your car if local and if possible. Whether you need full matriculation onto Spanish plates or just a quick ITV test on your Spanish vehicle, we&#8217;ve got you covered. Most of our [&hellip;]<\/p>\n","protected":false},"author":1,"featured_media":0,"parent":0,"menu_order":0,"comment_status":"closed","ping_status":"closed","template":"","meta":{"site-sidebar-layout":"default","site-content-layout":"default","ast-site-content-layout":"default","site-content-style":"default","site-sidebar-style":"default","ast-global-header-display":"","ast-banner-title-visibility":"","ast-main-header-display":"","ast-hfb-above-header-display":"","ast-hfb-below-header-display":"","ast-hfb-mobile-header-display":"","site-post-title":"","ast-breadcrumbs-content":"","ast-featured-img":"","footer-sml-layout":"","ast-disable-related-posts":"","theme-transparent-header-meta":"default","adv-header-id-meta":"","stick-header-meta":"","header-above-stick-meta":"","header-main-stick-meta":"","header-below-stick-meta":"","astra-migrate-meta-layouts":"set","ast-page-background-enabled":"default","ast-page-background-meta":{"desktop":{"background-color":"","background-image":"","background-repeat":"repeat","background-position":"center center","background-size":"auto","background-attachment":"scroll","background-type":"","background-media":"","overlay-type":"","overlay-color":"","overlay-opacity":"","overlay-gradient":""},"tablet":{"background-color":"","background-image":"","background-repeat":"repeat","background-position":"center center","background-size":"auto","background-attachment":"scroll","background-type":"","background-media":"","overlay-type":"","overlay-color":"","overlay-opacity":"","overlay-gradient":""},"mobile":{"background-color":"","background-image":"","background-repeat":"repeat","background-position":"center center","background-size":"auto","background-attachment":"scroll","background-type":"","background-media":"","overlay-type":"","overlay-color":"","overlay-opacity":"","overlay-gradient":""}},"ast-content-background-meta":{"desktop":{"background-color":"var(--ast-global-color-5)","background-image":"","background-repeat":"repeat","background-position":"center center","background-size":"auto","background-attachment":"scroll","background-type":"","background-media":"","overlay-type":"","overlay-color":"","overlay-opacity":"","overlay-gradient":""},"tablet":{"background-color":"var(--ast-global-color-5)","background-image":"","background-repeat":"repeat","background-position":"center center","background-size":"auto","background-attachment":"scroll","background-type":"","background-media":"","overlay-type":"","overlay-color":"","overlay-opacity":"","overlay-gradient":""},"mobile":{"background-color":"var(--ast-global-color-5)","background-image":"","background-repeat":"repeat","background-position":"center center","background-size":"auto","background-attachment":"scroll","background-type":"","background-media":"","overlay-type":"","overlay-color":"","overlay-opacity":"","overlay-gradient":""}},"footnotes":""},"class_list":["post-1751","page","type-page","status-publish","hentry"],"_links":{"self":[{"href":"https:\/\/vehicleregistrationscostadelsol.com\/sv\/wp-json\/wp\/v2\/pages\/1751","targetHints":{"allow":["GET"]}}],"collection":[{"href":"https:\/\/vehicleregistrationscostadelsol.com\/sv\/wp-json\/wp\/v2\/pages"}],"about":[{"href":"https:\/\/vehicleregistrationscostadelsol.com\/sv\/wp-json\/wp\/v2\/types\/page"}],"author":[{"embeddable":true,"href":"https:\/\/vehicleregistrationscostadelsol.com\/sv\/wp-json\/wp\/v2\/users\/1"}],"replies":[{"embeddable":true,"href":"https:\/\/vehicleregistrationscostadelsol.com\/sv\/wp-json\/wp\/v2\/comments?post=1751"}],"version-history":[{"count":1,"href":"https:\/\/vehicleregistrationscostadelsol.com\/sv\/wp-json\/wp\/v2\/pages\/1751\/revisions"}],"predecessor-version":[{"id":3577,"href":"https:\/\/vehicleregistrationscostadelsol.com\/sv\/wp-json\/wp\/v2\/pages\/1751\/revisions\/3577"}],"wp:attachment":[{"href":"https:\/\/vehicleregistrationscostadelsol.com\/sv\/wp-json\/wp\/v2\/media?parent=1751"}],"curies":[{"name":"wp","href":"https:\/\/api.w.org\/{rel}","templated":true}]}}