{"id":1807,"date":"2020-12-01T20:42:42","date_gmt":"2020-12-01T19:42:42","guid":{"rendered":"http:\/\/vehicleregistrationscostadelsol.com\/?page_id=1807"},"modified":"2021-04-23T19:10:08","modified_gmt":"2021-04-23T17:10:08","slug":"byte-av-stralkastare-i-spanien-realignment","status":"publish","type":"page","link":"https:\/\/vehicleregistrationscostadelsol.com\/sv\/changing-headlights-in-spain-realignment\/","title":{"rendered":"Byte av str\u00e5lkastare i Spanien omst\u00e4llning Great #1"},"content":{"rendered":"<div data-elementor-type=\"wp-page\" data-elementor-id=\"1807\" class=\"elementor elementor-1807\">\n\t\t\t\t\t\t<section class=\"elementor-section elementor-top-section elementor-element elementor-element-754ee66 elementor-section-boxed elementor-section-height-default elementor-section-height-default\" data-id=\"754ee66\" data-element_type=\"section\" data-e-type=\"section\">\n\t\t\t\t\t\t<div class=\"elementor-container elementor-column-gap-default\">\n\t\t\t\t\t<div class=\"elementor-column elementor-col-100 elementor-top-column elementor-element elementor-element-606d3029\" data-id=\"606d3029\" data-element_type=\"column\" data-e-type=\"column\">\n\t\t\t<div class=\"elementor-widget-wrap elementor-element-populated\">\n\t\t\t\t\t\t<div class=\"elementor-element elementor-element-66038a9e elementor-widget elementor-widget-text-editor\" data-id=\"66038a9e\" data-element_type=\"widget\" data-e-type=\"widget\" data-widget_type=\"text-editor.default\">\n\t\t\t\t\t\t\t\t\t<p><\/p><div id=\"ez-toc-container\" class=\"ez-toc-v2_0_82_2 counter-hierarchy ez-toc-counter ez-toc-grey ez-toc-container-direction\">\n<div class=\"ez-toc-title-container\">\n<p class=\"ez-toc-title\" style=\"cursor:inherit\">Inneh\u00e5llsf\u00f6rteckning<\/p>\n<span class=\"ez-toc-title-toggle\"><a href=\"#\" class=\"ez-toc-pull-right ez-toc-btn ez-toc-btn-xs ez-toc-btn-default ez-toc-toggle\" aria-label=\"V\u00e4xla till inneh\u00e5llsf\u00f6rteckning\"><span class=\"ez-toc-js-icon-con\"><span class=\"\"><span class=\"eztoc-hide\" style=\"display:none;\">V\u00e4xel<\/span><span class=\"ez-toc-icon-toggle-span\"><svg style=\"fill: #999;color:#999\" xmlns=\"http:\/\/www.w3.org\/2000\/svg\" class=\"list-377408\" width=\"20px\" height=\"20px\" viewbox=\"0 0 24 24\" fill=\"none\"><path d=\"M6 6H4v2h2V6zm14 0H8v2h12V6zM4 11h2v2H4v-2zm16 0H8v2h12v-2zM4 16h2v2H4v-2zm16 0H8v2h12v-2z\" fill=\"currentColor\"><\/path><\/svg><svg style=\"fill: #999;color:#999\" class=\"arrow-unsorted-368013\" xmlns=\"http:\/\/www.w3.org\/2000\/svg\" width=\"10px\" height=\"10px\" viewbox=\"0 0 24 24\" version=\"1.2\" baseprofile=\"tiny\"><path d=\"M18.2 9.3l-6.2-6.3-6.2 6.3c-.2.2-.3.4-.3.7s.1.5.3.7c.2.2.4.3.7.3h11c.3 0 .5-.1.7-.3.2-.2.3-.5.3-.7s-.1-.5-.3-.7zM5.8 14.7l6.2 6.3 6.2-6.3c.2-.2.3-.5.3-.7s-.1-.5-.3-.7c-.2-.2-.4-.3-.7-.3h-11c-.3 0-.5.1-.7.3-.2.2-.3.5-.3.7s.1.5.3.7z\"\/><\/svg><\/span><\/span><\/span><\/a><\/span><\/div>\n<nav><ul class='ez-toc-list ez-toc-list-level-1' ><li class='ez-toc-page-1 ez-toc-heading-level-2'><a class=\"ez-toc-link ez-toc-heading-1\" href=\"https:\/\/vehicleregistrationscostadelsol.com\/sv\/changing-headlights-in-spain-realignment\/#Headlight_Realignment_Spain\" >Str\u00e5lkastarjustering Spanien<\/a><\/li><li class='ez-toc-page-1 ez-toc-heading-level-2'><a class=\"ez-toc-link ez-toc-heading-2\" href=\"https:\/\/vehicleregistrationscostadelsol.com\/sv\/changing-headlights-in-spain-realignment\/#Will_the_Headlight_stickers_that_change_the_beam_work\" >Kommer str\u00e5lkastardekalerna som \u00e4ndrar str\u00e5len att fungera?<\/a><ul class='ez-toc-list-level-3' ><li class='ez-toc-heading-level-3'><a class=\"ez-toc-link ez-toc-heading-3\" href=\"https:\/\/vehicleregistrationscostadelsol.com\/sv\/changing-headlights-in-spain-realignment\/#Can_you_provide_Changing_Headlights_In_Spain_Realignment\" >Kan du erbjuda byte av str\u00e5lkastare i Spanien omst\u00e4llning?<\/a><ul class='ez-toc-list-level-4' ><li class='ez-toc-heading-level-4'><a class=\"ez-toc-link ez-toc-heading-4\" href=\"https:\/\/vehicleregistrationscostadelsol.com\/sv\/changing-headlights-in-spain-realignment\/#Are_the_headlights_under_warranty\" >\u00c4r str\u00e5lkastarna under garanti?<\/a><ul class='ez-toc-list-level-5' ><li class='ez-toc-heading-level-5'><a class=\"ez-toc-link ez-toc-heading-5\" href=\"https:\/\/vehicleregistrationscostadelsol.com\/sv\/changing-headlights-in-spain-realignment\/#How_do_you_check_Changing_Headlights_In_Spain_Realignment\" >Hur kontrollerar du att byta str\u00e5lkastare i Spanien omst\u00e4llning?<\/a><ul class='ez-toc-list-level-6' ><li class='ez-toc-heading-level-6'><a class=\"ez-toc-link ez-toc-heading-6\" href=\"https:\/\/vehicleregistrationscostadelsol.com\/sv\/changing-headlights-in-spain-realignment\/#WhatsApp_us_for_a_free_quote_on_headlights_-_WE_DELIVER_TO_THE_WHOLE_OF_SPAIN\" >WhatsApp oss f\u00f6r en gratis offert p\u00e5 str\u00e5lkastare - VI LEVERAR TILL HELA SPANIEN<\/a><\/li><li class='ez-toc-page-1 ez-toc-heading-level-6'><a class=\"ez-toc-link ez-toc-heading-7\" href=\"https:\/\/vehicleregistrationscostadelsol.com\/sv\/changing-headlights-in-spain-realignment\/#Click_below_and_we_will_find_headlights_or_headlight_realignment_for_you_cheap\" >Klicka nedan s\u00e5 hittar vi str\u00e5lkastare, eller str\u00e5lkastaromst\u00e4llning f\u00f6r dig billigt<\/a><\/li><\/ul><\/li><\/ul><\/li><\/ul><\/li><\/ul><\/li><\/ul><\/nav><\/div>\n\n<p><strong>Byte av str\u00e5lkastare i Spanien<\/strong> av dina str\u00e5lkastare \u00e4r n\u00f6dv\u00e4ndig n\u00e4r du k\u00f6r en brittisk bil och du s\u00e4tter din bil p\u00e5 spanska reg-skyltar. Av naturen pekar str\u00e5lkastarna p\u00e5 din bil i Storbritannien i motsatt riktning fr\u00e5n trottoarkanten och d\u00e4rmed i riktning mot m\u00f6tande bilar. Detta \u00e4r uppenbarligen ett problem och som ett resultat, n\u00e4r du registrerar din bil i Spanien och k\u00f6r den genom den spanska ITV:n m\u00e5ste du ha nya spanska str\u00e5lkastare s\u00e5 att str\u00e5larna kan v\u00e4nda mot trottoarkanten. <b>Vi levererar str\u00e5lkastare till hela Spanien.<\/b><\/p>\n<p><\/p>\n<h2 class=\"wp-block-heading\"><span class=\"ez-toc-section\" id=\"Headlight_Realignment_Spain\"><\/span>Str\u00e5lkastarjustering Spanien<span class=\"ez-toc-section-end\"><\/span><\/h2>\n<p><\/p>\n<p>M\u00e5nga lampor kan justeras om. Str\u00e5lkastaromst\u00e4llning \u00e4r ofta billigare \u00e4n att k\u00f6pa helt nya str\u00e5lkastare. Du kan k\u00f6ra din bil till oss s\u00e5 kan vi kontrollera dina str\u00e5lkastare \u00e5t dig. Det kan vi g\u00f6ra medan vi g\u00f6r din GRATIS pre ITV-kontroll. Vi kommer att meddela dig om det \u00e4r b\u00e4ttre att k\u00f6pa nya str\u00e5lkastare (som vi kan hj\u00e4lpa till med) eller om du ska justera dina str\u00e5lkastare, medan dina str\u00e5lkastare har bytts ut eller justerats kan vi ocks\u00e5 titta p\u00e5 dina back- och dimljus f\u00f6r att se till att de misslyckas inte med ITV. Str\u00e5lkastarinriktningen g\u00f6rs fr\u00e5n fall till fall.<\/p>\n<p><\/p>\n<h2 class=\"wp-block-heading\"><span class=\"ez-toc-section\" id=\"Will_the_Headlight_stickers_that_change_the_beam_work\"><\/span>Kommer str\u00e5lkastardekalerna som \u00e4ndrar str\u00e5len att fungera?<span class=\"ez-toc-section-end\"><\/span><\/h2>\n<p><\/p>\n<p>Nej, de \u00e4r tillf\u00e4lligt ett bra s\u00e4tt att hj\u00e4lpa andra f\u00f6rare men de kommer inte att klara spanska ITV. Helt enkelt kommer bilen omedelbart att misslyckas och m\u00e5ste st\u00e4llas r\u00e4tt innan ett spanskt ITV-omtest. Det enda s\u00e4ttet att f\u00f6rs\u00e4kra sig om att passera ITV \u00e4r nya byte av str\u00e5lkastare i Spanien.<\/p>\n<p><\/p>\n<h3 class=\"wp-block-heading\"><span class=\"ez-toc-section\" id=\"Can_you_provide_Changing_Headlights_In_Spain_Realignment\"><\/span>Kan du erbjuda byte av str\u00e5lkastare i Spanien omst\u00e4llning?<span class=\"ez-toc-section-end\"><\/span><\/h3>\n<p><\/p>\n<p>Ja, vi k\u00e4nner att vi har kontakterna f\u00f6r att sl\u00e5 de flesta citat fr\u00e5n helt nya str\u00e5lkastare. Vi h\u00e4mtar och f\u00e5r levererade till oss eller direkt till dig var som helst i Spanien dina nya str\u00e5lkastare och vi har en av v\u00e5ra kvalificerade mekaniker f\u00f6r lamporna \u00e5t dig. K\u00f6per du helt ny eller f\u00e5r dina str\u00e5lkastare justerade, kan vi f\u00e5 en offert f\u00f6r att justera str\u00e5lkastarna. Detta \u00e4r inte alltid billigt och inte alltid m\u00f6jligt. <a class=\"rank-math-link\" href=\"https:\/\/vehicleregistrationscostadelsol.com\/sv\/kontakt\/\" target=\"_blank\" rel=\"noreferrer noopener\" aria-label=\" (\u00f6ppnas i en ny flik)\" data-schema-attribute=\"about\">Kontakta oss f\u00f6r en kostnadsfri offert f\u00f6r dina str\u00e5lkastare redan idag<\/a>.<\/p>\n<p><\/p>\n<h4 class=\"wp-block-heading\"><span class=\"ez-toc-section\" id=\"Are_the_headlights_under_warranty\"><\/span>\u00c4r str\u00e5lkastarna under garanti?<span class=\"ez-toc-section-end\"><\/span><\/h4>\n<p><\/p>\n<p>De flesta av str\u00e5lkastarna som vi tillhandah\u00e5ller har tv\u00e5 \u00e5rs garanti. Vi skickar dig ocks\u00e5 till ett engelsktalande garage n\u00e4ra ITV-centret i Mijas f\u00f6r att m\u00f6jligg\u00f6ra montering av de nya spanska str\u00e5lkastarna f\u00f6r att m\u00f6jligg\u00f6ra \u00f6verensst\u00e4mmelse med <a class=\"rank-math-link\" href=\"https:\/\/www.itvcita.com\/Welcome.do\" target=\"_blank\" rel=\"noreferrer noopener\" aria-label=\"ITV-center (\u00f6ppnas i en ny flik)\">ITV-center<\/a>. De kommer att st\u00e5 i garaget och det h\u00e4r \u00e4r mekaniker vi k\u00e4nner och litar p\u00e5 f\u00f6r att g\u00f6ra jobbet snabbt och professionellt f\u00f6r att m\u00f6jligg\u00f6ra <strong>Byte av str\u00e5lkastare i Spanien<\/strong>.<\/p>\n<p><\/p>\n<h5 class=\"wp-block-heading\"><span class=\"ez-toc-section\" id=\"How_do_you_check_Changing_Headlights_In_Spain_Realignment\"><\/span>Hur kontrollerar du att byta str\u00e5lkastare i Spanien omst\u00e4llning?<span class=\"ez-toc-section-end\"><\/span><\/h5>\n<p><\/p>\n<p>Du tar med bilen till oss eller om lokalt kan vi k\u00f6ra f\u00f6r att kolla in dina str\u00e5lkastare. Vi kollar sedan \u00f6ver hela Europa f\u00f6r att hitta det b\u00e4sta priset f\u00f6r nya ers\u00e4ttningsstr\u00e5lkastare till ditt Fordon. Det finns flera olika typer av str\u00e5lkastare,<\/p>\n<p><\/p>\n<ul class=\"wp-block-list\">\n<li>Xenonstr\u00e5lkastare<\/li>\n<li>Halogenstr\u00e5lkastare<\/li>\n<li>LED-str\u00e5lkastare<\/li>\n<li>Reflektor och projektor str\u00e5lkastare<\/li>\n<\/ul>\n<p><\/p>\n<p>Beroende p\u00e5 vilka str\u00e5lkastare vi identifierar i ditt fordon kommer vi att k\u00f6pa de billigaste nya str\u00e5lkastarna i Europa och f\u00e5 dem levererade till oss sj\u00e4lva. Priserna f\u00f6r str\u00e5lkastarna som passar den spanska ITV:n och byte av dim- och backljus \u00e4r fr\u00e5n fall till fall. Ibland m\u00e5ste st\u00f6tf\u00e5ngaren tas bort och ibland \u00e4r det mer rakt fram. V\u00e5rt team av fullt registrerade och kvalificerade mekaniker kan passa dina nya spanska str\u00e5lkastare. Vi tycker att v\u00e5ra priser f\u00f6r det mesta \u00e4r MYCKET billigare \u00e4n att g\u00e5 till ett garage direkt eftersom vi har m\u00e5nga k\u00e4llor f\u00f6r att f\u00e5 fram str\u00e5lkastarna \u00e5t dig f\u00f6r att byta str\u00e5lkastare i Spanien.<\/p>\n<p><\/p>\n<p>Vi k\u00f6per in v\u00e5ra str\u00e5lkastare i Spanien fr\u00e5n hela Europa, de levereras till oss mycket snabbt fr\u00e5n Spanien, Tyskland, till och med Storbritannien. De flesta str\u00e5lkastare har tv\u00e5 \u00e5rs garanti. Och vi garanterar en \u00e5terbetalning om lamporna skulle vara felaktiga. Vi har utm\u00e4rkta relationer med n\u00e5gra av de b\u00e4sta, nya spanska str\u00e5lkastarleverant\u00f6rerna i v\u00e4rlden. Detta inneb\u00e4r att du kan g\u00f6ra betydande besparingar p\u00e5 att k\u00f6pa str\u00e5lkastarna direkt fr\u00e5n garagen p\u00e5 Costa Del Sol. Inte bara det att vi har en panel av engelsktalande mekaniker p\u00e5 Costa Del Sol som vi har granskat noggrant och vi litar p\u00e5 implicit.<\/p>\n<p><\/p>\n<p><strong>Framstegen med att anv\u00e4nda oss f\u00f6r dina str\u00e5lkastarbyten i Spanien?<\/strong><\/p>\n<p><\/p>\n<ul class=\"wp-block-list\">\n<li>Billigare str\u00e5lkastare utan att kompromissa med kvaliteten<\/li>\n<li>Omfattande support<\/li>\n<li>P\u00e5litlig mekanik tillhandah\u00e5lls<\/li>\n<li>Garanterat korrekta str\u00e5lkastare<\/li>\n<li>Dimljus och backljus<\/li>\n<li>De levereras direkt till oss eller vi <b>leverera till hela Spanien<\/b>.&nbsp;<\/li>\n<li>Vi h\u00e4mtar din bil och tar den f\u00f6r belysningen (extra kostnad)<\/li>\n<li>Str\u00e5lkastarjustering om m\u00f6jligt<\/li>\n<\/ul>\n<p><\/p>\n<p>Byte av str\u00e5lkastare i Spanien Omst\u00e4llning beh\u00f6ver inte vara en l\u00e5ngdragen process med stress inblandad. L\u00e5t oss g\u00f6ra det h\u00e5rda arbetet \u00e5t dig. <a href=\"https:\/\/vehicleregistrationscostadelsol.com\/sv\/kontakt\/\" target=\"_blank\" rel=\"noopener\">Kontakta oss<\/a> idag s\u00e5 ger vi dig r\u00e5d, kanske kan du k\u00f6ra bilen till oss s\u00e5 kollar vi den \u00e5t dig.<\/p>\n<p><\/p>\t\t\t\t\t\t\t\t<\/div>\n\t\t\t\t<div class=\"elementor-element elementor-element-1cfad31 elementor-widget elementor-widget-menu-anchor\" data-id=\"1cfad31\" data-element_type=\"widget\" data-e-type=\"widget\" data-widget_type=\"menu-anchor.default\">\n\t\t\t\t\t\t\t<div class=\"elementor-menu-anchor\" id=\"freequoteheadlights\"><\/div>\n\t\t\t\t\t\t<\/div>\n\t\t\t\t\t<\/div>\n\t\t<\/div>\n\t\t\t\t\t<\/div>\n\t\t<\/section>\n\t\t\t\t<section class=\"elementor-section elementor-top-section elementor-element elementor-element-27bb09b4 elementor-section-boxed elementor-section-height-default elementor-section-height-default\" data-id=\"27bb09b4\" data-element_type=\"section\" data-e-type=\"section\" data-settings=\"{&quot;background_background&quot;:&quot;gradient&quot;}\">\n\t\t\t\t\t\t\t<div class=\"elementor-background-overlay\"><\/div>\n\t\t\t\t\t\t\t<div class=\"elementor-container elementor-column-gap-no\">\n\t\t\t\t\t<div class=\"elementor-column elementor-col-100 elementor-top-column elementor-element elementor-element-638fdecc\" data-id=\"638fdecc\" data-element_type=\"column\" data-e-type=\"column\" data-settings=\"{&quot;background_background&quot;:&quot;classic&quot;}\">\n\t\t\t<div class=\"elementor-widget-wrap elementor-element-populated\">\n\t\t\t\t\t\t<div class=\"elementor-element elementor-element-39a32909 elementor-widget elementor-widget-heading\" data-id=\"39a32909\" data-element_type=\"widget\" data-e-type=\"widget\" data-widget_type=\"heading.default\">\n\t\t\t\t\t<h6 class=\"elementor-heading-title elementor-size-default\"><span class=\"ez-toc-section\" id=\"WhatsApp_us_for_a_free_quote_on_headlights_-_WE_DELIVER_TO_THE_WHOLE_OF_SPAIN\"><\/span>WhatsApp oss f\u00f6r en kostnadsfri offert p\u00e5 str\u00e5lkastare - <b>VI LEVERERAR TILL HELA SPANIEN<\/b><span class=\"ez-toc-section-end\"><\/span><\/h6>\t\t\t\t<\/div>\n\t\t\t\t<div class=\"elementor-element elementor-element-43b9784 elementor-widget-divider--view-line elementor-widget elementor-widget-divider\" data-id=\"43b9784\" data-element_type=\"widget\" data-e-type=\"widget\" data-widget_type=\"divider.default\">\n\t\t\t\t\t\t\t<div class=\"elementor-divider\">\n\t\t\t<span class=\"elementor-divider-separator\">\n\t\t\t\t\t\t<\/span>\n\t\t<\/div>\n\t\t\t\t\t\t<\/div>\n\t\t\t\t<div class=\"elementor-element elementor-element-394dde00 elementor-widget elementor-widget-heading\" data-id=\"394dde00\" data-element_type=\"widget\" data-e-type=\"widget\" data-widget_type=\"heading.default\">\n\t\t\t\t\t<h6 class=\"elementor-heading-title elementor-size-default\"><span class=\"ez-toc-section\" id=\"Click_below_and_we_will_find_headlights_or_headlight_realignment_for_you_cheap\"><\/span>Klicka nedan s\u00e5 hittar vi str\u00e5lkastare, eller str\u00e5lkastaromst\u00e4llning f\u00f6r dig billigt<span class=\"ez-toc-section-end\"><\/span><\/h6>\t\t\t\t<\/div>\n\t\t\t\t<div class=\"elementor-element elementor-element-4a3aa860 elementor-align-center elementor-mobile-align-center elementor-widget elementor-widget-button\" data-id=\"4a3aa860\" data-element_type=\"widget\" data-e-type=\"widget\" data-widget_type=\"button.default\">\n\t\t\t\t\t\t\t\t\t\t<a class=\"elementor-button elementor-button-link elementor-size-md\" href=\"https:\/\/wa.me\/+34696337629?text=I&#039;m%20interested%20in%20your%20free%20headlight%20quote\" target=\"_blank\" rel=\"noopener\">\n\t\t\t\t\t\t<span class=\"elementor-button-content-wrapper\">\n\t\t\t\t\t\t<span class=\"elementor-button-icon\">\n\t\t\t\t<svg aria-hidden=\"true\" class=\"e-font-icon-svg e-far-calendar-check\" viewbox=\"0 0 448 512\" xmlns=\"http:\/\/www.w3.org\/2000\/svg\"><path d=\"M400 64h-48V12c0-6.627-5.373-12-12-12h-40c-6.627 0-12 5.373-12 12v52H160V12c0-6.627-5.373-12-12-12h-40c-6.627 0-12 5.373-12 12v52H48C21.49 64 0 85.49 0 112v352c0 26.51 21.49 48 48 48h352c26.51 0 48-21.49 48-48V112c0-26.51-21.49-48-48-48zm-6 400H54a6 6 0 0 1-6-6V160h352v298a6 6 0 0 1-6 6zm-52.849-200.65L198.842 404.519c-4.705 4.667-12.303 4.637-16.971-.068l-75.091-75.699c-4.667-4.705-4.637-12.303.068-16.971l22.719-22.536c4.705-4.667 12.303-4.637 16.97.069l44.104 44.461 111.072-110.181c4.705-4.667 12.303-4.637 16.971.068l22.536 22.718c4.667 4.705 4.636 12.303-.069 16.97z\"><\/path><\/svg>\t\t\t<\/span>\n\t\t\t\t\t\t\t\t\t<span class=\"elementor-button-text\">Gratis offert<\/span>\n\t\t\t\t\t<\/span>\n\t\t\t\t\t<\/a>\n\t\t\t\t\t\t\t\t<\/div>\n\t\t\t\t\t<\/div>\n\t\t<\/div>\n\t\t\t\t\t<\/div>\n\t\t<\/section>\n\t\t\t\t<\/div>","protected":false},"excerpt":{"rendered":"<p>Changing Headlights In Spain Realignment of your headlights is necessary when you drive a UK car and you are putting your car onto Spanish reg plates. By nature the headlights of your UK car point in the opposite direction from the curb hence into the direction of oncoming cars. This is obviously a problem and [&hellip;]<\/p>\n","protected":false},"author":1,"featured_media":2109,"parent":0,"menu_order":0,"comment_status":"closed","ping_status":"closed","template":"","meta":{"site-sidebar-layout":"default","site-content-layout":"default","ast-site-content-layout":"default","site-content-style":"default","site-sidebar-style":"default","ast-global-header-display":"","ast-banner-title-visibility":"","ast-main-header-display":"","ast-hfb-above-header-display":"","ast-hfb-below-header-display":"","ast-hfb-mobile-header-display":"","site-post-title":"","ast-breadcrumbs-content":"","ast-featured-img":"","footer-sml-layout":"","ast-disable-related-posts":"","theme-transparent-header-meta":"default","adv-header-id-meta":"","stick-header-meta":"","header-above-stick-meta":"","header-main-stick-meta":"","header-below-stick-meta":"","astra-migrate-meta-layouts":"default","ast-page-background-enabled":"default","ast-page-background-meta":{"desktop":{"background-color":"","background-image":"","background-repeat":"repeat","background-position":"center center","background-size":"auto","background-attachment":"scroll","background-type":"","background-media":"","overlay-type":"","overlay-color":"","overlay-opacity":"","overlay-gradient":""},"tablet":{"background-color":"","background-image":"","background-repeat":"repeat","background-position":"center center","background-size":"auto","background-attachment":"scroll","background-type":"","background-media":"","overlay-type":"","overlay-color":"","overlay-opacity":"","overlay-gradient":""},"mobile":{"background-color":"","background-image":"","background-repeat":"repeat","background-position":"center center","background-size":"auto","background-attachment":"scroll","background-type":"","background-media":"","overlay-type":"","overlay-color":"","overlay-opacity":"","overlay-gradient":""}},"ast-content-background-meta":{"desktop":{"background-color":"var(--ast-global-color-5)","background-image":"","background-repeat":"repeat","background-position":"center center","background-size":"auto","background-attachment":"scroll","background-type":"","background-media":"","overlay-type":"","overlay-color":"","overlay-opacity":"","overlay-gradient":""},"tablet":{"background-color":"var(--ast-global-color-5)","background-image":"","background-repeat":"repeat","background-position":"center center","background-size":"auto","background-attachment":"scroll","background-type":"","background-media":"","overlay-type":"","overlay-color":"","overlay-opacity":"","overlay-gradient":""},"mobile":{"background-color":"var(--ast-global-color-5)","background-image":"","background-repeat":"repeat","background-position":"center center","background-size":"auto","background-attachment":"scroll","background-type":"","background-media":"","overlay-type":"","overlay-color":"","overlay-opacity":"","overlay-gradient":""}},"footnotes":""},"class_list":["post-1807","page","type-page","status-publish","has-post-thumbnail","hentry"],"_links":{"self":[{"href":"https:\/\/vehicleregistrationscostadelsol.com\/sv\/wp-json\/wp\/v2\/pages\/1807","targetHints":{"allow":["GET"]}}],"collection":[{"href":"https:\/\/vehicleregistrationscostadelsol.com\/sv\/wp-json\/wp\/v2\/pages"}],"about":[{"href":"https:\/\/vehicleregistrationscostadelsol.com\/sv\/wp-json\/wp\/v2\/types\/page"}],"author":[{"embeddable":true,"href":"https:\/\/vehicleregistrationscostadelsol.com\/sv\/wp-json\/wp\/v2\/users\/1"}],"replies":[{"embeddable":true,"href":"https:\/\/vehicleregistrationscostadelsol.com\/sv\/wp-json\/wp\/v2\/comments?post=1807"}],"version-history":[{"count":0,"href":"https:\/\/vehicleregistrationscostadelsol.com\/sv\/wp-json\/wp\/v2\/pages\/1807\/revisions"}],"wp:featuredmedia":[{"embeddable":true,"href":"https:\/\/vehicleregistrationscostadelsol.com\/sv\/wp-json\/wp\/v2\/media\/2109"}],"wp:attachment":[{"href":"https:\/\/vehicleregistrationscostadelsol.com\/sv\/wp-json\/wp\/v2\/media?parent=1807"}],"curies":[{"name":"wp","href":"https:\/\/api.w.org\/{rel}","templated":true}]}}