{"id":1909,"date":"2020-12-20T15:56:00","date_gmt":"2020-12-20T14:56:00","guid":{"rendered":"https:\/\/vehicleregistrationscostadelsol.com\/?page_id=1909"},"modified":"2024-10-27T21:03:29","modified_gmt":"2024-10-27T20:03:29","slug":"grona-registreringsskyltar-spanien","status":"publish","type":"page","link":"https:\/\/vehicleregistrationscostadelsol.com\/sv\/green-number-plates-spain\/","title":{"rendered":"Gr\u00f6na nummerskyltar Spanien &#039;P&#039; Plattor 1# fantastiska"},"content":{"rendered":"<h2 class=\"wp-block-heading\"><span class=\"ez-toc-section\" id=\"Do_you_need_green_reg_plates_in_Spain\"><\/span>Beh\u00f6ver du gr\u00f6na regpl\u00e5tar i Spanien?<span class=\"ez-toc-section-end\"><\/span><\/h2>\n\n\n\n<p>Om du planerar att k\u00f6ra din bil lagligt med gr\u00f6na nummerskyltar Spanien m\u00e5ste du best\u00e4lla dem fr\u00e5n det spanska DGT. De g\u00f6r det m\u00f6jligt f\u00f6r dig att k\u00f6ra bil lagligt av sk\u00e4len att din f\u00f6rs\u00e4kring i ditt eget land kan ha tagit slut, din MOT kan ha tagit slut eller ditt fordon kan vara p\u00e5 SORN i Storbritannien eller motsvarande EU f\u00f6r EU-bilar. Ditt fordon kan vara lagligt att k\u00f6ra i Spanien under en period. Det \u00e4r dock alltid b\u00e4st att kolla om du beh\u00f6ver <strong>Gr\u00f6na nummerlappar<\/strong>, eller som de kallar det i Spanien \"placas verdes\"<\/p><div id=\"ez-toc-container\" class=\"ez-toc-v2_0_82_2 counter-hierarchy ez-toc-counter ez-toc-grey ez-toc-container-direction\">\n<div class=\"ez-toc-title-container\">\n<p class=\"ez-toc-title\" style=\"cursor:inherit\">Inneh\u00e5llsf\u00f6rteckning<\/p>\n<span class=\"ez-toc-title-toggle\"><a href=\"#\" class=\"ez-toc-pull-right ez-toc-btn ez-toc-btn-xs ez-toc-btn-default ez-toc-toggle\" aria-label=\"V\u00e4xla till inneh\u00e5llsf\u00f6rteckning\"><span class=\"ez-toc-js-icon-con\"><span class=\"\"><span class=\"eztoc-hide\" style=\"display:none;\">V\u00e4xel<\/span><span class=\"ez-toc-icon-toggle-span\"><svg style=\"fill: #999;color:#999\" xmlns=\"http:\/\/www.w3.org\/2000\/svg\" class=\"list-377408\" width=\"20px\" height=\"20px\" viewbox=\"0 0 24 24\" fill=\"none\"><path d=\"M6 6H4v2h2V6zm14 0H8v2h12V6zM4 11h2v2H4v-2zm16 0H8v2h12v-2zM4 16h2v2H4v-2zm16 0H8v2h12v-2z\" fill=\"currentColor\"><\/path><\/svg><svg style=\"fill: #999;color:#999\" class=\"arrow-unsorted-368013\" xmlns=\"http:\/\/www.w3.org\/2000\/svg\" width=\"10px\" height=\"10px\" viewbox=\"0 0 24 24\" version=\"1.2\" baseprofile=\"tiny\"><path d=\"M18.2 9.3l-6.2-6.3-6.2 6.3c-.2.2-.3.4-.3.7s.1.5.3.7c.2.2.4.3.7.3h11c.3 0 .5-.1.7-.3.2-.2.3-.5.3-.7s-.1-.5-.3-.7zM5.8 14.7l6.2 6.3 6.2-6.3c.2-.2.3-.5.3-.7s-.1-.5-.3-.7c-.2-.2-.4-.3-.7-.3h-11c-.3 0-.5.1-.7.3-.2.2-.3.5-.3.7s.1.5.3.7z\"\/><\/svg><\/span><\/span><\/span><\/a><\/span><\/div>\n<nav><ul class='ez-toc-list ez-toc-list-level-1' ><li class='ez-toc-page-1 ez-toc-heading-level-2'><a class=\"ez-toc-link ez-toc-heading-1\" href=\"https:\/\/vehicleregistrationscostadelsol.com\/sv\/green-number-plates-spain\/#Do_you_need_green_reg_plates_in_Spain\" >Beh\u00f6ver du gr\u00f6na regpl\u00e5tar i Spanien?<\/a><\/li><li class='ez-toc-page-1 ez-toc-heading-level-2'><a class=\"ez-toc-link ez-toc-heading-2\" href=\"https:\/\/vehicleregistrationscostadelsol.com\/sv\/green-number-plates-spain\/#Temporary_number_Plates_Spain\" >Tillf\u00e4lliga nummerpl\u00e5tar Spanien<\/a><\/li><li class='ez-toc-page-1 ez-toc-heading-level-2'><a class=\"ez-toc-link ez-toc-heading-3\" href=\"https:\/\/vehicleregistrationscostadelsol.com\/sv\/green-number-plates-spain\/#How_long_do_green_reg_plates_last\" >Hur l\u00e4nge h\u00e5ller gr\u00f6na regpl\u00e5tar?<\/a><ul class='ez-toc-list-level-3' ><li class='ez-toc-heading-level-3'><a class=\"ez-toc-link ez-toc-heading-4\" href=\"https:\/\/vehicleregistrationscostadelsol.com\/sv\/green-number-plates-spain\/#Do_you_need_Spanish_insurance_for_Green_number_plates\" >Beh\u00f6ver du spansk f\u00f6rs\u00e4kring f\u00f6r Gr\u00f6na nummerlappar?<\/a><ul class='ez-toc-list-level-4' ><li class='ez-toc-heading-level-4'><a class=\"ez-toc-link ez-toc-heading-5\" href=\"https:\/\/vehicleregistrationscostadelsol.com\/sv\/green-number-plates-spain\/#How_long_do_green_number_plates_take\" >Hur l\u00e5ng tid tar gr\u00f6na nummerlappar?<\/a><ul class='ez-toc-list-level-5' ><li class='ez-toc-heading-level-5'><a class=\"ez-toc-link ez-toc-heading-6\" href=\"https:\/\/vehicleregistrationscostadelsol.com\/sv\/green-number-plates-spain\/#Do_the_police_pull_you_with_green_reg_plates\" >Drar polisen dig med gr\u00f6na skyltar?<\/a><ul class='ez-toc-list-level-6' ><li class='ez-toc-heading-level-6'><a class=\"ez-toc-link ez-toc-heading-7\" href=\"https:\/\/vehicleregistrationscostadelsol.com\/sv\/green-number-plates-spain\/#Are_the_green_number_plates_the_same_size_as_EU_and_UK_reg_plates\" >\u00c4r de gr\u00f6na registreringsskyltarna lika stora som EU och Storbritannien?<\/a><\/li><li class='ez-toc-page-1 ez-toc-heading-level-6'><a class=\"ez-toc-link ez-toc-heading-8\" href=\"https:\/\/vehicleregistrationscostadelsol.com\/sv\/green-number-plates-spain\/#Can_you_get_an_extension_to_the_plates_if_they_expire\" >Kan du f\u00e5 en f\u00f6rl\u00e4ngning av skyltarna om de l\u00f6per ut?<\/a><\/li><\/ul><\/li><\/ul><\/li><\/ul><\/li><\/ul><\/li><\/ul><\/nav><\/div>\n\n\n\n\n<h2 class=\"wp-block-heading\"><span class=\"ez-toc-section\" id=\"Temporary_number_Plates_Spain\"><\/span>Tillf\u00e4lliga nummerpl\u00e5tar Spanien<span class=\"ez-toc-section-end\"><\/span><\/h2>\n\n\n\n<p>Vad \u00e4r skillnaden mellan en tillf\u00e4llig registreringsskylt och en gr\u00f6n registreringsskylt i Spanien? Ingenting, de \u00e4r exakt samma sak. Gr\u00f6na nummerpl\u00e5tar, P-skyltar, tillf\u00e4lliga nummerpl\u00e5tar eller placas verdes \u00e4r alla termer som ofta anv\u00e4nds n\u00e4r man talar om samma produkt och process. De har exakt samma funktion och samma regler som varandra.<\/p>\n\n\n\n<h2 class=\"wp-block-heading\"><span class=\"ez-toc-section\" id=\"How_long_do_green_reg_plates_last\"><\/span>Hur l\u00e4nge h\u00e5ller gr\u00f6na regpl\u00e5tar?<span class=\"ez-toc-section-end\"><\/span><\/h2>\n\n\n\n<p>Gr\u00f6na reg-skyltar g\u00f6r att du kan k\u00f6ra lagligt i Spanien i 60 dagar. Gott om tid att f\u00e5 din bil matrikulerad p\u00e5 spanska skyltar, och ta din <a aria-label=\"ITV-test (\u00f6ppnas i en ny flik)\" rel=\"noreferrer noopener\" class=\"rank-math-link\" href=\"https:\/\/vehicleregistrationscostadelsol.com\/sv\/itv-tests\/\" target=\"_blank\">ITV-test<\/a>. 60 dagar \u00e4r mer \u00e4n tillr\u00e4ckligt f\u00f6r att boka en ITV och f\u00e5 din bil godk\u00e4nd, ta itu med det spanska pappersarbetet f\u00f6r dina gr\u00f6na nummerskyltar och f\u00e5 dina riktiga spanska registreringsskyltar levererade och din bil nu <a aria-label=\"registrerad (\u00f6ppnas i en ny flik)\" rel=\"noreferrer noopener\" class=\"rank-math-link\" href=\"http:\/\/www.dgt.es\/es\/\" target=\"_blank\">registrerad<\/a> helt i Spanien. <\/p>\n\n\n\n<p><\/p>\n\n\n\n<h3 class=\"wp-block-heading\"><span class=\"ez-toc-section\" id=\"Do_you_need_Spanish_insurance_for_Green_number_plates\"><\/span>Beh\u00f6ver du spansk f\u00f6rs\u00e4kring f\u00f6r Gr\u00f6na nummerlappar?<span class=\"ez-toc-section-end\"><\/span><\/h3>\n\n\n\n<p>Ja, s\u00e5 snart du har f\u00e5tt de gr\u00f6na reg-skyltarna m\u00e5ste du f\u00f6rs\u00e4kra numret som utf\u00e4rdats av DGT. Detta nummer kommer att vara ungef\u00e4r som P 4321 BDP, du f\u00f6rs\u00e4krar sedan (sj\u00e4lv eller enligt v\u00e5r rekommendation) ditt fordon p\u00e5 spanska gr\u00f6na reg-skyltar. Du byter sedan numret med ditt nya spanska f\u00f6rs\u00e4kringsbolag n\u00e4r de riktiga skyltarna kommer med ditt nya spanska reg-skyltnummer.<\/p>\n\n\n\n<h4 class=\"wp-block-heading\"><span class=\"ez-toc-section\" id=\"How_long_do_green_number_plates_take\"><\/span>Hur l\u00e5ng tid tar gr\u00f6na nummerlappar?<span class=\"ez-toc-section-end\"><\/span><\/h4>\n\n\n\n<p>Om vi best\u00e4ller de gr\u00f6na nummerskyltarna Spanien \u00e5t dig kommer det att ta cirka en vecka f\u00f6r numret att utf\u00e4rdas. DGT skickar ett mejl med numret p\u00e5 s\u00e5 att du kan anv\u00e4nda detta f\u00f6r att f\u00f6rs\u00e4kra fordonet. Sedan kommer de fysiska pl\u00e5tarna n\u00e5gra dagar efter. Vi erbjuder en tj\u00e4nst f\u00f6r att skicka registreringsskyltarna till dig eller om du \u00e4r n\u00e4ra s\u00e5 s\u00e4tter vi skyltarna p\u00e5 din bil \u00e5t dig. <\/p>\n\n\n\n<p>Att montera gr\u00f6na skyltar \u00e4r inte sv\u00e5rt, m\u00e5nga bilar \u00e4r olika men oftast sitter det 2\/4 skruvar i dina nummerskyltar. ta bort skruvarna, ta bort den gamla registreringsskylten, l\u00e4gg den ovanp\u00e5 den gr\u00f6na skylten och markera var de gamla h\u00e5len sitter, skruva sedan tillbaka genom de h\u00e5len p\u00e5 den nya gr\u00f6na registreringsskylten. Detta kommer att g\u00f6ra det m\u00f6jligt f\u00f6r skruvarna att g\u00e5 igenom de befintliga h\u00e5len i bilen, vilket s\u00e4kerst\u00e4ller att du inte f\u00e5r nya h\u00e5l och jobbet borde vara l\u00e4ttare. Vi rekommenderar att du anv\u00e4nder sj\u00e4lvg\u00e4ngande skruvar. Vi brukar g\u00f6ra detta \u00e5t dig om du k\u00f6r bilen till oss eller om du \u00e4r n\u00e4ra d\u00e4r vi \u00e4r. <\/p>\n\n\n\n<h5 class=\"wp-block-heading\"><span class=\"ez-toc-section\" id=\"Do_the_police_pull_you_with_green_reg_plates\"><\/span>Drar polisen dig med gr\u00f6na skyltar?<span class=\"ez-toc-section-end\"><\/span><\/h5>\n\n\n\n<p>Det \u00e4r mer sannolikt att du blir omh\u00e4ndertagen av polisen med din landsregistreringsskylt \u00e4n gr\u00f6na nummerlappar. Polisen i Spanien \u00e4r v\u00e4l medveten om DVLA i till exempel Storbritannien. de kan mycket enkelt ta hand om dig, anv\u00e4nda sin mobiltelefon och ta reda p\u00e5 p\u00e5 n\u00e5gra sekunder om din bil \u00e4r f\u00f6rs\u00e4krad, beskattad, mot&#039;d eller p\u00e5 sorn i Storbritannien. Om n\u00e5got av det inte st\u00e4mmer KOMMER du att bli avdragen, b\u00f6ter, kanske f\u00e5 bilen i beslag och din f\u00f6rs\u00e4kring kommer att anses ogiltig. <\/p>\n\n\n\n<p>Du kan k\u00f6ra fordonet i Spanien p\u00e5 din brittiska f\u00f6rs\u00e4kring om allt ovan \u00e4r korrekt. Men att f\u00e5 gr\u00f6na nummerskyltar Spanien kan hj\u00e4lpa dig att undvika h\u00f6ga b\u00f6ter eller o\u00f6nskad uppm\u00e4rksamhet fr\u00e5n polisen n\u00e4r det g\u00e4ller lagligheten av fordonet du k\u00f6r i Spanien. Om ditt fordon har varit h\u00e4r i mer \u00e4n sex m\u00e5nader s\u00e5 driver du verkligen p\u00e5 det.<\/p>\n\n\n\n<h6 class=\"wp-block-heading\"><span class=\"ez-toc-section\" id=\"Are_the_green_number_plates_the_same_size_as_EU_and_UK_reg_plates\"><\/span>\u00c4r de gr\u00f6na registreringsskyltarna lika stora som EU och Storbritannien?<span class=\"ez-toc-section-end\"><\/span><\/h6>\n\n\n\n<p>Ja, de \u00e4r exakt lika stora. Detta g\u00f6r det enkelt att byta ut skyltarna d\u00e5 du kan skruva igenom de befintliga h\u00e5len p\u00e5 dina nuvarande nummerskyltar och markera ett h\u00e5l p\u00e5 den gr\u00f6na nummerskylten vilket d\u00e5 b\u00f6r betyda att skruvarna g\u00e5r in i de befintliga h\u00e5len f\u00f6r att s\u00e4kerst\u00e4lla att inga nya h\u00e5l g\u00f6rs. Detta \u00e4r fallet f\u00f6r b\u00e5de EU- och Storbritanniens nummerskyltar n\u00e4r du monterar dina gr\u00f6na reg-skyltar. F\u00f6r mer information v\u00e4nligen ladda ner v\u00e5r informations-PDF p\u00e5 gr\u00f6na nummerskyltar. <\/p>\n\n\n\n<h6 class=\"wp-block-heading\"><span class=\"ez-toc-section\" id=\"Can_you_get_an_extension_to_the_plates_if_they_expire\"><\/span>Kan du f\u00e5 en f\u00f6rl\u00e4ngning av skyltarna om de l\u00f6per ut?<span class=\"ez-toc-section-end\"><\/span><\/h6>\n\n\n\n<p>Det finns genom DGT en f\u00f6rl\u00e4ngningsprocess, men den \u00e4r mycket sv\u00e5r att f\u00e5 godk\u00e4nd. \u00c4ven om inspektionerna i vissa fall har tagit sex veckor p\u00e5 sig att utf\u00e4rda ett m\u00f6te, vilket ger dig praktiskt taget ingen tid att slutf\u00f6ra processen inom 60 dagar, avsl\u00e5s de n\u00e4stan alltid. Vi \u00e4r os\u00e4kra p\u00e5 varf\u00f6r detta \u00e4r fallet. <strong>I perspektiv har vi, och v\u00e5ra juridiska ombud som hanterar f\u00f6rl\u00e4ngningarna, hittills aldrig f\u00e5tt n\u00e5got godk\u00e4nnande. <\/strong><\/p>\n\n\n\n<figure class=\"wp-block-image size-large\"><img decoding=\"async\" width=\"430\" height=\"81\" src=\"https:\/\/vehicleregistrationscostadelsol.com\/wp-content\/uploads\/2020\/12\/Green-number-plates-1.jpg\" alt=\"Bilregistrering Costa del sol\" class=\"wp-image-1950\" title=\"Registrera din bil i Spanien\" srcset=\"https:\/\/vehicleregistrationscostadelsol.com\/wp-content\/uploads\/2020\/12\/Green-number-plates-1.jpg 430w, https:\/\/vehicleregistrationscostadelsol.com\/wp-content\/uploads\/2020\/12\/Green-number-plates-1-300x57.jpg 300w\" sizes=\"(max-width: 430px) 100vw, 430px\" \/><\/figure>\n\n\n\n<p><\/p>","protected":false},"excerpt":{"rendered":"<p>Do you need green reg plates in Spain? If you plan to drive your car legally with green number plates Spain you need to order them from the Spanish DGT. They enable you to drive drive legally for the reasons that your insurance in your own country may have run out, your MOT may have [&hellip;]<\/p>\n","protected":false},"author":1,"featured_media":2237,"parent":0,"menu_order":0,"comment_status":"closed","ping_status":"closed","template":"","meta":{"site-sidebar-layout":"default","site-content-layout":"default","ast-site-content-layout":"default","site-content-style":"default","site-sidebar-style":"default","ast-global-header-display":"","ast-banner-title-visibility":"","ast-main-header-display":"","ast-hfb-above-header-display":"","ast-hfb-below-header-display":"","ast-hfb-mobile-header-display":"","site-post-title":"","ast-breadcrumbs-content":"","ast-featured-img":"","footer-sml-layout":"","ast-disable-related-posts":"","theme-transparent-header-meta":"default","adv-header-id-meta":"","stick-header-meta":"","header-above-stick-meta":"","header-main-stick-meta":"","header-below-stick-meta":"","astra-migrate-meta-layouts":"set","ast-page-background-enabled":"default","ast-page-background-meta":{"desktop":{"background-color":"","background-image":"","background-repeat":"repeat","background-position":"center center","background-size":"auto","background-attachment":"scroll","background-type":"","background-media":"","overlay-type":"","overlay-color":"","overlay-opacity":"","overlay-gradient":""},"tablet":{"background-color":"","background-image":"","background-repeat":"repeat","background-position":"center center","background-size":"auto","background-attachment":"scroll","background-type":"","background-media":"","overlay-type":"","overlay-color":"","overlay-opacity":"","overlay-gradient":""},"mobile":{"background-color":"","background-image":"","background-repeat":"repeat","background-position":"center center","background-size":"auto","background-attachment":"scroll","background-type":"","background-media":"","overlay-type":"","overlay-color":"","overlay-opacity":"","overlay-gradient":""}},"ast-content-background-meta":{"desktop":{"background-color":"var(--ast-global-color-5)","background-image":"","background-repeat":"repeat","background-position":"center center","background-size":"auto","background-attachment":"scroll","background-type":"","background-media":"","overlay-type":"","overlay-color":"","overlay-opacity":"","overlay-gradient":""},"tablet":{"background-color":"var(--ast-global-color-5)","background-image":"","background-repeat":"repeat","background-position":"center center","background-size":"auto","background-attachment":"scroll","background-type":"","background-media":"","overlay-type":"","overlay-color":"","overlay-opacity":"","overlay-gradient":""},"mobile":{"background-color":"var(--ast-global-color-5)","background-image":"","background-repeat":"repeat","background-position":"center center","background-size":"auto","background-attachment":"scroll","background-type":"","background-media":"","overlay-type":"","overlay-color":"","overlay-opacity":"","overlay-gradient":""}},"footnotes":""},"class_list":["post-1909","page","type-page","status-publish","has-post-thumbnail","hentry"],"_links":{"self":[{"href":"https:\/\/vehicleregistrationscostadelsol.com\/sv\/wp-json\/wp\/v2\/pages\/1909","targetHints":{"allow":["GET"]}}],"collection":[{"href":"https:\/\/vehicleregistrationscostadelsol.com\/sv\/wp-json\/wp\/v2\/pages"}],"about":[{"href":"https:\/\/vehicleregistrationscostadelsol.com\/sv\/wp-json\/wp\/v2\/types\/page"}],"author":[{"embeddable":true,"href":"https:\/\/vehicleregistrationscostadelsol.com\/sv\/wp-json\/wp\/v2\/users\/1"}],"replies":[{"embeddable":true,"href":"https:\/\/vehicleregistrationscostadelsol.com\/sv\/wp-json\/wp\/v2\/comments?post=1909"}],"version-history":[{"count":0,"href":"https:\/\/vehicleregistrationscostadelsol.com\/sv\/wp-json\/wp\/v2\/pages\/1909\/revisions"}],"wp:featuredmedia":[{"embeddable":true,"href":"https:\/\/vehicleregistrationscostadelsol.com\/sv\/wp-json\/wp\/v2\/media\/2237"}],"wp:attachment":[{"href":"https:\/\/vehicleregistrationscostadelsol.com\/sv\/wp-json\/wp\/v2\/media?parent=1909"}],"curies":[{"name":"wp","href":"https:\/\/api.w.org\/{rel}","templated":true}]}}