{"id":1999,"date":"2021-01-18T16:27:04","date_gmt":"2021-01-18T15:27:04","guid":{"rendered":"https:\/\/vehicleregistrationscostadelsol.com\/?page_id=1999"},"modified":"2026-02-15T15:22:36","modified_gmt":"2026-02-15T14:22:36","slug":"brexit-brittiska-bilar-och-uppehallstillstand","status":"publish","type":"page","link":"https:\/\/vehicleregistrationscostadelsol.com\/sv\/brexit-uk-cars-and-residency\/","title":{"rendered":"Brittiska bilar i Spanien efter Brexit: Regler, uppeh\u00e5llstillst\u00e5nd och tidsfrister"},"content":{"rendered":"<p><a href=\"https:\/\/vehicleregistrationscostadelsol.com\/sv\/registrera-en-brittisk-bil-i-spanien\/\">Registrering av ett brittiskt fordon i Spanien<\/a> inneb\u00e4r flera steg inklusive tullklarering. F\u00f6rst m\u00e5ste beh\u00f6righeten kontrolleras - brittiska bilar som kommer till Spanien efter Brexit har tre v\u00e4gar att g\u00e5.<\/p><div id=\"ez-toc-container\" class=\"ez-toc-v2_0_82_2 counter-hierarchy ez-toc-counter ez-toc-grey ez-toc-container-direction\">\n<div class=\"ez-toc-title-container\">\n<p class=\"ez-toc-title\" style=\"cursor:inherit\">Inneh\u00e5llsf\u00f6rteckning<\/p>\n<span class=\"ez-toc-title-toggle\"><a href=\"#\" class=\"ez-toc-pull-right ez-toc-btn ez-toc-btn-xs ez-toc-btn-default ez-toc-toggle\" aria-label=\"V\u00e4xla till inneh\u00e5llsf\u00f6rteckning\"><span class=\"ez-toc-js-icon-con\"><span class=\"\"><span class=\"eztoc-hide\" style=\"display:none;\">V\u00e4xel<\/span><span class=\"ez-toc-icon-toggle-span\"><svg style=\"fill: #999;color:#999\" xmlns=\"http:\/\/www.w3.org\/2000\/svg\" class=\"list-377408\" width=\"20px\" height=\"20px\" viewbox=\"0 0 24 24\" fill=\"none\"><path d=\"M6 6H4v2h2V6zm14 0H8v2h12V6zM4 11h2v2H4v-2zm16 0H8v2h12v-2zM4 16h2v2H4v-2zm16 0H8v2h12v-2z\" fill=\"currentColor\"><\/path><\/svg><svg style=\"fill: #999;color:#999\" class=\"arrow-unsorted-368013\" xmlns=\"http:\/\/www.w3.org\/2000\/svg\" width=\"10px\" height=\"10px\" viewbox=\"0 0 24 24\" version=\"1.2\" baseprofile=\"tiny\"><path d=\"M18.2 9.3l-6.2-6.3-6.2 6.3c-.2.2-.3.4-.3.7s.1.5.3.7c.2.2.4.3.7.3h11c.3 0 .5-.1.7-.3.2-.2.3-.5.3-.7s-.1-.5-.3-.7zM5.8 14.7l6.2 6.3 6.2-6.3c.2-.2.3-.5.3-.7s-.1-.5-.3-.7c-.2-.2-.4-.3-.7-.3h-11c-.3 0-.5.1-.7.3-.2.2-.3.5-.3.7s.1.5.3.7z\"\/><\/svg><\/span><\/span><\/span><\/a><\/span><\/div>\n<nav><ul class='ez-toc-list ez-toc-list-level-1' ><li class='ez-toc-page-1 ez-toc-heading-level-2'><a class=\"ez-toc-link ez-toc-heading-1\" href=\"https:\/\/vehicleregistrationscostadelsol.com\/sv\/brexit-uk-cars-and-residency\/#What_are_the_steps_to_register_a_UK_car_after_Brexit\" >Vilka \u00e4r stegen f\u00f6r att registrera en brittisk bil efter Brexit?<\/a><\/li><li class='ez-toc-page-1 ez-toc-heading-level-2'><a class=\"ez-toc-link ez-toc-heading-2\" href=\"https:\/\/vehicleregistrationscostadelsol.com\/sv\/brexit-uk-cars-and-residency\/#What_information_is_used_to_calculate_the_cost_to_register_a_UK_car_in_Spain_after_Brexit\" >Vilken information anv\u00e4nds f\u00f6r att ber\u00e4kna kostnaden f\u00f6r att registrera en brittisk bil i Spanien efter Brexit?<\/a><\/li><li class='ez-toc-page-1 ez-toc-heading-level-2'><a class=\"ez-toc-link ez-toc-heading-3\" href=\"https:\/\/vehicleregistrationscostadelsol.com\/sv\/brexit-uk-cars-and-residency\/#All_UK_cars_will_need_a_DUA_import_certificate\" >Kommer alla bilar i Storbritannien att beh\u00f6va ett DUA (import) certifikat?<\/a><ul class='ez-toc-list-level-3' ><li class='ez-toc-heading-level-3'><a class=\"ez-toc-link ez-toc-heading-4\" href=\"https:\/\/vehicleregistrationscostadelsol.com\/sv\/brexit-uk-cars-and-residency\/#Good_News_Proving_your_UK_vehicle_was_in_Spain_before_Brexit\" >Goda nyheter .. Bevisa att ditt brittiska fordon var i Spanien f\u00f6re Brexit<\/a><\/li><\/ul><\/li><li class='ez-toc-page-1 ez-toc-heading-level-2'><a class=\"ez-toc-link ez-toc-heading-5\" href=\"https:\/\/vehicleregistrationscostadelsol.com\/sv\/brexit-uk-cars-and-residency\/#Importing_a_UK_car_To_Spain\" >Importera en brittisk bil till Spanien<\/a><\/li><li class='ez-toc-page-1 ez-toc-heading-level-2'><a class=\"ez-toc-link ez-toc-heading-6\" href=\"https:\/\/vehicleregistrationscostadelsol.com\/sv\/brexit-uk-cars-and-residency\/#Waiving_Import_Emissions_Taxes_on_UK_Cars_for_residency\" >Avst\u00e5 fr\u00e5n import- och utsl\u00e4ppsskatter p\u00e5 brittiska bilar f\u00f6r uppeh\u00e5llstillst\u00e5nd<\/a><\/li><li class='ez-toc-page-1 ez-toc-heading-level-2'><a class=\"ez-toc-link ez-toc-heading-7\" href=\"https:\/\/vehicleregistrationscostadelsol.com\/sv\/brexit-uk-cars-and-residency\/#We_will_check_your_car_free_%E2%80%93_Pre_ITV_check\" >Vi kommer att kontrollera din bil gratis \u2013 Pre ITV check<\/a><ul class='ez-toc-list-level-3' ><li class='ez-toc-heading-level-3'><a class=\"ez-toc-link ez-toc-heading-8\" href=\"https:\/\/vehicleregistrationscostadelsol.com\/sv\/brexit-uk-cars-and-residency\/#Other_factors_to_take_into_consideration\" >Andra faktorer att ta h\u00e4nsyn till<\/a><ul class='ez-toc-list-level-4' ><li class='ez-toc-heading-level-4'><a class=\"ez-toc-link ez-toc-heading-9\" href=\"https:\/\/vehicleregistrationscostadelsol.com\/sv\/brexit-uk-cars-and-residency\/#Our_Solution_to_Importing_a_UK_car_to_Spain_after_Brexit\" >V\u00e5r l\u00f6sning f\u00f6r att importera en brittisk bil till Spanien efter Brexit<\/a><\/li><\/ul><\/li><\/ul><\/li><\/ul><\/nav><\/div>\n\n\n\n\n<ul class=\"wp-block-list\">\n<li>Registrering av fordonet som en del av en ny eller nyligen genomf\u00f6rd bos\u00e4ttning i Spanien<\/li>\n\n\n\n<li>Registrering av fordonet som icke-resident i Spanien<\/li>\n\n\n\n<li>Att ha ett brittiskt fordon i Spanien f\u00f6re Brexit. Varje rutt har olika kostnader och skatter att ber\u00e4kna f\u00f6r att importera en brittisk bil till Spanien efter Brexit.<\/li>\n<\/ul>\n\n\n\n<p>En giltig f\u00f6rs\u00e4ljningsfaktura kr\u00e4vs om fordonet inte st\u00e5r i namnet p\u00e5 den person som vill registrera fordonet i Spanien. <\/p>\n\n\n\n<h2 class=\"wp-block-heading\"><span class=\"ez-toc-section\" id=\"What_are_the_steps_to_register_a_UK_car_after_Brexit\"><\/span>Vilka \u00e4r stegen f\u00f6r att registrera en brittisk bil efter Brexit?<span class=\"ez-toc-section-end\"><\/span><\/h2>\n\n\n\n<ul class=\"wp-block-list\">\n<li>Att f\u00e5 ett intyg om \u00f6verensst\u00e4mmelse (Ficha Reducia)<\/li>\n\n\n\n<li>Beg\u00e4ra en ITV (teknisk inspektion)<\/li>\n\n\n\n<li>Erh\u00e5llande av ITV-fichor n\u00e4r fordonet har godk\u00e4nts vid besiktning<\/li>\n\n\n\n<li>Bevis p\u00e5 importintyg (Nordirland \u00e4r undantaget)<\/li>\n\n\n\n<li>Slutlig reglering av fordonet i Spanien<\/li>\n\n\n\n<li>Betalning av v\u00e4gskatt - IVTM<\/li>\n\n\n\n<li>Betalning av utsl\u00e4ppsavgifter (Modelo 576)<\/li>\n\n\n\n<li>Best\u00e4llning av fysiska spanska registreringsskyltar<\/li>\n\n\n\n<li>Best\u00e4llning av en ECO-dekal<\/li>\n\n\n\n<li>DGT f\u00f6r det nya spanska pappersarbetet i ditt namn - Permiso de Circulaci\u00f3n<\/li>\n<\/ul>\n\n\n\n<h2 class=\"wp-block-heading\"><span class=\"ez-toc-section\" id=\"What_information_is_used_to_calculate_the_cost_to_register_a_UK_car_in_Spain_after_Brexit\"><\/span>Vilken information anv\u00e4nds f\u00f6r att ber\u00e4kna kostnaden f\u00f6r att registrera en brittisk bil i Spanien efter Brexit? <span class=\"ez-toc-section-end\"><\/span><\/h2>\n\n\n\n<ul class=\"wp-block-list\">\n<li>Ett giltigt V5C-dokument - F\u00f6r att ber\u00e4kna skatterna<\/li>\n\n\n\n<li>Giltig f\u00f6rs\u00e4kring, besiktning och v\u00e4gskatt i Storbritannien<\/li>\n\n\n\n<li>Validering av fordonet, nyligen bosatt eller p\u00e5 v\u00e4g att bli bosatt<\/li>\n\n\n\n<li>Validering av importtullar och moms f\u00f6r icke-bosatta<\/li>\n\n\n\n<li>Validering av bevis p\u00e5 att fordonet var h\u00e4r f\u00f6re Brexit<\/li>\n\n\n\n<li>Kontroll av fordonets EU-\u00f6verensst\u00e4mmelse<\/li>\n\n\n\n<li>Co2-utsl\u00e4pp fr\u00e5n avgasr\u00f6ret<\/li>\n\n\n\n<li>\u00c5lder och datum f\u00f6r f\u00f6rsta registrering<\/li>\n\n\n\n<li>Identifiering och adressbevis<\/li>\n<\/ul>\n\n\n\n<h2 class=\"wp-block-heading\"><span class=\"ez-toc-section\" id=\"All_UK_cars_will_need_a_DUA_import_certificate\"><\/span>Kommer alla bilar i Storbritannien att beh\u00f6va ett DUA (import) certifikat?<span class=\"ez-toc-section-end\"><\/span><\/h2>\n\n\n\n<p>Det r\u00e5der stor f\u00f6rvirring om <strong>Importerar en brittisk bil till Spanien efter Brexit<\/strong> f\u00f6r n\u00e4rvarande, kommer det att finnas skatter, kommer det inte att finnas skatter, vad kommer skatterna att vara om n\u00e5gra? Vi har nu ett f\u00f6rtydligande av \u2018nuvarande regler\u2019, men vi kan inte garantera att dessa inte kommer att \u00e4ndras inom en snar framtid. <strong>Om du tar med en bil som \u00e4r i Storbritannien f\u00f6r n\u00e4rvarande \u00e4r detta mycket enklare och kontakta oss<\/strong>.<\/p>\n\n\n\n<p>I januari 2021 och efter \u00f6verl\u00e4ggningar skulle brittiska bilar bli ombedda att l\u00e4mna in mer dokumentation \u00e4n tidigare f\u00f6re den 31 december 2020 (Brexit) Storbritannien betraktas nu som ett utl\u00e4ndskt \"tredjeland\" i Spanien och EU och som ett resultat har s\u00e4ttet som brittiska bilar matrikuleras p\u00e5 spanska skyltar \u00e4ndrats.<\/p>\n\n\n\n<p>Det finns dock en m\u00f6jlighet att slippa dessa mycket h\u00f6ga skatter. Du b\u00f6r dock kontrollera om du \u00e4r ber\u00e4ttigad till skattebefrielse. M\u00f6jligheten att slippa betala skatt i Spanien beror p\u00e5 f\u00f6ljande omst\u00e4ndigheter <\/p>\n\n\n\n<ul class=\"wp-block-list\">\n<li>Du ska bli bosatt eller har blivit bosatt under de senaste 12 m\u00e5naderna <\/li>\n\n\n\n<li>Du blir inte resident och vill att din brittiska bil ska stanna i Spanien<\/li>\n\n\n\n<li>Du hade ett fordon i Spanien f\u00f6re Brexit som inte har l\u00e4mnat Spanien. <\/li>\n<\/ul>\n\n\n\n<p>I januari 2021 meddelade DGT (Traffico) att alla brittiska fordon fr\u00e5n och med den 1 januari m\u00e5ste uppvisa ett DUA-certifikat (import). Detta dokument ger bevis p\u00e5 att fordonet har passerat genom tullen. DGT kr\u00e4ver nu att ALLA brittiska fordon tillhandah\u00e5ller ett importtullcertifikat \u00e4ven om du avst\u00e5r fr\u00e5n dessa skatter p\u00e5 grund av bos\u00e4ttning eller PRE Brexit-bevis p\u00e5 fordonet i Spanien. Detta \u00e4r dock inte fallet om fordonet \u00e4r registrerat i Nordirland som fortfarande \u00e5tnjuter skattefritt och EU-handelsprotokoll. <\/p>\n\n\n\n<h3 class=\"wp-block-heading\"><span class=\"ez-toc-section\" id=\"Good_News_Proving_your_UK_vehicle_was_in_Spain_before_Brexit\"><\/span>Goda nyheter .. Bevisa att ditt brittiska fordon var i Spanien f\u00f6re Brexit<span class=\"ez-toc-section-end\"><\/span><\/h3>\n\n\n\n<p>Framsteg och goda nyheter \u00e4r att i Andalusien om vi kan bevisa att din bil var i landet f\u00f6re den 31 december <strong>vi<\/strong> <strong>kan f\u00f6r tillf\u00e4llet behandla studentexamen till spanska pl\u00e5tar utan DUA (importtulldokument)<\/strong>. Detta kan inte vara en bild p\u00e5 bilen utanf\u00f6r din fastighet etc, vi beh\u00f6ver gedigna bevis. F\u00f6rest\u00e4ll dig att du \u00e4r DGT-agenten och han skriver under p\u00e5 den spanska studentexamen.<\/p>\n\n\n\n<p><strong>Beviset m\u00e5ste vara i form av f\u00f6re 31 december 2020 <\/strong><\/p>\n\n\n\n<ul class=\"wp-block-list\">\n<li>Gr\u00f6na (tillf\u00e4lliga tallrikar) tallrikar <\/li>\n\n\n\n<li>Ett ITV-test<\/li>\n\n\n\n<li>Trafikb\u00f6ter<\/li>\n\n\n\n<li>Resedokument inklusive f\u00e4rja eller Eurotunnel<\/li>\n\n\n\n<li>Underh\u00e5ll eller mekanik r\u00e4kningar och fakta <\/li>\n\n\n\n<li>Allt du har som kan bevisa att fordonet var h\u00e4r f\u00f6re den 31 december 2020<\/li>\n<\/ul>\n\n\n\n<p>Vi kan inte garantera beslutet att bevis har tagits. Detta beslut ligger hos DGT. <\/p>\n\n\n\n<h2 class=\"wp-block-heading\"><span class=\"ez-toc-section\" id=\"Importing_a_UK_car_To_Spain\"><\/span>Importera en brittisk bil till Spanien<span class=\"ez-toc-section-end\"><\/span><\/h2>\n\n\n\n<p>Se till att din importagent har r\u00e4tt DUA-certifikat innan leverans. De kan sortera detta \u00e5t dig. Om inte, kan fordonet beskattas vid inresa till Spanien (31% av fordonets bokpris). Detta kan och b\u00f6r undvikas av din import\u00f6r. Om du beh\u00f6ver en offert f\u00f6r att importera din bil till Spanien, v\u00e4nligen kontakta oss. <\/p>\n\n\n\n<p>Vi kan hj\u00e4lpa till med <strong>importera en brittisk bil till Spanien<\/strong> och vi kan ocks\u00e5 s\u00e4kerst\u00e4lla m\u00f6jligheten att kunna <strong>avst\u00e5 fr\u00e5n bilimportskatter<\/strong> f\u00f6r uppeh\u00e5llsans\u00f6kningar. <\/p>\n\n\n\n<h2 class=\"wp-block-heading\"><span class=\"ez-toc-section\" id=\"Waiving_Import_Emissions_Taxes_on_UK_Cars_for_residency\"><\/span>Avst\u00e5 fr\u00e5n import- och utsl\u00e4ppsskatter p\u00e5 brittiska bilar f\u00f6r uppeh\u00e5llstillst\u00e5nd<span class=\"ez-toc-section-end\"><\/span><\/h2>\n\n\n\n<p>Om du importerar en brittisk bil i Spanien och du \u00e4r i f\u00e4rd med, eller bara tar uppeh\u00e5llstillst\u00e5nd, kan i de flesta fall b\u00e5de importskatter och utsl\u00e4ppsskatter undantas. Detta kommer att markeras i en <a aria-label=\"GRATIS offert (\u00f6ppnas i ny flik)\" class=\"rank-math-link\" href=\"https:\/\/vehicleregistrationscostadelsol.com\/sv\/kontakt\/\" target=\"_blank\" rel=\"noreferrer noopener\">GRATIS offert<\/a> vi kan ge dig. Alla andra normala skatter och fasta kostnader s\u00e5som v\u00e4gskatt i Spanien, ITV-testet, DGT etc kommer att g\u00e4lla som normalt. I grund och botten betyder annat \u00e4n ett DUA-certifikat att det \u00e4r aff\u00e4rer som vanligt som det var f\u00f6re Brexit UK-bilar och bos\u00e4ttning. <strong>Vi tillhandah\u00e5ller uppeh\u00e5llsans\u00f6kningar som en del av v\u00e5r tj\u00e4nst om du skulle beh\u00f6va det.<\/strong> <\/p>\n\n\n\n<p>F\u00f6r att skatter ska kunna befrias beh\u00f6ver vi bevis p\u00e5:<\/p>\n\n\n\n<ul class=\"wp-block-list\">\n<li>Bos\u00e4ttning under de senaste 6 m\u00e5naderna \u2013 Befriar importskatter<\/li>\n\n\n\n<li>Bos\u00e4ttning inom de senaste 60 dagarna \u2013 Avst\u00e5r fr\u00e5n utsl\u00e4ppsskatter<\/li>\n\n\n\n<li>Du m\u00e5ste vara p\u00e5 bollen med uppdaterad Padron och pappersarbete f\u00f6r Brexit-skattebefrielser.<\/li>\n\n\n\n<li>Bevis p\u00e5 adress i Storbritannien innan du bor i Spanien. <\/li>\n<\/ul>\n\n\n\n<h2 class=\"wp-block-heading\"><span class=\"ez-toc-section\" id=\"We_will_check_your_car_free_%E2%80%93_Pre_ITV_check\"><\/span>Vi kommer att kontrollera din bil gratis \u2013 Pre ITV check<span class=\"ez-toc-section-end\"><\/span><\/h2>\n\n\n\n<p>K\u00f6r din bil till oss i Riviera Del Sol med f\u00f6rhandsbokning, vi kommer att kontrollera din bil f\u00f6r vad som kan vara underk\u00e4nt f\u00f6r ITV-testet. Str\u00e5lkastare, d\u00e4ck etc. Detta \u00e4r en unik tj\u00e4nst vi erbjuder och vi utf\u00f6r cirka 15 kontroller. En pre ITV-kontroll. Var noga med att ta med alla papper s\u00e5 att vi kan skanna pappersarbetet om du best\u00e4mmer dig f\u00f6r att du beh\u00f6ver oss f\u00f6r att f\u00e5 din bil p\u00e5 spanska skyltar. <\/p>\n\n\n\n<h3 class=\"wp-block-heading\"><span class=\"ez-toc-section\" id=\"Other_factors_to_take_into_consideration\"><\/span>Andra faktorer att ta h\u00e4nsyn till<span class=\"ez-toc-section-end\"><\/span><\/h3>\n\n\n\n<p>Det finns m\u00e5nga andra faktorer att ta h\u00e4nsyn till. \u00c4r str\u00e5lkastarna anpassade? Beh\u00f6ver de justeras, har bilen en Ficha Technica, finns det n\u00e5gra andra ITV-fel p\u00e5 din bil? Allt detta beh\u00f6ver \u00e5tg\u00e4rdas. <br><\/p>\n\n\n\n<h4 class=\"wp-block-heading\"><span class=\"ez-toc-section\" id=\"Our_Solution_to_Importing_a_UK_car_to_Spain_after_Brexit\"><\/span>V\u00e5r l\u00f6sning f\u00f6r att importera en brittisk bil till Spanien efter Brexit<span class=\"ez-toc-section-end\"><\/span><\/h4>\n\n\n\n<ul class=\"wp-block-list\">\n<li>Befrielse av skatter f\u00f6r att binda till bos\u00e4ttning (det finns en tidsgr\u00e4ns)<\/li>\n\n\n\n<li>Att bevisa att bilen \u00f6verensst\u00e4mmer med EU och bevis p\u00e5 att bilen var i Spanien f\u00f6re Brexit (ej till\u00e4mpligt om man importerar nu)<\/li>\n\n\n\n<li>Importera en brittisk bil till Spanien<\/li>\n\n\n\n<li>Storbritanniens bilimportskatter<\/li>\n\n\n\n<li>Gratis offerter under tiden inklusive DUA<\/li>\n\n\n\n<li>Delta med dig personligen p\u00e5 DUA (extra kostnad) <\/li>\n\n\n\n<li><strong>En kontroll av ditt fordon GRATIS f\u00f6r att se vilken extra kostnad din bil i Storbritannien kan beh\u00f6va<\/strong><\/li>\n\n\n\n<li>Vi g\u00f6r den Ficha Technica som kr\u00e4vs f\u00f6r ITV (vi kan komma till dig om det \u00e4r geografiskt f\u00f6rnuftigt)<\/li>\n\n\n\n<li>Residencypaket f\u00f6r att koppla ihop med import av din bil till Spanien<\/li>\n\n\n\n<li>Justering av str\u00e5lkastare eller nya str\u00e5lkastare<\/li>\n\n\n\n<li>ITV-testbokning s\u00e5 g\u00f6r vi det \u00e5t dig<\/li>\n\n\n\n<li>Alla skatter behandlade<\/li>\n\n\n\n<li>V\u00e4gskatt behandlas<\/li>\n\n\n\n<li>Pl\u00e5tar och papper levereras till oss och vi monterar pl\u00e5tarna p\u00e5 bilen \u00e5t dig<\/li>\n\n\n\n<li>Mekaniker f\u00f6r att hj\u00e4lpa till f\u00f6re\/efter ITV<\/li>\n\n\n\n<li>GRATIS omtest om bilen misslyckas<\/li>\n\n\n\n<li>Mycket mer\u2026\u2026. <\/li>\n<\/ul>\n\n\n\n<p>K\u00e4nn dig fri att <a href=\"https:\/\/vehicleregistrationscostadelsol.com\/sv\/kontakt\/\" data-type=\"URL\" data-id=\"https:\/\/vehicleregistrationscostadelsol.com\/contact\/\">kontakta oss<\/a> f\u00f6r mer information. <\/p>\n\n\n<p><a href=\"https:\/\/wa.me\/+34696337629?text=Please%20send%20me%20a%20free%20quote\" target=\"_blank\" rel=\"noopener\">&nbsp;<\/a><\/p>\n\n\n<p><\/p>","protected":false},"excerpt":{"rendered":"<p>Registering a UK vehicle in Spain involves several steps including customs clearance. First the eligibility needs to be checked &#8211; UK cars coming to Spain after Brexit have three routes. A valid Sales invoice is necessary if the vehicle is not in the name of the person wishing to register the vehicle in Spain. What [&hellip;]<\/p>\n","protected":false},"author":1,"featured_media":2566,"parent":0,"menu_order":0,"comment_status":"closed","ping_status":"closed","template":"","meta":{"site-sidebar-layout":"default","site-content-layout":"default","ast-site-content-layout":"default","site-content-style":"default","site-sidebar-style":"default","ast-global-header-display":"","ast-banner-title-visibility":"","ast-main-header-display":"","ast-hfb-above-header-display":"","ast-hfb-below-header-display":"","ast-hfb-mobile-header-display":"","site-post-title":"","ast-breadcrumbs-content":"","ast-featured-img":"","footer-sml-layout":"","ast-disable-related-posts":"","theme-transparent-header-meta":"default","adv-header-id-meta":"","stick-header-meta":"","header-above-stick-meta":"","header-main-stick-meta":"","header-below-stick-meta":"","astra-migrate-meta-layouts":"set","ast-page-background-enabled":"default","ast-page-background-meta":{"desktop":{"background-color":"","background-image":"","background-repeat":"repeat","background-position":"center center","background-size":"auto","background-attachment":"scroll","background-type":"","background-media":"","overlay-type":"","overlay-color":"","overlay-opacity":"","overlay-gradient":""},"tablet":{"background-color":"","background-image":"","background-repeat":"repeat","background-position":"center center","background-size":"auto","background-attachment":"scroll","background-type":"","background-media":"","overlay-type":"","overlay-color":"","overlay-opacity":"","overlay-gradient":""},"mobile":{"background-color":"","background-image":"","background-repeat":"repeat","background-position":"center center","background-size":"auto","background-attachment":"scroll","background-type":"","background-media":"","overlay-type":"","overlay-color":"","overlay-opacity":"","overlay-gradient":""}},"ast-content-background-meta":{"desktop":{"background-color":"var(--ast-global-color-5)","background-image":"","background-repeat":"repeat","background-position":"center center","background-size":"auto","background-attachment":"scroll","background-type":"","background-media":"","overlay-type":"","overlay-color":"","overlay-opacity":"","overlay-gradient":""},"tablet":{"background-color":"var(--ast-global-color-5)","background-image":"","background-repeat":"repeat","background-position":"center center","background-size":"auto","background-attachment":"scroll","background-type":"","background-media":"","overlay-type":"","overlay-color":"","overlay-opacity":"","overlay-gradient":""},"mobile":{"background-color":"var(--ast-global-color-5)","background-image":"","background-repeat":"repeat","background-position":"center center","background-size":"auto","background-attachment":"scroll","background-type":"","background-media":"","overlay-type":"","overlay-color":"","overlay-opacity":"","overlay-gradient":""}},"footnotes":""},"class_list":["post-1999","page","type-page","status-publish","has-post-thumbnail","hentry"],"_links":{"self":[{"href":"https:\/\/vehicleregistrationscostadelsol.com\/sv\/wp-json\/wp\/v2\/pages\/1999","targetHints":{"allow":["GET"]}}],"collection":[{"href":"https:\/\/vehicleregistrationscostadelsol.com\/sv\/wp-json\/wp\/v2\/pages"}],"about":[{"href":"https:\/\/vehicleregistrationscostadelsol.com\/sv\/wp-json\/wp\/v2\/types\/page"}],"author":[{"embeddable":true,"href":"https:\/\/vehicleregistrationscostadelsol.com\/sv\/wp-json\/wp\/v2\/users\/1"}],"replies":[{"embeddable":true,"href":"https:\/\/vehicleregistrationscostadelsol.com\/sv\/wp-json\/wp\/v2\/comments?post=1999"}],"version-history":[{"count":2,"href":"https:\/\/vehicleregistrationscostadelsol.com\/sv\/wp-json\/wp\/v2\/pages\/1999\/revisions"}],"predecessor-version":[{"id":3433,"href":"https:\/\/vehicleregistrationscostadelsol.com\/sv\/wp-json\/wp\/v2\/pages\/1999\/revisions\/3433"}],"wp:featuredmedia":[{"embeddable":true,"href":"https:\/\/vehicleregistrationscostadelsol.com\/sv\/wp-json\/wp\/v2\/media\/2566"}],"wp:attachment":[{"href":"https:\/\/vehicleregistrationscostadelsol.com\/sv\/wp-json\/wp\/v2\/media?parent=1999"}],"curies":[{"name":"wp","href":"https:\/\/api.w.org\/{rel}","templated":true}]}}