{"id":2475,"date":"2022-04-15T16:08:20","date_gmt":"2022-04-15T14:08:20","guid":{"rendered":"https:\/\/vehicleregistrationscostadelsol.com\/?page_id=2475"},"modified":"2025-02-05T00:08:36","modified_gmt":"2025-02-04T23:08:36","slug":"registrering-av-motorcykel-i-spanien","status":"publish","type":"page","link":"https:\/\/vehicleregistrationscostadelsol.com\/sv\/registering-a-motorbike-in-spain\/","title":{"rendered":"Registrera en motorcykel i Spanien"},"content":{"rendered":"<p>Att registrera en motorcykel i Spanien \u00e4r ganska enkelt. Om motorcykeln \u00e4r EU v\u00e4ldigt rakt fram. Fr\u00e5n Storbritannien m\u00e5ste vi ta en titt p\u00e5 om vi kan avst\u00e5 fr\u00e5n skatter efter Brexit. P\u00e5 fordonsregistreringar Costa Del Sol g\u00f6r vi inte bara bilar utan vi har ocks\u00e5 mycket erfarenhet av motorcyklar. Vi tar hand om hela processen \u00e5t dig. F\u00f6r att vi ska kunna ge dig en kostnadsfri offert beh\u00f6ver vi information om motorcykeln. <\/p><div id=\"ez-toc-container\" class=\"ez-toc-v2_0_82_2 counter-hierarchy ez-toc-counter ez-toc-grey ez-toc-container-direction\">\n<div class=\"ez-toc-title-container\">\n<p class=\"ez-toc-title\" style=\"cursor:inherit\">Inneh\u00e5llsf\u00f6rteckning<\/p>\n<span class=\"ez-toc-title-toggle\"><a href=\"#\" class=\"ez-toc-pull-right ez-toc-btn ez-toc-btn-xs ez-toc-btn-default ez-toc-toggle\" aria-label=\"V\u00e4xla till inneh\u00e5llsf\u00f6rteckning\"><span class=\"ez-toc-js-icon-con\"><span class=\"\"><span class=\"eztoc-hide\" style=\"display:none;\">V\u00e4xel<\/span><span class=\"ez-toc-icon-toggle-span\"><svg style=\"fill: #999;color:#999\" xmlns=\"http:\/\/www.w3.org\/2000\/svg\" class=\"list-377408\" width=\"20px\" height=\"20px\" viewbox=\"0 0 24 24\" fill=\"none\"><path d=\"M6 6H4v2h2V6zm14 0H8v2h12V6zM4 11h2v2H4v-2zm16 0H8v2h12v-2zM4 16h2v2H4v-2zm16 0H8v2h12v-2z\" fill=\"currentColor\"><\/path><\/svg><svg style=\"fill: #999;color:#999\" class=\"arrow-unsorted-368013\" xmlns=\"http:\/\/www.w3.org\/2000\/svg\" width=\"10px\" height=\"10px\" viewbox=\"0 0 24 24\" version=\"1.2\" baseprofile=\"tiny\"><path d=\"M18.2 9.3l-6.2-6.3-6.2 6.3c-.2.2-.3.4-.3.7s.1.5.3.7c.2.2.4.3.7.3h11c.3 0 .5-.1.7-.3.2-.2.3-.5.3-.7s-.1-.5-.3-.7zM5.8 14.7l6.2 6.3 6.2-6.3c.2-.2.3-.5.3-.7s-.1-.5-.3-.7c-.2-.2-.4-.3-.7-.3h-11c-.3 0-.5.1-.7.3-.2.2-.3.5-.3.7s.1.5.3.7z\"\/><\/svg><\/span><\/span><\/span><\/a><\/span><\/div>\n<nav><ul class='ez-toc-list ez-toc-list-level-1' ><li class='ez-toc-page-1 ez-toc-heading-level-3'><a class=\"ez-toc-link ez-toc-heading-1\" href=\"https:\/\/vehicleregistrationscostadelsol.com\/sv\/registering-a-motorbike-in-spain\/#What_is_the_process_to_registering_a_motorbike_in_Spain\" >Vad \u00e4r processen f\u00f6r att registrera en motorcykel i Spanien?<\/a><ul class='ez-toc-list-level-4' ><li class='ez-toc-heading-level-4'><a class=\"ez-toc-link ez-toc-heading-2\" href=\"https:\/\/vehicleregistrationscostadelsol.com\/sv\/registering-a-motorbike-in-spain\/#Can_you_modify_a_motorbike_in_Spain\" >Kan man modifiera en motorcykel i Spanien?<\/a><\/li><li class='ez-toc-page-1 ez-toc-heading-level-4'><a class=\"ez-toc-link ez-toc-heading-3\" href=\"https:\/\/vehicleregistrationscostadelsol.com\/sv\/registering-a-motorbike-in-spain\/#Importing_a_motorcycle_into_Spain\" >Importera en motorcykel till Spanien<\/a><ul class='ez-toc-list-level-5' ><li class='ez-toc-heading-level-5'><a class=\"ez-toc-link ez-toc-heading-4\" href=\"https:\/\/vehicleregistrationscostadelsol.com\/sv\/registering-a-motorbike-in-spain\/#Where_is_the_motorcycle_test_done_in_Spain\" >Var g\u00f6rs motorcykeltestet i Spanien?<\/a><\/li><\/ul><\/li><\/ul><\/li><\/ul><\/nav><\/div>\n\n\n\n\n<p>F\u00f6r att registrera en motorcykel i Spanien beh\u00f6ver du:<\/p>\n\n\n\n<ul class=\"wp-block-list\">\n<li>Registreringsdokument f\u00f6r fordon<\/li>\n\n\n\n<li>Ett intyg om \u00f6verensst\u00e4mmelse (vi kan tillhandah\u00e5lla detta)<\/li>\n\n\n\n<li>NIE eller TIE-kort<\/li>\n\n\n\n<li>Adressbevis<\/li>\n<\/ul>\n\n\n\n<p>Om din motorcykel har modifierats p\u00e5 n\u00e5got s\u00e4tt beh\u00f6ver ITV viss information f\u00f6re en eventuell inspektion. I grund och botten m\u00e5ste cykeln vara fabriksstandard. V\u00e4nligen kontakta oss om du har modifierat din cykel. Motorcyklar under 250cc betalar inte n\u00e5gra speciella registreringsskatter, Co2-skatter.<\/p>\n\n\n\n<h3 class=\"wp-block-heading\"><span class=\"ez-toc-section\" id=\"What_is_the_process_to_registering_a_motorbike_in_Spain\"><\/span>Vad \u00e4r processen f\u00f6r att registrera en motorcykel i Spanien?<span class=\"ez-toc-section-end\"><\/span><\/h3>\n\n\n\n<p>Se ovan, vi beh\u00f6ver information om cykeln och eventuell medf\u00f6ljande info. vi kan d\u00e5 ge dig en kostnadsfri offert. F\u00f6r supersnabba offerter var v\u00e4nlig <a href=\"https:\/\/www.cognitoforms.com\/VehicleRegistrations\/MotorbikeQuote?v2\" data-type=\"URL\" data-id=\"https:\/\/www.cognitoforms.com\/VehicleRegistrations\/MotorbikeQuote?v2\" target=\"_blank\" rel=\"noreferrer noopener\">fyll i detta snabbformul\u00e4r<\/a>. Du f\u00e5r ett mejl d\u00e4r du sedan kan skicka oss den dokumentation vi beh\u00f6ver. Det \u00e4r mycket viktigt att vi ser dokumenten s\u00e5 att vi kan den tekniska informationen om fordonet och det viktiga avsnittet K som visar om fordonet har europeisk \u00f6verensst\u00e4mmelse eller nu. <\/p>\n\n\n\n<h4 class=\"wp-block-heading\"><span class=\"ez-toc-section\" id=\"Can_you_modify_a_motorbike_in_Spain\"><\/span>Kan man modifiera en motorcykel i Spanien?<span class=\"ez-toc-section-end\"><\/span><\/h4>\n\n\n\n<p>I ett n\u00f6tskal, nej. ITV \u00e4r mycket strikta n\u00e4r det g\u00e4ller \u00e4ndringar som registrerar en motorcykel i Spanien. I stort sett allt som inte \u00e4r standard p\u00e5 motorcykeln anses inte klara ITV:n. \u00c4ndringar \u00e4r helt enkelt inte en sak i Spanien. Om fordonet har ett intyg om \u00f6verensst\u00e4mmelse kontrollerar de motorcykeln till dess fabriksstandard och eventuella \u00e4ndringar kommer att misslyckas med ITV. Det finns ett s\u00e4tt att registrera \u00e4ndringar i Spanien, men processen \u00e4r extremt sv\u00e5r. Kontakta oss om din motorcykel \u00e4r annorlunda \u00e4n n\u00e4r den kom fr\u00e5n fabriken. Lika f\u00f6r lika delar \u00e4r uppenbarligen inga problem. Det d\u00e4r <a href=\"https:\/\/www.fuelexhausts.com\/\" data-type=\"URL\" data-id=\"https:\/\/www.fuelexhausts.com\/\" target=\"_blank\" rel=\"noreferrer noopener\">tjockt avgasr\u00f6r<\/a>t kan bara orsaka problem. <\/p>\n\n\n\n<p>Cykeln m\u00e5ste vara standard enligt certifikatet om \u00f6verensst\u00e4mmelse. Om din cykel inte har en s\u00e5 kan vi hj\u00e4lpa dig att tillhandah\u00e5lla en \u00e5t dig. P\u00e5 brittiska motorcyklar kan du beh\u00f6va byta str\u00e5lkastare ocks\u00e5. <\/p>\n\n\n\n<h4 class=\"wp-block-heading\"><span class=\"ez-toc-section\" id=\"Importing_a_motorcycle_into_Spain\"><\/span>Importera en motorcykel till Spanien<span class=\"ez-toc-section-end\"><\/span><\/h4>\n\n\n\n<p>Vi kan hj\u00e4lpa dig med att importera en motorcykel till Spanien. Vi har v\u00e5r egen importagent f\u00f6r att hantera DUA-dokumentet som \u00e4r pappersarbetet f\u00f6r att lagligt importera din motorcykel till Spanien. Du kanske g\u00f6r att flytta till Spanien permanent och ta <a href=\"https:\/\/equitas-property.com\/en_gb\/non-lucrative-visa-spain\/\" data-type=\"URL\" data-id=\"https:\/\/equitas-property.com\/en_gb\/non-lucrative-visa-spain\/\" target=\"_blank\" rel=\"noreferrer noopener\">residens<\/a> i Spanien. Om s\u00e5 \u00e4r fallet kan du eventuellt skriva om eventuella importtullar och IVA-avgifter (IVA \u00e4r moms p\u00e5 21%) V\u00e4nligen kontakta oss f\u00f6r mer information om detta. Om din motorcykel \u00e4r ett EU-fordon beh\u00f6ver du inte oroa dig f\u00f6r importtullen eller IVA. <\/p>\n\n\n\n<h5 class=\"wp-block-heading\"><span class=\"ez-toc-section\" id=\"Where_is_the_motorcycle_test_done_in_Spain\"><\/span>Var g\u00f6rs motorcykeltestet i Spanien?<span class=\"ez-toc-section-end\"><\/span><\/h5>\n\n\n\n<p>Motorcykeltestet g\u00f6rs p\u00e5 ett ITV-center. F\u00f6r en fullst\u00e4ndig studentexamen kr\u00e4vs r\u00e4tt pappersarbete f\u00f6r att f\u00f6rst boka ITV:n och f\u00f6r det andra ha alla r\u00e4tt pappersarbete f\u00f6r att importera en motorcykel till Spanien. Vi tillhandah\u00e5ller detta och deltar i ITV med dig, tar hand om allt pappersarbete f\u00f6re och efter ITV. Fordonet kallas in p\u00e5 en motorcykelfil f\u00f6r att g\u00f6ra provet. Efter ITV pappersarbete m\u00e5ste ordnas f\u00f6r den slutliga registreringen inklusive<\/p>\n\n\n\n<ul class=\"wp-block-list\">\n<li>Betalning av utsl\u00e4ppsskatter (om n\u00e5gra)<\/li>\n\n\n\n<li>V\u00e4gskatt<\/li>\n\n\n\n<li>Slutlig registrering hos DGT<\/li>\n\n\n\n<li>Best\u00e4llning av nummerskyltar<\/li>\n\n\n\n<li>Handlar med skatteverket<\/li>\n<\/ul>\n\n\n\n<p><\/p>","protected":false},"excerpt":{"rendered":"<p>Registering a motorbike in Spain is pretty straight forward. If the Motorbike is EU very straight forward. From the UK we need to take a look at if we can waive taxes after Brexit. At vehicle registrations Costa Del Sol we not only do cars but we also have much experience with motorbikes. We deal [&hellip;]<\/p>\n","protected":false},"author":1,"featured_media":2562,"parent":0,"menu_order":0,"comment_status":"closed","ping_status":"closed","template":"","meta":{"site-sidebar-layout":"default","site-content-layout":"","ast-site-content-layout":"default","site-content-style":"default","site-sidebar-style":"default","ast-global-header-display":"","ast-banner-title-visibility":"","ast-main-header-display":"","ast-hfb-above-header-display":"","ast-hfb-below-header-display":"","ast-hfb-mobile-header-display":"","site-post-title":"","ast-breadcrumbs-content":"","ast-featured-img":"","footer-sml-layout":"","ast-disable-related-posts":"","theme-transparent-header-meta":"","adv-header-id-meta":"","stick-header-meta":"","header-above-stick-meta":"","header-main-stick-meta":"","header-below-stick-meta":"","astra-migrate-meta-layouts":"set","ast-page-background-enabled":"default","ast-page-background-meta":{"desktop":{"background-color":"","background-image":"","background-repeat":"repeat","background-position":"center center","background-size":"auto","background-attachment":"scroll","background-type":"","background-media":"","overlay-type":"","overlay-color":"","overlay-gradient":""},"tablet":{"background-color":"","background-image":"","background-repeat":"repeat","background-position":"center center","background-size":"auto","background-attachment":"scroll","background-type":"","background-media":"","overlay-type":"","overlay-color":"","overlay-gradient":""},"mobile":{"background-color":"","background-image":"","background-repeat":"repeat","background-position":"center center","background-size":"auto","background-attachment":"scroll","background-type":"","background-media":"","overlay-type":"","overlay-color":"","overlay-gradient":""}},"ast-content-background-meta":{"desktop":{"background-color":"var(--ast-global-color-5)","background-image":"","background-repeat":"repeat","background-position":"center center","background-size":"auto","background-attachment":"scroll","background-type":"","background-media":"","overlay-type":"","overlay-color":"","overlay-gradient":""},"tablet":{"background-color":"var(--ast-global-color-5)","background-image":"","background-repeat":"repeat","background-position":"center center","background-size":"auto","background-attachment":"scroll","background-type":"","background-media":"","overlay-type":"","overlay-color":"","overlay-gradient":""},"mobile":{"background-color":"var(--ast-global-color-5)","background-image":"","background-repeat":"repeat","background-position":"center center","background-size":"auto","background-attachment":"scroll","background-type":"","background-media":"","overlay-type":"","overlay-color":"","overlay-gradient":""}},"footnotes":""},"class_list":["post-2475","page","type-page","status-publish","has-post-thumbnail","hentry"],"_links":{"self":[{"href":"https:\/\/vehicleregistrationscostadelsol.com\/sv\/wp-json\/wp\/v2\/pages\/2475","targetHints":{"allow":["GET"]}}],"collection":[{"href":"https:\/\/vehicleregistrationscostadelsol.com\/sv\/wp-json\/wp\/v2\/pages"}],"about":[{"href":"https:\/\/vehicleregistrationscostadelsol.com\/sv\/wp-json\/wp\/v2\/types\/page"}],"author":[{"embeddable":true,"href":"https:\/\/vehicleregistrationscostadelsol.com\/sv\/wp-json\/wp\/v2\/users\/1"}],"replies":[{"embeddable":true,"href":"https:\/\/vehicleregistrationscostadelsol.com\/sv\/wp-json\/wp\/v2\/comments?post=2475"}],"version-history":[{"count":0,"href":"https:\/\/vehicleregistrationscostadelsol.com\/sv\/wp-json\/wp\/v2\/pages\/2475\/revisions"}],"wp:featuredmedia":[{"embeddable":true,"href":"https:\/\/vehicleregistrationscostadelsol.com\/sv\/wp-json\/wp\/v2\/media\/2562"}],"wp:attachment":[{"href":"https:\/\/vehicleregistrationscostadelsol.com\/sv\/wp-json\/wp\/v2\/media?parent=2475"}],"curies":[{"name":"wp","href":"https:\/\/api.w.org\/{rel}","templated":true}]}}