{"id":2686,"date":"2022-11-14T14:31:28","date_gmt":"2022-11-14T13:31:28","guid":{"rendered":"https:\/\/vehicleregistrationscostadelsol.com\/?page_id=2686"},"modified":"2025-07-05T15:01:51","modified_gmt":"2025-07-05T13:01:51","slug":"registrera-ett-fordon-fran-eu-eller-uk-i-alicante","status":"publish","type":"page","link":"https:\/\/vehicleregistrationscostadelsol.com\/sv\/register-a-eu-or-uk-vehicle-in-alicante\/","title":{"rendered":"Registrera ett EU- eller Storbritannien-fordon i Alicante"},"content":{"rendered":"<p><a href=\"https:\/\/vehicleregistrationscostadelsol.com\/sv\/kategori\/alicante\/\">Alicante<\/a>&nbsp;\/ F\u00f6rbi&nbsp;<a href=\"https:\/\/vehicleregistrationscostadelsol.com\/sv\/forfattare\/administration\/\">administration<\/a><\/p><div id=\"ez-toc-container\" class=\"ez-toc-v2_0_82_2 counter-hierarchy ez-toc-counter ez-toc-grey ez-toc-container-direction\">\n<div class=\"ez-toc-title-container\">\n<p class=\"ez-toc-title\" style=\"cursor:inherit\">Inneh\u00e5llsf\u00f6rteckning<\/p>\n<span class=\"ez-toc-title-toggle\"><a href=\"#\" class=\"ez-toc-pull-right ez-toc-btn ez-toc-btn-xs ez-toc-btn-default ez-toc-toggle\" aria-label=\"V\u00e4xla till inneh\u00e5llsf\u00f6rteckning\"><span class=\"ez-toc-js-icon-con\"><span class=\"\"><span class=\"eztoc-hide\" style=\"display:none;\">V\u00e4xel<\/span><span class=\"ez-toc-icon-toggle-span\"><svg style=\"fill: #999;color:#999\" xmlns=\"http:\/\/www.w3.org\/2000\/svg\" class=\"list-377408\" width=\"20px\" height=\"20px\" viewbox=\"0 0 24 24\" fill=\"none\"><path d=\"M6 6H4v2h2V6zm14 0H8v2h12V6zM4 11h2v2H4v-2zm16 0H8v2h12v-2zM4 16h2v2H4v-2zm16 0H8v2h12v-2z\" fill=\"currentColor\"><\/path><\/svg><svg style=\"fill: #999;color:#999\" class=\"arrow-unsorted-368013\" xmlns=\"http:\/\/www.w3.org\/2000\/svg\" width=\"10px\" height=\"10px\" viewbox=\"0 0 24 24\" version=\"1.2\" baseprofile=\"tiny\"><path d=\"M18.2 9.3l-6.2-6.3-6.2 6.3c-.2.2-.3.4-.3.7s.1.5.3.7c.2.2.4.3.7.3h11c.3 0 .5-.1.7-.3.2-.2.3-.5.3-.7s-.1-.5-.3-.7zM5.8 14.7l6.2 6.3 6.2-6.3c.2-.2.3-.5.3-.7s-.1-.5-.3-.7c-.2-.2-.4-.3-.7-.3h-11c-.3 0-.5.1-.7.3-.2.2-.3.5-.3.7s.1.5.3.7z\"\/><\/svg><\/span><\/span><\/span><\/a><\/span><\/div>\n<nav><ul class='ez-toc-list ez-toc-list-level-1' ><li class='ez-toc-page-1 ez-toc-heading-level-2'><a class=\"ez-toc-link ez-toc-heading-1\" href=\"https:\/\/vehicleregistrationscostadelsol.com\/sv\/register-a-eu-or-uk-vehicle-in-alicante\/#What_You_Will_Need_To_Register_A_Vehicle_In_Alicante\" >Vad du beh\u00f6ver f\u00f6r att registrera ett fordon i Alicante<\/a><ul class='ez-toc-list-level-3' ><li class='ez-toc-heading-level-3'><a class=\"ez-toc-link ez-toc-heading-2\" href=\"https:\/\/vehicleregistrationscostadelsol.com\/sv\/register-a-eu-or-uk-vehicle-in-alicante\/#So_How_Can_You_Help\" >S\u00e5 hur kan du hj\u00e4lpa?<\/a><ul class='ez-toc-list-level-4' ><li class='ez-toc-heading-level-4'><a class=\"ez-toc-link ez-toc-heading-3\" href=\"https:\/\/vehicleregistrationscostadelsol.com\/sv\/register-a-eu-or-uk-vehicle-in-alicante\/#How_Easy_Is_The_ITV_In_Alicante_To_Register_Your_Car\" >Hur l\u00e4tt \u00e4r ITV i Alicante att registrera din bil?<\/a><ul class='ez-toc-list-level-5' ><li class='ez-toc-heading-level-5'><a class=\"ez-toc-link ez-toc-heading-4\" href=\"https:\/\/vehicleregistrationscostadelsol.com\/sv\/register-a-eu-or-uk-vehicle-in-alicante\/#What_If_It_Fails_The_Inspection_In_Alicante\" >Vad h\u00e4nder om det misslyckas med inspektionen i Alicante?<\/a><\/li><li class='ez-toc-page-1 ez-toc-heading-level-5'><a class=\"ez-toc-link ez-toc-heading-5\" href=\"https:\/\/vehicleregistrationscostadelsol.com\/sv\/register-a-eu-or-uk-vehicle-in-alicante\/#What_Will_You_Need_If_Your_Vehicle_Fails_The_ITV\" >Vad beh\u00f6ver du om ditt fordon misslyckas med ITV?<\/a><\/li><\/ul><\/li><li class='ez-toc-page-1 ez-toc-heading-level-4'><a class=\"ez-toc-link ez-toc-heading-6\" href=\"https:\/\/vehicleregistrationscostadelsol.com\/sv\/register-a-eu-or-uk-vehicle-in-alicante\/#Register_A_Vehicle_In_Alicante\" >Registrera ett fordon i Alicante<\/a><\/li><\/ul><\/li><\/ul><\/li><\/ul><\/nav><\/div>\n\n\n\n\n<p>Om du har f\u00f6rt eller f\u00f6r ditt fordon till Spanien och vill registrera ett fordon fr\u00e5n EU eller Storbritannien i\u00a0<a href=\"https:\/\/itvcitaprevia.es\/estaciones-itv\/comunidad-valenciana\/alicante\/\" target=\"_blank\" rel=\"noreferrer noopener\">Alicante<\/a>\u00a0du kommer att beh\u00f6va r\u00e5d om precis vad du beh\u00f6ver och hur du g\u00f6r processen f\u00f6r att f\u00e5 fordonet p\u00e5 spanska nummerskyltar.<\/p>\n\n\n\n<h2 class=\"wp-block-heading\"><span class=\"ez-toc-section\" id=\"What_You_Will_Need_To_Register_A_Vehicle_In_Alicante\"><\/span>Vad du beh\u00f6ver f\u00f6r att registrera ett fordon i Alicante<span class=\"ez-toc-section-end\"><\/span><\/h2>\n\n\n\n<ul class=\"wp-block-list\">\n<li>Ditt fordonsregistreringsdokument<\/li>\n\n\n\n<li>Ett intyg om \u00f6verensst\u00e4mmelse (Ficha Technica)<\/li>\n\n\n\n<li>ID-pass och NIE-nummer eller TIE-kort<\/li>\n\n\n\n<li>Bevis p\u00e5 adress i Spanien.<\/li>\n<\/ul>\n\n\n\n<h3 class=\"wp-block-heading\"><span class=\"ez-toc-section\" id=\"So_How_Can_You_Help\"><\/span>S\u00e5 hur kan du hj\u00e4lpa?<span class=\"ez-toc-section-end\"><\/span><\/h3>\n\n\n\n<p>Vi kan g\u00f6ra en fj\u00e4rrservice och tillhandah\u00e5lla allt du beh\u00f6ver f\u00f6r att ta ditt fordon till ITV i Alicante. V\u00e5r tj\u00e4nst inkluderar till och med en representant som m\u00f6ter dig p\u00e5 ITV-stationen innan inspektionen i Alicante. Inkluderat i pappersarbetet som vi skickar \u00e4r ett Ficha Technica signerat och lagligt (certifikat om \u00f6verensst\u00e4mmelse) ditt ID och en fil med allt du beh\u00f6ver f\u00f6r att ta dig igenom ITV-inspektionen. I princip allt du beh\u00f6ver g\u00f6ra \u00e4r att dyka upp utan representant vid en i f\u00f6rv\u00e4g \u00f6verenskommen tid och de kommer att g\u00f6ra allt.<\/p>\n\n\n\n<p>Du skickar pappersarbetet till oss och vi tar hand om pappersarbetet, DGT, den slutliga registreringen, v\u00e4gskatten och bevisar att den \u00e4r betald, eventuella utsl\u00e4ppsskatter. Vi skickar dig sedan med kurir de nya spanska registreringsskyltarna och alla papper som du beh\u00f6ver och ditt fordon \u00e4r fullt lagligt att k\u00f6ra i Alicante och hela Spanien. Vi kan sedan tillhandah\u00e5lla tj\u00e4nsten f\u00f6r att registrera ett EU- eller Storbritannien-fordon i Alicante. <\/p>\n\n\n\n<h4 class=\"wp-block-heading\"><span class=\"ez-toc-section\" id=\"How_Easy_Is_The_ITV_In_Alicante_To_Register_Your_Car\"><\/span>Hur l\u00e4tt \u00e4r ITV i Alicante att registrera din bil?<span class=\"ez-toc-section-end\"><\/span><\/h4>\n\n\n\n<p>Vi har gjort m\u00e5nga framg\u00e5ngsrika ITV-inspektioner i Alicante och processen \u00e4r faktiskt ganska enkel. Vi kan ge r\u00e5d om vad som kan misslyckas p\u00e5 ITV och vad du kan beh\u00f6va g\u00f6ra innan bes\u00f6ket. Detta kan inneh\u00e5lla information om d\u00e4ck, lampor, dragkrokar etc. Ficha Technica kommer att tillhandah\u00e5lla de flesta detaljer men vi vet vad inspektionsteknikerna ser efter. Kontakta oss s\u00e5 f\u00e5r vi en GRATIS OFFERT.<\/p>\n\n\n\n<div class=\"wp-block-buttons is-layout-flex wp-block-buttons-is-layout-flex\">\n<div class=\"wp-block-button\"><a class=\"wp-block-button__link wp-element-button\" href=\"\/\/api.whatsapp.com\/send\/?phone=34696337629&amp;text=Hi%2C+I+have+a+question+regards+ITV+in+Alicante&amp;type=phone_number&amp;app_absent=0 in Alicante\" target=\"_blank\" rel=\"noreferrer noopener\">Whatsapp oss <\/a><\/div>\n\n\n\n<div class=\"wp-block-button\"><a class=\"wp-block-button__link wp-element-button\" href=\"mailto:info@vehicleregspain.wp1.sh?subject=ITV in Alicante&amp;body=Hi regarding an ITV in Alicante\">Mejla oss<\/a><\/div>\n\n\n\n<div class=\"wp-block-button\"><a class=\"wp-block-button__link wp-element-button\" href=\"tel:+34696337629\" target=\"_blank\" rel=\"noreferrer noopener\">Ring oss nu<\/a><\/div>\n<\/div>\n\n\n\n<hr class=\"wp-block-separator has-alpha-channel-opacity\"\/>\n\n\n\n<h5 class=\"wp-block-heading\"><span class=\"ez-toc-section\" id=\"What_If_It_Fails_The_Inspection_In_Alicante\"><\/span>Vad h\u00e4nder om det misslyckas med inspektionen i Alicante?<span class=\"ez-toc-section-end\"><\/span><\/h5>\n\n\n\n<p>Vi tillhandah\u00e5ller en andra ITV gratis. Du beh\u00f6ver inte betala ITV:n f\u00f6r ett omprov eller n\u00e5got mer till oss f\u00f6r att f\u00e5 fordonskortet efter att du har r\u00e4ttat till det de har beg\u00e4rt. Den h\u00e4r tj\u00e4nsten f\u00e5r hj\u00e4lp av oss med vad den kan ha misslyckats med och vi kan ge r\u00e5d om vad du beh\u00f6ver ber\u00e4tta f\u00f6r mekanikern du anv\u00e4nder eller \u00e5tg\u00e4rdar sj\u00e4lv.<\/p>\n\n\n\n<p>Vi \u00e4r experter p\u00e5 det vi g\u00f6r. H\u00e4r \u00e4r lite info om v\u00e5r&nbsp;<a href=\"https:\/\/vehicleregistrationscostadelsol.com\/sv\/fjarrservice-for-fordonsregistrering-i-spanien\/\" target=\"_blank\" rel=\"noreferrer noopener\">fj\u00e4rrtj\u00e4nst<\/a>&nbsp;och ring, mejla eller WhatsApp oss g\u00e4rna. I slut\u00e4ndan betyder det faktum att du l\u00e4ser detta att du beh\u00f6ver hj\u00e4lp, vi hanterar allt till en s\u00e5dan grad att din enda oro vanligtvis \u00e4r att tr\u00e4ffas vid en viss tidpunkt p\u00e5 ITV-stationen.<\/p>\n\n\n\n<h5 class=\"wp-block-heading\"><span class=\"ez-toc-section\" id=\"What_Will_You_Need_If_Your_Vehicle_Fails_The_ITV\"><\/span>Vad beh\u00f6ver du om ditt fordon misslyckas med ITV?<span class=\"ez-toc-section-end\"><\/span><\/h5>\n\n\n\n<p>Allt du beh\u00f6ver ta \u00e4r det underk\u00e4nda arket som du fick n\u00e4r du gjorde provet. ITV kommer vanligtvis att beh\u00e5lla de dokument som \u00f6verl\u00e4mnades f\u00f6rsta g\u00e5ngen. Sedan kommer ITV att kontrollera vad du har gjort de beg\u00e4rde bara. De kommer INTE g\u00f6ra hela testet igen. Exempel. De misslyckas med det v\u00e4nstra fr\u00e4mre d\u00e4cket, det nya d\u00e4cket \u00e4r p\u00e5, de kontrollerar bara det ena d\u00e4cket. Sj\u00e4lvklart kommer de att kontrollera allt de misslyckades med fordonet p\u00e5 f\u00f6rsta g\u00e5ngen, men allt som passerade f\u00f6rsta g\u00e5ngen \u00e4r inte kontroll f\u00f6r omproven.<\/p>\n\n\n\n<h4 class=\"wp-block-heading\"><span class=\"ez-toc-section\" id=\"Register_A_Vehicle_In_Alicante\"><\/span>Registrera ett fordon i Alicante<span class=\"ez-toc-section-end\"><\/span><\/h4>\n\n\n\n<p>Om ditt fordon \u00e4r fr\u00e5n Storbritannien kan du beh\u00f6va&nbsp;<a href=\"https:\/\/vehicleregistrationscostadelsol.com\/sv\/kontakt\/\" target=\"_blank\" rel=\"noreferrer noopener\">prata med oss<\/a>&nbsp;ang\u00e5ende om vi kan avst\u00e5 fr\u00e5n skatter f\u00f6r bilen efter Brexit. EU-fordon \u00e4r mycket enklare och kr\u00e4ver inga importtullar eller IVA som ska betalas p\u00e5 fordonet. Att registrera bilen i Alicante \u00e4r exakt samma som alla andra kommuner i Spanien, men tiderna f\u00f6r ITV kan vara mycket snabbare s\u00e5 l\u00e4nge du har r\u00e4tt pappersarbete och process p\u00e5 plats f\u00f6re och efter inspektionen. Det \u00e4r d\u00e4r vi kan hj\u00e4lpa dig.<\/p>","protected":false},"excerpt":{"rendered":"<p>Alicante&nbsp;\/ By&nbsp;admin If you have brought or bringing your vehicle to Spain and are wishing to register a EU or UK vehicle in\u00a0Alicante\u00a0you are going to need advice on just what you need and how to do the process of getting the vehicle onto Spanish number plates. What You Will Need To Register A Vehicle [&hellip;]<\/p>\n","protected":false},"author":1,"featured_media":2673,"parent":0,"menu_order":0,"comment_status":"closed","ping_status":"closed","template":"","meta":{"site-sidebar-layout":"default","site-content-layout":"","ast-site-content-layout":"default","site-content-style":"default","site-sidebar-style":"default","ast-global-header-display":"","ast-banner-title-visibility":"","ast-main-header-display":"","ast-hfb-above-header-display":"","ast-hfb-below-header-display":"","ast-hfb-mobile-header-display":"","site-post-title":"","ast-breadcrumbs-content":"","ast-featured-img":"","footer-sml-layout":"","ast-disable-related-posts":"","theme-transparent-header-meta":"","adv-header-id-meta":"","stick-header-meta":"","header-above-stick-meta":"","header-main-stick-meta":"","header-below-stick-meta":"","astra-migrate-meta-layouts":"set","ast-page-background-enabled":"default","ast-page-background-meta":{"desktop":{"background-color":"","background-image":"","background-repeat":"repeat","background-position":"center center","background-size":"auto","background-attachment":"scroll","background-type":"","background-media":"","overlay-type":"","overlay-color":"","overlay-gradient":""},"tablet":{"background-color":"","background-image":"","background-repeat":"repeat","background-position":"center center","background-size":"auto","background-attachment":"scroll","background-type":"","background-media":"","overlay-type":"","overlay-color":"","overlay-gradient":""},"mobile":{"background-color":"","background-image":"","background-repeat":"repeat","background-position":"center center","background-size":"auto","background-attachment":"scroll","background-type":"","background-media":"","overlay-type":"","overlay-color":"","overlay-gradient":""}},"ast-content-background-meta":{"desktop":{"background-color":"var(--ast-global-color-5)","background-image":"","background-repeat":"repeat","background-position":"center center","background-size":"auto","background-attachment":"scroll","background-type":"","background-media":"","overlay-type":"","overlay-color":"","overlay-gradient":""},"tablet":{"background-color":"var(--ast-global-color-5)","background-image":"","background-repeat":"repeat","background-position":"center center","background-size":"auto","background-attachment":"scroll","background-type":"","background-media":"","overlay-type":"","overlay-color":"","overlay-gradient":""},"mobile":{"background-color":"var(--ast-global-color-5)","background-image":"","background-repeat":"repeat","background-position":"center center","background-size":"auto","background-attachment":"scroll","background-type":"","background-media":"","overlay-type":"","overlay-color":"","overlay-gradient":""}},"footnotes":""},"class_list":["post-2686","page","type-page","status-publish","has-post-thumbnail","hentry"],"_links":{"self":[{"href":"https:\/\/vehicleregistrationscostadelsol.com\/sv\/wp-json\/wp\/v2\/pages\/2686","targetHints":{"allow":["GET"]}}],"collection":[{"href":"https:\/\/vehicleregistrationscostadelsol.com\/sv\/wp-json\/wp\/v2\/pages"}],"about":[{"href":"https:\/\/vehicleregistrationscostadelsol.com\/sv\/wp-json\/wp\/v2\/types\/page"}],"author":[{"embeddable":true,"href":"https:\/\/vehicleregistrationscostadelsol.com\/sv\/wp-json\/wp\/v2\/users\/1"}],"replies":[{"embeddable":true,"href":"https:\/\/vehicleregistrationscostadelsol.com\/sv\/wp-json\/wp\/v2\/comments?post=2686"}],"version-history":[{"count":0,"href":"https:\/\/vehicleregistrationscostadelsol.com\/sv\/wp-json\/wp\/v2\/pages\/2686\/revisions"}],"wp:featuredmedia":[{"embeddable":true,"href":"https:\/\/vehicleregistrationscostadelsol.com\/sv\/wp-json\/wp\/v2\/media\/2673"}],"wp:attachment":[{"href":"https:\/\/vehicleregistrationscostadelsol.com\/sv\/wp-json\/wp\/v2\/media?parent=2686"}],"curies":[{"name":"wp","href":"https:\/\/api.w.org\/{rel}","templated":true}]}}