{"id":2713,"date":"2022-11-15T16:32:55","date_gmt":"2022-11-15T15:32:55","guid":{"rendered":"https:\/\/vehicleregistrationscostadelsol.com\/?page_id=2713"},"modified":"2026-01-10T22:46:23","modified_gmt":"2026-01-10T21:46:23","slug":"process-for-fjarrservice","status":"publish","type":"page","link":"https:\/\/vehicleregistrationscostadelsol.com\/sv\/remote-service-process\/","title":{"rendered":"Fj\u00e4rrserviceprocess"},"content":{"rendered":"<p>V\u00e4lkommen till v\u00e5r fj\u00e4rrtj\u00e4nst pappersarbete och processsida. Nedan f\u00f6ljer en genomg\u00e5ng av stegen f\u00f6r att f\u00e5 ditt fordon registrerat i Spanien om du inte \u00e4r i n\u00e4rheten av oss. F\u00f6r mer information om hur det fungerar, k\u00e4nn dig v\u00e4lkommen <a href=\"https:\/\/vehicleregistrationscostadelsol.com\/sv\/fjarrservice-for-fordonsregistrering-i-spanien\/\" data-type=\"URL\" data-id=\"https:\/\/vehicleregistrationscostadelsol.com\/remote-service-for-vehicle-registration-in-spain\/\" target=\"_blank\" rel=\"noreferrer noopener\">l\u00e4s h\u00e4r<\/a>.<br><\/p><div id=\"ez-toc-container\" class=\"ez-toc-v2_0_82_2 counter-hierarchy ez-toc-counter ez-toc-grey ez-toc-container-direction\">\n<div class=\"ez-toc-title-container\">\n<p class=\"ez-toc-title\" style=\"cursor:inherit\">Inneh\u00e5llsf\u00f6rteckning<\/p>\n<span class=\"ez-toc-title-toggle\"><a href=\"#\" class=\"ez-toc-pull-right ez-toc-btn ez-toc-btn-xs ez-toc-btn-default ez-toc-toggle\" aria-label=\"V\u00e4xla till inneh\u00e5llsf\u00f6rteckning\"><span class=\"ez-toc-js-icon-con\"><span class=\"\"><span class=\"eztoc-hide\" style=\"display:none;\">V\u00e4xel<\/span><span class=\"ez-toc-icon-toggle-span\"><svg style=\"fill: #999;color:#999\" xmlns=\"http:\/\/www.w3.org\/2000\/svg\" class=\"list-377408\" width=\"20px\" height=\"20px\" viewbox=\"0 0 24 24\" fill=\"none\"><path d=\"M6 6H4v2h2V6zm14 0H8v2h12V6zM4 11h2v2H4v-2zm16 0H8v2h12v-2zM4 16h2v2H4v-2zm16 0H8v2h12v-2z\" fill=\"currentColor\"><\/path><\/svg><svg style=\"fill: #999;color:#999\" class=\"arrow-unsorted-368013\" xmlns=\"http:\/\/www.w3.org\/2000\/svg\" width=\"10px\" height=\"10px\" viewbox=\"0 0 24 24\" version=\"1.2\" baseprofile=\"tiny\"><path d=\"M18.2 9.3l-6.2-6.3-6.2 6.3c-.2.2-.3.4-.3.7s.1.5.3.7c.2.2.4.3.7.3h11c.3 0 .5-.1.7-.3.2-.2.3-.5.3-.7s-.1-.5-.3-.7zM5.8 14.7l6.2 6.3 6.2-6.3c.2-.2.3-.5.3-.7s-.1-.5-.3-.7c-.2-.2-.4-.3-.7-.3h-11c-.3 0-.5.1-.7.3-.2.2-.3.5-.3.7s.1.5.3.7z\"\/><\/svg><\/span><\/span><\/span><\/a><\/span><\/div>\n<nav><ul class='ez-toc-list ez-toc-list-level-1 eztoc-toggle-hide-by-default' ><li class='ez-toc-page-1 ez-toc-heading-level-2'><a class=\"ez-toc-link ez-toc-heading-1\" href=\"https:\/\/vehicleregistrationscostadelsol.com\/sv\/remote-service-process\/#Stage_1_%E2%80%93_Green_Temporary_plates_if_needed_150_euros_E\" >Steg 1. \u2013 Gr\u00f6na Tillf\u00e4lliga tallrikar (vid behov) 150 euro \u20ac<\/a><ul class='ez-toc-list-level-3' ><li class='ez-toc-heading-level-3'><a class=\"ez-toc-link ez-toc-heading-2\" href=\"https:\/\/vehicleregistrationscostadelsol.com\/sv\/remote-service-process\/#Stage_2_Sending_paperwork_we_need_to_create_a_file_to_take_to_the_ITV_station\" >Steg 2. Skickar pappersarbete m\u00e5ste vi skapa en fil f\u00f6r att ta till ITV-stationen.<\/a><\/li><li class='ez-toc-page-1 ez-toc-heading-level-3'><a class=\"ez-toc-link ez-toc-heading-3\" href=\"https:\/\/vehicleregistrationscostadelsol.com\/sv\/remote-service-process\/#Stage_3_Getting_a_Ficha_Technica_certificate_of_conformity_if_needed\" >Steg 3. Skaffa en Ficha Technica (intyg om \u00f6verensst\u00e4mmelse om det beh\u00f6vs)<\/a><\/li><li class='ez-toc-page-1 ez-toc-heading-level-3'><a class=\"ez-toc-link ez-toc-heading-4\" href=\"https:\/\/vehicleregistrationscostadelsol.com\/sv\/remote-service-process\/#Stage_4_To_get_started_Payment\" >Steg 4: F\u00f6r att komma ig\u00e5ng och betalning:<\/a><ul class='ez-toc-list-level-4' ><li class='ez-toc-heading-level-4'><a class=\"ez-toc-link ez-toc-heading-5\" href=\"https:\/\/vehicleregistrationscostadelsol.com\/sv\/remote-service-process\/#The_importance_of_good_documents\" >Vikten av bra dokument<\/a><\/li><\/ul><\/li><\/ul><\/li><\/ul><\/nav><\/div>\n\n\n\n\n<h2 class=\"wp-block-heading\"><span class=\"ez-toc-section\" id=\"Stage_1_%E2%80%93_Green_Temporary_plates_if_needed_150_euros_E\"><\/span>Steg 1. \u2013 Gr\u00f6na Tillf\u00e4lliga tallrikar (vid behov) 150 euro \u20ac<span class=\"ez-toc-section-end\"><\/span><\/h2>\n\n\n\n<p>Om ditt fordon inte \u00e4r lagligt att k\u00f6ra i Spanien kommer du att beh\u00f6va gr\u00f6na nummerskyltar som ger dig 60 dagar p\u00e5 dig att k\u00f6ra fordonet lagligt i Spanien medan vi g\u00f6r studentexamen \u00e5t dig (fordonet m\u00e5ste vara f\u00f6rs\u00e4krat p\u00e5 de tillf\u00e4lliga skyltarna \u2013 vi kan hj\u00e4lpa till med en kostnadsfri offert vid behov). <strong>OBSERVERA PLATTORN CA 2 veckor<\/strong> utan snabbsp\u00e5rsalternativ. Kopiorna <strong>M\u00c5STE vara bra skannade kopior<\/strong> eftersom DGT kommer att v\u00e4gra behandla dem med d\u00e5liga kopior.<strong> OBSERVERA \u00c4VEN ATT VI INTE KAN F\u00c5 GR\u00d6NA SKYTTER F\u00d6R FORDON VI INTE G\u00d6R REGISTRERING F\u00d6R<\/strong>.<br><\/p>\n\n\n\n<ul class=\"wp-block-list\">\n<li>Vi beh\u00f6ver <strong>ORIGINAL fordonsregistreringsdokument<\/strong>: Storbritannien (V5) eller del 1 och 2 f\u00f6r EU-fordon kontakta oss s\u00e5 skickar vi adressen till dig. Skicka endast med bud (vi kan tillhandah\u00e5lla en om det beh\u00f6vs) <\/li>\n\n\n\n<li>POA \u2013 Bevis p\u00e5 adress \u2013  <strong>ENDAST 1<\/strong> av f\u00f6ljande 3 beh\u00f6vs: 1. Padron (daterad under de senaste 3 m\u00e5naderna) 2. Fastighetshandlingar i sin helhet (skannade), eller 3. ett i datum undertecknat hyreskontrakt<\/li>\n\n\n\n<li>Passbild och underskriftssida (med alla fyra h\u00f6rnen in\u00e5t)<\/li>\n\n\n\n<li>NIE eller TIE-kort bak och fram. <\/li>\n<\/ul>\n\n\n\n<p>Du kan skicka dessa genom att klicka p\u00e5 knapparna nedan. Vi accepterar WhatsApp och e-post men ange ditt namn och fordonet. Vi skickar \u00e4ven betalningsinstruktioner f\u00f6r att komma ig\u00e5ng. <\/p>\n\n\n\n<div class=\"wp-block-buttons is-layout-flex wp-block-buttons-is-layout-flex\">\n<div class=\"wp-block-button\"><a class=\"wp-block-button__link wp-element-button\" href=\"https:\/\/api.whatsapp.com\/send?phone=34696337629&amp;text=Hi%20regarding%20the%20green%20plates%20paperwork%20for%20the%20remote%20service.%20\" target=\"_blank\" rel=\"noreferrer noopener\">Whatsapp oss <\/a><\/div>\n\n\n\n<div class=\"wp-block-button\"><a class=\"wp-block-button__link wp-element-button\" href=\"mailto:info@vehicleregspain.wp1.sh?subject=Green plates paperwork&amp;body=Hi regarding paperwork for green plates.....\" target=\"_blank\" rel=\"noreferrer noopener\">Mejla oss<\/a><\/div>\n<\/div>\n\n\n\n<div style=\"height:27px\" aria-hidden=\"true\" class=\"wp-block-spacer\"><\/div>\n\n\n\n<h3 class=\"wp-block-heading\"><span class=\"ez-toc-section\" id=\"Stage_2_Sending_paperwork_we_need_to_create_a_file_to_take_to_the_ITV_station\"><\/span>Steg 2. Skickar pappersarbete m\u00e5ste vi skapa en fil f\u00f6r att ta till ITV-stationen. <span class=\"ez-toc-section-end\"><\/span><\/h3>\n\n\n\n<p>Papperet beh\u00f6ver vi s\u00e4tta ihop i en fil med ett f\u00f6ljebrev som du kan ta med till din n\u00e4rmaste ITV-station. Vi hj\u00e4lper dig med ett samtal f\u00f6re ITV om exakt vad du kan f\u00f6rv\u00e4nta dig p\u00e5 ITV-stationen. Hur man tar igenom bilen och vad man ska g\u00f6ra med pappersarbetet f\u00f6re och efter. Vi kommer ocks\u00e5 att ge dig information om vad du ska kontrollera innan ITV f\u00f6r att ge fordonet den b\u00e4sta chansen att lyckas. Vi kommer att f\u00f6rse dig med en fullst\u00e4ndig fil med vad du ska ta s\u00e5 att det inte finns n\u00e5gon felkommunikation med ITV. <\/p>\n\n\n\n<ul class=\"wp-block-list\">\n<li>Bra skannade kopior av fordonsregistreringsdokumenten UK (V5 ) eller, del 1 och 2 f\u00f6r EU-dokument. <\/li>\n\n\n\n<li>POA \u2013 Bevis p\u00e5 adress \u2013  <strong>ENDAST 1<\/strong> av f\u00f6ljande 3 beh\u00f6vs: 1. Padron (daterad under de senaste 3 m\u00e5naderna) 2. Fastighetshandlingar i sin helhet (skannade), eller 3. ett i datum undertecknat hyreskontrakt<\/li>\n\n\n\n<li>Passbildsida (med alla fyra h\u00f6rnen i)<\/li>\n\n\n\n<li>NIE eller TIE-kort bak och fram. <\/li>\n<\/ul>\n\n\n\n<div style=\"height:27px\" aria-hidden=\"true\" class=\"wp-block-spacer\"><\/div>\n\n\n\n<div class=\"wp-block-buttons is-layout-flex wp-block-buttons-is-layout-flex\">\n<div class=\"wp-block-button\"><a class=\"wp-block-button__link wp-element-button\" href=\"https:\/\/api.whatsapp.com\/send?phone=34696337629&amp;text=Hi%20%2C%20regarding%20the%20ITV%20info%20for%20the%20remote%20service.%20\" target=\"_blank\" rel=\"noreferrer noopener\">Whatsapp oss <\/a><\/div>\n\n\n\n<div class=\"wp-block-button\"><a class=\"wp-block-button__link wp-element-button\" href=\"mailto:info@vehicleregspain.wp1.sh?subject=Regarding%20paperwork%20for%20the%20green%20plates&amp;body=We%20will%20send%20you%20the%20address%20to%20courier%20the%20paperwork%20to%20by%20return%20email%3A%20Please%20remember%20to%20state%20your%20name%20here%20please%20and%20attached%20paperwork........%0D%0A%0D%0AOriginal%20vehicle%20registration%20documents%20UK%20(V5%20)%20or%2C%20parts%201%20and%202%20for%20EU%20documents.%0D%0A%0D%0APOA%20-%20Proof%20of%20address%20-%20ONLY%201%20of%20the%20following%203%20needed%3A%201.Padron%20(dated%20in%20the%20last%203%20months)%202.Property%20deeds%20in%20full%20(scanned)%2C%20or%2C%203.%20an%20in%20date%20signed%20rental%20contract%0D%0A%0D%0APassport%20picture%20page%20(with%20all%20four%20corners%20in)%0D%0A%0D%0ANIE%20or%20TIE%20card%20back%20and%20front.\" target=\"_blank\" rel=\"noreferrer noopener\">Mejla oss<\/a><\/div>\n<\/div>\n\n\n\n<div style=\"height:27px\" aria-hidden=\"true\" class=\"wp-block-spacer\"><\/div>\n\n\n\n<h3 class=\"wp-block-heading\"><span class=\"ez-toc-section\" id=\"Stage_3_Getting_a_Ficha_Technica_certificate_of_conformity_if_needed\"><\/span>Steg 3. Skaffa en Ficha Technica (intyg om \u00f6verensst\u00e4mmelse om det beh\u00f6vs)<span class=\"ez-toc-section-end\"><\/span><\/h3>\n\n\n\n<p>Vi kan g\u00f6ra flera saker h\u00e4r, f\u00f6r det f\u00f6rsta kan du skicka oss bilder p\u00e5 fordonet och vi f\u00e5r dig ett fullt lagligt intyg om \u00f6verensst\u00e4mmelse undertecknat av en auktoriserad agent. Eller s\u00e5 kan vi tillhandah\u00e5lla ett snabbt lagerintyg om \u00f6verensst\u00e4mmelse som om n\u00e5gra detaljer beh\u00f6ver uppdateras efter ITV:n kan vi hantera det direkt med dem \u00e5t dig. Det f\u00f6rsta alternativet \u00e4r mycket enklare och DU BEH\u00d6VER EN FICHA TECHICA f\u00f6r att f\u00e5 fordonet genom ITV:n. Den kan inte testas p\u00e5 ITV-stationen utan den. Ditt fordon kan redan ha ett intyg om \u00f6verensst\u00e4mmelse men endast ORIGINAL accepteras. Kopior kommer inte att accepteras av ITV-stationen. <\/p>\n\n\n\n<p><strong>Om du redan har betalat en deposition kommer vi att ordna detta med dig och agenten kommer att kontakta dig direkt. Vi kommer att beh\u00f6va detta n\u00e4r de gr\u00f6na pl\u00e5tarna kommer om du beh\u00f6ver dem f\u00f6r att spara tid p\u00e5 att f\u00e5 en ITV-tid. <\/strong><\/p>\n\n\n\n<h3 class=\"wp-block-heading\"><span class=\"ez-toc-section\" id=\"Stage_4_To_get_started_Payment\"><\/span>Steg 4: F\u00f6r att komma ig\u00e5ng och betalning:<span class=\"ez-toc-section-end\"><\/span><\/h3>\n\n\n\n<p>F\u00f6rhoppningsvis har vi nu gett dig en kostnadsfri offert ang\u00e5ende kostnaden f\u00f6r fordonsregistrering i Spanien. Om du \u00e4r redo att g\u00e5 vidare med fj\u00e4rrtj\u00e4nsten kr\u00e4ver vi en ins\u00e4ttning p\u00e5 700 euro f\u00f6r att starta processen (plus 150e om du beh\u00f6ver gr\u00f6na pl\u00e5tar) Kontakta oss f\u00f6r att f\u00e5 bank\u00f6verf\u00f6ringsuppgifterna och skicka en kopia av \u00f6verf\u00f6ringen vilket betyder att vi kan starta processen omedelbart \u00e4ven innan ins\u00e4ttningen rensas. <\/p>\n\n\n\n<div class=\"wp-block-buttons is-layout-flex wp-block-buttons-is-layout-flex\">\n<div class=\"wp-block-button\"><a class=\"wp-block-button__link wp-element-button\" href=\"https:\/\/api.whatsapp.com\/send?phone=34696337629&amp;text=Please%20WhatsApp%20me%20the%20payment%20details%20for%20the%20remote%20service%20......\" target=\"_blank\" rel=\"noreferrer noopener\">Whatsapp mig betalningsinformation<\/a><\/div>\n\n\n\n<div class=\"wp-block-button\"><a class=\"wp-block-button__link wp-element-button\" href=\"mailto:info@vehicleregspain.wp1.sh?subject=Please%20send%20us%20the%20bank%20details%20to%20pay%20for%20the%20remote%20service&amp;body=Please%20state%20your%20name%20here%20.....%0D%0A%0D%0AWe%20will%20then%20send%20by%20return%20email%20to%20payment%20details%20to%20get%20started...%0D%0A%0D%0A700%20euros%20to%20start%20the%20process%2C%20or%2C%20850%20euros%20if%20green%20plates%20are%20needed.\" target=\"_blank\" rel=\"noreferrer noopener\">Maila mig betalningsuppgifterna<\/a><\/div>\n<\/div>\n\n\n\n<div style=\"height:27px\" aria-hidden=\"true\" class=\"wp-block-spacer\"><\/div>\n\n\n\n<h4 class=\"wp-block-heading\"><span class=\"ez-toc-section\" id=\"The_importance_of_good_documents\"><\/span>Vikten av bra dokument<span class=\"ez-toc-section-end\"><\/span><\/h4>\n\n\n\n<p>DGT, skattekontoret, stadshuset och ITV-stationerna f\u00f6rv\u00e4ntar sig alla bra skannade kopior av pappersarbetet. Om kopiorna inte \u00e4r bra, h\u00f6rn avskurna, fl\u00e4ckar \u00f6ver information, of\u00f6rm\u00f6gna att l\u00e4sa n\u00e4r de \u00e4r f\u00f6rstorade, tagna fr\u00e5n en vinkel etc, kommer de vanligtvis alltid att returnera dokumenten med ett avslagsmejl som s\u00e4ger att de INTE kommer att acceptera dokumenten, vilket sl\u00f6sar mycket av tid. Det h\u00e4r e-postmeddelandet kan ibland ta upp till 1 vecka innan de l\u00e5ter oss veta att vi inte har n\u00f6jd dem med det vi har skickat. Vi M\u00c5STE skicka bra exemplar. Om du k\u00e4mpar och inte har en skanner, ta bilder direkt ovanifr\u00e5n med alla fyra h\u00f6rnen i bilden och WhatsApp eller mejla oss med dokumenten s\u00e5 kan vi f\u00f6rs\u00f6ka hj\u00e4lpa till att g\u00f6ra dem acceptabla. Ett exempel p\u00e5 ett bra exemplar finns nedan. <\/p>\n\n\n\n<figure class=\"wp-block-image size-large\"><img fetchpriority=\"high\" decoding=\"async\" width=\"497\" height=\"1024\" src=\"https:\/\/vehicleregistrationscostadelsol.com\/wp-content\/uploads\/2022\/11\/dutch_kentekenbewijs-745x1536-1-497x1024.webp\" alt=\"Bilregistrering Costa del sol\" class=\"wp-image-2735\" title=\"Registrera din bil i Spanien\" srcset=\"https:\/\/vehicleregistrationscostadelsol.com\/wp-content\/uploads\/2022\/11\/dutch_kentekenbewijs-745x1536-1-497x1024.webp 497w, https:\/\/vehicleregistrationscostadelsol.com\/wp-content\/uploads\/2022\/11\/dutch_kentekenbewijs-745x1536-1-146x300.webp 146w, https:\/\/vehicleregistrationscostadelsol.com\/wp-content\/uploads\/2022\/11\/dutch_kentekenbewijs-745x1536-1-6x12.webp 6w, https:\/\/vehicleregistrationscostadelsol.com\/wp-content\/uploads\/2022\/11\/dutch_kentekenbewijs-745x1536-1.webp 745w\" sizes=\"(max-width: 497px) 100vw, 497px\" \/><figcaption class=\"wp-element-caption\">Ett exempel p\u00e5 bra skannat pappersarbete. Bra bilder med alla fyra h\u00f6rnen i borde vara okej. <\/figcaption><\/figure>","protected":false},"excerpt":{"rendered":"<p>Welcome to our remote service paperwork and process page. Below is a walk through of the stages to get your vehicle registered in Spain if you are not close to us. For more info on how that works feel free to read here. Stage 1. &#8211; Green Temporary plates (if needed) 150 euros \u20ac If [&hellip;]<\/p>\n","protected":false},"author":1,"featured_media":0,"parent":0,"menu_order":0,"comment_status":"closed","ping_status":"closed","template":"","meta":{"site-sidebar-layout":"default","site-content-layout":"","ast-site-content-layout":"default","site-content-style":"default","site-sidebar-style":"default","ast-global-header-display":"","ast-banner-title-visibility":"","ast-main-header-display":"","ast-hfb-above-header-display":"","ast-hfb-below-header-display":"","ast-hfb-mobile-header-display":"","site-post-title":"","ast-breadcrumbs-content":"","ast-featured-img":"","footer-sml-layout":"","ast-disable-related-posts":"","theme-transparent-header-meta":"","adv-header-id-meta":"","stick-header-meta":"","header-above-stick-meta":"","header-main-stick-meta":"","header-below-stick-meta":"","astra-migrate-meta-layouts":"set","ast-page-background-enabled":"default","ast-page-background-meta":{"desktop":{"background-color":"","background-image":"","background-repeat":"repeat","background-position":"center center","background-size":"auto","background-attachment":"scroll","background-type":"","background-media":"","overlay-type":"","overlay-color":"","overlay-opacity":"","overlay-gradient":""},"tablet":{"background-color":"","background-image":"","background-repeat":"repeat","background-position":"center center","background-size":"auto","background-attachment":"scroll","background-type":"","background-media":"","overlay-type":"","overlay-color":"","overlay-opacity":"","overlay-gradient":""},"mobile":{"background-color":"","background-image":"","background-repeat":"repeat","background-position":"center center","background-size":"auto","background-attachment":"scroll","background-type":"","background-media":"","overlay-type":"","overlay-color":"","overlay-opacity":"","overlay-gradient":""}},"ast-content-background-meta":{"desktop":{"background-color":"var(--ast-global-color-5)","background-image":"","background-repeat":"repeat","background-position":"center center","background-size":"auto","background-attachment":"scroll","background-type":"","background-media":"","overlay-type":"","overlay-color":"","overlay-opacity":"","overlay-gradient":""},"tablet":{"background-color":"var(--ast-global-color-5)","background-image":"","background-repeat":"repeat","background-position":"center center","background-size":"auto","background-attachment":"scroll","background-type":"","background-media":"","overlay-type":"","overlay-color":"","overlay-opacity":"","overlay-gradient":""},"mobile":{"background-color":"var(--ast-global-color-5)","background-image":"","background-repeat":"repeat","background-position":"center center","background-size":"auto","background-attachment":"scroll","background-type":"","background-media":"","overlay-type":"","overlay-color":"","overlay-opacity":"","overlay-gradient":""}},"footnotes":""},"class_list":["post-2713","page","type-page","status-publish","hentry"],"_links":{"self":[{"href":"https:\/\/vehicleregistrationscostadelsol.com\/sv\/wp-json\/wp\/v2\/pages\/2713","targetHints":{"allow":["GET"]}}],"collection":[{"href":"https:\/\/vehicleregistrationscostadelsol.com\/sv\/wp-json\/wp\/v2\/pages"}],"about":[{"href":"https:\/\/vehicleregistrationscostadelsol.com\/sv\/wp-json\/wp\/v2\/types\/page"}],"author":[{"embeddable":true,"href":"https:\/\/vehicleregistrationscostadelsol.com\/sv\/wp-json\/wp\/v2\/users\/1"}],"replies":[{"embeddable":true,"href":"https:\/\/vehicleregistrationscostadelsol.com\/sv\/wp-json\/wp\/v2\/comments?post=2713"}],"version-history":[{"count":1,"href":"https:\/\/vehicleregistrationscostadelsol.com\/sv\/wp-json\/wp\/v2\/pages\/2713\/revisions"}],"predecessor-version":[{"id":3386,"href":"https:\/\/vehicleregistrationscostadelsol.com\/sv\/wp-json\/wp\/v2\/pages\/2713\/revisions\/3386"}],"wp:attachment":[{"href":"https:\/\/vehicleregistrationscostadelsol.com\/sv\/wp-json\/wp\/v2\/media?parent=2713"}],"curies":[{"name":"wp","href":"https:\/\/api.w.org\/{rel}","templated":true}]}}