{"id":2744,"date":"2022-11-15T18:00:01","date_gmt":"2022-11-15T17:00:01","guid":{"rendered":"https:\/\/vehicleregistrationscostadelsol.com\/?page_id=2744"},"modified":"2025-07-02T22:18:15","modified_gmt":"2025-07-02T20:18:15","slug":"att-fa-en-ficha-technica-eller-ett-intyg-om-overensstammelse-i-spanien","status":"publish","type":"page","link":"https:\/\/vehicleregistrationscostadelsol.com\/sv\/getting-a-ficha-technica-or-a-certificate-of-conformity-in-spain\/","title":{"rendered":"Skaffa en Ficha Technica eller ett intyg om \u00f6verensst\u00e4mmelse i Spanien"},"content":{"rendered":"<p>Att f\u00e5 en Ficha Technica eller ett intyg om \u00f6verensst\u00e4mmelse i Spanien \u00e4r ganska enkelt. Ett intyg om \u00f6verensst\u00e4mmelse anv\u00e4nds f\u00f6r att presentera f\u00f6r ITV och inneh\u00e5ller informationen om fordonets specifikation f\u00f6r att kontrollera mot lagarna i Spanien ang\u00e5ende vad som anses vara europeisk \u00f6verensst\u00e4mmelse.<\/p><div id=\"ez-toc-container\" class=\"ez-toc-v2_0_82_2 counter-hierarchy ez-toc-counter ez-toc-grey ez-toc-container-direction\">\n<div class=\"ez-toc-title-container\">\n<p class=\"ez-toc-title\" style=\"cursor:inherit\">Inneh\u00e5llsf\u00f6rteckning<\/p>\n<span class=\"ez-toc-title-toggle\"><a href=\"#\" class=\"ez-toc-pull-right ez-toc-btn ez-toc-btn-xs ez-toc-btn-default ez-toc-toggle\" aria-label=\"V\u00e4xla till inneh\u00e5llsf\u00f6rteckning\"><span class=\"ez-toc-js-icon-con\"><span class=\"\"><span class=\"eztoc-hide\" style=\"display:none;\">V\u00e4xel<\/span><span class=\"ez-toc-icon-toggle-span\"><svg style=\"fill: #999;color:#999\" xmlns=\"http:\/\/www.w3.org\/2000\/svg\" class=\"list-377408\" width=\"20px\" height=\"20px\" viewbox=\"0 0 24 24\" fill=\"none\"><path d=\"M6 6H4v2h2V6zm14 0H8v2h12V6zM4 11h2v2H4v-2zm16 0H8v2h12v-2zM4 16h2v2H4v-2zm16 0H8v2h12v-2z\" fill=\"currentColor\"><\/path><\/svg><svg style=\"fill: #999;color:#999\" class=\"arrow-unsorted-368013\" xmlns=\"http:\/\/www.w3.org\/2000\/svg\" width=\"10px\" height=\"10px\" viewbox=\"0 0 24 24\" version=\"1.2\" baseprofile=\"tiny\"><path d=\"M18.2 9.3l-6.2-6.3-6.2 6.3c-.2.2-.3.4-.3.7s.1.5.3.7c.2.2.4.3.7.3h11c.3 0 .5-.1.7-.3.2-.2.3-.5.3-.7s-.1-.5-.3-.7zM5.8 14.7l6.2 6.3 6.2-6.3c.2-.2.3-.5.3-.7s-.1-.5-.3-.7c-.2-.2-.4-.3-.7-.3h-11c-.3 0-.5.1-.7.3-.2.2-.3.5-.3.7s.1.5.3.7z\"\/><\/svg><\/span><\/span><\/span><\/a><\/span><\/div>\n<nav><ul class='ez-toc-list ez-toc-list-level-1' ><li class='ez-toc-page-1 ez-toc-heading-level-2'><a class=\"ez-toc-link ez-toc-heading-1\" href=\"https:\/\/vehicleregistrationscostadelsol.com\/sv\/getting-a-ficha-technica-or-a-certificate-of-conformity-in-spain\/#Order_a_Certificate_of_Conformity_online_for_Spain\" >Best\u00e4ll ett certifikat om \u00f6verensst\u00e4mmelse online f\u00f6r Spanien<\/a><\/li><li class='ez-toc-page-1 ez-toc-heading-level-2'><a class=\"ez-toc-link ez-toc-heading-2\" href=\"https:\/\/vehicleregistrationscostadelsol.com\/sv\/getting-a-ficha-technica-or-a-certificate-of-conformity-in-spain\/#Is_a_copy_of_a_Ficha_Technica_Certificate_of_Conformity_acceptable\" >\u00c4r en kopia av ett Ficha Technica-certifikat om \u00f6verensst\u00e4mmelse acceptabel?<\/a><ul class='ez-toc-list-level-3' ><li class='ez-toc-heading-level-3'><a class=\"ez-toc-link ez-toc-heading-3\" href=\"https:\/\/vehicleregistrationscostadelsol.com\/sv\/getting-a-ficha-technica-or-a-certificate-of-conformity-in-spain\/#Can_you_help_with_the_whole_service\" >Kan du hj\u00e4lpa till med hela tj\u00e4nsten?<\/a><\/li><li class='ez-toc-page-1 ez-toc-heading-level-3'><a class=\"ez-toc-link ez-toc-heading-4\" href=\"https:\/\/vehicleregistrationscostadelsol.com\/sv\/getting-a-ficha-technica-or-a-certificate-of-conformity-in-spain\/#What_Information_is_in_a_certificate_of_conformity\" >Vilken information finns i ett intyg om \u00f6verensst\u00e4mmelse?<\/a><\/li><\/ul><\/li><\/ul><\/nav><\/div>\n\n\n\n\n<p>Vi tillhandah\u00e5ller dessa Ficha Technica-certifikat f\u00f6r \u00f6verensst\u00e4mmelse f\u00f6r fordon \u00f6ver hela Spanien. Vi hj\u00e4lper sj\u00e4lvklart till med hela processen, men om du beh\u00f6ver ett intyg om \u00f6verensst\u00e4mmelse och du hanterar processen sj\u00e4lv, v\u00e4nligen kontakta oss s\u00e5 kommer vi att tillhandah\u00e5lla ett f\u00f6r ITV. <\/p>\n\n\n\n<div class=\"inherit-container-width wp-block-group is-layout-constrained wp-block-group-is-layout-constrained\"><div class=\"wp-block-group__inner-container\">\n<div class=\"wp-block-buttons is-layout-flex wp-block-buttons-is-layout-flex\">\n<div class=\"wp-block-button\"><a class=\"wp-block-button__link wp-element-button\" href=\"https:\/\/wa.me\/34696337629?text=Hi%2C%20I%20have%20a%20question%20regards%20Ficha%20Technica%20Certificate%20of%20Conformity.\" target=\"_blank\" rel=\"noreferrer noopener\">Whatsapp oss<\/a><\/div>\n\n\n\n<div class=\"wp-block-button\"><a class=\"wp-block-button__link wp-element-button\" href=\"mailto:darren@equitas-property.com?subject=Hi%20Regards%20a%20Ficha%20Technica%20Certificate%20of%20conformity%20&amp;body=Hi%20Vehicle%20registrations%2C%20%0D%0A%0D%0A\">Mejla oss <\/a><\/div>\n\n\n\n<div class=\"wp-block-button\"><a class=\"wp-block-button__link wp-element-button\" href=\"tel:+34696337629\" target=\"_blank\" rel=\"noreferrer noopener\">Ring oss <\/a><\/div>\n<\/div>\n<\/div><\/div>\n\n\n\n<div style=\"height:25px\" aria-hidden=\"true\" class=\"wp-block-spacer\"><\/div>\n\n\n\n<h2 class=\"wp-block-heading\"><span class=\"ez-toc-section\" id=\"Order_a_Certificate_of_Conformity_online_for_Spain\"><\/span>Best\u00e4ll ett certifikat om \u00f6verensst\u00e4mmelse online f\u00f6r Spanien<span class=\"ez-toc-section-end\"><\/span><\/h2>\n\n\n\n<p>Vi kan tillhandah\u00e5lla ett certifikat om \u00f6verensst\u00e4mmelse online f\u00f6r Spanien, var som helst i Spanien. Se till att du har r\u00e4tt Ficha Technica SIGNERAD av en certifierad fackman. Allt kommer att tillhandah\u00e5llas f\u00f6r att ta ett ordentligt SPANSKA certifikat om \u00f6verensst\u00e4mmelse att ta till ITV-utn\u00e4mningen.<\/p>\n\n\n\n<p>Vi kan skicka intyget om \u00f6verensst\u00e4mmelse digitalt eller skicka med rekommenderat brev. Detta kan anv\u00e4ndas f\u00f6r att ta med till ditt ITV-m\u00f6te. \u00c5terigen om du beh\u00f6ver hj\u00e4lp med <a href=\"https:\/\/vehicleregistrationscostadelsol.com\/sv\/\" target=\"_blank\" rel=\"noreferrer noopener\">hela processen fr\u00e5n start till slut<\/a>, beh\u00f6ver bara certifikatet, eller s\u00e5 vill du att vi ska ta itu med den slutliga registreringen av fordonet vi kan g\u00f6ra alla dessa tj\u00e4nster. <\/p>\n\n\n\n<h2 class=\"wp-block-heading\"><span class=\"ez-toc-section\" id=\"Is_a_copy_of_a_Ficha_Technica_Certificate_of_Conformity_acceptable\"><\/span>\u00c4r en kopia av ett Ficha Technica-certifikat om \u00f6verensst\u00e4mmelse acceptabel?<span class=\"ez-toc-section-end\"><\/span><\/h2>\n\n\n\n<p>Inte p\u00e5 de flesta ITV-stationer nej. De flesta m\u00e5ste ha gjorts av en certifierad professionell och fysiskt undertecknad f\u00f6r att ITV ska acceptera certifikatet. Endast det certifikat som utf\u00e4rdades vid f\u00f6rs\u00e4ljningsst\u00e4llet f\u00f6r fordonet accepteras p\u00e5 de flesta ITV-stationer. <\/p>\n\n\n\n<h3 class=\"wp-block-heading\"><span class=\"ez-toc-section\" id=\"Can_you_help_with_the_whole_service\"><\/span>Kan du hj\u00e4lpa till med hela tj\u00e4nsten?<span class=\"ez-toc-section-end\"><\/span><\/h3>\n\n\n\n<p>Vi kan erbjuda en <a href=\"https:\/\/vehicleregistrationscostadelsol.com\/sv\/fjarrservice-for-fordonsregistrering-i-spanien\/\">fj\u00e4rrtj\u00e4nst <\/a>ja. Det \u00e4r h\u00e4r vi inte har fysisk tillg\u00e5ng till fordonet eller kan delta i <a href=\"https:\/\/www.applusiteuve.com\/es-es\/estaciones-itv\/itv-comunidad-valenciana\/itv-alicante\/\" data-type=\"URL\" data-id=\"https:\/\/www.applusiteuve.com\/es-es\/estaciones-itv\/itv-comunidad-valenciana\/itv-alicante\/\" target=\"_blank\" rel=\"noreferrer noopener\">ITV<\/a> med dig. L\u00e4s dock v\u00e5r artikel hur vi hj\u00e4lper och att tj\u00e4nsten \u00e4r i stort sett densamma. V\u00e5r tj\u00e4nst \u00e4r s\u00e5 vitt vi k\u00e4nner till den mest omfattande i Spanien. Vi hj\u00e4lper ocks\u00e5 till att boka ITV \u00e5t dig och tillhandah\u00e5ller alla pappersarbete och hanterar registreringar, skatter och v\u00e4gskatter.<\/p>\n\n\n\n<div class=\"wp-block-buttons is-layout-flex wp-block-buttons-is-layout-flex\">\n<div class=\"wp-block-button\"><a class=\"wp-block-button__link wp-element-button\" href=\"https:\/\/wa.me\/34696337629?text=Hi%2C%20I%20have%20a%20question%20regards%20Ficha%20Technica%20Certificate%20of%20Conformity.\" target=\"_blank\" rel=\"noreferrer noopener\">Whatsapp oss<\/a><\/div>\n\n\n\n<div class=\"wp-block-button\"><a class=\"wp-block-button__link wp-element-button\" href=\"mailto:darren@equitas-property.com?subject=Hi%20Regards%20a%20Ficha%20Technica%20Certificate%20of%20conformity%20&amp;body=Hi%20Vehicle%20registrations%2C%20%0D%0A%0D%0A\" target=\"_blank\" rel=\"noreferrer noopener\">Mejla oss <\/a><\/div>\n\n\n\n<div class=\"wp-block-button\"><a class=\"wp-block-button__link wp-element-button\" href=\"tel:+34696337629\" target=\"_blank\" rel=\"noreferrer noopener\">Ring oss <\/a><\/div>\n<\/div>\n\n\n\n<div style=\"height:27px\" aria-hidden=\"true\" class=\"wp-block-spacer\"><\/div>\n\n\n\n<h3 class=\"wp-block-heading\"><span class=\"ez-toc-section\" id=\"What_Information_is_in_a_certificate_of_conformity\"><\/span>Vilken information finns i ett intyg om \u00f6verensst\u00e4mmelse?<span class=\"ez-toc-section-end\"><\/span><\/h3>\n\n\n\n<p>Specifikationen f\u00f6r originalfordonet och hur det kom fr\u00e5n tillverkarens fabriksgolv n\u00e4r det var nytt. Allt som inte \u00e4r standard kommer du att ha problem med p\u00e5 ITV-stationen. Spanien har en strikt process f\u00f6r \u00f6verensst\u00e4mmelse f\u00f6r de fordon som vill registreras p\u00e5 spanska skyltar. Det undertecknade intyget om \u00f6verensst\u00e4mmelse kommer att g\u00f6ras av en auktoriserad agent och kommer inte att ha n\u00e5gra problem alls p\u00e5 ITV-stationen. Den kommer att inneh\u00e5lla all information som \u00e4r relevant f\u00f6r den ursprungliga standard\u00f6verensst\u00e4mmelsen. L\u00e4mna det h\u00e5rda arbetet till oss och kom ih\u00e5g att vi ocks\u00e5 kan hj\u00e4lpa dig med hela tj\u00e4nsten var som helst i landet. <\/p>\n\n\n\n<p><\/p>","protected":false},"excerpt":{"rendered":"<p>Getting a Ficha Technica or a certificate of conformity in Spain is pretty simple. A certificate of conformity is used to present to the ITV and contains the information of the specification of the vehicle to check against the laws in Spain regarding what is considered European conformity. We provide these Ficha Technica Certificate of [&hellip;]<\/p>\n","protected":false},"author":1,"featured_media":2756,"parent":0,"menu_order":0,"comment_status":"closed","ping_status":"closed","template":"","meta":{"site-sidebar-layout":"default","site-content-layout":"","ast-site-content-layout":"default","site-content-style":"default","site-sidebar-style":"default","ast-global-header-display":"","ast-banner-title-visibility":"","ast-main-header-display":"","ast-hfb-above-header-display":"","ast-hfb-below-header-display":"","ast-hfb-mobile-header-display":"","site-post-title":"","ast-breadcrumbs-content":"","ast-featured-img":"","footer-sml-layout":"","ast-disable-related-posts":"","theme-transparent-header-meta":"","adv-header-id-meta":"","stick-header-meta":"","header-above-stick-meta":"","header-main-stick-meta":"","header-below-stick-meta":"","astra-migrate-meta-layouts":"set","ast-page-background-enabled":"default","ast-page-background-meta":{"desktop":{"background-color":"","background-image":"","background-repeat":"repeat","background-position":"center center","background-size":"auto","background-attachment":"scroll","background-type":"","background-media":"","overlay-type":"","overlay-color":"","overlay-gradient":""},"tablet":{"background-color":"","background-image":"","background-repeat":"repeat","background-position":"center center","background-size":"auto","background-attachment":"scroll","background-type":"","background-media":"","overlay-type":"","overlay-color":"","overlay-gradient":""},"mobile":{"background-color":"","background-image":"","background-repeat":"repeat","background-position":"center center","background-size":"auto","background-attachment":"scroll","background-type":"","background-media":"","overlay-type":"","overlay-color":"","overlay-gradient":""}},"ast-content-background-meta":{"desktop":{"background-color":"var(--ast-global-color-5)","background-image":"","background-repeat":"repeat","background-position":"center center","background-size":"auto","background-attachment":"scroll","background-type":"","background-media":"","overlay-type":"","overlay-color":"","overlay-gradient":""},"tablet":{"background-color":"var(--ast-global-color-5)","background-image":"","background-repeat":"repeat","background-position":"center center","background-size":"auto","background-attachment":"scroll","background-type":"","background-media":"","overlay-type":"","overlay-color":"","overlay-gradient":""},"mobile":{"background-color":"var(--ast-global-color-5)","background-image":"","background-repeat":"repeat","background-position":"center center","background-size":"auto","background-attachment":"scroll","background-type":"","background-media":"","overlay-type":"","overlay-color":"","overlay-gradient":""}},"footnotes":""},"class_list":["post-2744","page","type-page","status-publish","has-post-thumbnail","hentry"],"_links":{"self":[{"href":"https:\/\/vehicleregistrationscostadelsol.com\/sv\/wp-json\/wp\/v2\/pages\/2744","targetHints":{"allow":["GET"]}}],"collection":[{"href":"https:\/\/vehicleregistrationscostadelsol.com\/sv\/wp-json\/wp\/v2\/pages"}],"about":[{"href":"https:\/\/vehicleregistrationscostadelsol.com\/sv\/wp-json\/wp\/v2\/types\/page"}],"author":[{"embeddable":true,"href":"https:\/\/vehicleregistrationscostadelsol.com\/sv\/wp-json\/wp\/v2\/users\/1"}],"replies":[{"embeddable":true,"href":"https:\/\/vehicleregistrationscostadelsol.com\/sv\/wp-json\/wp\/v2\/comments?post=2744"}],"version-history":[{"count":0,"href":"https:\/\/vehicleregistrationscostadelsol.com\/sv\/wp-json\/wp\/v2\/pages\/2744\/revisions"}],"wp:featuredmedia":[{"embeddable":true,"href":"https:\/\/vehicleregistrationscostadelsol.com\/sv\/wp-json\/wp\/v2\/media\/2756"}],"wp:attachment":[{"href":"https:\/\/vehicleregistrationscostadelsol.com\/sv\/wp-json\/wp\/v2\/media?parent=2744"}],"curies":[{"name":"wp","href":"https:\/\/api.w.org\/{rel}","templated":true}]}}