{"id":2797,"date":"2022-12-09T13:04:26","date_gmt":"2022-12-09T12:04:26","guid":{"rendered":"https:\/\/vehicleregistrationscostadelsol.com\/?page_id=2797"},"modified":"2026-02-07T14:38:50","modified_gmt":"2026-02-07T13:38:50","slug":"registrera-ett-svenskt-fordon-i-spanien","status":"publish","type":"page","link":"https:\/\/vehicleregistrationscostadelsol.com\/sv\/register-a-swedish-vehicle-in-spain\/","title":{"rendered":"Registrera ett svenskt fordon i Spanien"},"content":{"rendered":"<p><strong>Att registrera ett svenskt fordon i Spanien kr\u00e4ver noggrann hantering av spanska juridiska, tekniska och skattem\u00e4ssiga krav.<\/strong> Fr\u00e5n ITV-inspektion och ficha t\u00e9cnica-dokumentation till registreringsskatt och slutligt DGT-godk\u00e4nnande kan processen vara komplex och tidsk\u00e4nslig. Vi tillhandah\u00e5ller en komplett registreringstj\u00e4nst f\u00f6r svenskregistrerade fordon, vilket s\u00e4kerst\u00e4ller att din bil \u00e4r lagligt matrikulerad p\u00e5 spanska skyltar och helt i enlighet med spanska best\u00e4mmelser. <strong>Eftersom svenska fordon \u00e4r EU-registrerade \u00e4r processen i allm\u00e4nhet mycket enklare \u00e4n f\u00f6r import fr\u00e5n l\u00e4nder utanf\u00f6r EU, med minimala fordonsmodifieringar som kr\u00e4vs f\u00f6re ITV.<\/strong><br><\/p><div id=\"ez-toc-container\" class=\"ez-toc-v2_0_82_2 counter-hierarchy ez-toc-counter ez-toc-grey ez-toc-container-direction\">\n<div class=\"ez-toc-title-container\">\n<p class=\"ez-toc-title\" style=\"cursor:inherit\">Inneh\u00e5llsf\u00f6rteckning<\/p>\n<span class=\"ez-toc-title-toggle\"><a href=\"#\" class=\"ez-toc-pull-right ez-toc-btn ez-toc-btn-xs ez-toc-btn-default ez-toc-toggle\" aria-label=\"V\u00e4xla till inneh\u00e5llsf\u00f6rteckning\"><span class=\"ez-toc-js-icon-con\"><span class=\"\"><span class=\"eztoc-hide\" style=\"display:none;\">V\u00e4xel<\/span><span class=\"ez-toc-icon-toggle-span\"><svg style=\"fill: #999;color:#999\" xmlns=\"http:\/\/www.w3.org\/2000\/svg\" class=\"list-377408\" width=\"20px\" height=\"20px\" viewbox=\"0 0 24 24\" fill=\"none\"><path d=\"M6 6H4v2h2V6zm14 0H8v2h12V6zM4 11h2v2H4v-2zm16 0H8v2h12v-2zM4 16h2v2H4v-2zm16 0H8v2h12v-2z\" fill=\"currentColor\"><\/path><\/svg><svg style=\"fill: #999;color:#999\" class=\"arrow-unsorted-368013\" xmlns=\"http:\/\/www.w3.org\/2000\/svg\" width=\"10px\" height=\"10px\" viewbox=\"0 0 24 24\" version=\"1.2\" baseprofile=\"tiny\"><path d=\"M18.2 9.3l-6.2-6.3-6.2 6.3c-.2.2-.3.4-.3.7s.1.5.3.7c.2.2.4.3.7.3h11c.3 0 .5-.1.7-.3.2-.2.3-.5.3-.7s-.1-.5-.3-.7zM5.8 14.7l6.2 6.3 6.2-6.3c.2-.2.3-.5.3-.7s-.1-.5-.3-.7c-.2-.2-.4-.3-.7-.3h-11c-.3 0-.5.1-.7.3-.2.2-.3.5-.3.7s.1.5.3.7z\"\/><\/svg><\/span><\/span><\/span><\/a><\/span><\/div>\n<nav><ul class='ez-toc-list ez-toc-list-level-1' ><li class='ez-toc-page-1 ez-toc-heading-level-2'><a class=\"ez-toc-link ez-toc-heading-1\" href=\"https:\/\/vehicleregistrationscostadelsol.com\/sv\/register-a-swedish-vehicle-in-spain\/#Do_You_Book_The_ITV\" >Bokar du ITV?<\/a><ul class='ez-toc-list-level-3' ><li class='ez-toc-heading-level-3'><a class=\"ez-toc-link ez-toc-heading-2\" href=\"https:\/\/vehicleregistrationscostadelsol.com\/sv\/register-a-swedish-vehicle-in-spain\/#Have_You_Registered_Many_Swedish_Vehicles_Onto_Spanish_Number_Plates\" >Har du registrerat m\u00e5nga svenska fordon p\u00e5 spanska nummerskyltar?<\/a><ul class='ez-toc-list-level-4' ><li class='ez-toc-heading-level-4'><a class=\"ez-toc-link ez-toc-heading-3\" href=\"https:\/\/vehicleregistrationscostadelsol.com\/sv\/register-a-swedish-vehicle-in-spain\/#What_Paperwork_Is_Needed_To_Register_A_Swedish_Vehicle_In_Spain\" >Vilka pappersarbete beh\u00f6vs f\u00f6r att registrera ett svenskt fordon i Spanien?<\/a><\/li><li class='ez-toc-page-1 ez-toc-heading-level-4'><a class=\"ez-toc-link ez-toc-heading-4\" href=\"https:\/\/vehicleregistrationscostadelsol.com\/sv\/register-a-swedish-vehicle-in-spain\/#Are_There_Taxes_To_Pay\" >Finns det skatter att betala?<\/a><ul class='ez-toc-list-level-5' ><li class='ez-toc-heading-level-5'><a class=\"ez-toc-link ez-toc-heading-5\" href=\"https:\/\/vehicleregistrationscostadelsol.com\/sv\/register-a-swedish-vehicle-in-spain\/#What_Other_Things_Can_Go_Wrong_Registering_A_Swedish_Vehicle_In_Spain\" >Vilka andra saker kan g\u00e5 fel att registrera ett svenskt fordon i Spanien.<\/a><\/li><li class='ez-toc-page-1 ez-toc-heading-level-5'><a class=\"ez-toc-link ez-toc-heading-6\" href=\"https:\/\/vehicleregistrationscostadelsol.com\/sv\/register-a-swedish-vehicle-in-spain\/#Do_you_need_both_parts_1_and_2_for_a_Swedish_Vehicle_Registration_certificate_registreringsbevis\" >Beh\u00f6ver du b\u00e5de del 1 och 2 f\u00f6r ett svenskt fordon. Registreringsbevis (registreringsbevis)<\/a><\/li><\/ul><\/li><\/ul><\/li><\/ul><\/li><\/ul><\/nav><\/div>\n\n\n\n\n<p>Svenska bilar \u00e4r registrerade under en EU-fordonsstatus, vilket g\u00f6r processen f\u00f6r att registrera ett svenskt fordon i Spanien ganska enkel. EU-fordon i Spanien har alla prylar p\u00e5 fordonet p\u00e5 r\u00e4tt plats. Lamporna, ratten, speglarna etc. \u00e4r alla p\u00e5 r\u00e4tt plats och inget mycket beh\u00f6ver \u00e4ndras mycket Pre ITV. ITV \u00e4r detsamma som en&nbsp;<a href=\"https:\/\/korkortonline.se\/en\/theory\/roadworthiness-test\/\" target=\"_blank\" rel=\"noreferrer noopener\">trafiks\u00e4kerhetskontroll i Sverige.<\/a><\/p>\n\n\n\n<p>Vi erbjuder en gratis pre ITV-inspektion av ditt svenska fordon f\u00f6r att se om det finns n\u00e5got uppenbart som kan misslyckas med ITV:n, vi kontrollerar \u00e4ven lampor, d\u00e4ck och de NYA OBD (On Board Diagnostics) avl\u00e4sningarna innan fordonet g\u00e5r till ITV-besiktningen. Fel p\u00e5 OBD \u00e4r nu ett omedelbart misslyckande.<\/p>\n\n\n\n<h2 class=\"wp-block-heading\"><span class=\"ez-toc-section\" id=\"Do_You_Book_The_ITV\"><\/span>Bokar du ITV?<span class=\"ez-toc-section-end\"><\/span><\/h2>\n\n\n\n<p>Ja, vi bokar ITV:n, skickar en fil med alla r\u00e4tt pappersarbete och k\u00f6r fordonet genom ITV:n \u00e5t dig. Vi tar hand om pappersarbetet f\u00f6re och efter det tekniska testet (ITV) du m\u00f6ter oss d\u00e4r. Om du inte \u00e4r geografiskt n\u00e4ra oss, l\u00e4s den h\u00e4r artikeln&nbsp;<a href=\"https:\/\/vehicleregistrationscostadelsol.com\/sv\/fjarrservice-for-fordonsregistrering-i-spanien\/\" target=\"_blank\" rel=\"noreferrer noopener\">p\u00e5 v\u00e5r fj\u00e4rrtj\u00e4nst<\/a>. S\u00e5 vitt vi vet erbjuder vi den mest omfattande och djupg\u00e5ende servicen p\u00e5 Costa Del Sol. ITV-fel ing\u00e5r ocks\u00e5 i ett GRATIS andra test n\u00e4r fordonet har utf\u00f6rt reparationer av det som har misslyckats och vi hj\u00e4lper \u00e4ven till med betrodda mekaniker.<\/p>\n\n\n\n<h3 class=\"wp-block-heading\"><span class=\"ez-toc-section\" id=\"Have_You_Registered_Many_Swedish_Vehicles_Onto_Spanish_Number_Plates\"><\/span>Har du registrerat m\u00e5nga svenska fordon p\u00e5 spanska nummerskyltar?<span class=\"ez-toc-section-end\"><\/span><\/h3>\n\n\n\n<p>Ja, vi har tappat r\u00e4kningen. Kontakta oss s\u00e5 kan vi g\u00f6ra en unders\u00f6kning av ditt fordon. Svenska bilar \u00e4r vanligtvis v\u00e4l underh\u00e5llna och omh\u00e4ndertagna detta minimerar eventuella miss\u00f6den med registreringen. ?<\/p>\n\n\n\n<h4 class=\"wp-block-heading\"><span class=\"ez-toc-section\" id=\"What_Paperwork_Is_Needed_To_Register_A_Swedish_Vehicle_In_Spain\"><\/span>Vilka pappersarbete beh\u00f6vs f\u00f6r att registrera ett svenskt fordon i Spanien?<span class=\"ez-toc-section-end\"><\/span><\/h4>\n\n\n\n<ul class=\"wp-block-list\">\n<li>En kopia av ditt pass<\/li>\n\n\n\n<li>En kopia av adressbevis (Padron, handlingar eller hyresavtal)<\/li>\n\n\n\n<li>Dina fordonsregistreringsdokument del 1 och 2 <\/li>\n\n\n\n<li>Ett intyg om \u00f6verensst\u00e4mmelse om fordonet har ett.<\/li>\n<\/ul>\n\n\n\n<h4 class=\"wp-block-heading\"><span class=\"ez-toc-section\" id=\"Are_There_Taxes_To_Pay\"><\/span>Finns det skatter att betala?<span class=\"ez-toc-section-end\"><\/span><\/h4>\n\n\n\n<p>De enda &quot;extra&quot; skatterna att betala kommer att vara \u00f6verl\u00e5telse av \u00e4gander\u00e4tten om fordonet \u00e4nnu inte finns i ditt namn (vi kan tillhandah\u00e5lla denna tj\u00e4nst) eller utsl\u00e4ppsavgifter. Utsl\u00e4ppsavgifter g\u00e4ller f\u00f6r alla fordon som har \u00f6ver 120GPKM (gram per kilometer). Vi kan ber\u00e4tta f\u00f6r dig genom att titta p\u00e5 dina dokument exakt vad utsl\u00e4ppsavgifterna kommer att inneb\u00e4ra.<\/p>\n\n\n\n<div class=\"wp-block-buttons is-layout-flex wp-block-buttons-is-layout-flex\">\n<div class=\"wp-block-button\"><a class=\"wp-block-button__link wp-element-button\" href=\"https:\/\/api.whatsapp.com\/send?phone=34696337629&amp;text=Regards%20a%20Swedish%20Vehicle.....\" target=\"_blank\" rel=\"noreferrer noopener\">WhatsApp oss<\/a><\/div>\n<\/div>\n\n\n\n<div style=\"height:15px\" aria-hidden=\"true\" class=\"wp-block-spacer\"><\/div>\n\n\n\n<h5 class=\"wp-block-heading\"><span class=\"ez-toc-section\" id=\"What_Other_Things_Can_Go_Wrong_Registering_A_Swedish_Vehicle_In_Spain\"><\/span>Vilka andra saker kan g\u00e5 fel att registrera ett svenskt fordon i Spanien.<span class=\"ez-toc-section-end\"><\/span><\/h5>\n\n\n\n<p>Fordonet m\u00e5ste uppfylla europeiska standarder. Att fordonet har en svensk registreringsskylt eller har k\u00f6pts i Sverige garanterar inte att det har EU:s st\u00e4mpel f\u00f6r \u00f6verensst\u00e4mmelse; vi kan verifiera detta \u00e5t dig. Om den saknar denna certifiering kommer ett svenskt fordon att omfattas av FULL importtull och IVA (moms) vid registrering i Spanien.<\/p>\n\n\n\n<p>OM du inte har eller planerar att bli bosatt i Spanien. Det finns en tidsgr\u00e4ns f\u00f6r detta. Det enklaste man kan g\u00f6ra \u00e4r att&nbsp;<a href=\"https:\/\/vehicleregistrationscostadelsol.com\/sv\/kontakt\/\" target=\"_blank\" rel=\"noreferrer noopener\">kontakta oss<\/a>&nbsp;och l\u00e5t oss kontrollera ditt pappersarbete och din situation. Eller ordna att k\u00f6ra bilen till oss.<\/p>\n\n\n\n<h5 class=\"wp-block-heading\"><span class=\"ez-toc-section\" id=\"Do_you_need_both_parts_1_and_2_for_a_Swedish_Vehicle_Registration_certificate_registreringsbevis\"><\/span>Beh\u00f6ver du b\u00e5de del 1 och 2 f\u00f6r ett svenskt fordon. Registreringsbevis (registreringsbevis)<span class=\"ez-toc-section-end\"><\/span><\/h5>\n\n\n\n<p>Ja, det finns tv\u00e5 pappersdelar av det svenska registreringsbeviset f\u00f6r fordon. De gula och bl\u00e5 dokumenten \u00e4r i princip del 1 och del 2. B\u00e5da dessa beh\u00f6vs i Spanien f\u00f6r att slutf\u00f6ra den slutliga registreringen av fordonet. Om du inte har b\u00e5da, oroa dig inte, vi kan arbeta genom att f\u00e5 och ITV-inspektion oavsett. Det kommer dock att vara n\u00f6dv\u00e4ndigt innan fordonsregistreringen \u00e4r klar att ha b\u00e5da dokumenten.<\/p>\n\n\n\n<p>Vi vet ibland ursprungslandet \u00e4r det inte alltid n\u00f6dv\u00e4ndigt att ha b\u00e5da dokumenten, i Spanien \u00e4r det viktigt att du har dem. kontakta oss om du inte har b\u00e5de del 1 och 2 s\u00e5 hj\u00e4lper vi till. <\/p>","protected":false},"excerpt":{"rendered":"<p>To register a Swedish vehicle in Spain requires careful handling of Spanish legal, technical and tax requirements. From ITV inspection and ficha t\u00e9cnica documentation to registration taxes and final DGT approval, the process can be complex and time-sensitive. We provide a complete registration service for Swedish-registered vehicles, ensuring your car is legally matriculated on Spanish [&hellip;]<\/p>\n","protected":false},"author":1,"featured_media":2656,"parent":0,"menu_order":0,"comment_status":"closed","ping_status":"closed","template":"","meta":{"site-sidebar-layout":"default","site-content-layout":"","ast-site-content-layout":"default","site-content-style":"default","site-sidebar-style":"default","ast-global-header-display":"","ast-banner-title-visibility":"","ast-main-header-display":"","ast-hfb-above-header-display":"","ast-hfb-below-header-display":"","ast-hfb-mobile-header-display":"","site-post-title":"","ast-breadcrumbs-content":"","ast-featured-img":"","footer-sml-layout":"","ast-disable-related-posts":"","theme-transparent-header-meta":"","adv-header-id-meta":"","stick-header-meta":"","header-above-stick-meta":"","header-main-stick-meta":"","header-below-stick-meta":"","astra-migrate-meta-layouts":"set","ast-page-background-enabled":"default","ast-page-background-meta":{"desktop":{"background-color":"","background-image":"","background-repeat":"repeat","background-position":"center center","background-size":"auto","background-attachment":"scroll","background-type":"","background-media":"","overlay-type":"","overlay-color":"","overlay-gradient":""},"tablet":{"background-color":"","background-image":"","background-repeat":"repeat","background-position":"center center","background-size":"auto","background-attachment":"scroll","background-type":"","background-media":"","overlay-type":"","overlay-color":"","overlay-gradient":""},"mobile":{"background-color":"","background-image":"","background-repeat":"repeat","background-position":"center center","background-size":"auto","background-attachment":"scroll","background-type":"","background-media":"","overlay-type":"","overlay-color":"","overlay-gradient":""}},"ast-content-background-meta":{"desktop":{"background-color":"var(--ast-global-color-5)","background-image":"","background-repeat":"repeat","background-position":"center center","background-size":"auto","background-attachment":"scroll","background-type":"","background-media":"","overlay-type":"","overlay-color":"","overlay-gradient":""},"tablet":{"background-color":"var(--ast-global-color-5)","background-image":"","background-repeat":"repeat","background-position":"center center","background-size":"auto","background-attachment":"scroll","background-type":"","background-media":"","overlay-type":"","overlay-color":"","overlay-gradient":""},"mobile":{"background-color":"var(--ast-global-color-5)","background-image":"","background-repeat":"repeat","background-position":"center center","background-size":"auto","background-attachment":"scroll","background-type":"","background-media":"","overlay-type":"","overlay-color":"","overlay-gradient":""}},"footnotes":""},"class_list":["post-2797","page","type-page","status-publish","has-post-thumbnail","hentry"],"_links":{"self":[{"href":"https:\/\/vehicleregistrationscostadelsol.com\/sv\/wp-json\/wp\/v2\/pages\/2797","targetHints":{"allow":["GET"]}}],"collection":[{"href":"https:\/\/vehicleregistrationscostadelsol.com\/sv\/wp-json\/wp\/v2\/pages"}],"about":[{"href":"https:\/\/vehicleregistrationscostadelsol.com\/sv\/wp-json\/wp\/v2\/types\/page"}],"author":[{"embeddable":true,"href":"https:\/\/vehicleregistrationscostadelsol.com\/sv\/wp-json\/wp\/v2\/users\/1"}],"replies":[{"embeddable":true,"href":"https:\/\/vehicleregistrationscostadelsol.com\/sv\/wp-json\/wp\/v2\/comments?post=2797"}],"version-history":[{"count":5,"href":"https:\/\/vehicleregistrationscostadelsol.com\/sv\/wp-json\/wp\/v2\/pages\/2797\/revisions"}],"predecessor-version":[{"id":3460,"href":"https:\/\/vehicleregistrationscostadelsol.com\/sv\/wp-json\/wp\/v2\/pages\/2797\/revisions\/3460"}],"wp:featuredmedia":[{"embeddable":true,"href":"https:\/\/vehicleregistrationscostadelsol.com\/sv\/wp-json\/wp\/v2\/media\/2656"}],"wp:attachment":[{"href":"https:\/\/vehicleregistrationscostadelsol.com\/sv\/wp-json\/wp\/v2\/media?parent=2797"}],"curies":[{"name":"wp","href":"https:\/\/api.w.org\/{rel}","templated":true}]}}