{"id":2941,"date":"2023-07-27T20:27:42","date_gmt":"2023-07-27T18:27:42","guid":{"rendered":"https:\/\/vehicleregistrationscostadelsol.com\/?page_id=2941"},"modified":"2023-08-02T14:41:54","modified_gmt":"2023-08-02T12:41:54","slug":"registrera-en-italiensk-bil-i-spanien","status":"publish","type":"page","link":"https:\/\/vehicleregistrationscostadelsol.com\/sv\/register-an-italian-car-in-spain\/","title":{"rendered":"Registrera en italiensk bil i Spanien"},"content":{"rendered":"<p>Att f\u00e5 ditt italienska fordon registrerat i Spanien \u00e4r n\u00e5got vi har en tj\u00e4nst f\u00f6r. Vi har registrerat n\u00e5gra lysande italienska bilar i Spanien. Alfas, Ferraris och till och med Lamborghinis har vi tagit igenom fordonsregistreringsprocessen, gjort ett tekniskt test och registrerat fordonet. <\/p>\n\n\n\n<p>Vi har funnit att italienska bilar ofta \u00e4r v\u00e4lsk\u00f6tta och vanligtvis klarar ITV:s tekniska test utan problem. Det finns dock en del hinder att ta sig igenom f\u00f6r att f\u00e5 sin italienska bil registrerad i Spanien. <\/p>\n\n\n\n<p>F\u00f6r det f\u00f6rsta m\u00e5ste du veta vad utsl\u00e4ppsskatterna \u00e4r. I princip allt \u00f6ver 120GPKM av C02 betalar en avgift till regeringen f\u00f6r skatten. Ju \u00e4ldre fordonet \u00e4r desto mindre \u00e4r skatten och ju l\u00e4gre utsl\u00e4pp desto l\u00e4gre \u00e4r skatten. Vi kan kontrollera denna siffra \u00e5t dig. <\/p>\n\n\n\n<p>Kostnaden f\u00f6r regsitrering beror ocks\u00e5 p\u00e5 flera andra faktorer, om du har en <a href=\"https:\/\/vehicleregistrationscostadelsol.com\/sv\/att-fa-en-ficha-technica-eller-ett-intyg-om-overensstammelse-i-spanien\/\" data-type=\"URL\" data-id=\"https:\/\/vehicleregistrationscostadelsol.com\/getting-a-ficha-technica-or-a-certificate-of-conformity-in-spain\/\" target=\"_blank\" rel=\"noreferrer noopener\">intyg om \u00f6verensst\u00e4mmelse<\/a>fordonets \u00e5lder och motor. Och de relevanta skatterna och processerna i Spanien. vi erbjuder en gratis offert utan f\u00f6rpliktelser s\u00e5 v\u00e4nligen kontakta oss. <\/p>\n\n\n\n<h3 class=\"wp-block-heading\">Vad kr\u00e4vs f\u00f6r att registrera en italiensk bil i Spanien?<\/h3>\n\n\n\n<p>Du kommer att beh\u00f6va:<\/p>\n\n\n\n<ul class=\"wp-block-list\">\n<li>Registreringsbevis f\u00f6r Italain Vehcile del 1 och 2<\/li>\n\n\n\n<li>Ett intyg om \u00f6verensst\u00e4mmelse<\/li>\n\n\n\n<li>Pass, NIE eller uppeh\u00e5llskort<\/li>\n<\/ul>\n\n\n\n<h3 class=\"wp-block-heading\">Kan man registrera en italiensk bil som utl\u00e4ndsk medborgare?<\/h3>\n\n\n\n<p>Ja, det \u00e4r inget problem alls. Du beh\u00f6ver inte vara bosatt f\u00f6r att registrera en italiensk bil i Spanien och \u00e4ven om du \u00e4r det kommer kostnaden att vara exakt densamma i b\u00e5da fallen. <\/p>\n\n\n\n<h3 class=\"wp-block-heading\">Kommer mitt nuvarande tekniska prov att vara giltigt?<\/h3>\n\n\n\n<p>F\u00f6r alla nyregistreringar av ett italienskt fordon m\u00e5ste du g\u00f6ra en ITV - Inspektion i Spanien. \u00c4ven om fordonet \u00e4r under 4 \u00e5r gammalt. <\/p>\n\n\n\n<p>Den tekniska kontrollen \u00e4r utformad f\u00f6r att kontrollera fordonet mekaniskt och \u00e4ven kontrollera fordonets och instrumentens \u00f6verensst\u00e4mmelse f\u00f6r att se till att allt \u00e4r trafiks\u00e4kert. <\/p>\n\n\n\n<p><\/p>","protected":false},"excerpt":{"rendered":"<p>Having your Italian Vehicle registered in Spain is something we have a service for. We have registered some brilliant Italian cars in Spain. Alfas, Ferraris and even Lamborghinis we have put through the Vehicle regsitration process, took a technical test and registered the vehicle. We have found that Italian cars are often well looked after [&hellip;]<\/p>\n","protected":false},"author":1,"featured_media":2946,"parent":0,"menu_order":0,"comment_status":"closed","ping_status":"closed","template":"","meta":{"site-sidebar-layout":"default","site-content-layout":"","ast-site-content-layout":"default","site-content-style":"default","site-sidebar-style":"default","ast-global-header-display":"","ast-banner-title-visibility":"","ast-main-header-display":"","ast-hfb-above-header-display":"","ast-hfb-below-header-display":"","ast-hfb-mobile-header-display":"","site-post-title":"","ast-breadcrumbs-content":"","ast-featured-img":"","footer-sml-layout":"","ast-disable-related-posts":"","theme-transparent-header-meta":"","adv-header-id-meta":"","stick-header-meta":"","header-above-stick-meta":"","header-main-stick-meta":"","header-below-stick-meta":"","astra-migrate-meta-layouts":"default","ast-page-background-enabled":"default","ast-page-background-meta":{"desktop":{"background-color":"","background-image":"","background-repeat":"repeat","background-position":"center center","background-size":"auto","background-attachment":"scroll","background-type":"","background-media":"","overlay-type":"","overlay-color":"","overlay-opacity":"","overlay-gradient":""},"tablet":{"background-color":"","background-image":"","background-repeat":"repeat","background-position":"center center","background-size":"auto","background-attachment":"scroll","background-type":"","background-media":"","overlay-type":"","overlay-color":"","overlay-opacity":"","overlay-gradient":""},"mobile":{"background-color":"","background-image":"","background-repeat":"repeat","background-position":"center center","background-size":"auto","background-attachment":"scroll","background-type":"","background-media":"","overlay-type":"","overlay-color":"","overlay-opacity":"","overlay-gradient":""}},"ast-content-background-meta":{"desktop":{"background-color":"var(--ast-global-color-5)","background-image":"","background-repeat":"repeat","background-position":"center center","background-size":"auto","background-attachment":"scroll","background-type":"","background-media":"","overlay-type":"","overlay-color":"","overlay-opacity":"","overlay-gradient":""},"tablet":{"background-color":"var(--ast-global-color-5)","background-image":"","background-repeat":"repeat","background-position":"center center","background-size":"auto","background-attachment":"scroll","background-type":"","background-media":"","overlay-type":"","overlay-color":"","overlay-opacity":"","overlay-gradient":""},"mobile":{"background-color":"var(--ast-global-color-5)","background-image":"","background-repeat":"repeat","background-position":"center center","background-size":"auto","background-attachment":"scroll","background-type":"","background-media":"","overlay-type":"","overlay-color":"","overlay-opacity":"","overlay-gradient":""}},"footnotes":""},"class_list":["post-2941","page","type-page","status-publish","has-post-thumbnail","hentry"],"_links":{"self":[{"href":"https:\/\/vehicleregistrationscostadelsol.com\/sv\/wp-json\/wp\/v2\/pages\/2941","targetHints":{"allow":["GET"]}}],"collection":[{"href":"https:\/\/vehicleregistrationscostadelsol.com\/sv\/wp-json\/wp\/v2\/pages"}],"about":[{"href":"https:\/\/vehicleregistrationscostadelsol.com\/sv\/wp-json\/wp\/v2\/types\/page"}],"author":[{"embeddable":true,"href":"https:\/\/vehicleregistrationscostadelsol.com\/sv\/wp-json\/wp\/v2\/users\/1"}],"replies":[{"embeddable":true,"href":"https:\/\/vehicleregistrationscostadelsol.com\/sv\/wp-json\/wp\/v2\/comments?post=2941"}],"version-history":[{"count":0,"href":"https:\/\/vehicleregistrationscostadelsol.com\/sv\/wp-json\/wp\/v2\/pages\/2941\/revisions"}],"wp:featuredmedia":[{"embeddable":true,"href":"https:\/\/vehicleregistrationscostadelsol.com\/sv\/wp-json\/wp\/v2\/media\/2946"}],"wp:attachment":[{"href":"https:\/\/vehicleregistrationscostadelsol.com\/sv\/wp-json\/wp\/v2\/media?parent=2941"}],"curies":[{"name":"wp","href":"https:\/\/api.w.org\/{rel}","templated":true}]}}