{"id":3049,"date":"2024-01-31T13:17:47","date_gmt":"2024-01-31T12:17:47","guid":{"rendered":"https:\/\/vehicleregistrationscostadelsol.com\/?page_id=3049"},"modified":"2026-01-10T22:44:51","modified_gmt":"2026-01-10T21:44:51","slug":"registrera-en-amerikansk-bil-i-spanien","status":"publish","type":"page","link":"https:\/\/vehicleregistrationscostadelsol.com\/sv\/register-an-american-car-in-spain\/","title":{"rendered":"Registrera en amerikansk bil i Spanien"},"content":{"rendered":"<figure class=\"wp-block-image size-large\"><img fetchpriority=\"high\" decoding=\"async\" width=\"1024\" height=\"427\" src=\"https:\/\/vehicleregistrationscostadelsol.com\/wp-content\/uploads\/2024\/01\/Register-an-American-car-in-Spain-1024x427.webp\" alt=\"Bilregistrering Costa del sol\" class=\"wp-image-3050\" title=\"Registrera din bil i Spanien\" srcset=\"https:\/\/vehicleregistrationscostadelsol.com\/wp-content\/uploads\/2024\/01\/Register-an-American-car-in-Spain-1024x427.webp 1024w, https:\/\/vehicleregistrationscostadelsol.com\/wp-content\/uploads\/2024\/01\/Register-an-American-car-in-Spain-300x125.webp 300w, https:\/\/vehicleregistrationscostadelsol.com\/wp-content\/uploads\/2024\/01\/Register-an-American-car-in-Spain-768x320.webp 768w, https:\/\/vehicleregistrationscostadelsol.com\/wp-content\/uploads\/2024\/01\/Register-an-American-car-in-Spain-18x8.webp 18w, https:\/\/vehicleregistrationscostadelsol.com\/wp-content\/uploads\/2024\/01\/Register-an-American-car-in-Spain.webp 1200w\" sizes=\"(max-width: 1024px) 100vw, 1024px\" \/><\/figure>\n\n\n\n<p>F\u00f6r att registrera en amerikansk bil i Spanien finns det flera olika v\u00e4gar. Nedan f\u00f6ljer en \u00f6versikt \u00f6ver vilka steg som kr\u00e4vs f\u00f6r att registrera ditt amerikanska fordon i Spanien. Det finns n\u00e5gra saker att ta h\u00e4nsyn till innan du skickar och importerar ditt fordon till Spanien. F\u00f6r det f\u00f6rsta kr\u00e4ver alla amerikanska fordon som importeras till Spanien ett importcertifikat som kan erh\u00e5llas p\u00e5 tv\u00e5 s\u00e4tt.  <\/p>\n\n\n\n<ul class=\"wp-block-list\">\n<li>Du f\u00e5r importintyget eller DUA vid inresa till Spanien. Om fordonet \u00e4r tillsammans med flera andra varor kan det bli billigare. <\/li>\n\n\n\n<li>Du skriver av importtullarna p\u00e5 grund av att du blir bosatt i Spanien. <\/li>\n<\/ul>\n\n\n\n<h2 class=\"wp-block-heading\">Kan du skriva av importtullar och moms om du blir bosatt i landet?<\/h2>\n\n\n\n<p>Amerikanska fordon som importeras till Spanien, ja, du kan avst\u00e5 fr\u00e5n importtull och moms om du blir bosatt i Spanien. Du m\u00e5ste ha \u00e4gt fordonet i mer \u00e4n sex m\u00e5nader f\u00f6re datumet f\u00f6r utf\u00e4rdandet av ditt uppeh\u00e5llstillst\u00e5nd och fordonet m\u00e5ste vara registrerat i namnet p\u00e5 den person som registrerar fordonet. <\/p>\n\n\n\n<p>Fordonet kan inte registreras och skattebefrielsen kan inte utf\u00e4rdas f\u00f6rr\u00e4n du har f\u00e5tt ditt faktiska TIE-kort i Spanien. Du kan k\u00f6ra fordonet under tiden f\u00f6rutsatt att fordonet har ett giltigt tekniskt test, f\u00f6rs\u00e4kring och v\u00e4gskatt i ursprungslandet. N\u00e4r TIE-kortet har utf\u00e4rdats kan du ans\u00f6ka om skattebefrielse genom tullen. <\/p>\n\n\n\n<h3 class=\"wp-block-heading\">Kan ett amerikanskt fordon klara det tekniska testet (ITV) <\/h3>\n\n\n\n<p>Eftersom fordonet sannolikt inte har ett EU-\u00f6verensst\u00e4mmelse nummer m\u00e5ste fordonet genomg\u00e5 det tekniska provet under en \"\u00e4ndring av hemvist\" inspektion. F\u00f6r detta m\u00e5ste du i de flesta fall visa upp TIE:s uppeh\u00e5llskort. Det b\u00e4sta \u00e4r att fr\u00e5ga n\u00e4rmaste ITV eftersom varje region har sina egna regler. <\/p>\n\n\n\n<p>N\u00e4r uppeh\u00e5llstillst\u00e5ndet p\u00e5g\u00e5r f\u00e5r du ett resguardo-certifikat, kort sagt ett \"min ans\u00f6kan om uppeh\u00e5llstillst\u00e5nd \u00e4r v\u00e4ntande\" -certifikat. Vissa ITV kan acceptera detta som bevis p\u00e5 en \u00e4ndring av bos\u00e4ttning f\u00f6r att m\u00f6jligg\u00f6ra inspektionen. Det rekommenderas alltid att kontrollera detta eftersom om inte uppeh\u00e5llskortet kommer att beh\u00f6vas f\u00f6r att ta testet och slutf\u00f6ra processen f\u00f6r att registrera en amerikansk bil i Spanien<\/p>\n\n\n\n<p>Under bos\u00e4ttningsprocessen f\u00e5r du ett resguardo-intyg, som i princip fungerar som en bekr\u00e4ftelse p\u00e5 din p\u00e5g\u00e5ende bos\u00e4ttningsans\u00f6kan. Vissa ITV kan acceptera detta intyg som bevis p\u00e5 att du har bytt bostadsort, vilket g\u00f6r att du kan forts\u00e4tta med inspektionen. Vi rekommenderar dock att du kontrollerar detta krav, eftersom du kan beh\u00f6va visa upp ditt uppeh\u00e5llskort f\u00f6r att kunna g\u00f6ra testet och registrera en amerikansk bil i Spanien.<\/p>\n\n\n\n<h4 class=\"wp-block-heading\">Kan du hj\u00e4lpa till med processen f\u00f6r att registrera en amerikansk bil i Spanien?<\/h4>\n\n\n\n<p>Ja, vi kan erbjuda full support f\u00f6r alla ovanst\u00e5ende fr\u00e5gor. Vi hanterar tullfr\u00e5gor (endast vid byte av bostadsort), DGT (fordonsmyndigheten), skattekontoret, utsl\u00e4ppsavgifter, registrering, registreringsskyltar, nytt spanskt pappersarbete och ECO-dekal som kr\u00e4vs i hela Spanien. <\/p>\n\n\n\n<h4 class=\"wp-block-heading\">Vilka dokument beh\u00f6ver du f\u00f6r att registrera en amerikansk bil i Spanien?<\/h4>\n\n\n\n<p>F\u00f6r att registrera en amerikansk bil i Spanien beh\u00f6ver du f\u00f6ljande dokument: <\/p>\n\n\n\n<p>Bevis p\u00e5 \u00e4gander\u00e4tt till fordonet, t.ex. originalhandling eller ursprungsintyg.<br>\nEn giltig identitetshandling, t.ex. ett pass eller spanskt uppeh\u00e5llskort.<br>\nFordonets ursprungliga ink\u00f6psfaktura eller k\u00f6pebrev.<br>\nEtt giltigt intyg om \u00f6verensst\u00e4mmelse eller homologering f\u00f6r fordonet.<br>\nBevis p\u00e5 betalning av eventuella till\u00e4mpliga importskatter eller tullavgifter.<br>\nBevis p\u00e5 giltigt f\u00f6rs\u00e4kringsskydd f\u00f6r fordonet.<\/p>\n\n\n\n<p>Observera att ytterligare dokumentation eller krav kan variera beroende p\u00e5 de specifika omst\u00e4ndigheterna och g\u00e4llande best\u00e4mmelser. Vi rekommenderar att du r\u00e5dg\u00f6r med ber\u00f6rda myndigheter eller anlitar professionell hj\u00e4lp f\u00f6r en smidig registreringsprocess.<\/p>","protected":false},"excerpt":{"rendered":"<p>To register an American car in Spain there are several different avenues. Below is an outline of what steps are needed to bring your American vehicle to register in Spain. There are a few things to take into account before you ship and import your vehicle into Spain. Firstly all American vehicle importing to Spain [&hellip;]<\/p>\n","protected":false},"author":1,"featured_media":0,"parent":0,"menu_order":0,"comment_status":"closed","ping_status":"closed","template":"","meta":{"site-sidebar-layout":"default","site-content-layout":"","ast-site-content-layout":"default","site-content-style":"default","site-sidebar-style":"default","ast-global-header-display":"","ast-banner-title-visibility":"","ast-main-header-display":"","ast-hfb-above-header-display":"","ast-hfb-below-header-display":"","ast-hfb-mobile-header-display":"","site-post-title":"","ast-breadcrumbs-content":"","ast-featured-img":"","footer-sml-layout":"","ast-disable-related-posts":"","theme-transparent-header-meta":"","adv-header-id-meta":"","stick-header-meta":"","header-above-stick-meta":"","header-main-stick-meta":"","header-below-stick-meta":"","astra-migrate-meta-layouts":"set","ast-page-background-enabled":"default","ast-page-background-meta":{"desktop":{"background-color":"","background-image":"","background-repeat":"repeat","background-position":"center center","background-size":"auto","background-attachment":"scroll","background-type":"","background-media":"","overlay-type":"","overlay-color":"","overlay-opacity":"","overlay-gradient":""},"tablet":{"background-color":"","background-image":"","background-repeat":"repeat","background-position":"center center","background-size":"auto","background-attachment":"scroll","background-type":"","background-media":"","overlay-type":"","overlay-color":"","overlay-opacity":"","overlay-gradient":""},"mobile":{"background-color":"","background-image":"","background-repeat":"repeat","background-position":"center center","background-size":"auto","background-attachment":"scroll","background-type":"","background-media":"","overlay-type":"","overlay-color":"","overlay-opacity":"","overlay-gradient":""}},"ast-content-background-meta":{"desktop":{"background-color":"var(--ast-global-color-5)","background-image":"","background-repeat":"repeat","background-position":"center center","background-size":"auto","background-attachment":"scroll","background-type":"","background-media":"","overlay-type":"","overlay-color":"","overlay-opacity":"","overlay-gradient":""},"tablet":{"background-color":"var(--ast-global-color-5)","background-image":"","background-repeat":"repeat","background-position":"center center","background-size":"auto","background-attachment":"scroll","background-type":"","background-media":"","overlay-type":"","overlay-color":"","overlay-opacity":"","overlay-gradient":""},"mobile":{"background-color":"var(--ast-global-color-5)","background-image":"","background-repeat":"repeat","background-position":"center center","background-size":"auto","background-attachment":"scroll","background-type":"","background-media":"","overlay-type":"","overlay-color":"","overlay-opacity":"","overlay-gradient":""}},"footnotes":""},"class_list":["post-3049","page","type-page","status-publish","hentry"],"_links":{"self":[{"href":"https:\/\/vehicleregistrationscostadelsol.com\/sv\/wp-json\/wp\/v2\/pages\/3049","targetHints":{"allow":["GET"]}}],"collection":[{"href":"https:\/\/vehicleregistrationscostadelsol.com\/sv\/wp-json\/wp\/v2\/pages"}],"about":[{"href":"https:\/\/vehicleregistrationscostadelsol.com\/sv\/wp-json\/wp\/v2\/types\/page"}],"author":[{"embeddable":true,"href":"https:\/\/vehicleregistrationscostadelsol.com\/sv\/wp-json\/wp\/v2\/users\/1"}],"replies":[{"embeddable":true,"href":"https:\/\/vehicleregistrationscostadelsol.com\/sv\/wp-json\/wp\/v2\/comments?post=3049"}],"version-history":[{"count":1,"href":"https:\/\/vehicleregistrationscostadelsol.com\/sv\/wp-json\/wp\/v2\/pages\/3049\/revisions"}],"predecessor-version":[{"id":3369,"href":"https:\/\/vehicleregistrationscostadelsol.com\/sv\/wp-json\/wp\/v2\/pages\/3049\/revisions\/3369"}],"wp:attachment":[{"href":"https:\/\/vehicleregistrationscostadelsol.com\/sv\/wp-json\/wp\/v2\/media?parent=3049"}],"curies":[{"name":"wp","href":"https:\/\/api.w.org\/{rel}","templated":true}]}}